{"id":99460,"date":"2024-11-28T10:59:06","date_gmt":"2024-11-28T10:59:06","guid":{"rendered":"https:\/\/electromenagerexpress.com\/product\/chauffage-infrarougeklarsteinwonderwall-air-art-smart\/"},"modified":"2024-12-28T11:25:26","modified_gmt":"2024-12-28T11:25:26","slug":"chauffage-infrarougeklarsteinwonderwall-air-art-smart","status":"publish","type":"product","link":"https:\/\/electromenagerexpress.com\/en\/product\/chauffage-infrarougeklarsteinwonderwall-air-art-smart\/","title":{"rendered":"Chauffage infrarouge KLARSTEIN Wonderwall Air Art Smart"},"content":{"rendered":"<div class=\"product-features__content\">\n<ul role=\"list\">\n<li class=\"product-features__item\" role=\"listitem\">\n<h3 class=\"product-features__label\">Caract\u00e9ristiques g\u00e9n\u00e9rales<\/h3>\n<ul role=\"list\">\n<li class=\"product-features__item-list__item\" role=\"listitem\"><span class=\"is--medium\">Type :<\/span> Chauffage infrarouge<\/li>\n<\/ul>\n<\/li>\n<li class=\"product-features__item\" role=\"listitem\">\n<h3 class=\"product-features__label\">Informations compl\u00e9mentaires<\/h3>\n<ul role=\"list\">\n<li class=\"product-features__item-list__item\" role=\"listitem\"><span class=\"is--medium\">Disponibilit\u00e9 des pi\u00e8ces d\u00e9tach\u00e9es (donn\u00e9es fournisseur) :<\/span> Non communiqu\u00e9e<\/li>\n<\/ul>\n<\/li>\n<\/ul>\n<\/div>\n<div class=\"product__disclosure-content\">\n<div class=\"js-read-more product-description__content read-more read-more--truncated\" style=\"max-height: 500px;overflow: hidden\" data-read-more-name=\"description\">\n<p><b>Chaleur intelligente et beaucoup de style : panneau chauffant infrarouge 120 x 60 cm<br \/>\navec surface au design graphique et contr\u00f4le par application Wifi avec commande<br \/>\nvocale Google et Alexa.<\/b><\/p>\n<p><b>Comme un petit soleil : 700 watts de puissance avec 98% de conversion d&rsquo;\u00e9nergie et<br \/>\nclasse de protection IP44 pour un rayonnement thermique infrarouge agr\u00e9able dans tout<br \/>\nl&rsquo;appartement.<\/b><\/p>\n<p><b>Pas de tourbillon de poussi\u00e8re et pas d&rsquo;odeurs d\u00e9sagr\u00e9ables dans la zone efficace<br \/>\njusqu&rsquo;\u00e0 14 m\u00b2, parfait pour les allergiques et les personnes sensibles.<\/b><\/p>\n<p>Le <b>radiateur infrarouge Klarstein<\/b> Wonderwall Air Art Smart r\u00e9volutionne le chauffage<br \/>\ngr\u00e2ce \u00e0 sa technologie moderne. Accrochez le panneau chauffant extra plat comme un<br \/>\ntableau directement au mur, d&rsquo;o\u00f9 il vous r\u00e9chauffera en vous faisant gagner beaucoup<br \/>\nde place. Avec ses 700 watts et <i>IR ComfortHeat<\/i>, il utilise le principe de la chaleur<br \/>\ndu soleil : au lieu de chauffer lentement l&rsquo;air, il \u00e9met d&rsquo;agr\u00e9ables rayons<br \/>\ninfrarouges qui chauffent directement les personnes et les objets dans une zone<br \/>\nd&rsquo;environ 14 m\u00b2. Votre nouveau <b>radiateur \u00e9lectrique<\/b> est extr\u00eamement \u00e9conome en<br \/>\n\u00e9nergie : 98% de la puissance consomm\u00e9e est convertie en rayonnement calorifique. Et<br \/>\ncomme le Wonderwall ne fonctionne que par rayonnement calorifique, il ne g\u00e9n\u00e8re ni<br \/>\npoussi\u00e8re ni bruit &#8211; cela en fait le choix id\u00e9al pour les allergiques et pour les<br \/>\nzones sensibles au bruit telles que les bureaux ou les chambres \u00e0 coucher. Avec sa<br \/>\nsurface design \u00e0 imprim\u00e9 graphique, il est non seulement une source de chaleur, mais<br \/>\naussi un accroche-regard d\u00e9coratif pour chaque pi\u00e8ce.<\/p>\n<p>Encore plus intelligents : les nouveaux <b>radiateurs infrarouges Klarstein<\/b> Wonderwall<br \/>\nAir Art Smart peuvent se connecter au r\u00e9seau WiFi local et se contr\u00f4ler ensuite de<br \/>\nn&rsquo;importe o\u00f9 avec l&rsquo;application Klarstein App Experience. M\u00eame pas besoin de prendre<br \/>\nvotre smartphone ou votre tablette, car avec la commande vocale int\u00e9gr\u00e9e, vous pouvez<br \/>\nfacilement donner des commandes vocales \u00e0 un ou plusieurs appareils en m\u00eame temps par<br \/>\nAlexa ou Google. Bien entendu, le panneau chauffant se contr\u00f4le aussi manuellement<br \/>\nsur l&rsquo;appareil.<\/p>\n<p>Avec son thermostat et ses fonctions bien pens\u00e9es telles que l&rsquo;arr\u00eat automatique et<br \/>\nla fonction <i>OpenWindow Detection<\/i>, le <b>radiateur infrarouge<\/b> r\u00e9pond aux exigences les<br \/>\nplus grandes. Sa minuterie hebdomadaire r\u00e9glable permet de programmer les heures de<br \/>\nchauffage pour chaque jour de la semaine. Sa conception plate, sa production de<br \/>\nchaleur rapide et son installation murale peu encombrante en font naturellement un<br \/>\nappareil particuli\u00e8rement adapt\u00e9 pour la salle de bain. C&rsquo;est pourquoi le Wonderwall<br \/>\nAir Art Smart est aussi compl\u00e8tement prot\u00e9g\u00e9 contre les projections d&rsquo;eau avec la<br \/>\nclasse de protection IP44.<\/p>\n<p><b>Top Features:<\/b><\/p>\n<p>\u2022 <b>Smart Home :<\/b> contr\u00f4lez facilement un ou plusieurs appareils par application, avec<br \/>\ncommande vocale par Alexa ou Google<br \/>\n\u2022 <b>Agr\u00e9able comme le soleil :<\/b><i>IR ComfortHeat<\/i> pour r\u00e9chauffer les personnes, les meubles<br \/>\net les murs par le rayonnement infrarouge sain<br \/>\n\u2022 <b>Sans poussi\u00e8re ni odeurs :<\/b> panneau infrarouge pour chauffer sans ventiler &#8211; id\u00e9al<br \/>\npour les allergiques et les environnements sensibles au bruit<br \/>\n\u2022 <b>Effet wow :<\/b> panneau chauffant ultra-rapide avec une puissance de 700 watts et une<br \/>\nsurface au design graphique pour du style et de la couleur dans l&rsquo;appartement<br \/>\n\u2022 <b>Chaleur efficace pas seulement pour la salle de bain :<\/b> technologie \u00e9tanche avec 98%<br \/>\nde conversion d&rsquo;\u00e9nergie et classe de protection IP44<br \/>\n\u2022 <b>Bien con\u00e7u :<\/b> avec thermostat et minuterie hebdomadaire enti\u00e8rement contr\u00f4lable<br \/>\nmanuellement par panneau de commande avec \u00e9cran LCD<br \/>\n\u2022 <b>Intelligent :<\/b><i>OpenWindow Detection<\/i> pour un arr\u00eat automatique en cas de fen\u00eatre<br \/>\nouverte<br \/>\n\u2022 <b>Gain de place :<\/b> panneau chauffant plat au montage mural pour une surface \u00e0 chauffer<br \/>\nd&rsquo;environ 14 m\u00b2<\/p>\n<p><b>Caract\u00e9ristiques:<\/b><\/p>\n<p>\u2022 Puissance : 700 watts<br \/>\n\u2022 Zone d&rsquo;efficacit\u00e9 : jusqu&rsquo;\u00e0 14 m\u00b2<br \/>\n\u2022 Port\u00e9e efficace : env. 2 &#8211; 4 m<br \/>\n\u2022 Norme de protection : IP44<br \/>\n\u2022 Plage de temp\u00e9ratures : 0 &#8211; 37 \u00b0C<br \/>\n\u2022 Chaleur infrarouge : r\u00e9chauffe les personnes et les objets, pas l&rsquo;air ambiant<br \/>\n\u2022 Temp\u00e9rature de surface du panneau chauffant : 85 \u00e0 95 \u00b0C<br \/>\n\u2022 Protection anti surchauffe<br \/>\n\u2022 A combiner avec d&rsquo;autres panneaux pour chauffer de plus grandes pi\u00e8ces<br \/>\n\u2022 Montage simple<br \/>\n\u2022 Motif : \u00ab\u00a0Amandiers en fleurs\u00a0\u00bb de Vincent van Gogh<br \/>\n\u2022 Alimentation : 220 &#8211; 240 V~ | 50 Hz<\/p>\n<p><b>Inclus dans la livraison:<\/b><\/p>\n<p>\u2022 1 x radiateur infrarouge<br \/>\n\u2022 1 x mat\u00e9riel de montage<br \/>\n\u2022 Mode d&#8217;emploi en fran\u00e7ais<\/p>\n<p><b>Dimensions:<\/b><\/p>\n<p>\u2022 Dimensions : env. 120 x 60 x 5 cm (LxHxP)<br \/>\n\u2022 Longueur du c\u00e2ble secteur : 150 cm<br \/>\n\u2022 Poids : env. 7,1 kg<\/p>\n<\/div>\n<p>&nbsp;<\/p>\n<\/div>","protected":false},"excerpt":{"rendered":"<p>None<\/p>","protected":false},"featured_media":40557,"template":"","meta":{"_glsr_average":0,"_glsr_ranking":0,"_glsr_reviews":0},"product_cat":[288],"product_tag":[290,153],"class_list":{"0":"post-99460","1":"product","2":"type-product","3":"status-publish","4":"has-post-thumbnail","6":"product_cat-chauffage","7":"product_tag-chauffage","8":"product_tag-maison-entretien","10":"first","11":"instock","12":"sale","13":"shipping-taxable","14":"purchasable","15":"product-type-simple"},"_links":{"self":[{"href":"https:\/\/electromenagerexpress.com\/en\/wp-json\/wp\/v2\/product\/99460","targetHints":{"allow":["GET"]}}],"collection":[{"href":"https:\/\/electromenagerexpress.com\/en\/wp-json\/wp\/v2\/product"}],"about":[{"href":"https:\/\/electromenagerexpress.com\/en\/wp-json\/wp\/v2\/types\/product"}],"wp:featuredmedia":[{"embeddable":true,"href":"https:\/\/electromenagerexpress.com\/en\/wp-json\/wp\/v2\/media\/40557"}],"wp:attachment":[{"href":"https:\/\/electromenagerexpress.com\/en\/wp-json\/wp\/v2\/media?parent=99460"}],"wp:term":[{"taxonomy":"product_cat","embeddable":true,"href":"https:\/\/electromenagerexpress.com\/en\/wp-json\/wp\/v2\/product_cat?post=99460"},{"taxonomy":"product_tag","embeddable":true,"href":"https:\/\/electromenagerexpress.com\/en\/wp-json\/wp\/v2\/product_tag?post=99460"}],"curies":[{"name":"wp","href":"https:\/\/api.w.org\/{rel}","templated":true}]}}