{"id":99456,"date":"2024-11-28T10:58:48","date_gmt":"2024-11-28T10:58:48","guid":{"rendered":"https:\/\/electromenagerexpress.com\/product\/cheminee-electriqueklarsteinalpbach-1800w\/"},"modified":"2024-12-28T11:43:31","modified_gmt":"2024-12-28T11:43:31","slug":"cheminee-electriqueklarsteinalpbach-1800w","status":"publish","type":"product","link":"https:\/\/electromenagerexpress.com\/en\/product\/cheminee-electriqueklarsteinalpbach-1800w\/","title":{"rendered":"Chemin\u00e9e \u00e9lectrique KLARSTEIN Alpbach 1800W"},"content":{"rendered":"<div class=\"product-features__content\">\n<ul role=\"list\">\n<li class=\"product-features__item\" role=\"listitem\">\n<h3 class=\"product-features__label\">Caract\u00e9ristiques g\u00e9n\u00e9rales<\/h3>\n<ul role=\"list\">\n<li class=\"product-features__item-list__item\" role=\"listitem\"><span class=\"is--medium\">Type :<\/span> Chemin\u00e9e \u00e9lectrique<\/li>\n<li class=\"product-features__item-list__item\" role=\"listitem\"><span class=\"is--medium\">Alimentation :<\/span> Secteur<\/li>\n<li class=\"product-features__item-list__item\" role=\"listitem\"><span class=\"is--medium\">Puissance minimale :<\/span> 900 W<\/li>\n<li class=\"product-features__item-list__item\" role=\"listitem\"><span class=\"is--medium\">Puissance max :<\/span> 1.800 W<\/li>\n<li class=\"product-features__item-list__item\" role=\"listitem\"><span class=\"is--medium\">Surface chauff\u00e9e :<\/span> 40 m\u00b2<\/li>\n<li class=\"product-features__item-list__item\" role=\"listitem\"><span class=\"is--medium\">Effet flamme :<\/span> Oui<\/li>\n<li class=\"product-features__item-list__item\" role=\"listitem\"><span class=\"is--medium\">Fa\u00e7ade :<\/span> Verre tremp\u00e9<\/li>\n<li class=\"product-features__item-list__item\" role=\"listitem\"><span class=\"is--medium\">Coloris :<\/span> Beige<\/li>\n<li class=\"product-features__item-list__item\" role=\"listitem\"><span class=\"is--medium\">Programmateur :<\/span> Oui<\/li>\n<\/ul>\n<\/li>\n<li class=\"product-features__item\" role=\"listitem\">\n<h3 class=\"product-features__label\">Utilisation<\/h3>\n<ul role=\"list\">\n<li class=\"product-features__item-list__item\" role=\"listitem\"><span class=\"is--medium\">Nombre de vitesses :<\/span> 2 vitesses<\/li>\n<\/ul>\n<\/li>\n<li class=\"product-features__item\" role=\"listitem\">\n<h3 class=\"product-features__label\">S\u00e9curit\u00e9<\/h3>\n<ul role=\"list\">\n<li class=\"product-features__item-list__item\" role=\"listitem\"><span class=\"is--medium\">Anti-surchauffe :<\/span> Oui<\/li>\n<li class=\"product-features__item-list__item\" role=\"listitem\"><span class=\"is--medium\">Arr\u00eat automatique :<\/span> Oui<\/li>\n<\/ul>\n<\/li>\n<li class=\"product-features__item\" role=\"listitem\">\n<h3 class=\"product-features__label\">Installation<\/h3>\n<ul role=\"list\">\n<li class=\"product-features__item-list__item\" role=\"listitem\"><span class=\"is--medium\">Installation murale :<\/span> Fixation fournie<\/li>\n<\/ul>\n<\/li>\n<li class=\"product-features__item\" role=\"listitem\">\n<h3 class=\"product-features__label\">Dimensions<\/h3>\n<ul role=\"list\">\n<li class=\"product-features__item-list__item\" role=\"listitem\"><span class=\"is--medium\">Dimensions l x h x p :<\/span> 65 x 51.5 x 14 cm<\/li>\n<li class=\"product-features__item-list__item\" role=\"listitem\"><span class=\"is--medium\">Poids net :<\/span> 14,30 kg<\/li>\n<\/ul>\n<\/li>\n<li class=\"product-features__item\" role=\"listitem\">\n<h3 class=\"product-features__label\">Informations compl\u00e9mentaires<\/h3>\n<ul role=\"list\">\n<li class=\"product-features__item-list__item\" role=\"listitem\"><span class=\"is--medium\">Fabriqu\u00e9 en :<\/span> Chine<\/li>\n<li class=\"product-features__item-list__item\" role=\"listitem\"><span class=\"is--medium\">Disponibilit\u00e9 des pi\u00e8ces d\u00e9tach\u00e9es (donn\u00e9es fournisseur) :<\/span> Non concern\u00e9<\/li>\n<\/ul>\n<\/li>\n<\/ul>\n<\/div>\n<div class=\"product__disclosure-content\">\n<div class=\"js-read-more product-description__content read-more read-more--truncated\" style=\"max-height: 500px;overflow: hidden\" data-read-more-name=\"description\">\n<p>La <b>chemin\u00e9e \u00e9lectrique <\/b> Alpbach de <b>Klarstein<\/b> cr\u00e9e une atmosph\u00e8re romantique et chaleureuse gr\u00e2ce \u00e0 son remarquable effet de flammes.<\/p>\n<p>Si vous le souhaitez, vous pouvez simplement activer la fonction de chauffage qui diffuse imm\u00e9diatement la chaleur et garantit des temp\u00e9ratures agr\u00e9ablement chaudes &#8211; jusqu&rsquo;\u00e0 30 \u00b0C. En quelques minutes, cr\u00e9ez un environnement confortable et relaxant. Outre le chauffage r\u00e9glable \u00e0 2 niveaux, la luminosit\u00e9 du <b>foyer mural <\/b> est r\u00e9glable de mani\u00e8re flexible sur 4 niveaux. La <b>chemin\u00e9e<\/b> se contr\u00f4le par le panneau de commande sur l&rsquo;appareil ou confortablement avec la t\u00e9l\u00e9commande depuis le canap\u00e9. Les fonctions de minuterie int\u00e9gr\u00e9es apportent encore plus de confort. Avec son cadre d&rsquo;aspect pierre, c&rsquo;est un v\u00e9ritable bijou sur n&rsquo;importe quel mur m\u00eame \u00e9teint &#8211; allum\u00e9, il d\u00e9gage le charme d&rsquo;un feu vivant.<\/p>\n<p><b>Top Features:<\/b><\/p>\n<p><b>Attire l&rsquo;attention :<\/b> chemin\u00e9e murale \u00e9lectrique avec deux niveaux de chauffage<br \/>\n<b>\u00c0 distance :<\/b> contr\u00f4le ais\u00e9 par t\u00e9l\u00e9commande<br \/>\n<b>Design attrayant :<\/b> avec cadre en r\u00e9sine imitant la pierre<br \/>\n<b>Chaleur \u00e0 volont\u00e9 :<\/b> utilisable avec ou sans fonction de chauffage<br \/>\n<b>Feu r\u00e9aliste : <\/b>jeu de flammes du plus bel effet avec lit de braises<\/p>\n<p><b>Caract\u00e9ristiques:<\/b><\/p>\n<ul>\n<li>Puissance\u00a0: 1800\u00a0watts<\/li>\n<li>pour jusqu&rsquo;\u00e0 36 m\u00b2<\/li>\n<li>fonction de chauffage ind\u00e9pendante<\/li>\n<li>chauffage \u00e0 2 niveaux<\/li>\n<li>Effet de flammes d&rsquo;ambiance<\/li>\n<li>Fen\u00eatre de visualisation<\/li>\n<li>luminosit\u00e9 r\u00e9glable \u00e0 4 niveaux<\/li>\n<li>Minuterie hebdomadaire, permet de programmer les heures de chauffage pour chaque jour de la semaine<\/li>\n<li>minuterie jusqu&rsquo;\u00e0 9 heures<\/li>\n<li><em>OpenWindow Detection ;<\/em> si la temp\u00e9rature baisse de 4 \u00b0C en l&rsquo;espace de 10 minutes, la fonction de chauffage est automatiquement d\u00e9sactiv\u00e9e<\/li>\n<li>Verrouillage des touches<\/li>\n<li>t\u00e9l\u00e9commande avec pile bouton (CR 2025) incluse<\/li>\n<li>Montage mural<\/li>\n<li>Alimentation : 220-240 V~ | 50 Hz<\/li>\n<li>Veuillez noter que cet appareil ne peut pas \u00eatre utilis\u00e9 comme source de chauffage principale.<\/li>\n<\/ul>\n<p><b>Inclus dans la livraison:<\/b><\/p>\n<ul>\n<li>1 x chemin\u00e9e<\/li>\n<li>1 x cadre<\/li>\n<li>1 x t\u00e9l\u00e9commande (pile bouton CR2025 fournie)<\/li>\n<li>1 x mat\u00e9riel de montage<\/li>\n<li>Mode d&#8217;emploi en fran\u00e7ais<\/li>\n<\/ul>\n<p><b>Dimension:<\/b><\/p>\n<ul>\n<li>Dimensions totales : environ 65 x 51,5 x 14 cm (LxHxP)<\/li>\n<li>Dimensions du cadre : 65 x 51,5 x 6,5 cm (LxHxP)<\/li>\n<li>Dimensions du foyer : 54 x 47 x 14 cm (LxHxP)<\/li>\n<li>Longueur du c\u00e2ble d&rsquo;alimentation : env. 130 cm<\/li>\n<li>Poids : env. 14,3 kg<\/li>\n<\/ul>\n<\/div>\n<p>&nbsp;<\/p>\n<\/div>","protected":false},"excerpt":{"rendered":"<div class=\"keypoints\">\n<h3 class=\"keypoints__title\">Les points cl\u00e9s<\/h3>\n<ul role=\"list\">\n<li class=\"keypoints__item\" role=\"listitem\">Surface chauff\u00e9e : 40 m\u00b2<\/li>\n<li class=\"keypoints__item\" role=\"listitem\">Puissance max : 1.800 W<\/li>\n<li class=\"keypoints__item\" role=\"listitem\">Programmateur<\/li>\n<li class=\"keypoints__item\" role=\"listitem\">2 vitesses<\/li>\n<\/ul>\n<\/div>","protected":false},"featured_media":40528,"template":"","meta":{"_glsr_average":0,"_glsr_ranking":0,"_glsr_reviews":0},"product_cat":[288],"product_tag":[290,153],"class_list":{"0":"post-99456","1":"product","2":"type-product","3":"status-publish","4":"has-post-thumbnail","6":"product_cat-chauffage","7":"product_tag-chauffage","8":"product_tag-maison-entretien","10":"first","11":"instock","12":"sale","13":"shipping-taxable","14":"purchasable","15":"product-type-simple"},"_links":{"self":[{"href":"https:\/\/electromenagerexpress.com\/en\/wp-json\/wp\/v2\/product\/99456","targetHints":{"allow":["GET"]}}],"collection":[{"href":"https:\/\/electromenagerexpress.com\/en\/wp-json\/wp\/v2\/product"}],"about":[{"href":"https:\/\/electromenagerexpress.com\/en\/wp-json\/wp\/v2\/types\/product"}],"wp:featuredmedia":[{"embeddable":true,"href":"https:\/\/electromenagerexpress.com\/en\/wp-json\/wp\/v2\/media\/40528"}],"wp:attachment":[{"href":"https:\/\/electromenagerexpress.com\/en\/wp-json\/wp\/v2\/media?parent=99456"}],"wp:term":[{"taxonomy":"product_cat","embeddable":true,"href":"https:\/\/electromenagerexpress.com\/en\/wp-json\/wp\/v2\/product_cat?post=99456"},{"taxonomy":"product_tag","embeddable":true,"href":"https:\/\/electromenagerexpress.com\/en\/wp-json\/wp\/v2\/product_tag?post=99456"}],"curies":[{"name":"wp","href":"https:\/\/api.w.org\/{rel}","templated":true}]}}