{"id":99448,"date":"2024-11-28T10:58:02","date_gmt":"2024-11-28T10:58:02","guid":{"rendered":"https:\/\/electromenagerexpress.com\/product\/ventilateur-chauffagerowentahq8120f0-silence-comfort-3en1\/"},"modified":"2024-12-28T12:56:10","modified_gmt":"2024-12-28T12:56:10","slug":"ventilateur-chauffagerowentahq8120f0-silence-comfort-3en1","status":"publish","type":"product","link":"https:\/\/electromenagerexpress.com\/en\/product\/ventilateur-chauffagerowentahq8120f0-silence-comfort-3en1\/","title":{"rendered":"Ventilateur-chauffage ROWENTA HQ8120F0 &#8211; SILENCE COMFORT 3EN1"},"content":{"rendered":"<div class=\"product-features__content\">\n<ul role=\"list\">\n<li class=\"product-features__item\" role=\"listitem\">\n<h3 class=\"product-features__label\">Les + de ce mod\u00e8le<\/h3>\n<ul role=\"list\">\n<li class=\"product-features__item-list__item\" role=\"listitem\"><span class=\"is--medium\">Avantages :<\/span> Chauffage ventilateur Colonne Ultra Silencieux Filtre Rafra\u00eechit et R\u00e9chauffe Mode Intelligent Mode Eco D\u00e9part Diff\u00e9r\u00e9 Oscillation \u00e9lectronique T\u00e9l\u00e9commande \u00c9cran Digital<\/li>\n<\/ul>\n<\/li>\n<li class=\"product-features__item\" role=\"listitem\">\n<h3 class=\"product-features__label\">Caract\u00e9ristiques g\u00e9n\u00e9rales<\/h3>\n<ul role=\"list\">\n<li class=\"product-features__item-list__item\" role=\"listitem\"><span class=\"is--medium\">Type :<\/span> Ventilateur-chauffage<\/li>\n<li class=\"product-features__item-list__item\" role=\"listitem\"><span class=\"is--medium\">Alimentation :<\/span> Secteur<\/li>\n<li class=\"product-features__item-list__item\" role=\"listitem\"><span class=\"is--medium\">Puissance max :<\/span> 2.400 W<\/li>\n<li class=\"product-features__item-list__item\" role=\"listitem\"><span class=\"is--medium\">Surface chauff\u00e9e :<\/span> 40 m\u00b2<\/li>\n<li class=\"product-features__item-list__item\" role=\"listitem\"><span class=\"is--medium\">Effet flamme :<\/span> Non<\/li>\n<li class=\"product-features__item-list__item\" role=\"listitem\"><span class=\"is--medium\">Sp\u00e9cificit\u00e9s :<\/span> La seule colonne 3 en 1 ultra silencieuse* : filtre, rafraichit, chauffe<\/li>\n<li class=\"product-features__item-list__item\" role=\"listitem\"><span class=\"is--medium\">Thermostat :<\/span> Electronique<\/li>\n<li class=\"product-features__item-list__item\" role=\"listitem\"><span class=\"is--medium\">Coloris :<\/span> Blanc<\/li>\n<li class=\"product-features__item-list__item\" role=\"listitem\"><span class=\"is--medium\">Programmateur :<\/span> Minuteur 24h<\/li>\n<li class=\"product-features__item-list__item\" role=\"listitem\"><span class=\"is--medium\">Niveau sonore :<\/span> 38 dB<\/li>\n<\/ul>\n<\/li>\n<li class=\"product-features__item\" role=\"listitem\">\n<h3 class=\"product-features__label\">Utilisation<\/h3>\n<ul role=\"list\">\n<li class=\"product-features__item-list__item\" role=\"listitem\"><span class=\"is--medium\">Nombre de vitesses :<\/span> 5 vitesses<\/li>\n<li class=\"product-features__item-list__item\" role=\"listitem\"><span class=\"is--medium\">Position froid :<\/span> Oui<\/li>\n<li class=\"product-features__item-list__item\" role=\"listitem\"><span class=\"is--medium\">Position chaud :<\/span> Oui<\/li>\n<li class=\"product-features__item-list__item\" role=\"listitem\"><span class=\"is--medium\">Position ventilation :<\/span> Oui<\/li>\n<li class=\"product-features__item-list__item\" role=\"listitem\"><span class=\"is--medium\">Oscillation :<\/span> Oui<\/li>\n<li class=\"product-features__item-list__item\" role=\"listitem\"><span class=\"is--medium\">T\u00e9moin de fonctionnement :<\/span> Oui<\/li>\n<li class=\"product-features__item-list__item\" role=\"listitem\"><span class=\"is--medium\">Auto-r\u00e9gulation de la temp\u00e9rature :<\/span> Oui<\/li>\n<li class=\"product-features__item-list__item\" role=\"listitem\"><span class=\"is--medium\">R\u00e9servoir d&rsquo;eau pour humidification :<\/span> Non<\/li>\n<li class=\"product-features__item-list__item\" role=\"listitem\"><span class=\"is--medium\">Fonction hors-gel :<\/span> Oui<\/li>\n<\/ul>\n<\/li>\n<li class=\"product-features__item\" role=\"listitem\">\n<h3 class=\"product-features__label\">S\u00e9curit\u00e9<\/h3>\n<ul role=\"list\">\n<li class=\"product-features__item-list__item\" role=\"listitem\"><span class=\"is--medium\">Arr\u00eat automatique :<\/span> Oui<\/li>\n<li class=\"product-features__item-list__item\" role=\"listitem\"><span class=\"is--medium\">Filtre anti-poussi\u00e8re :<\/span> Oui<\/li>\n<li class=\"product-features__item-list__item\" role=\"listitem\"><span class=\"is--medium\">Compatible Salle de bain :<\/span> Non<\/li>\n<\/ul>\n<\/li>\n<li class=\"product-features__item\" role=\"listitem\">\n<h3 class=\"product-features__label\">Installation<\/h3>\n<ul role=\"list\">\n<li class=\"product-features__item-list__item\" role=\"listitem\"><span class=\"is--medium\">Installation murale :<\/span> Non<\/li>\n<li class=\"product-features__item-list__item\" role=\"listitem\"><span class=\"is--medium\">Installation sur pied :<\/span> Pied fourni<\/li>\n<li class=\"product-features__item-list__item\" role=\"listitem\"><span class=\"is--medium\">Installation au sol :<\/span> Oui<\/li>\n<\/ul>\n<\/li>\n<li class=\"product-features__item\" role=\"listitem\">\n<h3 class=\"product-features__label\">Confort<\/h3>\n<ul role=\"list\">\n<li class=\"product-features__item-list__item\" role=\"listitem\"><span class=\"is--medium\">Poign\u00e9e de transport :<\/span> Oui<\/li>\n<li class=\"product-features__item-list__item\" role=\"listitem\"><span class=\"is--medium\">Mobilit\u00e9 :<\/span> Sans<\/li>\n<li class=\"product-features__item-list__item\" role=\"listitem\"><span class=\"is--medium\">Rangement de cordon :<\/span> Non<\/li>\n<\/ul>\n<\/li>\n<li class=\"product-features__item\" role=\"listitem\">\n<h3 class=\"product-features__label\">Dimensions<\/h3>\n<ul role=\"list\">\n<li class=\"product-features__item-list__item\" role=\"listitem\"><span class=\"is--medium\">Dimensions l x h x p :<\/span> 29.5 x 81.7 x 29.5 cm<\/li>\n<li class=\"product-features__item-list__item\" role=\"listitem\"><span class=\"is--medium\">Poids net :<\/span> 5,72 kg<\/li>\n<li class=\"product-features__item-list__item\" role=\"listitem\"><span class=\"is--medium\">Poids Brut :<\/span> 7 kg<\/li>\n<\/ul>\n<\/li>\n<li class=\"product-features__item\" role=\"listitem\">\n<h3 class=\"product-features__label\">Informations compl\u00e9mentaires<\/h3>\n<ul role=\"list\">\n<li class=\"product-features__item-list__item\" role=\"listitem\"><span class=\"is--medium\">Fabriqu\u00e9 en :<\/span> Chine<\/li>\n<li class=\"product-features__item-list__item\" role=\"listitem\"><span class=\"is--medium\">Garantie :<\/span> 2 ans<\/li>\n<li class=\"product-features__item-list__item\" role=\"listitem\"><span class=\"is--medium\">Disponibilit\u00e9 des pi\u00e8ces d\u00e9tach\u00e9es (donn\u00e9es fournisseur) :<\/span> Pendant 10 ans, \u00e0 compter de la date d&rsquo;achat<\/li>\n<\/ul>\n<\/li>\n<\/ul>\n<\/div>\n<div class=\"product__disclosure-content\">\n<div class=\"js-read-more product-description__content read-more read-more--truncated\" style=\"max-height: 500px;overflow: hidden\" data-read-more-name=\"description\">\n<p>R\u00e9gulez la temp\u00e9rature de votre int\u00e9rieur en toute simplicit\u00e9 gr\u00e2ce au Chauffage Soufflant ROWENTA HQ8120F0 &#8211; SILENCE, un appareil mobile et polyvalent que vous installerez simplement.<\/p>\n<h3><img fetchpriority=\"high\" decoding=\"async\" class=\"wy_tableau_gauche\" src=\"https:\/\/boulanger.scene7.com\/is\/image\/Boulanger\/3121040080276_h_f_l_0?wid=400&amp;hei=270\" alt=\"Chauf Souffl ROWENTA HQ8120F0 - SILENCE\" width=\"400\" height=\"270\" \/>Soufflez le chaud et le froid !<\/h3>\n<p>En hiver comme en \u00e9t\u00e9, vous aurez le plaisir de rester chez vous avec le Chauffage Soufflant ROWENTA HQ8120F0 &#8211; SILENCE. V\u00e9ritable <b>appareil 3-en-1<\/b>, il vous permettra de chauffer votre maison, mais aussi de le rafra\u00eechir et m\u00eame d&rsquo;en <b>filtrer l&rsquo;air<\/b>. Inscrit dans la qualit\u00e9 ROWENTA, il vous offrira une infinit\u00e9 de possibilit\u00e9s et repr\u00e9sentera l&rsquo;investissement id\u00e9al pour votre int\u00e9rieur.<\/p>\n<p>Puissant, le Chauffage Soufflant ROWENTA HQ8120F0 &#8211; SILENCE tourne \u00e0 <b>2400 watts<\/b>. Ce moteur performant pourra couvrir une <b>surface de 40 m2<\/b>. En fonction de la taille de votre pi\u00e8ce et de vos besoins, vous disposerez de <b>10 vitesses de ventilation<\/b> \u00e0 s\u00e9lectionner facilement. Vous profiterez donc d&rsquo;un vrai confort d&rsquo;utilisation totalement personnalisable.<\/p>\n<h3><img decoding=\"async\" class=\"wy_tableau_right\" src=\"https:\/\/boulanger.scene7.com\/is\/image\/Boulanger\/3121040080276_h_f_l_1?wid=400&amp;hei=270\" alt=\"Chauf Souffl ROWENTA HQ8120F0 - SILENCE\" width=\"400\" height=\"270\" \/>Silence et purification<\/h3>\n<p>Parmi ces vitesses, vous appr\u00e9cierez 3 vitesses ultra silencieuses dont une inaudible dont le volume ne s&rsquo;\u00e9l\u00e8vera qu&rsquo;\u00e0 <b>38 dB<\/b>. \u00c0 l&rsquo;autre extr\u00e9mit\u00e9 du spectre, le Chauffage Soufflant ROWENTA HQ8120F0 &#8211; SILENCE est pourvu d&rsquo;une <b>ventilation maximale 20% plus puissante<\/b> que celle des appareils de la g\u00e9n\u00e9ration pr\u00e9c\u00e9dente. Capable de couvrir <b>2,6m\/sec<\/b>, l&rsquo;appareil sera id\u00e9al en \u00e9t\u00e9 pour vous rafra\u00eechir rapidement.<\/p>\n<p>En mode filtration, le Chauffage Soufflant ROWENTA HQ8120F0 &#8211; SILENCE s&rsquo;appuie sur un syst\u00e8me high-tech qui purifiera l&rsquo;air des particules et des poils d&rsquo;animaux jusqu&rsquo;\u00e0 <b>500 microns<\/b>. Malgr\u00e9 toutes les technologies dont il est pourvu, cet appareil reste \u00e9conomique puisqu&rsquo;il dispose d&rsquo;un mode intelligent qui d\u00e9tecte la temp\u00e9rature ambiante pour ajuster la puissance. Le <b>moteur DC<\/b>, quant \u00e0 lui, <b>consomme 3 fois moins<\/b> que celui d&rsquo;un ventilateur traditionnel.<\/p>\n<\/div>\n<p>Voir plus<\/p>\n<\/div>","protected":false},"excerpt":{"rendered":"<div class=\"keypoints\">\n<h3 class=\"keypoints__title\">Les points cl\u00e9s<\/h3>\n<ul role=\"list\">\n<li class=\"keypoints__item\" role=\"listitem\">Surface chauff\u00e9e : 40 m\u00b2<\/li>\n<li class=\"keypoints__item\" role=\"listitem\">Puissance max : 2.400 W<\/li>\n<li class=\"keypoints__item\" role=\"listitem\">Programmateur : Minuteur 24h<\/li>\n<li class=\"keypoints__item\" role=\"listitem\">5 vitesses<\/li>\n<li class=\"keypoints__item keypoints__item--advantage\" role=\"listitem\"><strong>Le + :<\/strong> 3 en 1 : purifie l&rsquo;air, chauffe l&rsquo;hiver, ventile l&rsquo;\u00e9t\u00e9<\/li>\n<\/ul>\n<\/div>","protected":false},"featured_media":40453,"template":"","meta":{"_glsr_average":0,"_glsr_ranking":0,"_glsr_reviews":0},"product_cat":[289],"product_tag":[290,291,153],"class_list":{"0":"post-99448","1":"product","2":"type-product","3":"status-publish","4":"has-post-thumbnail","6":"product_cat-chauffage-soufflant","7":"product_tag-chauffage","8":"product_tag-chauffage-soufflant","9":"product_tag-maison-entretien","11":"first","12":"instock","13":"sale","14":"shipping-taxable","15":"purchasable","16":"product-type-simple"},"_links":{"self":[{"href":"https:\/\/electromenagerexpress.com\/en\/wp-json\/wp\/v2\/product\/99448","targetHints":{"allow":["GET"]}}],"collection":[{"href":"https:\/\/electromenagerexpress.com\/en\/wp-json\/wp\/v2\/product"}],"about":[{"href":"https:\/\/electromenagerexpress.com\/en\/wp-json\/wp\/v2\/types\/product"}],"wp:featuredmedia":[{"embeddable":true,"href":"https:\/\/electromenagerexpress.com\/en\/wp-json\/wp\/v2\/media\/40453"}],"wp:attachment":[{"href":"https:\/\/electromenagerexpress.com\/en\/wp-json\/wp\/v2\/media?parent=99448"}],"wp:term":[{"taxonomy":"product_cat","embeddable":true,"href":"https:\/\/electromenagerexpress.com\/en\/wp-json\/wp\/v2\/product_cat?post=99448"},{"taxonomy":"product_tag","embeddable":true,"href":"https:\/\/electromenagerexpress.com\/en\/wp-json\/wp\/v2\/product_tag?post=99448"}],"curies":[{"name":"wp","href":"https:\/\/api.w.org\/{rel}","templated":true}]}}