{"id":99445,"date":"2024-11-28T10:57:50","date_gmt":"2024-11-28T10:57:50","guid":{"rendered":"https:\/\/electromenagerexpress.com\/product\/thermostat-connectenestthermostat-e\/"},"modified":"2024-11-28T10:57:50","modified_gmt":"2024-11-28T10:57:50","slug":"thermostat-connectenestthermostat-e","status":"publish","type":"product","link":"https:\/\/electromenagerexpress.com\/en\/product\/thermostat-connectenestthermostat-e\/","title":{"rendered":"Thermostat connect\u00e9\t\t\t\t\t\t\tNEST\t\t\t\tTHERMOSTAT E"},"content":{"rendered":"<div class=\"product-features__content\">\n<ul role=\"list\">\n<li class=\"product-features__item\" role=\"listitem\">\n<h3 class=\"product-features__label\">Les + de ce mod\u00e8le<\/h3>\n<ul role=\"list\">\n<li class=\"product-features__item-list__item\" role=\"listitem\"><span class=\"is--medium\">Avantages :<\/span> &#8211; Thermostat connect\u00e9 et intelligent \u00e9lectronique sans fil- Contr\u00f4le \u00e0 distance &#8211; Economie d&rsquo;\u00e9nergie &#8211; Programmation simple\t\t\t\t\t<\/li>\n<\/ul>\n<\/li>\n<li class=\"product-features__item\" role=\"listitem\">\n<h3 class=\"product-features__label\">Caract\u00e9ristiques g\u00e9n\u00e9rales<\/h3>\n<ul role=\"list\">\n<li class=\"product-features__item-list__item\" role=\"listitem\"><span class=\"is--medium\">Type :<\/span> Thermostat d&rsquo;ambiance\t\t\t\t\t<\/li>\n<li class=\"product-features__item-list__item\" role=\"listitem\"><span class=\"is--medium\">Produit connect\u00e9 :<\/span> Thermostat\t\t\t\t\t<\/li>\n<li class=\"product-features__item-list__item\" role=\"listitem\"><span class=\"is--medium\">Avantage :<\/span> Permet des \u00e9conomies d&rsquo;\u00e9nergie\t\t\t\t\t<\/li>\n<li class=\"product-features__item-list__item\" role=\"listitem\"><span class=\"is--medium\">A quoi \u00e7a sert? :<\/span> Pilotez votre chauffage depuis votre Smartphone, tablette ou ordinateur\t\t\t\t\t<\/li>\n<li class=\"product-features__item-list__item\" role=\"listitem\"><span class=\"is--medium\">Alimentation :<\/span> Pile\t\t\t\t\t<\/li>\n<li class=\"product-features__item-list__item\" role=\"listitem\"><span class=\"is--medium\">Sp\u00e9cificit\u00e9s :<\/span> Type de chauffage:                     \tChaudi\u00e8re, pompe \u00e0 chaleur air \/ eau et radiateur \u00e9lectrique\t\t\t\t\t<\/li>\n<li class=\"product-features__item-list__item\" role=\"listitem\"><span class=\"is--medium\">Coloris :<\/span> Blanc\t\t\t\t\t<\/li>\n<li class=\"product-features__item-list__item\" role=\"listitem\"><span class=\"is--medium\">Economie :<\/span> Tout est con\u00e7u pour vous aider \u00e0 faire des \u00e9conomies d\u00e8s le premier jour et vous faciliter les r\u00e9glages. L&rsquo;auto-programmation, les rapports NEST, l&rsquo;historique \u00e9nerg\u00e9tique et les alertes de temp\u00e9ratures sont autant de fonctionnalit\u00e9s qui vous permettront de v\u00e9ritables \u00e9conomies d&rsquo;\u00e9nergie chez vous.\t\t\t\t\t<\/li>\n<li class=\"product-features__item-list__item\" role=\"listitem\"><span class=\"is--medium\">Mobilit\u00e9 :<\/span> Mural ou \u00e0 poser\t\t\t\t\t<\/li>\n<\/ul>\n<\/li>\n<li class=\"product-features__item\" role=\"listitem\">\n<h3 class=\"product-features__label\">Installation<\/h3>\n<ul role=\"list\">\n<li class=\"product-features__item-list__item\" role=\"listitem\"><span class=\"is--medium\">D\u00e9tail compatibilit\u00e9 :<\/span> Compatible avec la plupart des syst\u00e8mes de chauff.  central (y compris en mode marche\/arr\u00eat et Fil pilote): chaudi\u00e8res \u00e0 chauffage, p. \u00e0 chaleur (chauffage uniquement), syst. de chauff. urbain avec vanne de r\u00e9gul. \u00e9lectrique.\t\t\t\t\t<\/li>\n<li class=\"product-features__item-list__item\" role=\"listitem\"><span class=\"is--medium\">Type compatibilit\u00e9 :<\/span> Chaudi\u00e8re et pompe \u00e0 chaleur air\/eau\t\t\t\t\t<\/li>\n<li class=\"product-features__item-list__item\" role=\"listitem\"><span class=\"is--medium\">Installation :<\/span> rapide\t\t\t\t\t<\/li>\n<\/ul>\n<\/li>\n<li class=\"product-features__item\" role=\"listitem\">\n<h3 class=\"product-features__label\">Application<\/h3>\n<ul role=\"list\">\n<li class=\"product-features__item-list__item\" role=\"listitem\"><span class=\"is--medium\">Application d\u00e9di\u00e9e :<\/span> Nest\t\t\t\t\t<\/li>\n<li class=\"product-features__item-list__item\" role=\"listitem\"><span class=\"is--medium\">Compatibilit\u00e9 application :<\/span> iOs et Andro\u00efd\t\t\t\t\t<\/li>\n<li class=\"product-features__item-list__item\" role=\"listitem\"><span class=\"is--medium\">Suivi de production :<\/span> via l&rsquo;application\t\t\t\t\t<\/li>\n<\/ul>\n<\/li>\n<li class=\"product-features__item\" role=\"listitem\">\n<h3 class=\"product-features__label\">Connectivit\u00e9<\/h3>\n<ul role=\"list\">\n<li class=\"product-features__item-list__item\" role=\"listitem\"><span class=\"is--medium\">Technologie :<\/span> Wifi\t\t\t\t\t<\/li>\n<\/ul>\n<\/li>\n<li class=\"product-features__item\" role=\"listitem\">\n<h3 class=\"product-features__label\">Fonctionnalit\u00e9s et programmes<\/h3>\n<ul role=\"list\">\n<li class=\"product-features__item-list__item\" role=\"listitem\"><span class=\"is--medium\">Contr\u00f4le et pilotage \u00e0 distance :<\/span> Oui\t\t\t\t\t<\/li>\n<li class=\"product-features__item-list__item\" role=\"listitem\"><span class=\"is--medium\">Capteur d&rsquo;humidit\u00e9 :<\/span> Oui\t\t\t\t\t<\/li>\n<li class=\"product-features__item-list__item\" role=\"listitem\"><span class=\"is--medium\">Capteur de pr\u00e9sence :<\/span> Oui\t\t\t\t\t<\/li>\n<li class=\"product-features__item-list__item\" role=\"listitem\"><span class=\"is--medium\">Historique \/ synth\u00e8se \u00e9nerg\u00e9tique :<\/span> Oui\t\t\t\t\t<\/li>\n<li class=\"product-features__item-list__item\" role=\"listitem\"><span class=\"is--medium\">Auto-programmation :<\/span> Oui\t\t\t\t\t<\/li>\n<li class=\"product-features__item-list__item\" role=\"listitem\"><span class=\"is--medium\">Contr\u00f4le de l&rsquo;eau chaude :<\/span> Oui\t\t\t\t\t<\/li>\n<li class=\"product-features__item-list__item\" role=\"listitem\"><span class=\"is--medium\">Vraie radiance :<\/span> Oui\t\t\t\t\t<\/li>\n<li class=\"product-features__item-list__item\" role=\"listitem\"><span class=\"is--medium\">R\u00e9gulation intelligente :<\/span> Oui\t\t\t\t\t<\/li>\n<li class=\"product-features__item-list__item\" role=\"listitem\"><span class=\"is--medium\">Programme vacances :<\/span> Oui\t\t\t\t\t<\/li>\n<li class=\"product-features__item-list__item\" role=\"listitem\"><span class=\"is--medium\">Retour anticip\u00e9 :<\/span> N\/C\t\t\t\t\t<\/li>\n<li class=\"product-features__item-list__item\" role=\"listitem\"><span class=\"is--medium\">G\u00e9olocalisation :<\/span> Oui\t\t\t\t\t<\/li>\n<\/ul>\n<\/li>\n<li class=\"product-features__item\" role=\"listitem\">\n<h3 class=\"product-features__label\">Environnement<\/h3>\n<ul role=\"list\">\n<li class=\"product-features__item-list__item\" role=\"listitem\"><span class=\"is--medium\">Fonctionne avec :<\/span> Works with Nest\t\t\t\t\t<\/li>\n<\/ul>\n<\/li>\n<li class=\"product-features__item\" role=\"listitem\">\n<h3 class=\"product-features__label\">Assistant vocal int\u00e9gr\u00e9<\/h3>\n<ul role=\"list\">\n<li class=\"product-features__item-list__item\" role=\"listitem\"><span class=\"is--medium\">Assistant vocal int\u00e9gr\u00e9 :<\/span> Google Assistant int\u00e9gr\u00e9, Alexa non int\u00e9gr\u00e9, Siri non int\u00e9gr\u00e9\t\t\t\t\t<\/li>\n<\/ul>\n<\/li>\n<li class=\"product-features__item\" role=\"listitem\">\n<h3 class=\"product-features__label\">Dimensions<\/h3>\n<ul role=\"list\">\n<li class=\"product-features__item-list__item\" role=\"listitem\"><span class=\"is--medium\">Largeur produit (cm) :<\/span> 16.2\t\t\t\t\t<\/li>\n<li class=\"product-features__item-list__item\" role=\"listitem\"><span class=\"is--medium\">Hauteur produit (cm) :<\/span> 16.6\t\t\t\t\t<\/li>\n<li class=\"product-features__item-list__item\" role=\"listitem\"><span class=\"is--medium\">Profondeur produit (cm) :<\/span> 18.6\t\t\t\t\t<\/li>\n<li class=\"product-features__item-list__item\" role=\"listitem\"><span class=\"is--medium\">Poids Net (kg) :<\/span> 1.402\t\t\t\t\t<\/li>\n<\/ul>\n<\/li>\n<li class=\"product-features__item\" role=\"listitem\">\n<h3 class=\"product-features__label\">Informations compl\u00e9mentaires<\/h3>\n<ul role=\"list\">\n<li class=\"product-features__item-list__item\" role=\"listitem\"><span class=\"is--medium\">Fabriqu\u00e9 en :<\/span> Chine\t\t\t\t\t<\/li>\n<li class=\"product-features__item-list__item\" role=\"listitem\"><span class=\"is--medium\">Garantie :<\/span> 2 ans\t\t\t\t\t<\/li>\n<li class=\"product-features__item-list__item\" role=\"listitem\"><span class=\"is--medium\">Disponibilit\u00e9 des pi\u00e8ces d\u00e9tach\u00e9es (donn\u00e9es fournisseur) :<\/span> Pendant 1 an, \u00e0 compter de la date d&rsquo;achat\t\t\t\t\t<\/li>\n<\/ul>\n<\/li>\n<\/ul>\n<\/div>\n<div class=\"product__disclosure-content\">\n<div class=\"js-read-more product-description__content read-more read-more--truncated\" data-read-more-name=\"description\" style=\"max-height: 500px; overflow: hidden;\">\n<p>Pour mieux contr\u00f4ler la temp\u00e9rature de votre logement et votre consommation \u00e9nerg\u00e9tique, \u00e9quipez-vous du thermostat NEST E. Avec ses nombreuses fonctionnalit\u00e9s et sa programmation facile, il vous aide \u00e0 r\u00e9aliser des \u00e9conomies d&rsquo;\u00e9nergie.<\/p>\n<h3>Il veille sur votre logement<img fetchpriority=\"high\" decoding=\"async\" alt=\"Thermostat NEST E\" class=\"wy_tableau_gauche\" height=\"270\" src=\"https:\/\/boulanger.scene7.com\/is\/image\/Boulanger\/0813917021453_h_f_l_0?wid=400&amp;hei=270\" width=\"400\"\/><\/h3>\n<p>Le thermostat NEST E vous permet de contr\u00f4ler votre consommation en ajustant la temp\u00e9rature int\u00e9rieure de votre logement. \u00c0 chaque fois que vous passez devant, il affiche la temp\u00e9rature et vous pouvez la v\u00e9rifier d&rsquo;un seul coup d&rsquo;oeil. Sa <b>fonction chez moi\/absent<\/b> baisse la temp\u00e9rature lorsque vous n&rsquo;\u00eates pas l\u00e0.<\/p>\n<p>Cet appareil <b>connect\u00e9 en Wi-Fi<\/b> vous donne la possibilit\u00e9 de voir et modifier la temp\u00e9rature de votre logement facilement et \u00e0 distance, depuis votre smartphone ou tablette via l&rsquo;application Nest disponible sur GooglePlay et AppStore. <b>Compatible avec les assistants vocaux<\/b>, il peut \u00e9galement \u00eatre dirig\u00e9 \u00e0 la voix. O\u00f9 que vous soyez, vous gardez le contr\u00f4le.<\/p>\n<h3>Facile \u00e0 installer et discret<img decoding=\"async\" alt=\"Thermostat NEST E\" class=\"wy_tableau_right\" height=\"270\" src=\"https:\/\/boulanger.scene7.com\/is\/image\/Boulanger\/0813917021453_h_f_l_1?wid=400&amp;hei=270\" width=\"400\"\/><\/h3>\n<p>D\u00e8s le premier jour, le thermostat intelligent NEST E peut vous permettre de r\u00e9aliser des \u00e9conomies d&rsquo;\u00e9nergie, gr\u00e2ce \u00e0 ses fonctionnalit\u00e9s vari\u00e9es et son installation simplifi\u00e9e. Il est <b>compatible avec la plupart des syst\u00e8mes de chauffage central<\/b>, qu&rsquo;il s&rsquo;agisse notamment de chaudi\u00e8re \u00e0 chauffage, de pompe \u00e0 chaleur ou de syst\u00e8me de chauffage urbain.<\/p>\n<p>Pens\u00e9 pour se fondre dans le d\u00e9cor de votre int\u00e9rieur, ce thermostat dispose d&rsquo;un <b>\u00e9cran translucide LCD de 4,5 cm de diam\u00e8tre offrant une r\u00e9solution de 320 x 320 pixels<\/b>. Celui-ci laisse appara\u00eetre ce qu&rsquo;il y a derri\u00e8re pour une plus grande discr\u00e9tion.<\/p>\n<\/p>\n<p>\u00a0<\/p>\n<hr\/>\n<h3>&gt;&gt;&gt; <a href=\"https:\/\/www.boulanger.com\/evenement\/shop-in-shop-google\" title=\"D\u00e9couvrir\u00a0l'univers Google de la maison connect\u00e9e\">D\u00e9couvrir\u00a0l&rsquo;univers Google de la maison connect\u00e9e<\/a> &lt;&lt;&lt;<\/h3>\n<\/p>\n<\/div>\n<p><bl-button a11yexpanded=\"false\" arialabel=\"Afficher toute la description\" class=\"read-more__btn\" full=\"false\" link=\"true\">Voir plus<\/bl-button><\/div>","protected":false},"excerpt":{"rendered":"<div class=\"keypoints\">\n<h3 class=\"keypoints__title\">Les points cl\u00e9s<\/h3>\n<ul role=\"list\">\n<li class=\"keypoints__item\" role=\"listitem\">                                        Thermostat d&rsquo;ambiance                      <\/li>\n<li class=\"keypoints__item\" role=\"listitem\">                          Chaudi\u00e8re et pompe \u00e0 chaleur air\/eau &#8211;                                        Wifi &#8211;                                                      Installation : rapide                      <\/li>\n<li class=\"keypoints__item\" role=\"listitem\">                                        Suivi de production : via l&rsquo;application                      <\/li>\n<li class=\"keypoints__item keypoints__item--advantage\" role=\"listitem\"><strong>Le + :<\/strong> R\u00e9duit votre consommation d&rsquo;\u00e9nergie et contr\u00f4le la temp\u00e9rature de votre logement o\u00f9 que vous soyez      <\/li>\n<\/ul>","protected":false},"featured_media":40427,"template":"","meta":{"_glsr_average":0,"_glsr_ranking":0,"_glsr_reviews":0},"product_cat":[302],"product_tag":[304,303,305],"class_list":{"0":"post-99445","1":"product","2":"type-product","3":"status-publish","4":"has-post-thumbnail","6":"product_cat-thermostat","7":"product_tag-confort-energie-connectee","8":"product_tag-objets-connectes","9":"product_tag-thermostat","11":"first","12":"instock","13":"sale","14":"shipping-taxable","15":"purchasable","16":"product-type-simple"},"_links":{"self":[{"href":"https:\/\/electromenagerexpress.com\/en\/wp-json\/wp\/v2\/product\/99445","targetHints":{"allow":["GET"]}}],"collection":[{"href":"https:\/\/electromenagerexpress.com\/en\/wp-json\/wp\/v2\/product"}],"about":[{"href":"https:\/\/electromenagerexpress.com\/en\/wp-json\/wp\/v2\/types\/product"}],"wp:featuredmedia":[{"embeddable":true,"href":"https:\/\/electromenagerexpress.com\/en\/wp-json\/wp\/v2\/media\/40427"}],"wp:attachment":[{"href":"https:\/\/electromenagerexpress.com\/en\/wp-json\/wp\/v2\/media?parent=99445"}],"wp:term":[{"taxonomy":"product_cat","embeddable":true,"href":"https:\/\/electromenagerexpress.com\/en\/wp-json\/wp\/v2\/product_cat?post=99445"},{"taxonomy":"product_tag","embeddable":true,"href":"https:\/\/electromenagerexpress.com\/en\/wp-json\/wp\/v2\/product_tag?post=99445"}],"curies":[{"name":"wp","href":"https:\/\/api.w.org\/{rel}","templated":true}]}}