{"id":99444,"date":"2024-11-28T10:57:43","date_gmt":"2024-11-28T10:57:43","guid":{"rendered":"https:\/\/electromenagerexpress.com\/product\/commande-intelligentetadooptimiseur-de-pompe-a-chaleur-x\/"},"modified":"2024-11-28T10:57:49","modified_gmt":"2024-11-28T10:57:49","slug":"commande-intelligentetadooptimiseur-de-pompe-a-chaleur-x","status":"publish","type":"product","link":"https:\/\/electromenagerexpress.com\/en\/product\/commande-intelligentetadooptimiseur-de-pompe-a-chaleur-x\/","title":{"rendered":"Commande intelligente\t\t\t\t\t\t\tTADO\t\t\t\tOptimiseur de Pompe \u00e0 chaleur X"},"content":{"rendered":"<div class=\"product-features__content\">\n<ul role=\"list\">\n<li class=\"product-features__item\" role=\"listitem\">\n<h3 class=\"product-features__label\">Caract\u00e9ristiques g\u00e9n\u00e9rales<\/h3>\n<ul role=\"list\">\n<li class=\"product-features__item-list__item\" role=\"listitem\"><span class=\"is--medium\">Type produit :<\/span> Commande intelligente\t\t\t\t\t<\/li>\n<li class=\"product-features__item-list__item\" role=\"listitem\"><span class=\"is--medium\">A quoi sert un thermostat ? :<\/span> Faire des \u00e9conomies d&rsquo;\u00e9nergie et gagner en confort\t\t\t\t\t<\/li>\n<li class=\"product-features__item-list__item\" role=\"listitem\"><span class=\"is--medium\">Avantage :<\/span> Pilotage et programmation \u00e0 distanceContr\u00f4le pi\u00e8ce par pi\u00e8ce possible en ajoutant des t\u00eatesBridge thread int\u00e9gr\u00e9Compatible BUS des PAC x-eau\t\t\t\t\t<\/li>\n<li class=\"product-features__item-list__item\" role=\"listitem\"><span class=\"is--medium\">Economie :<\/span> Jusqu&rsquo;\u00e0 15% pour un thermostat programmable selon l&rsquo;Ademe\t\t\t\t\t<\/li>\n<li class=\"product-features__item-list__item\" role=\"listitem\"><span class=\"is--medium\">Alimentation :<\/span> secteur\t\t\t\t\t<\/li>\n<li class=\"product-features__item-list__item\" role=\"listitem\"><span class=\"is--medium\">Mobilit\u00e9 :<\/span> A fixer\t\t\t\t\t<\/li>\n<li class=\"product-features__item-list__item\" role=\"listitem\"><span class=\"is--medium\">R\u00e9glage et pilotage :<\/span> T\u00e9l\u00e9commande et \u00e9cran LCD tactile\t\t\t\t\t<\/li>\n<li class=\"product-features__item-list__item\" role=\"listitem\"><span class=\"is--medium\">Coloris :<\/span> Noir\t\t\t\t\t<\/li>\n<\/ul>\n<\/li>\n<li class=\"product-features__item\" role=\"listitem\">\n<h3 class=\"product-features__label\">Caract\u00e9ristiques sp\u00e9cifiques<\/h3>\n<ul role=\"list\">\n<li class=\"product-features__item-list__item\" role=\"listitem\"><span class=\"is--medium\">Syst\u00e8me de raccordement :<\/span> THREAD\t\t\t\t\t<\/li>\n<li class=\"product-features__item-list__item\" role=\"listitem\"><span class=\"is--medium\">Port\u00e9e maximum (en m) :<\/span> 20\t\t\t\t\t<\/li>\n<li class=\"product-features__item-list__item\" role=\"listitem\"><span class=\"is--medium\">Id\u00e9al pour :<\/span> Chaudi\u00e8re et pompe \u00e0 chaleur air\/eau\t\t\t\t\t<\/li>\n<li class=\"product-features__item-list__item\" role=\"listitem\"><span class=\"is--medium\">Installation :<\/span> rapide et facile\t\t\t\t\t<\/li>\n<li class=\"product-features__item-list__item\" role=\"listitem\"><span class=\"is--medium\">Robinet thermostatique :<\/span> Non\t\t\t\t\t<\/li>\n<\/ul>\n<\/li>\n<li class=\"product-features__item\" role=\"listitem\">\n<h3 class=\"product-features__label\">Fonctionnalit\u00e9s et programmes<\/h3>\n<ul role=\"list\">\n<li class=\"product-features__item-list__item\" role=\"listitem\"><span class=\"is--medium\">Nombres de fonctionnalit\u00e9s et programmes :<\/span> 9\t\t\t\t\t<\/li>\n<\/ul>\n<\/li>\n<li class=\"product-features__item\" role=\"listitem\">\n<h3 class=\"product-features__label\">Application &amp; Connectivit\u00e9<\/h3>\n<ul role=\"list\">\n<li class=\"product-features__item-list__item\" role=\"listitem\"><span class=\"is--medium\">Application d\u00e9di\u00e9e :<\/span> Tado\t\t\t\t\t<\/li>\n<li class=\"product-features__item-list__item\" role=\"listitem\"><span class=\"is--medium\">Wifi :<\/span> Oui\t\t\t\t\t<\/li>\n<li class=\"product-features__item-list__item\" role=\"listitem\"><span class=\"is--medium\">Bluetooth :<\/span> Non\t\t\t\t\t<\/li>\n<li class=\"product-features__item-list__item\" role=\"listitem\"><span class=\"is--medium\">Zigbee :<\/span> Non\t\t\t\t\t<\/li>\n<li class=\"product-features__item-list__item\" role=\"listitem\"><span class=\"is--medium\">Connectivit\u00e9 :<\/span> Wifi\t\t\t\t\t<\/li>\n<\/ul>\n<\/li>\n<li class=\"product-features__item\" role=\"listitem\">\n<h3 class=\"product-features__label\">Assistant vocal<\/h3>\n<ul role=\"list\">\n<li class=\"product-features__item-list__item\" role=\"listitem\"><span class=\"is--medium\">Assistant vocal : :<\/span> Google Assistant, Alexa, Siri\t\t\t\t\t<\/li>\n<\/ul>\n<\/li>\n<li class=\"product-features__item\" role=\"listitem\">\n<h3 class=\"product-features__label\">Dimensions<\/h3>\n<ul role=\"list\">\n<li class=\"product-features__item-list__item\" role=\"listitem\"><span class=\"is--medium\">Dimensions l x h x p :<\/span> 13 x 13 x 2.75 cm\t\t\t\t\t<\/li>\n<li class=\"product-features__item-list__item\" role=\"listitem\"><span class=\"is--medium\">Poids Net (kg) :<\/span> 0.37\t\t\t\t\t<\/li>\n<\/ul>\n<\/li>\n<li class=\"product-features__item\" role=\"listitem\">\n<h3 class=\"product-features__label\">Informations compl\u00e9mentaires<\/h3>\n<ul role=\"list\">\n<li class=\"product-features__item-list__item\" role=\"listitem\"><span class=\"is--medium\">Fabriqu\u00e9 en :<\/span> Chine\t\t\t\t\t<\/li>\n<li class=\"product-features__item-list__item\" role=\"listitem\"><span class=\"is--medium\">Disponibilit\u00e9 des pi\u00e8ces d\u00e9tach\u00e9es (donn\u00e9es fournisseur) :<\/span> Pendant 5 ans, \u00e0 compter de la date fin de fabrication\t\t\t\t\t<\/li>\n<li class=\"product-features__item-list__item\" role=\"listitem\"><span class=\"is--medium\">R\u00e9f\u00e9rence constructeur :<\/span> Optimiseur de Pompe \u00e0 chaleur X\t\t\t\t\t<\/li>\n<li class=\"product-features__item-list__item\" role=\"listitem\"><span class=\"is--medium\">Marque :<\/span> TADO\t\t\t\t\t<\/li>\n<\/ul>\n<\/li>\n<\/ul>\n<\/div>\n<div class=\"product__disclosure-content\">\n<div class=\"js-read-more product-description__content read-more read-more--truncated\" data-read-more-name=\"description\" style=\"max-height: 500px; overflow: hidden;\">\n<div class=\"product__description-content read-more\" style=\"\">\n<p>Optimisez votre confort avec l&rsquo;Optimiseur de Pompe \u00e0 chaleur TADO X<\/p>\n<h3> <img fetchpriority=\"high\" decoding=\"async\" ,=\"\" alt=\"Commande intelligente TADO Optimiseur de Pompe \u00e0 chaleur X\" class=\"wy_tableau_gauche\" height=\"270\" src=\"https:\/\/boulanger.scene7.com\/is\/image\/Boulanger\/4260328612088_h_f_l_0?wid=400&amp;hei=270\" width=\"400\"\/>Contr\u00f4le intelligent et \u00e9conomies d&rsquo;\u00e9nergie                    <\/h3>\n<p>                        L&rsquo;Optimiseur de Pompe \u00e0 chaleur TADO X repr\u00e9sente une avanc\u00e9e significative dans la gestion de votre syst\u00e8me de chauffage domestique. Compatible avec une large gamme de marques telles que Vaillant, Atlantic, Saunier Duval ou Fujitsu, cet appareil vous permet de contr\u00f4ler \u00e0 distance la programmation de votre chauffage et de votre eau chaude via l&rsquo;application tado\u00b0 intuitive. Gr\u00e2ce \u00e0 la fonction Energy Cockpit, b\u00e9n\u00e9ficiez d&rsquo;une vue d&rsquo;ensemble sur votre consommation d&rsquo;\u00e9nergie et r\u00e9alisez des \u00e9conomies substantielles en chauffant uniquement lorsque n\u00e9cessaire. En outre, l&rsquo;Optimiseur ajuste l&rsquo;utilisation de votre pompe \u00e0 chaleur aux tarifs horaires dynamiques, r\u00e9duisant vos co\u00fbts en p\u00e9riodes de tarifs bas.                    <\/p>\n<\/p>\n<h3> <img decoding=\"async\" ,=\"\" alt=\"Commande intelligente TADO Optimiseur de Pompe \u00e0 chaleur X\" class=\"wy_tableau_right\" height=\"270\" src=\"https:\/\/boulanger.scene7.com\/is\/image\/Boulanger\/4260328612088_h_f_l_1?wid=400&amp;hei=270\" width=\"400\"\/>Confort et compatibilit\u00e9 \u00e0 la pointe de la technologie                    <\/h3>\n<p>                        Le design \u00e9l\u00e9gant et moderne de l&rsquo;Optimiseur de Pompe \u00e0 chaleur TADO X, avec ses dimensions compactes et son installation facile, s&rsquo;int\u00e8gre parfaitement dans tout int\u00e9rieur. Sa connectivit\u00e9 avanc\u00e9e, utilisant le Wi-Fi et le protocole r\u00e9seau Thread, assure une int\u00e9gration domotique fluide. Pour une exp\u00e9rience de chauffage optimis\u00e9e, combinez-le avec la T\u00eate Thermostatique Intelligente X ou le Thermostat Intelligent X de tado\u00b0 pour une r\u00e9gulation automatique et pr\u00e9cise de la temp\u00e9rature dans chaque pi\u00e8ce. L&rsquo;Optimiseur est \u00e9galement \u00e9quip\u00e9 pour g\u00e9rer les r\u00e9servoirs d&rsquo;eau chaude connect\u00e9s, permettant une programmation fine via l&rsquo;application. Avec l&rsquo;Optimiseur de Pompe \u00e0 chaleur TADO X, votre maison devient un mod\u00e8le d&rsquo;efficacit\u00e9 \u00e9nerg\u00e9tique et de confort personnalis\u00e9.                    <\/p>\n<\/p><\/div>\n<\/p>\n<\/div>\n<p><bl-button a11yexpanded=\"false\" arialabel=\"Afficher toute la description\" class=\"read-more__btn\" full=\"false\" link=\"true\"><\/bl-button><\/div>","protected":false},"excerpt":{"rendered":"<div class=\"keypoints\">\n<h3 class=\"keypoints__title\">Les points cl\u00e9s<\/h3>\n<ul role=\"list\">\n<li class=\"keypoints__item\" role=\"listitem\">                          secteur &#8211;                                                      20                      <\/li>\n<li class=\"keypoints__item\" role=\"listitem\">                          Id\u00e9al pour : Chaudi\u00e8re et pompe \u00e0 chaleur air\/eau &#8211;                                                      Installation : rapide et facile                      <\/li>\n<li class=\"keypoints__item\" role=\"listitem\">                                        Nombres de fonctionnalit\u00e9s et programmes : 9                      <\/li>\n<li class=\"keypoints__item\" role=\"listitem\">                          Assistant vocal : : Google Assistant, Alexa, Siri &#8211;                                                      Poids Net (kg) : 0.37                      <\/li>\n<li class=\"keypoints__item keypoints__item--advantage\" role=\"listitem\"><strong>Le + :<\/strong> Contr\u00f4le \u00e0 distance complet, ajustez la temp\u00e9rature et la programmation de votre pompe \u00e0 chaleur.      <\/li>\n<\/ul>","protected":false},"featured_media":40414,"template":"","meta":{"_glsr_average":0,"_glsr_ranking":0,"_glsr_reviews":0},"product_cat":[302],"product_tag":[304,303,305],"class_list":{"0":"post-99444","1":"product","2":"type-product","3":"status-publish","4":"has-post-thumbnail","6":"product_cat-thermostat","7":"product_tag-confort-energie-connectee","8":"product_tag-objets-connectes","9":"product_tag-thermostat","11":"first","12":"instock","13":"sale","14":"shipping-taxable","15":"purchasable","16":"product-type-simple"},"_links":{"self":[{"href":"https:\/\/electromenagerexpress.com\/en\/wp-json\/wp\/v2\/product\/99444","targetHints":{"allow":["GET"]}}],"collection":[{"href":"https:\/\/electromenagerexpress.com\/en\/wp-json\/wp\/v2\/product"}],"about":[{"href":"https:\/\/electromenagerexpress.com\/en\/wp-json\/wp\/v2\/types\/product"}],"wp:featuredmedia":[{"embeddable":true,"href":"https:\/\/electromenagerexpress.com\/en\/wp-json\/wp\/v2\/media\/40414"}],"wp:attachment":[{"href":"https:\/\/electromenagerexpress.com\/en\/wp-json\/wp\/v2\/media?parent=99444"}],"wp:term":[{"taxonomy":"product_cat","embeddable":true,"href":"https:\/\/electromenagerexpress.com\/en\/wp-json\/wp\/v2\/product_cat?post=99444"},{"taxonomy":"product_tag","embeddable":true,"href":"https:\/\/electromenagerexpress.com\/en\/wp-json\/wp\/v2\/product_tag?post=99444"}],"curies":[{"name":"wp","href":"https:\/\/api.w.org\/{rel}","templated":true}]}}