{"id":99442,"date":"2024-11-28T10:57:30","date_gmt":"2024-11-28T10:57:30","guid":{"rendered":"https:\/\/electromenagerexpress.com\/product\/thermostat-connectetadokit-x-sans-fil-et-optimiseur-de-pac\/"},"modified":"2024-11-28T10:57:35","modified_gmt":"2024-11-28T10:57:35","slug":"thermostat-connectetadokit-x-sans-fil-et-optimiseur-de-pac","status":"publish","type":"product","link":"https:\/\/electromenagerexpress.com\/en\/product\/thermostat-connectetadokit-x-sans-fil-et-optimiseur-de-pac\/","title":{"rendered":"Thermostat connect\u00e9\t\t\t\t\t\t\tTADO\t\t\t\tKit X sans fil et optimiseur de PAC"},"content":{"rendered":"<div class=\"product-features__content\">\n<ul role=\"list\">\n<li class=\"product-features__item\" role=\"listitem\">\n<h3 class=\"product-features__label\">Caract\u00e9ristiques g\u00e9n\u00e9rales<\/h3>\n<ul role=\"list\">\n<li class=\"product-features__item-list__item\" role=\"listitem\"><span class=\"is--medium\">Type produit :<\/span> Thermostat d&rsquo;ambiance\t\t\t\t\t<\/li>\n<li class=\"product-features__item-list__item\" role=\"listitem\"><span class=\"is--medium\">A quoi sert un thermostat ? :<\/span> Faire des \u00e9conomies d&rsquo;\u00e9nergie et gagner en confort\t\t\t\t\t<\/li>\n<li class=\"product-features__item-list__item\" role=\"listitem\"><span class=\"is--medium\">Avantage :<\/span> Pilotage et programmation \u00e0 distanceContr\u00f4le pi\u00e8ce par pi\u00e8ce possible en ajoutant des t\u00eatesBridge thread int\u00e9gr\u00e9Compatible BUS des PAC x-eau\t\t\t\t\t<\/li>\n<li class=\"product-features__item-list__item\" role=\"listitem\"><span class=\"is--medium\">Economie :<\/span> Jusqu&rsquo;\u00e0 15% pour un thermostat programmable selon l&rsquo;Ademe\t\t\t\t\t<\/li>\n<li class=\"product-features__item-list__item\" role=\"listitem\"><span class=\"is--medium\">Alimentation :<\/span> secteur\t\t\t\t\t<\/li>\n<li class=\"product-features__item-list__item\" role=\"listitem\"><span class=\"is--medium\">Mobilit\u00e9 :<\/span> A fixer\t\t\t\t\t<\/li>\n<li class=\"product-features__item-list__item\" role=\"listitem\"><span class=\"is--medium\">R\u00e9glage et pilotage :<\/span> T\u00e9l\u00e9commande et \u00e9cran LCD tactile\t\t\t\t\t<\/li>\n<li class=\"product-features__item-list__item\" role=\"listitem\"><span class=\"is--medium\">Coloris :<\/span> Noir\t\t\t\t\t<\/li>\n<\/ul>\n<\/li>\n<li class=\"product-features__item\" role=\"listitem\">\n<h3 class=\"product-features__label\">Caract\u00e9ristiques sp\u00e9cifiques<\/h3>\n<ul role=\"list\">\n<li class=\"product-features__item-list__item\" role=\"listitem\"><span class=\"is--medium\">Syst\u00e8me de raccordement :<\/span> THREAD\t\t\t\t\t<\/li>\n<li class=\"product-features__item-list__item\" role=\"listitem\"><span class=\"is--medium\">Port\u00e9e maximum (en m) :<\/span> 20\t\t\t\t\t<\/li>\n<li class=\"product-features__item-list__item\" role=\"listitem\"><span class=\"is--medium\">Id\u00e9al pour :<\/span> Chaudi\u00e8re et pompe \u00e0 chaleur air\/eau\t\t\t\t\t<\/li>\n<li class=\"product-features__item-list__item\" role=\"listitem\"><span class=\"is--medium\">Installation :<\/span> rapide et facile\t\t\t\t\t<\/li>\n<li class=\"product-features__item-list__item\" role=\"listitem\"><span class=\"is--medium\">Robinet thermostatique :<\/span> Non\t\t\t\t\t<\/li>\n<\/ul>\n<\/li>\n<li class=\"product-features__item\" role=\"listitem\">\n<h3 class=\"product-features__label\">Fonctionnalit\u00e9s et programmes<\/h3>\n<ul role=\"list\">\n<li class=\"product-features__item-list__item\" role=\"listitem\"><span class=\"is--medium\">Nombres de fonctionnalit\u00e9s et programmes :<\/span> 9\t\t\t\t\t<\/li>\n<\/ul>\n<\/li>\n<li class=\"product-features__item\" role=\"listitem\">\n<h3 class=\"product-features__label\">Application &amp; Connectivit\u00e9<\/h3>\n<ul role=\"list\">\n<li class=\"product-features__item-list__item\" role=\"listitem\"><span class=\"is--medium\">Application d\u00e9di\u00e9e :<\/span> Tado\t\t\t\t\t<\/li>\n<li class=\"product-features__item-list__item\" role=\"listitem\"><span class=\"is--medium\">Wifi :<\/span> Oui\t\t\t\t\t<\/li>\n<li class=\"product-features__item-list__item\" role=\"listitem\"><span class=\"is--medium\">Bluetooth :<\/span> Non\t\t\t\t\t<\/li>\n<li class=\"product-features__item-list__item\" role=\"listitem\"><span class=\"is--medium\">Zigbee :<\/span> Non\t\t\t\t\t<\/li>\n<li class=\"product-features__item-list__item\" role=\"listitem\"><span class=\"is--medium\">Connectivit\u00e9 :<\/span> Wifi\t\t\t\t\t<\/li>\n<\/ul>\n<\/li>\n<li class=\"product-features__item\" role=\"listitem\">\n<h3 class=\"product-features__label\">Assistant vocal<\/h3>\n<ul role=\"list\">\n<li class=\"product-features__item-list__item\" role=\"listitem\"><span class=\"is--medium\">Assistant vocal : :<\/span> Google Assistant, Alexa, Siri\t\t\t\t\t<\/li>\n<\/ul>\n<\/li>\n<li class=\"product-features__item\" role=\"listitem\">\n<h3 class=\"product-features__label\">Dimensions<\/h3>\n<ul role=\"list\">\n<li class=\"product-features__item-list__item\" role=\"listitem\"><span class=\"is--medium\">Dimensions l x h x p :<\/span> 13 x 13 x 2.75 cm\t\t\t\t\t<\/li>\n<li class=\"product-features__item-list__item\" role=\"listitem\"><span class=\"is--medium\">Poids Net (kg) :<\/span> 0.59\t\t\t\t\t<\/li>\n<\/ul>\n<\/li>\n<li class=\"product-features__item\" role=\"listitem\">\n<h3 class=\"product-features__label\">Informations compl\u00e9mentaires<\/h3>\n<ul role=\"list\">\n<li class=\"product-features__item-list__item\" role=\"listitem\"><span class=\"is--medium\">Fabriqu\u00e9 en :<\/span> Chine\t\t\t\t\t<\/li>\n<li class=\"product-features__item-list__item\" role=\"listitem\"><span class=\"is--medium\">Disponibilit\u00e9 des pi\u00e8ces d\u00e9tach\u00e9es (donn\u00e9es fournisseur) :<\/span> Pendant 5 ans, \u00e0 compter de la date fin de fabrication\t\t\t\t\t<\/li>\n<li class=\"product-features__item-list__item\" role=\"listitem\"><span class=\"is--medium\">R\u00e9f\u00e9rence constructeur :<\/span> Kit X sans fil et optimiseur de PAC\t\t\t\t\t<\/li>\n<li class=\"product-features__item-list__item\" role=\"listitem\"><span class=\"is--medium\">Marque :<\/span> TADO\t\t\t\t\t<\/li>\n<\/ul>\n<\/li>\n<\/ul>\n<\/div>\n<div class=\"product__disclosure-content\">\n<div class=\"js-read-more product-description__content read-more read-more--truncated\" data-read-more-name=\"description\" style=\"max-height: 500px; overflow: hidden;\">\n<div class=\"product__description-content read-more\" style=\"\">\n<p>Optimisez votre confort avec le Thermostat connect\u00e9 TADO Kit X<\/p>\n<h3> <img fetchpriority=\"high\" decoding=\"async\" ,=\"\" alt=\"Thermostat connect\u00e9 TADO Kit X sans fil et optimiseur de PAC\" class=\"wy_tableau_gauche\" height=\"270\" src=\"https:\/\/boulanger.scene7.com\/is\/image\/Boulanger\/3760069956416_h_f_l_0?wid=400&amp;hei=270\" width=\"400\"\/>Contr\u00f4le intelligent et \u00e9conomies d&rsquo;\u00e9nergie                    <\/h3>\n<p>                        Le Thermostat connect\u00e9 TADO Kit X est la solution id\u00e9ale pour les utilisateurs souhaitant optimiser leur syst\u00e8me de chauffage. Compatible avec une large gamme de pompes \u00e0 chaleur, notamment celles des marques Vaillant, Atlantic, Saunier Duval ou Fujitsu, cet appareil permet une gestion \u00e0 distance via l&rsquo;application tado\u00b0. Il offre une interface conviviale pour programmer facilement la temp\u00e9rature de votre maison ainsi que celle de l&rsquo;eau chaude pour les r\u00e9servoirs connect\u00e9s ou int\u00e9gr\u00e9s. L&rsquo;Energy Cockpit int\u00e9gr\u00e9 \u00e0 l&rsquo;application fournit des aper\u00e7us d\u00e9taill\u00e9s de la consommation d&rsquo;\u00e9nergie, permettant ainsi de r\u00e9aliser des \u00e9conomies significatives en chauffant uniquement lorsque c&rsquo;est n\u00e9cessaire.                    <\/p>\n<\/p>\n<h3> <img decoding=\"async\" ,=\"\" alt=\"Thermostat connect\u00e9 TADO Kit X sans fil et optimiseur de PAC\" class=\"wy_tableau_right\" height=\"270\" src=\"https:\/\/boulanger.scene7.com\/is\/image\/Boulanger\/3760069956416_h_f_l_1?wid=400&amp;hei=270\" width=\"400\"\/>Compatibilit\u00e9 et facilit\u00e9 d&rsquo;installation                    <\/h3>\n<p>                        Le Thermostat connect\u00e9 TADO Kit X se distingue par sa facilit\u00e9 d&rsquo;installation et sa compatibilit\u00e9 \u00e9tendue. Avec un design \u00e9pur\u00e9 en noir et blanc, il s&rsquo;int\u00e8gre harmonieusement dans tout int\u00e9rieur. Le kit inclut un c\u00e2ble d&rsquo;alimentation EU, un c\u00e2ble de pompe \u00e0 chaleur avec trois adaptateurs pour diff\u00e9rents mod\u00e8les, ainsi que tout le n\u00e9cessaire pour une installation murale. La connectivit\u00e9 est assur\u00e9e par le r\u00e9seau Thread et le Wifi, garantissant une communication fiable et continue avec votre syst\u00e8me de chauffage. En outre, l&rsquo;Optimiseur de pompe \u00e0 chaleur X ajuste l&rsquo;utilisation de l&rsquo;\u00e9nergie en fonction des tarifs horaires, ce qui peut conduire \u00e0 des \u00e9conomies suppl\u00e9mentaires pour les utilisateurs souscrivant \u00e0 l&rsquo;abonnement Balance pour les pompes \u00e0 chaleur.                    <\/p>\n<\/p><\/div>\n<\/p>\n<\/div>\n<p><bl-button a11yexpanded=\"false\" arialabel=\"Afficher toute la description\" class=\"read-more__btn\" full=\"false\" link=\"true\"><\/bl-button><\/div>","protected":false},"excerpt":{"rendered":"<div class=\"keypoints\">\n<h3 class=\"keypoints__title\">Les points cl\u00e9s<\/h3>\n<ul role=\"list\">\n<li class=\"keypoints__item\" role=\"listitem\">                          secteur &#8211;                                                      20                      <\/li>\n<li class=\"keypoints__item\" role=\"listitem\">                          Id\u00e9al pour : Chaudi\u00e8re et pompe \u00e0 chaleur air\/eau &#8211;                                                      Installation : rapide et facile                      <\/li>\n<li class=\"keypoints__item\" role=\"listitem\">                                        Nombres de fonctionnalit\u00e9s et programmes : 9                      <\/li>\n<li class=\"keypoints__item\" role=\"listitem\">                          Assistant vocal : : Google Assistant, Alexa, Siri &#8211;                                                      Poids Net (kg) : 0.59                      <\/li>\n<li class=\"keypoints__item keypoints__item--advantage\" role=\"listitem\"><strong>Le + :<\/strong> Optimisez l&rsquo;\u00e9nergie de votre syst\u00e8me de chauffage par pompe \u00e0 chaleur.      <\/li>\n<\/ul>","protected":false},"featured_media":40387,"template":"","meta":{"_glsr_average":0,"_glsr_ranking":0,"_glsr_reviews":0},"product_cat":[302],"product_tag":[304,303,305],"class_list":{"0":"post-99442","1":"product","2":"type-product","3":"status-publish","4":"has-post-thumbnail","6":"product_cat-thermostat","7":"product_tag-confort-energie-connectee","8":"product_tag-objets-connectes","9":"product_tag-thermostat","11":"first","12":"instock","13":"sale","14":"shipping-taxable","15":"purchasable","16":"product-type-simple"},"_links":{"self":[{"href":"https:\/\/electromenagerexpress.com\/en\/wp-json\/wp\/v2\/product\/99442","targetHints":{"allow":["GET"]}}],"collection":[{"href":"https:\/\/electromenagerexpress.com\/en\/wp-json\/wp\/v2\/product"}],"about":[{"href":"https:\/\/electromenagerexpress.com\/en\/wp-json\/wp\/v2\/types\/product"}],"wp:featuredmedia":[{"embeddable":true,"href":"https:\/\/electromenagerexpress.com\/en\/wp-json\/wp\/v2\/media\/40387"}],"wp:attachment":[{"href":"https:\/\/electromenagerexpress.com\/en\/wp-json\/wp\/v2\/media?parent=99442"}],"wp:term":[{"taxonomy":"product_cat","embeddable":true,"href":"https:\/\/electromenagerexpress.com\/en\/wp-json\/wp\/v2\/product_cat?post=99442"},{"taxonomy":"product_tag","embeddable":true,"href":"https:\/\/electromenagerexpress.com\/en\/wp-json\/wp\/v2\/product_tag?post=99442"}],"curies":[{"name":"wp","href":"https:\/\/api.w.org\/{rel}","templated":true}]}}