{"id":99439,"date":"2024-11-28T10:57:13","date_gmt":"2024-11-28T10:57:13","guid":{"rendered":"https:\/\/electromenagerexpress.com\/product\/tete-thermostatique-connecteetadotetes-thermostatiques-connectees-quattro\/"},"modified":"2024-11-28T10:57:16","modified_gmt":"2024-11-28T10:57:16","slug":"tete-thermostatique-connecteetadotetes-thermostatiques-connectees-quattro","status":"publish","type":"product","link":"https:\/\/electromenagerexpress.com\/en\/product\/tete-thermostatique-connecteetadotetes-thermostatiques-connectees-quattro\/","title":{"rendered":"T\u00eate thermostatique connect\u00e9e\t\t\t\t\t\t\tTADO\t\t\t\tTetes Thermostatiques connect\u00e9es-Quattro"},"content":{"rendered":"<div class=\"product-features__content\">\n<ul role=\"list\">\n<li class=\"product-features__item\" role=\"listitem\">\n<h3 class=\"product-features__label\">Caract\u00e9ristiques g\u00e9n\u00e9rales<\/h3>\n<ul role=\"list\">\n<li class=\"product-features__item-list__item\" role=\"listitem\"><span class=\"is--medium\">Type :<\/span> T\u00eate thermostatique\t\t\t\t\t<\/li>\n<li class=\"product-features__item-list__item\" role=\"listitem\"><span class=\"is--medium\">Produit connect\u00e9 :<\/span> Thermostat\t\t\t\t\t<\/li>\n<li class=\"product-features__item-list__item\" role=\"listitem\"><span class=\"is--medium\">Avantage :<\/span> Permet des \u00e9conomies d&rsquo;\u00e9nergie\t\t\t\t\t<\/li>\n<li class=\"product-features__item-list__item\" role=\"listitem\"><span class=\"is--medium\">A quoi \u00e7a sert? :<\/span> Contr\u00f4lez vos radiateurs depuis votre Smartphone, tablette ou ordinateur.\t\t\t\t\t<\/li>\n<li class=\"product-features__item-list__item\" role=\"listitem\"><span class=\"is--medium\">Alimentation :<\/span> Pile\t\t\t\t\t<\/li>\n<li class=\"product-features__item-list__item\" role=\"listitem\"><span class=\"is--medium\">Sp\u00e9cificit\u00e9s :<\/span> Pour radiateur \u00e0 eau\t\t\t\t\t<\/li>\n<li class=\"product-features__item-list__item\" role=\"listitem\"><span class=\"is--medium\">R\u00e9glage et pilotage :<\/span> Manuel ou par la voix\t\t\t\t\t<\/li>\n<li class=\"product-features__item-list__item\" role=\"listitem\"><span class=\"is--medium\">Coloris :<\/span> Blanc\t\t\t\t\t<\/li>\n<li class=\"product-features__item-list__item\" role=\"listitem\"><span class=\"is--medium\">Economie :<\/span> Meilleure classe Erp pour les \u00e9conomies : class VIII\t\t\t\t\t<\/li>\n<li class=\"product-features__item-list__item\" role=\"listitem\"><span class=\"is--medium\">Mobilit\u00e9 :<\/span> \u00e0 fixer\t\t\t\t\t<\/li>\n<\/ul>\n<\/li>\n<li class=\"product-features__item\" role=\"listitem\">\n<h3 class=\"product-features__label\">Installation<\/h3>\n<ul role=\"list\">\n<li class=\"product-features__item-list__item\" role=\"listitem\"><span class=\"is--medium\">D\u00e9tails :<\/span> Installation simple par vous m\u00eame.\t\t\t\t\t<\/li>\n<li class=\"product-features__item-list__item\" role=\"listitem\"><span class=\"is--medium\">D\u00e9tail compatibilit\u00e9 :<\/span> Compatible avec 95% des corps thermostatiques. Fourni avec 6 adaptateurs par vanne (M30x1,5 Oventrop-Honeywell-Heimeir, , M28x1,5-Comap-MMA-Kerz-Orkli, 3x Danfoss RA-RAV-RAVL, Giacomini, Caleffi)\t\t\t\t\t<\/li>\n<li class=\"product-features__item-list__item\" role=\"listitem\"><span class=\"is--medium\">Installation :<\/span> rapide\t\t\t\t\t<\/li>\n<\/ul>\n<\/li>\n<li class=\"product-features__item\" role=\"listitem\">\n<h3 class=\"product-features__label\">Application<\/h3>\n<ul role=\"list\">\n<li class=\"product-features__item-list__item\" role=\"listitem\"><span class=\"is--medium\">Application d\u00e9di\u00e9e :<\/span> Tado\t\t\t\t\t<\/li>\n<li class=\"product-features__item-list__item\" role=\"listitem\"><span class=\"is--medium\">Compatibilit\u00e9 application :<\/span> iOs et Andro\u00efd\t\t\t\t\t<\/li>\n<\/ul>\n<\/li>\n<li class=\"product-features__item\" role=\"listitem\">\n<h3 class=\"product-features__label\">Connectivit\u00e9<\/h3>\n<ul role=\"list\">\n<li class=\"product-features__item-list__item\" role=\"listitem\"><span class=\"is--medium\">Technologie :<\/span> Ondes radio\t\t\t\t\t<\/li>\n<\/ul>\n<\/li>\n<li class=\"product-features__item\" role=\"listitem\">\n<h3 class=\"product-features__label\">Fonctionnalit\u00e9s et programmes<\/h3>\n<ul role=\"list\">\n<li class=\"product-features__item-list__item\" role=\"listitem\"><span class=\"is--medium\">Contr\u00f4le et pilotage \u00e0 distance :<\/span> Oui\t\t\t\t\t<\/li>\n<li class=\"product-features__item-list__item\" role=\"listitem\"><span class=\"is--medium\">Capteur d&rsquo;humidit\u00e9 :<\/span> Oui\t\t\t\t\t<\/li>\n<li class=\"product-features__item-list__item\" role=\"listitem\"><span class=\"is--medium\">Capteur de pr\u00e9sence :<\/span> Non\t\t\t\t\t<\/li>\n<li class=\"product-features__item-list__item\" role=\"listitem\"><span class=\"is--medium\">Historique \/ synth\u00e8se \u00e9nerg\u00e9tique :<\/span> Oui\t\t\t\t\t<\/li>\n<li class=\"product-features__item-list__item\" role=\"listitem\"><span class=\"is--medium\">Auto-programmation :<\/span> Oui\t\t\t\t\t<\/li>\n<li class=\"product-features__item-list__item\" role=\"listitem\"><span class=\"is--medium\">Contr\u00f4le de l&rsquo;eau chaude :<\/span> Oui\t\t\t\t\t<\/li>\n<li class=\"product-features__item-list__item\" role=\"listitem\"><span class=\"is--medium\">Vraie radiance :<\/span> Oui\t\t\t\t\t<\/li>\n<li class=\"product-features__item-list__item\" role=\"listitem\"><span class=\"is--medium\">R\u00e9gulation intelligente :<\/span> Oui\t\t\t\t\t<\/li>\n<li class=\"product-features__item-list__item\" role=\"listitem\"><span class=\"is--medium\">Retour anticip\u00e9 :<\/span> Oui\t\t\t\t\t<\/li>\n<li class=\"product-features__item-list__item\" role=\"listitem\"><span class=\"is--medium\">G\u00e9olocalisation :<\/span> Oui\t\t\t\t\t<\/li>\n<\/ul>\n<\/li>\n<li class=\"product-features__item\" role=\"listitem\">\n<h3 class=\"product-features__label\">Compatible assistant vocal<\/h3>\n<ul role=\"list\">\n<li class=\"product-features__item-list__item\" role=\"listitem\"><span class=\"is--medium\">Compatible assistant vocal :<\/span> Compatible Google Assistant, Compatible Alexa, Compatible Siri\t\t\t\t\t<\/li>\n<\/ul>\n<\/li>\n<li class=\"product-features__item\" role=\"listitem\">\n<h3 class=\"product-features__label\">Dimensions<\/h3>\n<ul role=\"list\">\n<li class=\"product-features__item-list__item\" role=\"listitem\"><span class=\"is--medium\">Largeur produit (cm) :<\/span> 5.2\t\t\t\t\t<\/li>\n<li class=\"product-features__item-list__item\" role=\"listitem\"><span class=\"is--medium\">Hauteur produit (cm) :<\/span> 7.8\t\t\t\t\t<\/li>\n<li class=\"product-features__item-list__item\" role=\"listitem\"><span class=\"is--medium\">Profondeur produit (cm) :<\/span> 5.2\t\t\t\t\t<\/li>\n<li class=\"product-features__item-list__item\" role=\"listitem\"><span class=\"is--medium\">Poids Net (kg) :<\/span> 0.187\t\t\t\t\t<\/li>\n<\/ul>\n<\/li>\n<li class=\"product-features__item\" role=\"listitem\">\n<h3 class=\"product-features__label\">Informations compl\u00e9mentaires<\/h3>\n<ul role=\"list\">\n<li class=\"product-features__item-list__item\" role=\"listitem\"><span class=\"is--medium\">Fabriqu\u00e9 en :<\/span> Chine\t\t\t\t\t<\/li>\n<li class=\"product-features__item-list__item\" role=\"listitem\"><span class=\"is--medium\">Garantie :<\/span> 2 ans\t\t\t\t\t<\/li>\n<li class=\"product-features__item-list__item\" role=\"listitem\"><span class=\"is--medium\">Disponibilit\u00e9 des pi\u00e8ces d\u00e9tach\u00e9es (donn\u00e9es fournisseur) :<\/span> Non concern\u00e9\t\t\t\t\t<\/li>\n<\/ul>\n<\/li>\n<\/ul>\n<\/div>\n<div class=\"product__disclosure-content\">\n<div class=\"js-read-more product-description__content read-more read-more--truncated\" data-read-more-name=\"description\" style=\"max-height: 500px; overflow: hidden;\">\n<div class=\"product__description-content read-more\" style=\"\">\n<p>Ma\u00eetrisez votre confort avec les T\u00eates Thermostatiques Connect\u00e9es TADO<\/p>\n<h3> <img fetchpriority=\"high\" decoding=\"async\" ,=\"\" alt=\"T\u00eate thermostatique connect\u00e9e TADO Tetes Thermostatiques connect\u00e9es-Quattro\" class=\"wy_tableau_gauche\" height=\"270\" src=\"https:\/\/boulanger.scene7.com\/is\/image\/Boulanger\/4260328611845_h_f_l_0?wid=400&amp;hei=270\" width=\"400\"\/>Contr\u00f4le intelligent et \u00e9conomies d&rsquo;\u00e9nergie                    <\/h3>\n<p>                        Les T\u00eates Thermostatiques Connect\u00e9es TADO offrent une solution de pointe pour r\u00e9guler la temp\u00e9rature de votre int\u00e9rieur. Con\u00e7ues pour s&rsquo;adapter \u00e0 la majorit\u00e9 des radiateurs \u00e0 eau, ces t\u00eates thermostatiques se fixent ais\u00e9ment et permettent un contr\u00f4le pr\u00e9cis depuis votre smartphone, tablette ou ordinateur gr\u00e2ce \u00e0 l&rsquo;application d\u00e9di\u00e9e Tado. Elles sont id\u00e9ales pour r\u00e9aliser des \u00e9conomies d&rsquo;\u00e9nergie substantielles, gr\u00e2ce \u00e0 leur capacit\u00e9 \u00e0 s&rsquo;auto-programmer et \u00e0 leur classe Erp VIII, garantissant une efficacit\u00e9 \u00e9nerg\u00e9tique optimale. De plus, leur compatibilit\u00e9 avec les panneaux solaires renforce leur profil \u00e9co-responsable.                    <\/p>\n<\/p>\n<h3> <img decoding=\"async\" ,=\"\" alt=\"T\u00eate thermostatique connect\u00e9e TADO Tetes Thermostatiques connect\u00e9es-Quattro\" class=\"wy_tableau_right\" height=\"270\" src=\"https:\/\/boulanger.scene7.com\/is\/image\/Boulanger\/4260328611845_h_f_l_1?wid=400&amp;hei=270\" width=\"400\"\/>Compatibilit\u00e9 et installation simplifi\u00e9e                    <\/h3>\n<p>                        Ces t\u00eates thermostatiques se distinguent par leur facilit\u00e9 d&rsquo;installation et leur large compatibilit\u00e9 avec les syst\u00e8mes de chauffage actuels. Elles sont fournies avec six adaptateurs, assurant une compatibilit\u00e9 avec 95% des corps thermostatiques du march\u00e9. La technologie des ondes radio permet une communication fiable et s\u00e9curis\u00e9e avec votre r\u00e9seau domestique. De plus, elles sont compatibles avec les assistants vocaux tels que Google Assistant, Alexa et Siri, offrant ainsi la possibilit\u00e9 de r\u00e9gler la temp\u00e9rature par la voix. Avec des dimensions compactes de 5.2 x 7.8 x 5.2 cm et une alimentation par pile, les T\u00eates Thermostatiques Connect\u00e9es TADO s&rsquo;int\u00e8grent discr\u00e8tement dans votre int\u00e9rieur tout en vous apportant confort et ma\u00eetrise de votre consommation \u00e9nerg\u00e9tique.                    <\/p>\n<\/p><\/div>\n<\/p>\n<\/div>\n<p><bl-button a11yexpanded=\"false\" arialabel=\"Afficher toute la description\" class=\"read-more__btn\" full=\"false\" link=\"true\">Voir plus<\/bl-button><\/div>","protected":false},"excerpt":{"rendered":"<div class=\"keypoints\">\n<h3 class=\"keypoints__title\">Les points cl\u00e9s<\/h3>\n<ul role=\"list\">\n<li class=\"keypoints__item\" role=\"listitem\">                                        T\u00eate thermostatique                      <\/li>\n<li class=\"keypoints__item\" role=\"listitem\">                          Ondes radio &#8211;                                                      Installation : rapide                      <\/li>\n<li class=\"keypoints__item\" role=\"listitem\">                                        Compatible : Google assistant, Alexa, Siri                      <\/li>\n<li class=\"keypoints__item keypoints__item--advantage\" role=\"listitem\"><strong>Le + :<\/strong> r\u00e9duit votre consommation d&rsquo;\u00e9nergie      <\/li>\n<\/ul>","protected":false},"featured_media":40355,"template":"","meta":{"_glsr_average":0,"_glsr_ranking":0,"_glsr_reviews":0},"product_cat":[302],"product_tag":[304,303,305],"class_list":{"0":"post-99439","1":"product","2":"type-product","3":"status-publish","4":"has-post-thumbnail","6":"product_cat-thermostat","7":"product_tag-confort-energie-connectee","8":"product_tag-objets-connectes","9":"product_tag-thermostat","11":"first","12":"instock","13":"sale","14":"shipping-taxable","15":"purchasable","16":"product-type-simple"},"_links":{"self":[{"href":"https:\/\/electromenagerexpress.com\/en\/wp-json\/wp\/v2\/product\/99439","targetHints":{"allow":["GET"]}}],"collection":[{"href":"https:\/\/electromenagerexpress.com\/en\/wp-json\/wp\/v2\/product"}],"about":[{"href":"https:\/\/electromenagerexpress.com\/en\/wp-json\/wp\/v2\/types\/product"}],"wp:featuredmedia":[{"embeddable":true,"href":"https:\/\/electromenagerexpress.com\/en\/wp-json\/wp\/v2\/media\/40355"}],"wp:attachment":[{"href":"https:\/\/electromenagerexpress.com\/en\/wp-json\/wp\/v2\/media?parent=99439"}],"wp:term":[{"taxonomy":"product_cat","embeddable":true,"href":"https:\/\/electromenagerexpress.com\/en\/wp-json\/wp\/v2\/product_cat?post=99439"},{"taxonomy":"product_tag","embeddable":true,"href":"https:\/\/electromenagerexpress.com\/en\/wp-json\/wp\/v2\/product_tag?post=99439"}],"curies":[{"name":"wp","href":"https:\/\/api.w.org\/{rel}","templated":true}]}}