{"id":99438,"date":"2024-11-28T10:57:01","date_gmt":"2024-11-28T10:57:01","guid":{"rendered":"https:\/\/electromenagerexpress.com\/product\/thermostat-connectetadokit-x-filaire-et-2-tetes-x\/"},"modified":"2024-11-28T10:57:12","modified_gmt":"2024-11-28T10:57:12","slug":"thermostat-connectetadokit-x-filaire-et-2-tetes-x","status":"publish","type":"product","link":"https:\/\/electromenagerexpress.com\/en\/product\/thermostat-connectetadokit-x-filaire-et-2-tetes-x\/","title":{"rendered":"Thermostat connect\u00e9\t\t\t\t\t\t\tTADO\t\t\t\tKit X filaire et 2 t\u00eates X"},"content":{"rendered":"<div class=\"product-features__content\">\n<ul role=\"list\">\n<li class=\"product-features__item\" role=\"listitem\">\n<h3 class=\"product-features__label\">Caract\u00e9ristiques g\u00e9n\u00e9rales<\/h3>\n<ul role=\"list\">\n<li class=\"product-features__item-list__item\" role=\"listitem\"><span class=\"is--medium\">Type produit :<\/span> Thermostat d&rsquo;ambiance\t\t\t\t\t<\/li>\n<li class=\"product-features__item-list__item\" role=\"listitem\"><span class=\"is--medium\">A quoi sert un thermostat ? :<\/span> Faire des \u00e9conomies d&rsquo;\u00e9nergie et gagner en confort\t\t\t\t\t<\/li>\n<li class=\"product-features__item-list__item\" role=\"listitem\"><span class=\"is--medium\">Avantage :<\/span> Pilotage et programmation \u00e0 distanceContr\u00f4le pi\u00e8ce par pi\u00e8ce possible en ajoutant des t\u00eatesCompatible MatterCompatible contact sec et chaudi\u00e8re modulante Opentherm\t\t\t\t\t<\/li>\n<li class=\"product-features__item-list__item\" role=\"listitem\"><span class=\"is--medium\">Economie :<\/span> Jusqu&rsquo;\u00e0 15% pour un thermostat programmable selon l&rsquo;Ademe\t\t\t\t\t<\/li>\n<li class=\"product-features__item-list__item\" role=\"listitem\"><span class=\"is--medium\">Alimentation :<\/span> pile\t\t\t\t\t<\/li>\n<li class=\"product-features__item-list__item\" role=\"listitem\"><span class=\"is--medium\">Mobilit\u00e9 :<\/span> A fixer\t\t\t\t\t<\/li>\n<li class=\"product-features__item-list__item\" role=\"listitem\"><span class=\"is--medium\">R\u00e9glage et pilotage :<\/span> Manuel ou par la voix\t\t\t\t\t<\/li>\n<li class=\"product-features__item-list__item\" role=\"listitem\"><span class=\"is--medium\">Coloris :<\/span> Noir\t\t\t\t\t<\/li>\n<\/ul>\n<\/li>\n<li class=\"product-features__item\" role=\"listitem\">\n<h3 class=\"product-features__label\">Caract\u00e9ristiques sp\u00e9cifiques<\/h3>\n<ul role=\"list\">\n<li class=\"product-features__item-list__item\" role=\"listitem\"><span class=\"is--medium\">Syst\u00e8me de raccordement :<\/span> THREAD\t\t\t\t\t<\/li>\n<li class=\"product-features__item-list__item\" role=\"listitem\"><span class=\"is--medium\">Port\u00e9e maximum (en m) :<\/span> 20\t\t\t\t\t<\/li>\n<li class=\"product-features__item-list__item\" role=\"listitem\"><span class=\"is--medium\">Id\u00e9al pour :<\/span> Chaudi\u00e8re et pompe \u00e0 chaleur air\/eau\t\t\t\t\t<\/li>\n<li class=\"product-features__item-list__item\" role=\"listitem\"><span class=\"is--medium\">Installation :<\/span> Pose en moins d&rsquo;une heure\t\t\t\t\t<\/li>\n<li class=\"product-features__item-list__item\" role=\"listitem\"><span class=\"is--medium\">Robinet thermostatique :<\/span> Non\t\t\t\t\t<\/li>\n<\/ul>\n<\/li>\n<li class=\"product-features__item\" role=\"listitem\">\n<h3 class=\"product-features__label\">Fonctionnalit\u00e9s et programmes<\/h3>\n<ul role=\"list\">\n<li class=\"product-features__item-list__item\" role=\"listitem\"><span class=\"is--medium\">Nombres de fonctionnalit\u00e9s et programmes :<\/span> 9\t\t\t\t\t<\/li>\n<\/ul>\n<\/li>\n<li class=\"product-features__item\" role=\"listitem\">\n<h3 class=\"product-features__label\">Application &amp; Connectivit\u00e9<\/h3>\n<ul role=\"list\">\n<li class=\"product-features__item-list__item\" role=\"listitem\"><span class=\"is--medium\">Application d\u00e9di\u00e9e :<\/span> Tado\t\t\t\t\t<\/li>\n<li class=\"product-features__item-list__item\" role=\"listitem\"><span class=\"is--medium\">Wifi :<\/span> Oui\t\t\t\t\t<\/li>\n<li class=\"product-features__item-list__item\" role=\"listitem\"><span class=\"is--medium\">Bluetooth :<\/span> Non\t\t\t\t\t<\/li>\n<li class=\"product-features__item-list__item\" role=\"listitem\"><span class=\"is--medium\">Zigbee :<\/span> Non\t\t\t\t\t<\/li>\n<li class=\"product-features__item-list__item\" role=\"listitem\"><span class=\"is--medium\">Connectivit\u00e9 :<\/span> Wifi\t\t\t\t\t<\/li>\n<\/ul>\n<\/li>\n<li class=\"product-features__item\" role=\"listitem\">\n<h3 class=\"product-features__label\">Assistant vocal<\/h3>\n<ul role=\"list\">\n<li class=\"product-features__item-list__item\" role=\"listitem\"><span class=\"is--medium\">Assistant vocal : :<\/span> Google Assistant, Alexa, Siri\t\t\t\t\t<\/li>\n<\/ul>\n<\/li>\n<li class=\"product-features__item\" role=\"listitem\">\n<h3 class=\"product-features__label\">Dimensions<\/h3>\n<ul role=\"list\">\n<li class=\"product-features__item-list__item\" role=\"listitem\"><span class=\"is--medium\">Dimensions l x h x p :<\/span> 10 x 10 x 2.1 cm\t\t\t\t\t<\/li>\n<li class=\"product-features__item-list__item\" role=\"listitem\"><span class=\"is--medium\">Poids Net (kg) :<\/span> 0.94\t\t\t\t\t<\/li>\n<\/ul>\n<\/li>\n<li class=\"product-features__item\" role=\"listitem\">\n<h3 class=\"product-features__label\">Informations compl\u00e9mentaires<\/h3>\n<ul role=\"list\">\n<li class=\"product-features__item-list__item\" role=\"listitem\"><span class=\"is--medium\">Fabriqu\u00e9 en :<\/span> Chine\t\t\t\t\t<\/li>\n<li class=\"product-features__item-list__item\" role=\"listitem\"><span class=\"is--medium\">Disponibilit\u00e9 des pi\u00e8ces d\u00e9tach\u00e9es (donn\u00e9es fournisseur) :<\/span> Pendant 5 ans, \u00e0 compter de la date fin de fabrication\t\t\t\t\t<\/li>\n<li class=\"product-features__item-list__item\" role=\"listitem\"><span class=\"is--medium\">R\u00e9f\u00e9rence constructeur :<\/span> Kit X filaire et 2 t\u00eates X\t\t\t\t\t<\/li>\n<li class=\"product-features__item-list__item\" role=\"listitem\"><span class=\"is--medium\">Marque :<\/span> TADO\t\t\t\t\t<\/li>\n<\/ul>\n<\/li>\n<\/ul>\n<\/div>\n<div class=\"product__disclosure-content\">\n<div class=\"js-read-more product-description__content read-more read-more--truncated\" data-read-more-name=\"description\" style=\"max-height: 500px; overflow: hidden;\">\n<div class=\"product__description-content read-more\" style=\"\">\n<p>Optimisez votre confort et vos \u00e9conomies avec le Thermostat connect\u00e9 TADO Kit X filaire et 2 t\u00eates X<\/p>\n<h3> <img fetchpriority=\"high\" decoding=\"async\" ,=\"\" alt=\"Thermostat connect\u00e9 TADO Kit X filaire et 2 t\u00eates X\" class=\"wy_tableau_gauche\" height=\"270\" src=\"https:\/\/boulanger.scene7.com\/is\/image\/Boulanger\/4260328612149_h_f_l_0?wid=400&amp;hei=270\" width=\"400\"\/>Installation intuitive et contr\u00f4le avanc\u00e9                    <\/h3>\n<p>                        Le Thermostat Intelligent X de TADO se distingue par son installation ais\u00e9e, ne n\u00e9cessitant aucune configuration complexe, et sa capacit\u00e9 \u00e0 fonctionner m\u00eame hors-ligne. Gr\u00e2ce \u00e0 son \u00e9cran LCD haute r\u00e9solution et ses ic\u00f4nes explicites, l&rsquo;exp\u00e9rience utilisateur est grandement am\u00e9lior\u00e9e. La programmation intelligente, la g\u00e9olocalisation avanc\u00e9e et la d\u00e9tection de fen\u00eatres ouvertes maximisent les \u00e9conomies d&rsquo;\u00e9nergie. De plus, la compatibilit\u00e9 avec la norme Matter assure une int\u00e9gration parfaite dans l&rsquo;\u00e9cosyst\u00e8me de la maison connect\u00e9e, offrant une meilleure connectivit\u00e9 et une port\u00e9e \u00e9tendue.                    <\/p>\n<\/p>\n<h3> <img decoding=\"async\" ,=\"\" alt=\"Thermostat connect\u00e9 TADO Kit X filaire et 2 t\u00eates X\" class=\"wy_tableau_right\" height=\"270\" src=\"https:\/\/boulanger.scene7.com\/is\/image\/Boulanger\/4260328612149_h_f_l_1?wid=400&amp;hei=270\" width=\"400\"\/>Conception et compatibilit\u00e9 \u00e9tendues                    <\/h3>\n<p>                        Le Thermostat Intelligent X, avec ses dimensions compactes (21 x 100 x 100 mm) et son design \u00e9pur\u00e9 en noir et blanc, s&rsquo;int\u00e8gre harmonieusement dans tout int\u00e9rieur. Il est compatible avec 95% des syst\u00e8mes de chauffage central et peut \u00eatre contr\u00f4l\u00e9 manuellement ou via l&rsquo;application d\u00e9di\u00e9e. Le Bridge X, facilement connectable au routeur WiFi, permet une gestion centralis\u00e9e et une extension possible avec d&rsquo;autres produits TADO pour une maison encore plus intelligente. Avec une alimentation \u00e9lectrique s\u00e9curis\u00e9e et une connectivit\u00e9 robuste via le protocole r\u00e9seau Thread, le Thermostat Intelligent X est un choix fiable pour moderniser votre syst\u00e8me de chauffage.                    <\/p>\n<\/p><\/div>\n<\/p>\n<\/div>\n<p><bl-button a11yexpanded=\"false\" arialabel=\"Afficher toute la description\" class=\"read-more__btn\" full=\"false\" link=\"true\"><\/bl-button><\/div>","protected":false},"excerpt":{"rendered":"<div class=\"keypoints\">\n<h3 class=\"keypoints__title\">Les points cl\u00e9s<\/h3>\n<ul role=\"list\">\n<li class=\"keypoints__item\" role=\"listitem\">                          pile &#8211;                                                      20                      <\/li>\n<li class=\"keypoints__item\" role=\"listitem\">                          Id\u00e9al pour : Chaudi\u00e8re et pompe \u00e0 chaleur air\/eau &#8211;                                                      Installation : Pose en moins d&rsquo;une heure                      <\/li>\n<li class=\"keypoints__item\" role=\"listitem\">                                        Nombres de fonctionnalit\u00e9s et programmes : 9                      <\/li>\n<li class=\"keypoints__item\" role=\"listitem\">                          Assistant vocal : : Google Assistant, Alexa, Siri &#8211;                                                      Poids Net (kg) : 0.94                      <\/li>\n<li class=\"keypoints__item keypoints__item--advantage\" role=\"listitem\"><strong>Le + :<\/strong> Kit complet pour commencer une installation de chauffage intelligent.      <\/li>\n<\/ul>","protected":false},"featured_media":40331,"template":"","meta":{"_glsr_average":0,"_glsr_ranking":0,"_glsr_reviews":0},"product_cat":[302],"product_tag":[304,303,305],"class_list":{"0":"post-99438","1":"product","2":"type-product","3":"status-publish","4":"has-post-thumbnail","6":"product_cat-thermostat","7":"product_tag-confort-energie-connectee","8":"product_tag-objets-connectes","9":"product_tag-thermostat","11":"first","12":"instock","13":"sale","14":"shipping-taxable","15":"purchasable","16":"product-type-simple"},"_links":{"self":[{"href":"https:\/\/electromenagerexpress.com\/en\/wp-json\/wp\/v2\/product\/99438","targetHints":{"allow":["GET"]}}],"collection":[{"href":"https:\/\/electromenagerexpress.com\/en\/wp-json\/wp\/v2\/product"}],"about":[{"href":"https:\/\/electromenagerexpress.com\/en\/wp-json\/wp\/v2\/types\/product"}],"wp:featuredmedia":[{"embeddable":true,"href":"https:\/\/electromenagerexpress.com\/en\/wp-json\/wp\/v2\/media\/40331"}],"wp:attachment":[{"href":"https:\/\/electromenagerexpress.com\/en\/wp-json\/wp\/v2\/media?parent=99438"}],"wp:term":[{"taxonomy":"product_cat","embeddable":true,"href":"https:\/\/electromenagerexpress.com\/en\/wp-json\/wp\/v2\/product_cat?post=99438"},{"taxonomy":"product_tag","embeddable":true,"href":"https:\/\/electromenagerexpress.com\/en\/wp-json\/wp\/v2\/product_tag?post=99438"}],"curies":[{"name":"wp","href":"https:\/\/api.w.org\/{rel}","templated":true}]}}