{"id":99436,"date":"2024-11-28T10:56:45","date_gmt":"2024-11-28T10:56:45","guid":{"rendered":"https:\/\/electromenagerexpress.com\/product\/purificateur-dair-ventilateur-chauffagerowentaeclipse-3-en-1-connect-qu5072f0\/"},"modified":"2024-11-28T10:56:50","modified_gmt":"2024-11-28T10:56:50","slug":"purificateur-dair-ventilateur-chauffagerowentaeclipse-3-en-1-connect-qu5072f0","status":"publish","type":"product","link":"https:\/\/electromenagerexpress.com\/en\/product\/purificateur-dair-ventilateur-chauffagerowentaeclipse-3-en-1-connect-qu5072f0\/","title":{"rendered":"Purificateur d&rsquo;air, ventilateur, chauffage\t\t\t\t\t\t\tROWENTA\t\t\t\tEclipse 3 en 1 connect QU5072F0"},"content":{"rendered":"<div class=\"product-features__content\">\n<ul role=\"list\">\n<li class=\"product-features__item\" role=\"listitem\">\n<h3 class=\"product-features__label\">Caract\u00e9ristique g\u00e9n\u00e9rale<\/h3>\n<ul role=\"list\">\n<li class=\"product-features__item-list__item\" role=\"listitem\"><span class=\"is--medium\">Produit :<\/span> Purificateur d&rsquo;air, ventilateur, chauffage\t\t\t\t\t<\/li>\n<li class=\"product-features__item-list__item\" role=\"listitem\"><span class=\"is--medium\">Gamme :<\/span> Eclipse\t\t\t\t\t<\/li>\n<li class=\"product-features__item-list__item\" role=\"listitem\"><span class=\"is--medium\">Mod\u00e8le :<\/span> A poser au sol\t\t\t\t\t<\/li>\n<li class=\"product-features__item-list__item\" role=\"listitem\"><span class=\"is--medium\">Fonctionnement :<\/span> Allumage manuel\t\t\t\t\t<\/li>\n<li class=\"product-features__item-list__item\" role=\"listitem\"><span class=\"is--medium\">Public :<\/span> Allergiques, asthmatiques, personnes vivant en zone pollu\u00e9e, avec des animaux de compagnie, des enfants ou personnes sensibles\t\t\t\t\t<\/li>\n<li class=\"product-features__item-list__item\" role=\"listitem\"><span class=\"is--medium\">Surface couverte de :<\/span> 35 m\u00b2\t\t\t\t\t<\/li>\n<li class=\"product-features__item-list__item\" role=\"listitem\"><span class=\"is--medium\">Puissance :<\/span> 40,0 W\t\t\t\t\t<\/li>\n<li class=\"product-features__item-list__item\" role=\"listitem\"><span class=\"is--medium\">Nombre de vitesses :<\/span> 12\t\t\t\t\t<\/li>\n<li class=\"product-features__item-list__item\" role=\"listitem\"><span class=\"is--medium\">D\u00e9bit d&rsquo;air :<\/span> 130 m\u00b3\/h\t\t\t\t\t<\/li>\n<li class=\"product-features__item-list__item\" role=\"listitem\"><span class=\"is--medium\">Alimentation :<\/span> Secteur\t\t\t\t\t<\/li>\n<li class=\"product-features__item-list__item\" role=\"listitem\"><span class=\"is--medium\">Niveau sonore :<\/span> 32 dB\t\t\t\t\t<\/li>\n<li class=\"product-features__item-list__item\" role=\"listitem\"><span class=\"is--medium\">Ecran :<\/span> T\u00e9moin lumineux LED\t\t\t\t\t<\/li>\n<li class=\"product-features__item-list__item\" role=\"listitem\"><span class=\"is--medium\">Oscillation :<\/span> Oscillation 0\u00b0 \/30\u00b0 \/60\u00b0 \/90\u00b0\t\t\t\t\t<\/li>\n<li class=\"product-features__item-list__item\" role=\"listitem\"><span class=\"is--medium\">Connect\u00e9 :<\/span> Oui\t\t\t\t\t<\/li>\n<li class=\"product-features__item-list__item\" role=\"listitem\"><span class=\"is--medium\">Coloris :<\/span> Noir\t\t\t\t\t<\/li>\n<li class=\"product-features__item-list__item\" role=\"listitem\"><span class=\"is--medium\">Hauteur totale :<\/span> 85,1 cm\t\t\t\t\t<\/li>\n<li class=\"product-features__item-list__item\" role=\"listitem\"><span class=\"is--medium\">Technologie :<\/span> \u00c9limine 99,95% des particules aussi petites que 0,1 micron\t\t\t\t\t<\/li>\n<li class=\"product-features__item-list__item\" role=\"listitem\"><span class=\"is--medium\">Autre fonction :<\/span> Connect\u00e9\t\t\t\t\t<\/li>\n<li class=\"product-features__item-list__item\" role=\"listitem\"><span class=\"is--medium\">Mode :<\/span> mode automatique: adapte la vitesse de fonctionnement aux quantit\u00e9s de particules fines pr\u00e9sentes dans l&rsquo;air\t\t\t\t\t<\/li>\n<li class=\"product-features__item-list__item\" role=\"listitem\"><span class=\"is--medium\">Design :<\/span> Oui\t\t\t\t\t<\/li>\n<li class=\"product-features__item-list__item\" role=\"listitem\"><span class=\"is--medium\">Sans pales :<\/span> Oui\t\t\t\t\t<\/li>\n<li class=\"product-features__item-list__item\" role=\"listitem\"><span class=\"is--medium\">D\u00e9couvrez nos produits pour un air plus sain :<\/span> <a href=\"https:\/\/www.boulanger.com\/evenement\/traitement-air\" target=\"_blank\">en sa<\/a><\/li>\n<\/ul>\n<\/li>\n<li class=\"product-features__item\" role=\"listitem\">\n<h3 class=\"product-features__label\">Filtration<\/h3>\n<ul role=\"list\">\n<li class=\"product-features__item-list__item\" role=\"listitem\"><span class=\"is--medium\">Niveaux de filtration :<\/span> 2 niveaux\t\t\t\t\t<\/li>\n<li class=\"product-features__item-list__item\" role=\"listitem\"><span class=\"is--medium\">Type de filtre(s) :<\/span> Filtre \u00e0 particules Haute densit\u00e9\t\t\t\t\t<\/li>\n<li class=\"product-features__item-list__item\" role=\"listitem\"><span class=\"is--medium\">Efficacit\u00e9 :<\/span> Capture les allerg\u00e8nes et 99,95% des particules ultrafines. D\u00e9truit le formald\u00e9hyde de fa\u00e7on permanente.\t\t\t\t\t<\/li>\n<li class=\"product-features__item-list__item\" role=\"listitem\"><span class=\"is--medium\">Entretien des filtres :<\/span> Rempla\u00e7able\t\t\t\t\t<\/li>\n<li class=\"product-features__item-list__item\" role=\"listitem\"><span class=\"is--medium\">Alerte :<\/span> Indicateur automatique du remplacement des filtres\t\t\t\t\t<\/li>\n<li class=\"product-features__item-list__item\" role=\"listitem\"><span class=\"is--medium\">Conseils d&rsquo;entretien :<\/span> Pr\u00e9filtre  \u00c0 nettoyer avec un aspirateur  Toutes les 2 semainesFiltre \u00e0 particules (r\u00e9f. : XD6520F0) \u00c0 remplacer si le voyant est allum\u00e9 Tous les 6 mois (en moyenne, selon l&rsquo;environnementd&rsquo;utilisation).\t\t\t\t\t<\/li>\n<li class=\"product-features__item-list__item\" role=\"listitem\"><span class=\"is--medium\">Certification :<\/span> Conforme aux normes CE EN149+EN1827. Classe de filtration FFP1\t\t\t\t\t<\/li>\n<\/ul>\n<\/li>\n<li class=\"product-features__item\" role=\"listitem\">\n<h3 class=\"product-features__label\">Type de filtration<\/h3>\n<ul role=\"list\">\n<li class=\"product-features__item-list__item\" role=\"listitem\"><span class=\"is--medium\">Pollen\/ allerg\u00e8nes :<\/span> Oui\t\t\t\t\t<\/li>\n<li class=\"product-features__item-list__item\" role=\"listitem\"><span class=\"is--medium\">Bact\u00e9ries\/ moisissures :<\/span> Oui\t\t\t\t\t<\/li>\n<li class=\"product-features__item-list__item\" role=\"listitem\"><span class=\"is--medium\">Emissions industrielles :<\/span> Oui\t\t\t\t\t<\/li>\n<li class=\"product-features__item-list__item\" role=\"listitem\"><span class=\"is--medium\">Particules ultrafines :<\/span> Oui\t\t\t\t\t<\/li>\n<li class=\"product-features__item-list__item\" role=\"listitem\"><span class=\"is--medium\">Moquettes, tapis et sols durs :<\/span> Oui\t\t\t\t\t<\/li>\n<li class=\"product-features__item-list__item\" role=\"listitem\"><span class=\"is--medium\">Odeurs :<\/span> Oui\t\t\t\t\t<\/li>\n<li class=\"product-features__item-list__item\" role=\"listitem\"><span class=\"is--medium\">Produits nettoyants\/ bougies parfum\u00e9es :<\/span> Oui\t\t\t\t\t<\/li>\n<li class=\"product-features__item-list__item\" role=\"listitem\"><span class=\"is--medium\">Cuisini\u00e8res \u00e0 gaz\/ fum\u00e9es cuisson :<\/span> Oui\t\t\t\t\t<\/li>\n<li class=\"product-features__item-list__item\" role=\"listitem\"><span class=\"is--medium\">Spores de moisissures :<\/span> Oui\t\t\t\t\t<\/li>\n<\/ul>\n<\/li>\n<li class=\"product-features__item\" role=\"listitem\">\n<h3 class=\"product-features__label\">Fonction<\/h3>\n<ul role=\"list\">\n<li class=\"product-features__item-list__item\" role=\"listitem\"><span class=\"is--medium\">Fonctions :<\/span> Programmable, Mode nuit, Indicateur changement de filtre\t\t\t\t\t<\/li>\n<\/ul>\n<\/li>\n<li class=\"product-features__item\" role=\"listitem\">\n<h3 class=\"product-features__label\">Equipement<\/h3>\n<ul role=\"list\">\n<li class=\"product-features__item-list__item\" role=\"listitem\"><span class=\"is--medium\">Interrupteur Marche\/Arr\u00eat :<\/span> Oui\t\t\t\t\t<\/li>\n<li class=\"product-features__item-list__item\" role=\"listitem\"><span class=\"is--medium\">T\u00e9l\u00e9commande :<\/span> Oui\t\t\t\t\t<\/li>\n<li class=\"product-features__item-list__item\" role=\"listitem\"><span class=\"is--medium\">Minuteur :<\/span> 12h\t\t\t\t\t<\/li>\n<li class=\"product-features__item-list__item\" role=\"listitem\"><span class=\"is--medium\">Poign\u00e9e de transport :<\/span> Non\t\t\t\t\t<\/li>\n<li class=\"product-features__item-list__item\" role=\"listitem\"><span class=\"is--medium\">Cordon :<\/span> 1,8 m\t\t\t\t\t<\/li>\n<\/ul>\n<\/li>\n<li class=\"product-features__item\" role=\"listitem\">\n<h3 class=\"product-features__label\">Connectivit\u00e9<\/h3>\n<ul role=\"list\">\n<li class=\"product-features__item-list__item\" role=\"listitem\"><span class=\"is--medium\">Application d\u00e9di\u00e9e gratuite \u00e0 t\u00e9l\u00e9charger :<\/span> Pure Air by Rowenta\t\t\t\t\t<\/li>\n<li class=\"product-features__item-list__item\" role=\"listitem\"><span class=\"is--medium\">T\u00e9l\u00e9chargeable sur :<\/span> AppStore et Google Play\t\t\t\t\t<\/li>\n<li class=\"product-features__item-list__item\" role=\"listitem\"><span class=\"is--medium\">Synchronisation :<\/span> Synchronisation directe via application avec le smartphone\t\t\t\t\t<\/li>\n<\/ul>\n<\/li>\n<li class=\"product-features__item\" role=\"listitem\">\n<h3 class=\"product-features__label\">Dimensions<\/h3>\n<ul role=\"list\">\n<li class=\"product-features__item-list__item\" role=\"listitem\"><span class=\"is--medium\">Dimensions l x h x p :<\/span> 25.5 x 85.1 x 25.5 cm\t\t\t\t\t<\/li>\n<li class=\"product-features__item-list__item\" role=\"listitem\"><span class=\"is--medium\">Poids Net :<\/span> 7,24 Kg\t\t\t\t\t<\/li>\n<li class=\"product-features__item-list__item\" role=\"listitem\"><span class=\"is--medium\">Poids Brut :<\/span> 11,00 Kg\t\t\t\t\t<\/li>\n<\/ul>\n<\/li>\n<li class=\"product-features__item\" role=\"listitem\">\n<h3 class=\"product-features__label\">Informations compl\u00e9mentaires<\/h3>\n<ul role=\"list\">\n<li class=\"product-features__item-list__item\" role=\"listitem\"><span class=\"is--medium\">Disponibilit\u00e9 des pi\u00e8ces d\u00e9tach\u00e9es (donn\u00e9es fournisseur) :<\/span> Pendant 15 ans, \u00e0 compter de la date d&rsquo;achat\t\t\t\t\t<\/li>\n<li class=\"product-features__item-list__item\" role=\"listitem\"><span class=\"is--medium\">Garantie :<\/span> 2 ans\t\t\t\t\t<\/li>\n<li class=\"product-features__item-list__item\" role=\"listitem\"><span class=\"is--medium\">Fabriqu\u00e9 en :<\/span> Chine\t\t\t\t\t<\/li>\n<li class=\"product-features__item-list__item\" role=\"listitem\"><span class=\"is--medium\">R\u00e9f\u00e9rence constructeur :<\/span> Eclipse 3 en 1 connect QU5072F0\t\t\t\t\t<\/li>\n<li class=\"product-features__item-list__item\" role=\"listitem\"><span class=\"is--medium\">Marque :<\/span> ROWENTA\t\t\t\t\t<\/li>\n<\/ul>\n<\/li>\n<\/ul>\n<\/div>\n<div class=\"product__disclosure-content\">\n<div class=\"js-read-more product-description__content read-more read-more--truncated\" data-read-more-name=\"description\" style=\"max-height: 500px; overflow: hidden;\">\n<div class=\"product__description-content read-more\" style=\"\">\n<p>Rowenta Eclipse 3-en-1 Connect : Purification, Chauffage et Ventilation R\u00e9unis<\/p>\n<h3> <img fetchpriority=\"high\" decoding=\"async\" ,=\"\" alt=\"Purificateur d'air, ventilateur, chauffage ROWENTA Eclipse 3 en 1 connect QU5072F0\" class=\"wy_tableau_gauche\" height=\"270\" src=\"https:\/\/boulanger.scene7.com\/is\/image\/Boulanger\/3121040089576_h_f_l_0?wid=400&amp;hei=270\" width=\"400\"\/>Une technologie 3-en-1 pour un confort optimal                    <\/h3>\n<p>                        Le Rowenta Eclipse 3-en-1 Connect QU5072F0 incarne l&rsquo;innovation au service du bien-\u00eatre domestique. Cet appareil multifonction combine un purificateur d&rsquo;air, un chauffage c\u00e9ramique et un ventilateur colonne, offrant une solution compl\u00e8te pour un air int\u00e9rieur sain et confortable toute l&rsquo;ann\u00e9e. Avec un CADR de 130 m3\/h, il est id\u00e9al pour des pi\u00e8ces jusqu&rsquo;\u00e0 35m2, capturant jusqu&rsquo;\u00e0 99.95 % des particules fines et jusqu&rsquo;\u00e0 99.9 % des virus en suspension. En mode rafra\u00eechissement, il g\u00e9n\u00e8re une brise puissante avec une vitesse d&rsquo;air de 2.4 m\/s et un d\u00e9bit de 358 l\/s, tandis que le mode chauffage diffuse rapidement une chaleur agr\u00e9able jusqu&rsquo;\u00e0 35 \u00b0C, le tout avec une consommation \u00e9nerg\u00e9tique ma\u00eetris\u00e9e de 40 W (hors chauffage).                    <\/p>\n<\/p>\n<h3> <img decoding=\"async\" ,=\"\" alt=\"Purificateur d'air, ventilateur, chauffage ROWENTA Eclipse 3 en 1 connect QU5072F0\" class=\"wy_tableau_right\" height=\"270\" src=\"https:\/\/boulanger.scene7.com\/is\/image\/Boulanger\/3121040089576_h_f_l_1?wid=400&amp;hei=270\" width=\"400\"\/>Contr\u00f4le intelligent et confort acoustique                    <\/h3>\n<p>                        L&rsquo;Eclipse 3-en-1 Connect se distingue par sa capacit\u00e9 \u00e0 s&rsquo;adapter intelligemment \u00e0 l&rsquo;environnement gr\u00e2ce \u00e0 son capteur de pollution et ses modes automatiques. L&rsquo;application Pure Air permet de surveiller la qualit\u00e9 de l&rsquo;air en temps r\u00e9el avec un indice visuel \u00e0 5 couleurs. En termes d&rsquo;acoustique, cet appareil excelle par sa discr\u00e9tion, avec seulement 32 dB(A) en mode ventilateur et 54 dB(A) en chauffage. La technologie embarqu\u00e9e assure un r\u00e9glage pr\u00e9cis de la puissance selon les besoins r\u00e9els, pour une exp\u00e9rience utilisateur \u00e0 la fois intuitive et respectueuse de l&rsquo;environnement.                    <\/p>\n<\/p><\/div>\n<\/p>\n<\/div>\n<p><bl-button a11yexpanded=\"false\" arialabel=\"Afficher toute la description\" class=\"read-more__btn\" full=\"false\" link=\"true\"><\/bl-button><\/div>","protected":false},"excerpt":{"rendered":"<div class=\"keypoints\">\n<h3 class=\"keypoints__title\">Les points cl\u00e9s<\/h3>\n<ul role=\"list\">\n<li class=\"keypoints__item\" role=\"listitem\">                                        purifie, ventile et chauffe                      <\/li>\n<li class=\"keypoints__item\" role=\"listitem\">                          Tr\u00e8s silencieux : 32 dB &#8211;                                                      Surface couverte : 35 m\u00b2                      <\/li>\n<li class=\"keypoints__item\" role=\"listitem\">                          Oscillation : 0\u00b0 \/30\u00b0 \/60\u00b0 \/90\u00b0 &#8211;                                                      Mode nuit                      <\/li>\n<li class=\"keypoints__item\" role=\"listitem\">                                        D\u00e9bit d&rsquo;air : 130 m\u00b3\/h                      <\/li>\n<li class=\"keypoints__item keypoints__item--advantage\" role=\"listitem\"><strong>Le + :<\/strong> Visualisez et surveillez en temps r\u00e9el la pollution int\u00e9rieure via l&rsquo;application Pure Air.      <\/li>\n<\/ul>","protected":false},"featured_media":40300,"template":"","meta":{"_glsr_average":0,"_glsr_ranking":0,"_glsr_reviews":0},"product_cat":[297],"product_tag":[153,299,298],"class_list":{"0":"post-99436","1":"product","2":"type-product","3":"status-publish","4":"has-post-thumbnail","6":"product_cat-ventilateur","7":"product_tag-maison-entretien","8":"product_tag-ventilateur","9":"product_tag-ventilation-climatisation","11":"first","12":"instock","13":"sale","14":"shipping-taxable","15":"purchasable","16":"product-type-simple"},"_links":{"self":[{"href":"https:\/\/electromenagerexpress.com\/en\/wp-json\/wp\/v2\/product\/99436","targetHints":{"allow":["GET"]}}],"collection":[{"href":"https:\/\/electromenagerexpress.com\/en\/wp-json\/wp\/v2\/product"}],"about":[{"href":"https:\/\/electromenagerexpress.com\/en\/wp-json\/wp\/v2\/types\/product"}],"wp:featuredmedia":[{"embeddable":true,"href":"https:\/\/electromenagerexpress.com\/en\/wp-json\/wp\/v2\/media\/40300"}],"wp:attachment":[{"href":"https:\/\/electromenagerexpress.com\/en\/wp-json\/wp\/v2\/media?parent=99436"}],"wp:term":[{"taxonomy":"product_cat","embeddable":true,"href":"https:\/\/electromenagerexpress.com\/en\/wp-json\/wp\/v2\/product_cat?post=99436"},{"taxonomy":"product_tag","embeddable":true,"href":"https:\/\/electromenagerexpress.com\/en\/wp-json\/wp\/v2\/product_tag?post=99436"}],"curies":[{"name":"wp","href":"https:\/\/api.w.org\/{rel}","templated":true}]}}