{"id":99435,"date":"2024-11-28T10:56:40","date_gmt":"2024-11-28T10:56:40","guid":{"rendered":"https:\/\/electromenagerexpress.com\/product\/purificateur-dair-ventilateur-chauffagedysonhp10-hotcool-gen1\/"},"modified":"2024-11-28T10:56:44","modified_gmt":"2024-11-28T10:56:44","slug":"purificateur-dair-ventilateur-chauffagedysonhp10-hotcool-gen1","status":"publish","type":"product","link":"https:\/\/electromenagerexpress.com\/en\/product\/purificateur-dair-ventilateur-chauffagedysonhp10-hotcool-gen1\/","title":{"rendered":"Purificateur d&rsquo;air, ventilateur, chauffage\t\t\t\t\t\t\tDYSON\t\t\t\tHP10 Hot+Cool Gen1"},"content":{"rendered":"<div class=\"product-features__content\">\n<ul role=\"list\">\n<li class=\"product-features__item\" role=\"listitem\">\n<h3 class=\"product-features__label\">Caract\u00e9ristique g\u00e9n\u00e9rale<\/h3>\n<ul role=\"list\">\n<li class=\"product-features__item-list__item\" role=\"listitem\"><span class=\"is--medium\">Produit :<\/span> Purificateur d&rsquo;air, ventilateur, chauffage\t\t\t\t\t<\/li>\n<li class=\"product-features__item-list__item\" role=\"listitem\"><span class=\"is--medium\">Gamme :<\/span> Pure Hot Cool\t\t\t\t\t<\/li>\n<li class=\"product-features__item-list__item\" role=\"listitem\"><span class=\"is--medium\">Mod\u00e8le :<\/span> A poser au sol\t\t\t\t\t<\/li>\n<li class=\"product-features__item-list__item\" role=\"listitem\"><span class=\"is--medium\">Fonctionnement :<\/span> Allumage \u00e0 distance\t\t\t\t\t<\/li>\n<li class=\"product-features__item-list__item\" role=\"listitem\"><span class=\"is--medium\">Surface couverte de :<\/span> 32 m\u00b2\t\t\t\t\t<\/li>\n<li class=\"product-features__item-list__item\" role=\"listitem\"><span class=\"is--medium\">Puissance :<\/span> 2.300,0 W\t\t\t\t\t<\/li>\n<li class=\"product-features__item-list__item\" role=\"listitem\"><span class=\"is--medium\">Nombre de vitesses :<\/span> 10\t\t\t\t\t<\/li>\n<li class=\"product-features__item-list__item\" role=\"listitem\"><span class=\"is--medium\">D\u00e9bit d&rsquo;air :<\/span> 1.044 m\u00b3\/h\t\t\t\t\t<\/li>\n<li class=\"product-features__item-list__item\" role=\"listitem\"><span class=\"is--medium\">Alimentation :<\/span> Secteur\t\t\t\t\t<\/li>\n<li class=\"product-features__item-list__item\" role=\"listitem\"><span class=\"is--medium\">Niveau sonore :<\/span> 63 dB\t\t\t\t\t<\/li>\n<li class=\"product-features__item-list__item\" role=\"listitem\"><span class=\"is--medium\">Ecran :<\/span> LCD\t\t\t\t\t<\/li>\n<li class=\"product-features__item-list__item\" role=\"listitem\"><span class=\"is--medium\">Oscillation :<\/span> Oscillation 350\u00b0\t\t\t\t\t<\/li>\n<li class=\"product-features__item-list__item\" role=\"listitem\"><span class=\"is--medium\">Connect\u00e9 :<\/span> Non\t\t\t\t\t<\/li>\n<li class=\"product-features__item-list__item\" role=\"listitem\"><span class=\"is--medium\">Coloris :<\/span> Blanc\t\t\t\t\t<\/li>\n<li class=\"product-features__item-list__item\" role=\"listitem\"><span class=\"is--medium\">Hauteur totale :<\/span> 76,5 cm\t\t\t\t\t<\/li>\n<li class=\"product-features__item-list__item\" role=\"listitem\"><span class=\"is--medium\">Technologie :<\/span> \u00c9limine 99,95% des particules aussi petites que 0,1 micron\t\t\t\t\t<\/li>\n<li class=\"product-features__item-list__item\" role=\"listitem\"><span class=\"is--medium\">D\u00e9couvrez nos produits pour un air plus sain :<\/span> <a href=\"https:\/\/www.boulanger.com\/evenement\/traitement-air\" target=\"_blank\">en sa<\/a><\/li>\n<\/ul>\n<\/li>\n<li class=\"product-features__item\" role=\"listitem\">\n<h3 class=\"product-features__label\">Filtration<\/h3>\n<ul role=\"list\">\n<li class=\"product-features__item-list__item\" role=\"listitem\"><span class=\"is--medium\">Niveaux de filtration :<\/span> 2 niveaux\t\t\t\t\t<\/li>\n<li class=\"product-features__item-list__item\" role=\"listitem\"><span class=\"is--medium\">Nombre de filtre(s) :<\/span> 2\t\t\t\t\t<\/li>\n<li class=\"product-features__item-list__item\" role=\"listitem\"><span class=\"is--medium\">Type de filtre(s) :<\/span> HEPA H13\t\t\t\t\t<\/li>\n<li class=\"product-features__item-list__item\" role=\"listitem\"><span class=\"is--medium\">Efficacit\u00e9 :<\/span> Filtre 99,95 % des particules\t\t\t\t\t<\/li>\n<li class=\"product-features__item-list__item\" role=\"listitem\"><span class=\"is--medium\">Entretien des filtres :<\/span> Rempla\u00e7able\t\t\t\t\t<\/li>\n<li class=\"product-features__item-list__item\" role=\"listitem\"><span class=\"is--medium\">Certification :<\/span> Conform\u00e9me \u00e0 la norme HEPA H13.\t\t\t\t\t<\/li>\n<li class=\"product-features__item-list__item\" role=\"listitem\"><span class=\"is--medium\">Rythme de remplacement des filtres (en mois) :<\/span> 12\t\t\t\t\t<\/li>\n<\/ul>\n<\/li>\n<li class=\"product-features__item\" role=\"listitem\">\n<h3 class=\"product-features__label\">Type de filtration<\/h3>\n<ul role=\"list\">\n<li class=\"product-features__item-list__item\" role=\"listitem\"><span class=\"is--medium\">Particules ultrafines :<\/span> Oui\t\t\t\t\t<\/li>\n<li class=\"product-features__item-list__item\" role=\"listitem\"><span class=\"is--medium\">Formald\u00e9hyde :<\/span> Non\t\t\t\t\t<\/li>\n<\/ul>\n<\/li>\n<li class=\"product-features__item\" role=\"listitem\">\n<h3 class=\"product-features__label\">Fonction<\/h3>\n<ul role=\"list\">\n<li class=\"product-features__item-list__item\" role=\"listitem\"><span class=\"is--medium\">Fonctions :<\/span> Programmable\t\t\t\t\t<\/li>\n<\/ul>\n<\/li>\n<li class=\"product-features__item\" role=\"listitem\">\n<h3 class=\"product-features__label\">Equipement<\/h3>\n<ul role=\"list\">\n<li class=\"product-features__item-list__item\" role=\"listitem\"><span class=\"is--medium\">Interrupteur Marche\/Arr\u00eat :<\/span> Oui\t\t\t\t\t<\/li>\n<li class=\"product-features__item-list__item\" role=\"listitem\"><span class=\"is--medium\">T\u00e9l\u00e9commande :<\/span> Oui\t\t\t\t\t<\/li>\n<li class=\"product-features__item-list__item\" role=\"listitem\"><span class=\"is--medium\">Minuteur :<\/span> Oui\t\t\t\t\t<\/li>\n<\/ul>\n<\/li>\n<li class=\"product-features__item\" role=\"listitem\">\n<h3 class=\"product-features__label\">Connectivit\u00e9<\/h3>\n<ul role=\"list\">\n<li class=\"product-features__item-list__item\" role=\"listitem\"><span class=\"is--medium\">Application d\u00e9di\u00e9e gratuite \u00e0 t\u00e9l\u00e9charger :<\/span> Non concern\u00e9e\t\t\t\t\t<\/li>\n<\/ul>\n<\/li>\n<li class=\"product-features__item\" role=\"listitem\">\n<h3 class=\"product-features__label\">Dimensions<\/h3>\n<ul role=\"list\">\n<li class=\"product-features__item-list__item\" role=\"listitem\"><span class=\"is--medium\">Dimensions l x h x p :<\/span> 20.5 x 76.5 x 13.1 cm\t\t\t\t\t<\/li>\n<li class=\"product-features__item-list__item\" role=\"listitem\"><span class=\"is--medium\">Poids Net :<\/span> 5,29 Kg\t\t\t\t\t<\/li>\n<li class=\"product-features__item-list__item\" role=\"listitem\"><span class=\"is--medium\">Poids Brut :<\/span> 7,18 Kg\t\t\t\t\t<\/li>\n<\/ul>\n<\/li>\n<li class=\"product-features__item\" role=\"listitem\">\n<h3 class=\"product-features__label\">Informations compl\u00e9mentaires<\/h3>\n<ul role=\"list\">\n<li class=\"product-features__item-list__item\" role=\"listitem\"><span class=\"is--medium\">Disponibilit\u00e9 des pi\u00e8ces d\u00e9tach\u00e9es (donn\u00e9es fournisseur) :<\/span> Pas de pi\u00e8ce disponible\t\t\t\t\t<\/li>\n<li class=\"product-features__item-list__item\" role=\"listitem\"><span class=\"is--medium\">Garantie :<\/span> 2 ans\t\t\t\t\t<\/li>\n<li class=\"product-features__item-list__item\" role=\"listitem\"><span class=\"is--medium\">Fabriqu\u00e9 en :<\/span> Malaisie\t\t\t\t\t<\/li>\n<li class=\"product-features__item-list__item\" role=\"listitem\"><span class=\"is--medium\">R\u00e9f\u00e9rence constructeur :<\/span> HP10 purifier hot + cool\t\t\t\t\t<\/li>\n<li class=\"product-features__item-list__item\" role=\"listitem\"><span class=\"is--medium\">Marque :<\/span> DYSON\t\t\t\t\t<\/li>\n<\/ul>\n<\/li>\n<\/ul>\n<\/div>\n<div class=\"product__disclosure-content\">\n<div class=\"js-read-more product-description__content read-more read-more--truncated\" data-read-more-name=\"description\" style=\"max-height: 500px; overflow: hidden;\">\n<p>R\u00e9put\u00e9 comme \u00e9tant le purificateur le plus puissant et le plus silencieux de la marque DYSON, le Purifier Hot+Cool Gen1 vous offrira un assainissement de l&rsquo;air avanc\u00e9 et une polyvalence exceptionnelle en tant que chauffage ou ventilateur, sans oublier de vous d\u00e9livrer des informations pr\u00e9cieuses sur la qualit\u00e9 de l&rsquo;air de votre int\u00e9rieur.<\/p>\n<h3><img fetchpriority=\"high\" decoding=\"async\" ,=\"\" alt=\"Purif. DYSON HP10 purifier hot + cool\" class=\"wy_tableau_gauche\" height=\"270\" src=\"https:\/\/boulanger.scene7.com\/is\/image\/Boulanger\/5025155083109_h_f_l_0?wid=400&amp;hei=270\" width=\"400\"\/>Un environnement sain, un confort optimal et une exp\u00e9rience utilisateur compl\u00e8te<\/h3>\n<p>Con\u00e7u pour <b>d\u00e9tecter, capturer et pi\u00e9ger les polluants dans l&rsquo;air<\/b>, le purificateur DYSON Purifier Hot+Cool Gen1 assurera une purification compl\u00e8te de votre espace de vie. Pour que vous puissiez profiter d&rsquo;un environnement int\u00e9rieur sain, il les capturera et les pi\u00e9gera afin d&rsquo;\u00e9liminer plus de 99,95 % des particules ultrafines : la certitude de renforcer votre bien-\u00eatre autant que celui de votre famille.<\/p>\n<p>En compl\u00e9ment de l&rsquo;assainissement de l&rsquo;air de votre maison, votre nouveau purificateur DYSON Purifier Hot+Cool Gen1 pourra \u00e9galement <b>servir de chauffage ou de ventilateur<\/b>, constituant ainsi une solution polyvalente pour votre confort, en \u00e9t\u00e9 comme en hiver. Son angle d&rsquo;oscillation de 350\u00b0 favorisera une diffusion homog\u00e8ne de l&rsquo;air dans toute la pi\u00e8ce, assurant ainsi une distribution efficace de la temp\u00e9rature.<\/p>\n<h3><img decoding=\"async\" ,=\"\" alt=\"Purif. DYSON HP10 purifier hot + cool\" class=\"wy_tableau_right\" height=\"270\" src=\"https:\/\/boulanger.scene7.com\/is\/image\/Boulanger\/5025155083109_h_f_l_1?wid=400&amp;hei=270\" width=\"400\"\/>Une solution compl\u00e8te pour une qualit\u00e9 d&rsquo;air impeccable<\/h3>\n<p>Respirez un air purifi\u00e9, o\u00f9 que vous soyez dans votre maison. En plus de <b>ses 10 r\u00e9glages de vitesse, sa hauteur de 83 cm et sa largeur de 41,5 cm<\/b>, votre purificateur DYSON Purifier Hot+Cool Gen1 disposera d&rsquo;une technologie avanc\u00e9e vous permettant de le contr\u00f4ler \u00e0 distance gr\u00e2ce \u00e0 <b>l&rsquo;application mobile MyDyson<\/b> : la certitude de renforcer votre souplesse d&rsquo;utilisation.<\/p>\n<p><b>Livr\u00e9 avec des accessoires pour renforcer sa puissance d&rsquo;action<\/b>, votre purificateur DYSON Purifier Hot+Cool Gen1 comprendra un filtre HEPA 13 \u00e0 charbon actif pens\u00e9 pour \u00e9liminer les particules fines et les allerg\u00e8nes, et un filtre \u00e0 charbon actif imagin\u00e9 pour neutraliser les odeurs ind\u00e9sirables. De plus, sa t\u00e9l\u00e9commande incurv\u00e9e et aimant\u00e9e vous permettra b\u00e9n\u00e9ficier d&rsquo;un rangement pratique pour ne plus jamais l&rsquo;\u00e9garer.<\/p>\n<\/p>\n<\/div>\n<p><bl-button a11yexpanded=\"false\" arialabel=\"Afficher toute la description\" class=\"read-more__btn\" full=\"false\" link=\"true\"><\/bl-button><\/div>","protected":false},"excerpt":{"rendered":"<div class=\"keypoints\">\n<h3 class=\"keypoints__title\">Les points cl\u00e9s<\/h3>\n<ul role=\"list\">\n<li class=\"keypoints__item\" role=\"listitem\">                                        purifie, ventile et chauffe                      <\/li>\n<li class=\"keypoints__item\" role=\"listitem\">                          Standard : 64 dB &#8211;                                                      Surface couverte : 32 m\u00b2                      <\/li>\n<li class=\"keypoints__item\" role=\"listitem\">                                        Oscillation : 350\u00b0                      <\/li>\n<li class=\"keypoints__item\" role=\"listitem\">                                        D\u00e9bit d&rsquo;air : 1.044 m\u00b3\/h                      <\/li>\n<li class=\"keypoints__item keypoints__item--advantage\" role=\"listitem\"><strong>Le + :<\/strong> D\u00e9tecte, capture et pi\u00e8ge automatiquement les polluants pour un air plus pur en temps r\u00e9el.      <\/li>\n<\/ul>","protected":false},"featured_media":40290,"template":"","meta":{"_glsr_average":0,"_glsr_ranking":0,"_glsr_reviews":0},"product_cat":[297],"product_tag":[153,299,298],"class_list":{"0":"post-99435","1":"product","2":"type-product","3":"status-publish","4":"has-post-thumbnail","6":"product_cat-ventilateur","7":"product_tag-maison-entretien","8":"product_tag-ventilateur","9":"product_tag-ventilation-climatisation","11":"first","12":"instock","13":"sale","14":"shipping-taxable","15":"purchasable","16":"product-type-simple"},"_links":{"self":[{"href":"https:\/\/electromenagerexpress.com\/en\/wp-json\/wp\/v2\/product\/99435","targetHints":{"allow":["GET"]}}],"collection":[{"href":"https:\/\/electromenagerexpress.com\/en\/wp-json\/wp\/v2\/product"}],"about":[{"href":"https:\/\/electromenagerexpress.com\/en\/wp-json\/wp\/v2\/types\/product"}],"wp:featuredmedia":[{"embeddable":true,"href":"https:\/\/electromenagerexpress.com\/en\/wp-json\/wp\/v2\/media\/40290"}],"wp:attachment":[{"href":"https:\/\/electromenagerexpress.com\/en\/wp-json\/wp\/v2\/media?parent=99435"}],"wp:term":[{"taxonomy":"product_cat","embeddable":true,"href":"https:\/\/electromenagerexpress.com\/en\/wp-json\/wp\/v2\/product_cat?post=99435"},{"taxonomy":"product_tag","embeddable":true,"href":"https:\/\/electromenagerexpress.com\/en\/wp-json\/wp\/v2\/product_tag?post=99435"}],"curies":[{"name":"wp","href":"https:\/\/api.w.org\/{rel}","templated":true}]}}