{"id":99434,"date":"2024-11-28T10:56:35","date_gmt":"2024-11-28T10:56:35","guid":{"rendered":"https:\/\/electromenagerexpress.com\/product\/chauffage-bain-dhuilemilloil-wifi-3-2000-w\/"},"modified":"2025-05-17T14:50:53","modified_gmt":"2025-05-17T14:50:53","slug":"chauffage-bain-dhuilemilloil-wifi-3-2000-w","status":"publish","type":"product","link":"https:\/\/electromenagerexpress.com\/en\/product\/chauffage-bain-dhuilemilloil-wifi-3-2000-w\/","title":{"rendered":"Chauffage Bain d&rsquo;huile MILL Oil Wifi 3 2000 W"},"content":{"rendered":"<div class=\"product-features__content\">\n<ul role=\"list\">\n<li class=\"product-features__item\" role=\"listitem\">\n<h3 class=\"product-features__label\">Les + de ce mod\u00e8le<\/h3>\n<ul role=\"list\">\n<li class=\"product-features__item-list__item\" role=\"listitem\"><span class=\"is--medium\">Avantages :<\/span> Chauffe une pi\u00e8ce 29% plus rapidement que d&rsquo;autres chauffages \u00e0 bain d&rsquo;huile traditionnels. Design Scandinave : S&rsquo;int\u00e8gre dans les int\u00e9rieurs contemporains, Connect\u00e9 : Wifi + contr\u00f4le appli, Exo-\u00e9nerg\u00e9tique : Diminue la consommation d&rsquo;\u00e9nergie, Garantie 5 ans<\/li>\n<\/ul>\n<\/li>\n<li class=\"product-features__item\" role=\"listitem\">\n<h3 class=\"product-features__label\">Caract\u00e9ristiques g\u00e9n\u00e9rales<\/h3>\n<ul role=\"list\">\n<li class=\"product-features__item-list__item\" role=\"listitem\"><span class=\"is--medium\">Type :<\/span> Socle<\/li>\n<li class=\"product-features__item-list__item\" role=\"listitem\"><span class=\"is--medium\">Produit connect\u00e9 :<\/span> Thermostat<\/li>\n<li class=\"product-features__item-list__item\" role=\"listitem\"><span class=\"is--medium\">Avantage :<\/span> Permet des \u00e9conomies d&rsquo;\u00e9nergie<\/li>\n<li class=\"product-features__item-list__item\" role=\"listitem\"><span class=\"is--medium\">Alimentation :<\/span> Secteur<\/li>\n<li class=\"product-features__item-list__item\" role=\"listitem\"><span class=\"is--medium\">R\u00e9glage et pilotage :<\/span> Manuel ou par la voix<\/li>\n<li class=\"product-features__item-list__item\" role=\"listitem\"><span class=\"is--medium\">Coloris :<\/span> Blanc<\/li>\n<li class=\"product-features__item-list__item\" role=\"listitem\"><span class=\"is--medium\">Economie :<\/span> Eco-\u00e9nerg\u00e9tique : Diminue la consommation d&rsquo;\u00e9nergie<\/li>\n<li class=\"product-features__item-list__item\" role=\"listitem\"><span class=\"is--medium\">Mobilit\u00e9 :<\/span> \u00e0 poser<\/li>\n<\/ul>\n<\/li>\n<li class=\"product-features__item\" role=\"listitem\">\n<h3 class=\"product-features__label\">Installation<\/h3>\n<ul role=\"list\">\n<li class=\"product-features__item-list__item\" role=\"listitem\"><span class=\"is--medium\">Installation :<\/span> rapide<\/li>\n<\/ul>\n<\/li>\n<li class=\"product-features__item\" role=\"listitem\">\n<h3 class=\"product-features__label\">Application<\/h3>\n<ul role=\"list\">\n<li class=\"product-features__item-list__item\" role=\"listitem\"><span class=\"is--medium\">Compatibilit\u00e9 application :<\/span> iOs et Andro\u00efd<\/li>\n<li class=\"product-features__item-list__item\" role=\"listitem\"><span class=\"is--medium\">Suivi de production :<\/span> via l&rsquo;application<\/li>\n<\/ul>\n<\/li>\n<li class=\"product-features__item\" role=\"listitem\">\n<h3 class=\"product-features__label\">Connectivit\u00e9<\/h3>\n<ul role=\"list\">\n<li class=\"product-features__item-list__item\" role=\"listitem\"><span class=\"is--medium\">Technologie :<\/span> Wifi<\/li>\n<\/ul>\n<\/li>\n<li class=\"product-features__item\" role=\"listitem\">\n<h3 class=\"product-features__label\">Fonctionnalit\u00e9s et programmes<\/h3>\n<ul role=\"list\">\n<li class=\"product-features__item-list__item\" role=\"listitem\"><span class=\"is--medium\">Contr\u00f4le et pilotage \u00e0 distance :<\/span> Oui<\/li>\n<li class=\"product-features__item-list__item\" role=\"listitem\"><span class=\"is--medium\">Programme vacances :<\/span> Oui<\/li>\n<li class=\"product-features__item-list__item\" role=\"listitem\"><span class=\"is--medium\">Retour anticip\u00e9 :<\/span> Oui<\/li>\n<\/ul>\n<\/li>\n<li class=\"product-features__item\" role=\"listitem\">\n<h3 class=\"product-features__label\">Dimensions<\/h3>\n<ul role=\"list\">\n<li class=\"product-features__item-list__item\" role=\"listitem\"><span class=\"is--medium\">Largeur produit (cm) :<\/span> 42<\/li>\n<li class=\"product-features__item-list__item\" role=\"listitem\"><span class=\"is--medium\">Hauteur produit (cm) :<\/span> 65.6<\/li>\n<li class=\"product-features__item-list__item\" role=\"listitem\"><span class=\"is--medium\">Profondeur produit (cm) :<\/span> 26.1<\/li>\n<\/ul>\n<\/li>\n<li class=\"product-features__item\" role=\"listitem\">\n<h3 class=\"product-features__label\">Informations compl\u00e9mentaires<\/h3>\n<ul role=\"list\">\n<li class=\"product-features__item-list__item\" role=\"listitem\"><span class=\"is--medium\">Fabriqu\u00e9 en :<\/span> Chine<\/li>\n<li class=\"product-features__item-list__item\" role=\"listitem\"><span class=\"is--medium\">Garantie :<\/span> 2 ans<\/li>\n<li class=\"product-features__item-list__item\" role=\"listitem\"><span class=\"is--medium\">Disponibilit\u00e9 des pi\u00e8ces d\u00e9tach\u00e9es (donn\u00e9es fournisseur) :<\/span> Pas de pi\u00e8ce disponible<\/li>\n<\/ul>\n<\/li>\n<\/ul>\n<\/div>\n<div class=\"product__disclosure-content\">\n<div class=\"js-read-more product-description__content read-more read-more--truncated\" style=\"max-height: 500px;overflow: hidden\" data-read-more-name=\"description\">\n<p>Vous voulez vous chauffer avec style, sans sacrifier les performances ? Il vous faut ce chauffage bain d&rsquo;huile MILL Oil WiFi 3 2000 W<\/p>\n<h3><img fetchpriority=\"high\" decoding=\"async\" class=\"wy_tableau_gauche\" src=\"https:\/\/boulanger.scene7.com\/is\/image\/Boulanger\/7090019823922_h_f_l_0?wid=400&amp;hei=270\" alt=\"Chauf Huile MILL Oil 2000 Wifi 3 2000 W\" width=\"400\" height=\"270\" \/>Un bain d&rsquo;huile tr\u00e8s efficace<\/h3>\n<p>Le chauffage bain d&rsquo;huile MILL Oil WiFi 3 2000 W a de quoi s\u00e9duire. Il <b>chauffe 29 % plus rapidement<\/b> qu&rsquo;un bain d&rsquo;huile traditionnel, gr\u00e2ce \u00e0 un design con\u00e7u pour acc\u00e9l\u00e9rer la distribution de la chaleur. Encapsul\u00e9e dans un ch\u00e2ssis s\u00e9curis\u00e9, cette structure guide l&rsquo;air chaud vers le haut plus rapidement, gr\u00e2ce \u00e0 un flux d&rsquo;air optimis\u00e9.<\/p>\n<p>Le chauffage bain d&rsquo;huile MILL Oil WiFi 3 2000 W dispose de <b>3 niveaux de puissance : 800 W, 1200 W et 2000 W<\/b>. Adapt\u00e9 pour les pi\u00e8ces de 24 \u00e0 28 m2, il peut chauffer sans ass\u00e9cher l&rsquo;air ambiant, ce qui participe grandement \u00e0 la bonne qualit\u00e9 d&rsquo;air int\u00e9rieur.<\/p>\n<h3><img decoding=\"async\" class=\"wy_tableau_right\" src=\"https:\/\/boulanger.scene7.com\/is\/image\/Boulanger\/7090019823922_h_f_l_1?wid=400&amp;hei=270\" alt=\"Chauf Huile MILL Oil 2000 Wifi 3 2000 W\" width=\"400\" height=\"270\" \/>Un chauffage connect\u00e9 d&rsquo;une grande \u00e9l\u00e9gance<\/h3>\n<p>Avec son design nordique d&rsquo;une \u00e9l\u00e9gance certaine, il est <b>prot\u00e9g\u00e9 contre les surchauffes anormales et les basculements accidentels<\/b>. Le chauffage bain d&rsquo;huile MILL Oil WiFi 3 2000 W peut \u00eatre utilis\u00e9 sans surveillance, vous pouvez dormir tranquille gr\u00e2ce \u00e0 ses syst\u00e8mes de s\u00e9curit\u00e9.<\/p>\n<p>Le chauffage bain d&rsquo;huile MILL Oil WiFi 3 2000 W peut aussi \u00eatre pilot\u00e9 avec l&rsquo;application Mill Norway. Vous pourrez <b>suivre, programmer et contr\u00f4ler la temp\u00e9rature de la pi\u00e8ce depuis votre smartphone<\/b>. Encore mieux, vous pourrez aussi garder un oeil sur la consommation d&rsquo;\u00e9nergie. Ainsi, vous n&rsquo;aurez plus de surprise \u00e0 la r\u00e9ception de la facture d&rsquo;\u00e9lectricit\u00e9.<\/p>\n<\/div>\n<p>&nbsp;<\/p>\n<\/div>","protected":false},"excerpt":{"rendered":"<div class=\"keypoints\">\n<h3 class=\"keypoints__title\">Les points cl\u00e9s<\/h3>\n<ul role=\"list\">\n<li class=\"keypoints__item\" role=\"listitem\">Socle<\/li>\n<li class=\"keypoints__item\" role=\"listitem\">Wifi &#8211; Installation : rapide<\/li>\n<li class=\"keypoints__item\" role=\"listitem\">Suivi de production : via l&rsquo;application<\/li>\n<li class=\"keypoints__item keypoints__item--advantage\" role=\"listitem\"><strong>Le + :<\/strong> Sa technologie et sa connectivit\u00e9 pour une meilleure efficacit\u00e9 et son utilisation \u00e9conomique.<\/li>\n<\/ul>\n<\/div>","protected":false},"featured_media":40282,"template":"","meta":{"_glsr_average":0,"_glsr_ranking":0,"_glsr_reviews":0},"product_cat":[292,653],"product_tag":[295,290,153],"class_list":{"0":"post-99434","1":"product","2":"type-product","3":"status-publish","4":"has-post-thumbnail","6":"product_cat-chauffage-maison-entretien","7":"product_cat-radiateur-bain-dhuile-2","8":"product_tag-radiateur-bain-dhuile","9":"product_tag-chauffage","10":"product_tag-maison-entretien","12":"first","13":"instock","14":"sale","15":"shipping-taxable","16":"purchasable","17":"product-type-simple"},"_links":{"self":[{"href":"https:\/\/electromenagerexpress.com\/en\/wp-json\/wp\/v2\/product\/99434","targetHints":{"allow":["GET"]}}],"collection":[{"href":"https:\/\/electromenagerexpress.com\/en\/wp-json\/wp\/v2\/product"}],"about":[{"href":"https:\/\/electromenagerexpress.com\/en\/wp-json\/wp\/v2\/types\/product"}],"wp:featuredmedia":[{"embeddable":true,"href":"https:\/\/electromenagerexpress.com\/en\/wp-json\/wp\/v2\/media\/40282"}],"wp:attachment":[{"href":"https:\/\/electromenagerexpress.com\/en\/wp-json\/wp\/v2\/media?parent=99434"}],"wp:term":[{"taxonomy":"product_cat","embeddable":true,"href":"https:\/\/electromenagerexpress.com\/en\/wp-json\/wp\/v2\/product_cat?post=99434"},{"taxonomy":"product_tag","embeddable":true,"href":"https:\/\/electromenagerexpress.com\/en\/wp-json\/wp\/v2\/product_tag?post=99434"}],"curies":[{"name":"wp","href":"https:\/\/api.w.org\/{rel}","templated":true}]}}