{"id":99418,"date":"2024-11-28T10:55:22","date_gmt":"2024-11-28T10:55:22","guid":{"rendered":"https:\/\/electromenagerexpress.com\/product\/expresso-encastrable-tekaclc835-mc\/"},"modified":"2024-11-28T10:55:23","modified_gmt":"2024-11-28T10:55:23","slug":"expresso-encastrable-tekaclc835-mc","status":"publish","type":"product","link":"https:\/\/electromenagerexpress.com\/en\/product\/expresso-encastrable-tekaclc835-mc\/","title":{"rendered":"Expresso encastrable \t\t\t\t\t\t\tTEKA\t\t\t\tCLC835 MC"},"content":{"rendered":"<div class=\"product-features__content\">\n<ul role=\"list\">\n<li class=\"product-features__item\" role=\"listitem\">\n<h3 class=\"product-features__label\">Caract\u00e9ristiques g\u00e9n\u00e9rales<\/h3>\n<ul role=\"list\">\n<li class=\"product-features__item-list__item\" role=\"listitem\"><span class=\"is--medium\">Type de Machine :<\/span> Expresso encastrable\t\t\t\t\t<\/li>\n<li class=\"product-features__item-list__item\" role=\"listitem\"><span class=\"is--medium\">Couleur :<\/span> Inox \/ Noir\t\t\t\t\t<\/li>\n<li class=\"product-features__item-list__item\" role=\"listitem\"><span class=\"is--medium\">Puissance :<\/span> 2.200 W\t\t\t\t\t<\/li>\n<li class=\"product-features__item-list__item\" role=\"listitem\"><span class=\"is--medium\">Type de caf\u00e9 :<\/span> Nespresso\u00ae, Lavazza\u00ae, Caffitaly\u00ae, E.S.E. pod , caf\u00e9 moulu\t\t\t\t\t<\/li>\n<li class=\"product-features__item-list__item\" role=\"listitem\"><span class=\"is--medium\">Mod\u00e8le de la machine :<\/span> CLC 835 MC N\t\t\t\t\t<\/li>\n<li class=\"product-features__item-list__item\" role=\"listitem\"><span class=\"is--medium\">Syst\u00e8me de pompe :<\/span> Simple\t\t\t\t\t<\/li>\n<li class=\"product-features__item-list__item\" role=\"listitem\"><span class=\"is--medium\">Pression :<\/span> 19 bars\t\t\t\t\t<\/li>\n<li class=\"product-features__item-list__item\" role=\"listitem\"><span class=\"is--medium\">Type d&rsquo;installation :<\/span> Encastrable\t\t\t\t\t<\/li>\n<li class=\"product-features__item-list__item\" role=\"listitem\"><span class=\"is--medium\">Connect\u00e9e :<\/span> Non\t\t\t\t\t<\/li>\n<li class=\"product-features__item-list__item\" role=\"listitem\"><span class=\"is--medium\">Type de chauffe :<\/span> Thermoblock\t\t\t\t\t<\/li>\n<li class=\"product-features__item-list__item\" role=\"listitem\"><span class=\"is--medium\">Nombres de tasses :<\/span> 1 tasse\t\t\t\t\t<\/li>\n<li class=\"product-features__item-list__item\" role=\"listitem\"><span class=\"is--medium\">Mati\u00e8re :<\/span> Inox et Verre\t\t\t\t\t<\/li>\n<\/ul>\n<\/li>\n<li class=\"product-features__item\" role=\"listitem\">\n<h3 class=\"product-features__label\">Boissons Pr\u00e9par\u00e9es<\/h3>\n<ul role=\"list\">\n<li class=\"product-features__item-list__item\" role=\"listitem\"><span class=\"is--medium\">Allong\u00e9 (Americano) :<\/span> Oui\t\t\t\t\t<\/li>\n<li class=\"product-features__item-list__item\" role=\"listitem\"><span class=\"is--medium\">Caf\u00e9 :<\/span> Oui\t\t\t\t\t<\/li>\n<li class=\"product-features__item-list__item\" role=\"listitem\"><span class=\"is--medium\">Mug :<\/span> Oui\t\t\t\t\t<\/li>\n<li class=\"product-features__item-list__item\" role=\"listitem\"><span class=\"is--medium\">Th\u00e9 &amp; infusion :<\/span> Oui\t\t\t\t\t<\/li>\n<li class=\"product-features__item-list__item\" role=\"listitem\"><span class=\"is--medium\">Chocolat :<\/span> Non\t\t\t\t\t<\/li>\n<li class=\"product-features__item-list__item\" role=\"listitem\"><span class=\"is--medium\">Cappuccino :<\/span> Oui\t\t\t\t\t<\/li>\n<li class=\"product-features__item-list__item\" role=\"listitem\"><span class=\"is--medium\">Mousse de lait :<\/span> Oui\t\t\t\t\t<\/li>\n<li class=\"product-features__item-list__item\" role=\"listitem\"><span class=\"is--medium\">Latte Macchiato :<\/span> Oui\t\t\t\t\t<\/li>\n<li class=\"product-features__item-list__item\" role=\"listitem\"><span class=\"is--medium\">Caf\u00e9 long :<\/span> Oui\t\t\t\t\t<\/li>\n<li class=\"product-features__item-list__item\" role=\"listitem\"><span class=\"is--medium\">Espresso :<\/span> Oui\t\t\t\t\t<\/li>\n<li class=\"product-features__item-list__item\" role=\"listitem\"><span class=\"is--medium\">Lungo :<\/span> Oui\t\t\t\t\t<\/li>\n<li class=\"product-features__item-list__item\" role=\"listitem\"><span class=\"is--medium\">Ristretto :<\/span> Oui\t\t\t\t\t<\/li>\n<li class=\"product-features__item-list__item\" role=\"listitem\"><span class=\"is--medium\">Eau chaude :<\/span> Oui\t\t\t\t\t<\/li>\n<li class=\"product-features__item-list__item\" role=\"listitem\"><span class=\"is--medium\">Caf\u00e9 au Lait :<\/span> Oui\t\t\t\t\t<\/li>\n<li class=\"product-features__item-list__item\" role=\"listitem\"><span class=\"is--medium\">Doppio+ :<\/span> Non\t\t\t\t\t<\/li>\n<li class=\"product-features__item-list__item\" role=\"listitem\"><span class=\"is--medium\">Lait chaud :<\/span> Non\t\t\t\t\t<\/li>\n<li class=\"product-features__item-list__item\" role=\"listitem\"><span class=\"is--medium\">Cappuccino mix :<\/span> Non\t\t\t\t\t<\/li>\n<li class=\"product-features__item-list__item\" role=\"listitem\"><span class=\"is--medium\">Caf\u00e9 froid :<\/span> Non\t\t\t\t\t<\/li>\n<li class=\"product-features__item-list__item\" role=\"listitem\"><span class=\"is--medium\">Cappuccino+ :<\/span> Non\t\t\t\t\t<\/li>\n<li class=\"product-features__item-list__item\" role=\"listitem\"><span class=\"is--medium\">Flat white :<\/span> Non\t\t\t\t\t<\/li>\n<\/ul>\n<\/li>\n<li class=\"product-features__item\" role=\"listitem\">\n<h3 class=\"product-features__label\">Fonctions<\/h3>\n<ul role=\"list\">\n<li class=\"product-features__item-list__item\" role=\"listitem\"><span class=\"is--medium\">Grille repose tasse ajustable en hauteur :<\/span> Oui\t\t\t\t\t<\/li>\n<li class=\"product-features__item-list__item\" role=\"listitem\"><span class=\"is--medium\">Bac r\u00e9colte-goutte amovible :<\/span> Oui\t\t\t\t\t<\/li>\n<li class=\"product-features__item-list__item\" role=\"listitem\"><span class=\"is--medium\">Plateau chauffe tasses :<\/span> Non\t\t\t\t\t<\/li>\n<li class=\"product-features__item-list__item\" role=\"listitem\"><span class=\"is--medium\">Bouton marche\/arr\u00eat :<\/span> Non\t\t\t\t\t<\/li>\n<li class=\"product-features__item-list__item\" role=\"listitem\"><span class=\"is--medium\">Ecoulement de caf\u00e9 r\u00e9glable en hauteur :<\/span> Oui\t\t\t\t\t<\/li>\n<li class=\"product-features__item-list__item\" role=\"listitem\"><span class=\"is--medium\">R\u00e9tro\u00e9clairage de la tasse :<\/span> Oui\t\t\t\t\t<\/li>\n<li class=\"product-features__item-list__item\" role=\"listitem\"><span class=\"is--medium\">Range cordon et accessoires :<\/span> Oui\t\t\t\t\t<\/li>\n<\/ul>\n<\/li>\n<li class=\"product-features__item\" role=\"listitem\">\n<h3 class=\"product-features__label\">R\u00e9servoir<\/h3>\n<ul role=\"list\">\n<li class=\"product-features__item-list__item\" role=\"listitem\"><span class=\"is--medium\">Capacit\u00e9 :<\/span> 1,00 L\t\t\t\t\t<\/li>\n<li class=\"product-features__item-list__item\" role=\"listitem\"><span class=\"is--medium\">R\u00e9servoir amovible :<\/span> Oui\t\t\t\t\t<\/li>\n<li class=\"product-features__item-list__item\" role=\"listitem\"><span class=\"is--medium\">Niveau d&rsquo;eau visible :<\/span> Oui\t\t\t\t\t<\/li>\n<\/ul>\n<\/li>\n<li class=\"product-features__item\" role=\"listitem\">\n<h3 class=\"product-features__label\">Programmation<\/h3>\n<ul role=\"list\">\n<li class=\"product-features__item-list__item\" role=\"listitem\"><span class=\"is--medium\">S\u00e9lecteur de tasse :<\/span> 1 tasse\t\t\t\t\t<\/li>\n<li class=\"product-features__item-list__item\" role=\"listitem\"><span class=\"is--medium\">Temp\u00e9rature r\u00e9glable :<\/span> Non\t\t\t\t\t<\/li>\n<li class=\"product-features__item-list__item\" role=\"listitem\"><span class=\"is--medium\">Arr\u00eat de l&rsquo;\u00e9coulement du caf\u00e9 dans la tasse :<\/span> Arr\u00eat manuel\t\t\t\t\t<\/li>\n<li class=\"product-features__item-list__item\" role=\"listitem\"><span class=\"is--medium\">Arr\u00eat automatique de la machine :<\/span> Oui\t\t\t\t\t<\/li>\n<\/ul>\n<\/li>\n<li class=\"product-features__item\" role=\"listitem\">\n<h3 class=\"product-features__label\">Buse<\/h3>\n<ul role=\"list\">\n<li class=\"product-features__item-list__item\" role=\"listitem\"><span class=\"is--medium\">Type de buse :<\/span> Avec Buse Vapeur\t\t\t\t\t<\/li>\n<\/ul>\n<\/li>\n<li class=\"product-features__item\" role=\"listitem\">\n<h3 class=\"product-features__label\">R\u00e9cup\u00e9ration du caf\u00e9<\/h3>\n<ul role=\"list\">\n<li class=\"product-features__item-list__item\" role=\"listitem\"><span class=\"is--medium\">\u00c9jection capsules\/dosettes :<\/span> Manuel\t\t\t\t\t<\/li>\n<li class=\"product-features__item-list__item\" role=\"listitem\"><span class=\"is--medium\">Bac \u00e0 capsules amovible :<\/span> Oui\t\t\t\t\t<\/li>\n<li class=\"product-features__item-list__item\" role=\"listitem\"><span class=\"is--medium\">Capacit\u00e9 du bac \u00e0 capsules usag\u00e9es :<\/span> 20\t\t\t\t\t<\/li>\n<\/ul>\n<\/li>\n<li class=\"product-features__item\" role=\"listitem\">\n<h3 class=\"product-features__label\">Informations compl\u00e9mentaires<\/h3>\n<ul role=\"list\">\n<li class=\"product-features__item-list__item\" role=\"listitem\"><span class=\"is--medium\">Fabriqu\u00e9 en :<\/span> Portugal\t\t\t\t\t<\/li>\n<li class=\"product-features__item-list__item\" role=\"listitem\"><span class=\"is--medium\">Garantie :<\/span> 2 ans\t\t\t\t\t<\/li>\n<li class=\"product-features__item-list__item\" role=\"listitem\"><span class=\"is--medium\">Disponibilit\u00e9 des pi\u00e8ces d\u00e9tach\u00e9es (donn\u00e9es fournisseur) :<\/span> Pendant 10 ans, \u00e0 compter de la date d&rsquo;achat\t\t\t\t\t<\/li>\n<li class=\"product-features__item-list__item\" role=\"listitem\"><span class=\"is--medium\">R\u00e9f\u00e9rence constructeur :<\/span> CLC835 MC\t\t\t\t\t<\/li>\n<li class=\"product-features__item-list__item\" role=\"listitem\"><span class=\"is--medium\">Marque :<\/span> TEKA\t\t\t\t\t<\/li>\n<\/ul>\n<\/li>\n<li class=\"product-features__item\" role=\"listitem\">\n<h3 class=\"product-features__label\">Dimensions<\/h3>\n<ul role=\"list\">\n<li class=\"product-features__item-list__item\" role=\"listitem\"><span class=\"is--medium\">Dimensions l x h x p :<\/span> 59.5 x 45.5 x 33 cm\t\t\t\t\t<\/li>\n<li class=\"product-features__item-list__item\" role=\"listitem\"><span class=\"is--medium\">Poids Net :<\/span> 18,7 kg\t\t\t\t\t<\/li>\n<li class=\"product-features__item-list__item\" role=\"listitem\"><span class=\"is--medium\">Poids Brut :<\/span> 20,6 kg\t\t\t\t\t<\/li>\n<\/ul>\n<\/li>\n<\/ul>\n<\/div>\n<div class=\"product__disclosure-content\">\n<div class=\"js-read-more product-description__content read-more read-more--truncated\" data-read-more-name=\"description\" style=\"max-height: 500px; overflow: hidden;\">\n<p>R\u00e9alisez de d\u00e9licieux caf\u00e9s gr\u00e2ce \u00e0 une machine \u00e0 caf\u00e9 expresso performante et dot\u00e9e de nombreuses possibilit\u00e9s de personnalisation. Selon la taille du caf\u00e9 que vous d\u00e9sirez ou la temp\u00e9rature, cr\u00e9ez le caf\u00e9 parfait pour vous chaque matin. Capsules ou caf\u00e9 moulu, choisissez votre boisson pr\u00e9f\u00e9r\u00e9e au quotidien, pour vous et vos proches.<\/p>\n<h3><img fetchpriority=\"high\" decoding=\"async\" ,=\"\" alt=\"Exp-Encast TEKA CLC835 MC\" class=\"wy_tableau_gauche\" height=\"270\" src=\"https:\/\/boulanger.scene7.com\/is\/image\/Boulanger\/8421152145616_h_f_l_0?wid=400&amp;hei=270\" width=\"400\"\/>Performante et personnalisable<\/h3>\n<p>La machine \u00e0 caf\u00e9 expresso encastrable TEKA CLC835 MC est particuli\u00e8rement performante, avec une <b>pression de 19 bars<\/b>. Cela vous permet de r\u00e9aliser de d\u00e9licieux caf\u00e9s tous les matins ou \u00e0 tout moment de la journ\u00e9e, pour vous et votre famille. Pression : 19 bars. Dot\u00e9e d&rsquo;un <b>support de tasse r\u00e9glable en hauteur sur 3 niveaux<\/b> et d&rsquo;une <b>capacit\u00e9 d&rsquo;1L<\/b>, la machine \u00e0 caf\u00e9 expresso encastrable TEKA CLC835 MC vous permet de choisir la quantit\u00e9 de caf\u00e9 que vous d\u00e9sirez. Petite ou grande tasse, optez pour le caf\u00e9 qui vous correspond selon vos envies.<\/p>\n<h3><img decoding=\"async\" ,=\"\" alt=\"Exp-Encast TEKA CLC835 MC\" class=\"wy_tableau_right\" height=\"270\" src=\"https:\/\/boulanger.scene7.com\/is\/image\/Boulanger\/8421152145616_h_f_l_1?wid=400&amp;hei=270\" width=\"400\"\/>Pratique et r\u00e9glable \u00e0 l&rsquo;infini<\/h3>\n<p>La machine \u00e0 caf\u00e9 expresso encastrable TEKA CLC835 MC dispose d&rsquo;un <b>panneau de commande tactile avec un \u00e9cran TFT 4 pouces<\/b>, pour plus de facilit\u00e9 lors de la s\u00e9lection des r\u00e9glages de votre prochain caf\u00e9. <b>Temp\u00e9rature, taille ou encore recette<\/b>, faites votre choix parmi les diff\u00e9rents modes de pr\u00e9paration du caf\u00e9.<\/p>\n<p><b>Multicapsules<\/b>, la machine \u00e0 caf\u00e9 expresso encastrable TEKA CLC835 MC peut \u00eatre utilis\u00e9e avec diff\u00e9rentes marques de capsules comme Nespresso, Lavazza, ou encore Caffitaly. Avec ses <b>3 programmes automatiques<\/b>, r\u00e9alisez facilement un expresso, une eau chaude ou encore de la vapeur.<\/p>\n<\/p>\n<\/div>\n<p><bl-button a11yexpanded=\"false\" arialabel=\"Afficher toute la description\" class=\"read-more__btn\" full=\"false\" link=\"true\">Voir plus<\/bl-button><\/div>","protected":false},"excerpt":{"rendered":"<div class=\"keypoints\">\n<h3 class=\"keypoints__title\">Les points cl\u00e9s<\/h3>\n<ul role=\"list\">\n<li class=\"keypoints__item\" role=\"listitem\">                          Expresso encastrable &#8211;                                                      Pression : 19 bars                      <\/li>\n<li class=\"keypoints__item\" role=\"listitem\">                                        Capacit\u00e9 en eau : 1 L                      <\/li>\n<li class=\"keypoints__item\" role=\"listitem\">                                        Nespresso\u00ae, Lavazza\u00ae, Caffitaly\u00ae, E.S.E. pod , caf\u00e9 moulu                      <\/li>\n<li class=\"keypoints__item keypoints__item--advantage\" role=\"listitem\"><strong>Le + :<\/strong> Multicapsules, 3 programmes automatiques pour un expresso, une eau chaude ou encore de la vapeur.      <\/li>\n<\/ul>","protected":false},"featured_media":41397,"template":"","meta":{"_glsr_average":0,"_glsr_ranking":0,"_glsr_reviews":0},"product_cat":[281],"product_tag":[283,131,282],"class_list":{"0":"post-99418","1":"product","2":"type-product","3":"status-publish","4":"has-post-thumbnail","6":"product_cat-expresso-broyeur-encastrable","7":"product_tag-expresso-broyeur-encastrable","8":"product_tag-gros-electromenager","9":"product_tag-machine-a-cafe-encastrable","11":"first","12":"instock","13":"sale","14":"shipping-taxable","15":"purchasable","16":"product-type-simple"},"_links":{"self":[{"href":"https:\/\/electromenagerexpress.com\/en\/wp-json\/wp\/v2\/product\/99418","targetHints":{"allow":["GET"]}}],"collection":[{"href":"https:\/\/electromenagerexpress.com\/en\/wp-json\/wp\/v2\/product"}],"about":[{"href":"https:\/\/electromenagerexpress.com\/en\/wp-json\/wp\/v2\/types\/product"}],"wp:featuredmedia":[{"embeddable":true,"href":"https:\/\/electromenagerexpress.com\/en\/wp-json\/wp\/v2\/media\/41397"}],"wp:attachment":[{"href":"https:\/\/electromenagerexpress.com\/en\/wp-json\/wp\/v2\/media?parent=99418"}],"wp:term":[{"taxonomy":"product_cat","embeddable":true,"href":"https:\/\/electromenagerexpress.com\/en\/wp-json\/wp\/v2\/product_cat?post=99418"},{"taxonomy":"product_tag","embeddable":true,"href":"https:\/\/electromenagerexpress.com\/en\/wp-json\/wp\/v2\/product_tag?post=99418"}],"curies":[{"name":"wp","href":"https:\/\/api.w.org\/{rel}","templated":true}]}}