{"id":99410,"date":"2024-11-28T10:54:41","date_gmt":"2024-11-28T10:54:41","guid":{"rendered":"https:\/\/electromenagerexpress.com\/product\/cave-a-vin-vieillissementhaierhws247geh1\/"},"modified":"2024-11-28T10:54:43","modified_gmt":"2024-11-28T10:54:43","slug":"cave-a-vin-vieillissementhaierhws247geh1","status":"publish","type":"product","link":"https:\/\/electromenagerexpress.com\/en\/product\/cave-a-vin-vieillissementhaierhws247geh1\/","title":{"rendered":"Cave \u00e0 vin vieillissement\t\t\t\t\t\t\tHAIER\t\t\t\tHWS247GEH1"},"content":{"rendered":"<div class=\"product-features__content\">\n<ul role=\"list\">\n<li class=\"product-features__item\" role=\"listitem\">\n<h3 class=\"product-features__label\">Nos services de livraison<\/h3>\n<ul role=\"list\">\n<li class=\"product-features__item-list__item\" role=\"listitem\"><span class=\"is--medium\">Livraison et reprise de votre ancien appareil offerts \u00e0 partir de 379 \u20ac :<\/span> <a href=\"https:\/\/www.boulanger.com\/evenement\/livraison-domicile\" target=\"_blank\">en sa<\/a><\/li>\n<\/ul>\n<\/li>\n<li class=\"product-features__item\" role=\"listitem\">\n<h3 class=\"product-features__label\">Choisir ce produit pour quel usage ?<\/h3>\n<ul role=\"list\">\n<li class=\"product-features__item-list__item\" role=\"listitem\"><span class=\"is--medium\">Type d&rsquo;appareil :<\/span> cave de vieillissement, elle conserve les bouteilles pendant plusieurs ann\u00e9es de mani\u00e8re optimale. Id\u00e9ale pour les collectionneurs et les oenophiles avertis.\t\t\t\t\t<\/li>\n<li class=\"product-features__item-list__item\" role=\"listitem\"><span class=\"is--medium\">Type d&rsquo;installation :<\/span> pose libre, installez votre cave o\u00f9 vous le souhaitez dans votre cuisine ou dans n&rsquo;importe quelle autre pi\u00e8ce : cave, v\u00e9randa&#8230;\t\t\t\t\t<\/li>\n<li class=\"product-features__item-list__item\" role=\"listitem\"><span class=\"is--medium\">Comment choisir ma cave \u00e0 vin ? :<\/span> d\u00e9couvrez nos conseils en <a href=\"https:\/\/www.boulanger.com\/evenement\/cave-a-vin\" target=\"_blank\">en sa<\/a><\/li>\n<\/ul>\n<\/li>\n<li class=\"product-features__item\" role=\"listitem\">\n<h3 class=\"product-features__label\">Agencement et esthetique<\/h3>\n<ul role=\"list\">\n<li class=\"product-features__item-list__item\" role=\"listitem\"><span class=\"is--medium\">Nombre de bouteilles (type bordelaises l\u00e9g\u00e8res) :<\/span> 247\t\t\t\t\t<\/li>\n<li class=\"product-features__item-list__item\" role=\"listitem\"><span class=\"is--medium\">Le saviez-vous ? :<\/span> La capacit\u00e9 annonc\u00e9e est la capacit\u00e9 maximale mesur\u00e9e selon le standard europ\u00e9en EN62552. Ce standard est calcul\u00e9 avec des bouteilles 75cl type bordeaux tradition. La capacit\u00e9 annonc\u00e9e correspond donc au nombre de bouteilles de bordeaux possibles avec le nombre de clayettes fournies dans la cave.\t\t\t\t\t<\/li>\n<li class=\"product-features__item-list__item\" role=\"listitem\"><span class=\"is--medium\">Volume total :<\/span> 450 litres\t\t\t\t\t<\/li>\n<li class=\"product-features__item-list__item\" role=\"listitem\"><span class=\"is--medium\">Type de clayettes :<\/span> clayette coulissante et de stockage, permet d&rsquo;optimiser le rangement \u00e0 l&rsquo;int\u00e9rieur de la cave \u00e0 vin et de pr\u00e9senter des bouteilles en position verticale, semi-inclin\u00e9e et superposer.\t\t\t\t\t<\/li>\n<li class=\"product-features__item-list__item\" role=\"listitem\"><span class=\"is--medium\">Nombre de clayette(s) :<\/span> 5\t\t\t\t\t<\/li>\n<li class=\"product-features__item-list__item\" role=\"listitem\"><span class=\"is--medium\">Mat\u00e9riau des clayettes :<\/span> bois, permet d&rsquo;offrir une consevation optimale pour le vin en maintenant le li\u00e8ge en contact avec le vin et une durabilit\u00e9 \u00e0 long terme\t\t\t\t\t<\/li>\n<li class=\"product-features__item-list__item\" role=\"listitem\"><span class=\"is--medium\">Type de vin possible :<\/span> Un seul type de vin\t\t\t\t\t<\/li>\n<li class=\"product-features__item-list__item\" role=\"listitem\"><span class=\"is--medium\">Eclairage :<\/span> LED\t\t\t\t\t<\/li>\n<li class=\"product-features__item-list__item\" role=\"listitem\"><span class=\"is--medium\">Option de l&rsquo;\u00e9clairage :<\/span> cet appareil est \u00e9quip\u00e9 d&rsquo;une fonction \u00e9clairage d&rsquo;ambiance pour faire de votre cave un \u00e9l\u00e9ment de d\u00e9coration\t\t\t\t\t<\/li>\n<li class=\"product-features__item-list__item\" role=\"listitem\"><span class=\"is--medium\">Porte r\u00e9versible :<\/span> Oui, vous permet de changer le sens d&rsquo;ouverture de la porte. Ce changement peut s&rsquo;effectuer lors de l&rsquo;installationde votre produit\t\t\t\t\t<\/li>\n<li class=\"product-features__item-list__item\" role=\"listitem\"><span class=\"is--medium\">Sens d&rsquo;ouverture de la porte :<\/span> fixations \u00e0 droite r\u00e9versible\t\t\t\t\t<\/li>\n<li class=\"product-features__item-list__item\" role=\"listitem\"><span class=\"is--medium\">Coloris :<\/span> noir\t\t\t\t\t<\/li>\n<li class=\"product-features__item-list__item\" role=\"listitem\"><span class=\"is--medium\">Rev\u00eatement ext\u00e9rieur de la cave :<\/span> verre\t\t\t\t\t<\/li>\n<\/ul>\n<\/li>\n<li class=\"product-features__item\" role=\"listitem\">\n<h3 class=\"product-features__label\">Conditions optimales<\/h3>\n<ul role=\"list\">\n<li class=\"product-features__item-list__item\" role=\"listitem\"><span class=\"is--medium\">Type de porte :<\/span> vitr\u00e9e, permet de visualiser facilement les bouteilles sans avoir \u00e0 ouvrir la porte, ce qui r\u00e9duit la circulation de l&rsquo;air dans la cave et donc la variation de la temp\u00e9rature. Le traitement anti-uv prot\u00e8ge le contenu.\t\t\t\t\t<\/li>\n<li class=\"product-features__item-list__item\" role=\"listitem\"><span class=\"is--medium\">Cave :<\/span> mono-temp\u00e9rature\t\t\t\t\t<\/li>\n<li class=\"product-features__item-list__item\" role=\"listitem\"><span class=\"is--medium\">Conseil de rangement :<\/span> rangez du haut vers le bas vins rouges forts, vins ros\u00e9s ou rouges moyens, vins blancs\t\t\t\t\t<\/li>\n<li class=\"product-features__item-list__item\" role=\"listitem\"><span class=\"is--medium\">Plages de temp\u00e9rature :<\/span> De 5 \u00e0 20\u00b0C\t\t\t\t\t<\/li>\n<li class=\"product-features__item-list__item\" role=\"listitem\"><span class=\"is--medium\">Classe climatique :<\/span> la classe climatique SN-ST, ou classe subtropicale \u00e9largie (de 10\u00b0C \u00e0 38\u00b0C), permet un fonctionnement optimum dans des pi\u00e8ces \u00e0 temp\u00e9ratures basses. Id\u00e9ale pour une installation dans un garage, une v\u00e9randa ou une cave.\t\t\t\t\t<\/li>\n<li class=\"product-features__item-list__item\" role=\"listitem\"><span class=\"is--medium\">Zones de temp\u00e9ratures :<\/span> 1\t\t\t\t\t<\/li>\n<li class=\"product-features__item-list__item\" role=\"listitem\"><span class=\"is--medium\">A quoi servent les zones de temp\u00e9ratures ? :<\/span> elles permettent de stocker diff\u00e9rents types de vin dans des conditions de temp\u00e9rature optimales pour leur conservation et leur vieillissement afin de maintenir leur qualit\u00e9 et leur go\u00fbt \u00e0 long terme.\t\t\t\t\t<\/li>\n<li class=\"product-features__item-list__item\" role=\"listitem\"><span class=\"is--medium\">Alarme de temp\u00e9rature :<\/span> oui, permet d&rsquo;\u00eatre averti si la temp\u00e9rature de la cave \u00e0 vin sort de la plage de temp\u00e9ratures recommand\u00e9e et donc de prot\u00e9ger vos vins contre les dommages caus\u00e9s par une temp\u00e9rature trop \u00e9lev\u00e9e ou trop basse.\t\t\t\t\t<\/li>\n<li class=\"product-features__item-list__item\" role=\"listitem\"><span class=\"is--medium\">R\u00e9glage de la temp\u00e9rature :<\/span> \u00e9lectronique et connect\u00e9, permet d&rsquo;afficher la temp\u00e9rature et de la r\u00e9gler comme souhait\u00e9e m\u00eame \u00e0 distance\t\t\t\t\t<\/li>\n<li class=\"product-features__item-list__item\" role=\"listitem\"><span class=\"is--medium\">R\u00e9glage hygrom\u00e9trie :<\/span> Oui\t\t\t\t\t<\/li>\n<li class=\"product-features__item-list__item\" role=\"listitem\"><span class=\"is--medium\">Le saviez-vous ? :<\/span> le taux d&rsquo;humidit\u00e9 optimal doit \u00eatre compris entre 50% et 80% pour \u00e9viter les effets n\u00e9gatifs sur les bouchons en li\u00e8ge et les moisissures, il joue un r\u00f4le crucial dans la conservation et la qualit\u00e9 du vin.\t\t\t\t\t<\/li>\n<li class=\"product-features__item-list__item\" role=\"listitem\"><span class=\"is--medium\">Filtre \u00e0 charbon :<\/span> Oui\t\t\t\t\t<\/li>\n<li class=\"product-features__item-list__item\" role=\"listitem\"><span class=\"is--medium\">A quoi sert le filtre \u00e0 charbon ? :<\/span> il permet de maintenir une atmosph\u00e8re saine et exempt\u00e9e d&rsquo;odeurs ind\u00e9sirables qui pourraient affecter la qualit\u00e9 du vin. Le filtre \u00e0 charbon absorbe les odeurs et les impuret\u00e9s de l&rsquo;air, tout en les emp\u00eachant d&rsquo;entrer en contact avec le vin.\t\t\t\t\t<\/li>\n<li class=\"product-features__item-list__item\" role=\"listitem\"><span class=\"is--medium\">Anti vibration :<\/span> oui, permet de r\u00e9duire les vibrations qui peuvent affecter la qualit\u00e9 du vin en perturbant les s\u00e9diments et la stabilit\u00e9 des bouchons en li\u00e8ge\t\t\t\t\t<\/li>\n<li class=\"product-features__item-list__item\" role=\"listitem\"><span class=\"is--medium\">Mode shabbat :<\/span> Non\t\t\t\t\t<\/li>\n<\/ul>\n<\/li>\n<li class=\"product-features__item\" role=\"listitem\">\n<h3 class=\"product-features__label\">Equipement<\/h3>\n<ul role=\"list\">\n<li class=\"product-features__item-list__item\" role=\"listitem\"><span class=\"is--medium\">Type de poign\u00e9e(s) :<\/span> int\u00e9gr\u00e9e(s), poign\u00e9e(s) invisible(s) pour un rendu esth\u00e9tique\t\t\t\t\t<\/li>\n<li class=\"product-features__item-list__item\" role=\"listitem\"><span class=\"is--medium\">Fermeture \u00e0 serrure :<\/span> oui\t\t\t\t\t<\/li>\n<li class=\"product-features__item-list__item\" role=\"listitem\"><span class=\"is--medium\">Niveau sonore :<\/span> tr\u00e8s silencieux (35 db)\t\t\t\t\t<\/li>\n<li class=\"product-features__item-list__item\" role=\"listitem\"><span class=\"is--medium\">Classe d&rsquo;\u00e9mission de bruit acoustique dans l&rsquo;air :<\/span> B\t\t\t\t\t<\/li>\n<li class=\"product-features__item-list__item\" role=\"listitem\"><span class=\"is--medium\">Connect\u00e9e wifi :<\/span> oui\t\t\t\t\t<\/li>\n<li class=\"product-features__item-list__item\" role=\"listitem\"><span class=\"is--medium\">Label \u00e9nergie :<\/span> E\t\t\t\t\t<\/li>\n<li class=\"product-features__item-list__item\" role=\"listitem\"><span class=\"is--medium\">Consommation :<\/span> 107 kWh\/an\t\t\t\t\t<\/li>\n<li class=\"product-features__item-list__item\" role=\"listitem\"><span class=\"is--medium\">Co\u00fbt annuel d&rsquo;utilisation (calcul\u00e9 selon un co\u00fbt unitaire en \u00e9l\u00e9ctricit\u00e9 de 0.2062 euros\/Kwh) :<\/span> 27 euros par an\t\t\t\t\t<\/li>\n<\/ul>\n<\/li>\n<li class=\"product-features__item\" role=\"listitem\">\n<h3 class=\"product-features__label\">Dimensions<\/h3>\n<ul role=\"list\">\n<li class=\"product-features__item-list__item\" role=\"listitem\"><span class=\"is--medium\">L x H x P :<\/span> 59.5 x 190.5 x 71 cm\t\t\t\t\t<\/li>\n<li class=\"product-features__item-list__item\" role=\"listitem\"><span class=\"is--medium\">Poids net :<\/span> 96,0 kg\t\t\t\t\t<\/li>\n<li class=\"product-features__item-list__item\" role=\"listitem\"><span class=\"is--medium\">Poids brut :<\/span> 105,0 kg\t\t\t\t\t<\/li>\n<\/ul>\n<\/li>\n<li class=\"product-features__item\" role=\"listitem\">\n<h3 class=\"product-features__label\">Informations compl\u00e9mentaires<\/h3>\n<ul role=\"list\">\n<li class=\"product-features__item-list__item\" role=\"listitem\"><span class=\"is--medium\">Garantie :<\/span> 2 ans\t\t\t\t\t<\/li>\n<li class=\"product-features__item-list__item\" role=\"listitem\"><span class=\"is--medium\">Disponibilit\u00e9 des pi\u00e8ces d\u00e9tach\u00e9es (donn\u00e9es fournisseur) :<\/span> Pendant 10 ans, \u00e0 compter de la date d&rsquo;achat\t\t\t\t\t<\/li>\n<li class=\"product-features__item-list__item\" role=\"listitem\"><span class=\"is--medium\">Fabriqu\u00e9 en :<\/span> Chine\t\t\t\t\t<\/li>\n<li class=\"product-features__item-list__item\" role=\"listitem\"><span class=\"is--medium\">Marque :<\/span> HAIER\t\t\t\t\t<\/li>\n<li class=\"product-features__item-list__item\" role=\"listitem\"><span class=\"is--medium\">R\u00e9f\u00e9rence constructeur :<\/span> HWS247GEH1\t\t\t\t\t<\/li>\n<li class=\"product-features__item-list__item\" role=\"listitem\"><span class=\"is--medium\">Les services boulanger :<\/span> <a href=\"https:\/\/www.boulanger.com\/evenement\/livraison-domicile\" target=\"_blank\">cliquez ici pour d\u00e9couvrir tous nos services<\/a><\/li>\n<\/ul>\n<\/li>\n<li class=\"product-features__item\" role=\"listitem\">\n<h3 class=\"product-features__label\">Boulanger INFINITY<\/h3>\n<ul role=\"list\">\n<li class=\"product-features__item-list__item\" role=\"listitem\"><span class=\"is--medium\">R\u00e9parez en illimit\u00e9* vos appareils achet\u00e9s chez Boulanger ou ailleurs (*conditions d\u00e9taill\u00e9es dans la notice d&rsquo;information de la garantie Boulanger INFINITY) :<\/span> <a href=\"http:\/\/www.boulanger.com\/evenement\/boulanger-infinity\" target=\"_blank\">en sa<\/a><\/li>\n<\/ul>\n<\/li>\n<\/ul>\n<\/div>\n<div class=\"product__disclosure-content\">\n<div class=\"js-read-more product-description__content read-more read-more--truncated\" data-read-more-name=\"description\" style=\"max-height: 500px; overflow: hidden;\">\n<div class=\"product__description-content read-more\" style=\"\">\n<p>Haier HWS247GEH1 : L&rsquo;excellence en mati\u00e8re de conservation du vin<\/p>\n<h3> <img fetchpriority=\"high\" decoding=\"async\" ,=\"\" alt=\"Cave \u00e0 vin vieillissement HAIER HWS247GEH1\" class=\"wy_tableau_gauche\" height=\"270\" src=\"https:\/\/boulanger.scene7.com\/is\/image\/Boulanger\/6930265343632_h_f_l_0?wid=400&amp;hei=270\" width=\"400\"\/>Technologie de pointe pour une pr\u00e9servation parfaite                    <\/h3>\n<p>                        La cave \u00e0 vin de vieillissement Haier HWS247GEH1, issue de la Wine Bank 60 Series 5, est con\u00e7ue pour offrir une conservation optimale \u00e0 une collection jusqu&rsquo;\u00e0 247 bouteilles. Gr\u00e2ce \u00e0 la technologie brevet\u00e9e Natural AirFlow, cette cave garantit un taux d&rsquo;humidit\u00e9 id\u00e9al et une circulation de l&rsquo;air anti-gravit\u00e9, assurant ainsi une r\u00e9partition homog\u00e8ne de l&rsquo;air \u00e0 l&rsquo;int\u00e9rieur de l&rsquo;appareil. La porte vitr\u00e9e triple \u00e9paisseur trait\u00e9e anti-UV prot\u00e8ge les pr\u00e9cieux crus de l&rsquo;oxydation due aux rayons ultraviolets, tout en permettant une visibilit\u00e9 \u00e9l\u00e9gante de votre collection. De plus, le syst\u00e8me anti-vibration mont\u00e9 sur Silent Blocs pr\u00e9serve le vin des micro-vibrations et assure un fonctionnement silencieux, avec un niveau sonore de seulement 35 dB(A).                    <\/p>\n<\/p>\n<h3> <img decoding=\"async\" ,=\"\" alt=\"Cave \u00e0 vin vieillissement HAIER HWS247GEH1\" class=\"wy_tableau_right\" height=\"270\" src=\"https:\/\/boulanger.scene7.com\/is\/image\/Boulanger\/6930265343632_h_f_l_1?wid=400&amp;hei=270\" width=\"400\"\/>Confort d&rsquo;utilisation et connectivit\u00e9 avanc\u00e9e                    <\/h3>\n<p>                        Outre ses performances exceptionnelles en mati\u00e8re de conservation, la cave \u00e0 vin Haier HWS247GEH1 se distingue par sa facilit\u00e9 d&rsquo;utilisation et sa connectivit\u00e9. L&rsquo;interface de contr\u00f4le \u00e9lectronique et l&rsquo;\u00e9clairage int\u00e9rieur LED offrent une manipulation intuitive et une visibilit\u00e9 parfaite. La connectivit\u00e9 Wi-Fi et l&rsquo;application hOn transforment votre exp\u00e9rience en permettant le contr\u00f4le \u00e0 distance, la cr\u00e9ation d&rsquo;un inventaire virtuel et la d\u00e9couverte de nouvelles r\u00e9f\u00e9rences selon vos go\u00fbts. La porte r\u00e9versible offre une flexibilit\u00e9 d&rsquo;installation, tandis que la classe \u00e9nerg\u00e9tique E et la consommation annuelle de 107 kWh t\u00e9moignent d&rsquo;une efficacit\u00e9 \u00e9nerg\u00e9tique adapt\u00e9e aux standards actuels. Avec ses dimensions g\u00e9n\u00e9reuses et ses accessoires pratiques comme les clayettes en bois, cette cave \u00e0 vin est un choix de pr\u00e9dilection pour les amateurs et les connaisseurs exigeants.                    <\/p>\n<\/p><\/div>\n<\/p>\n<\/div>\n<p><bl-button a11yexpanded=\"false\" arialabel=\"Afficher toute la description\" class=\"read-more__btn\" full=\"false\" link=\"true\"><\/bl-button><\/div>","protected":false},"excerpt":{"rendered":"<div class=\"keypoints\">\n<h3 class=\"keypoints__title\">Les points cl\u00e9s<\/h3>\n<ul role=\"list\">\n<li class=\"keypoints__item\" role=\"listitem\">                          Nombre de bouteilles : 247 &#8211;                                                      Nombre de clayette(s) : 5                      <\/li>\n<li class=\"keypoints__item\" role=\"listitem\">                                        L x H x P : 59.5 x 190.5 x 71 cm                      <\/li>\n<li class=\"keypoints__item\" role=\"listitem\">                          R\u00e9glage temp\u00e9rature : connect\u00e9 et \u00e9lectronique &#8211;                                                      Nombre de zones : 1 zone                      <\/li>\n<li class=\"keypoints__item\" role=\"listitem\">                                        Niveau sonore : Tr\u00e8s Silencieux (35dB)                      <\/li>\n<li class=\"keypoints__item keypoints__item--advantage\" role=\"listitem\"><strong>Le + :<\/strong> Natural AirFlow assure un taux d\u2019humidit\u00e9 optimal      <\/li>\n<\/ul>","protected":false},"featured_media":41325,"template":"","meta":{"_glsr_average":0,"_glsr_ranking":0,"_glsr_reviews":0},"product_cat":[272],"product_tag":[195,273,131],"class_list":{"0":"post-99410","1":"product","2":"type-product","3":"status-publish","4":"has-post-thumbnail","6":"product_cat-cave-de-vieillissement","7":"product_tag-cave-a-vin","8":"product_tag-cave-de-vieillissement","9":"product_tag-gros-electromenager","11":"first","12":"instock","13":"sale","14":"shipping-taxable","15":"purchasable","16":"product-type-simple"},"_links":{"self":[{"href":"https:\/\/electromenagerexpress.com\/en\/wp-json\/wp\/v2\/product\/99410","targetHints":{"allow":["GET"]}}],"collection":[{"href":"https:\/\/electromenagerexpress.com\/en\/wp-json\/wp\/v2\/product"}],"about":[{"href":"https:\/\/electromenagerexpress.com\/en\/wp-json\/wp\/v2\/types\/product"}],"wp:featuredmedia":[{"embeddable":true,"href":"https:\/\/electromenagerexpress.com\/en\/wp-json\/wp\/v2\/media\/41325"}],"wp:attachment":[{"href":"https:\/\/electromenagerexpress.com\/en\/wp-json\/wp\/v2\/media?parent=99410"}],"wp:term":[{"taxonomy":"product_cat","embeddable":true,"href":"https:\/\/electromenagerexpress.com\/en\/wp-json\/wp\/v2\/product_cat?post=99410"},{"taxonomy":"product_tag","embeddable":true,"href":"https:\/\/electromenagerexpress.com\/en\/wp-json\/wp\/v2\/product_tag?post=99410"}],"curies":[{"name":"wp","href":"https:\/\/api.w.org\/{rel}","templated":true}]}}