{"id":99403,"date":"2024-11-28T10:54:11","date_gmt":"2024-11-28T10:54:11","guid":{"rendered":"https:\/\/electromenagerexpress.com\/product\/cave-a-cigaresklarsteinel-dorado-89-noir\/"},"modified":"2024-11-28T10:54:15","modified_gmt":"2024-11-28T10:54:15","slug":"cave-a-cigaresklarsteinel-dorado-89-noir","status":"publish","type":"product","link":"https:\/\/electromenagerexpress.com\/en\/product\/cave-a-cigaresklarsteinel-dorado-89-noir\/","title":{"rendered":"Cave \u00e0 cigares\t\t\t\t\t\t\tKLARSTEIN\t\t\t\tEl Dorado 89 &#8211; Noir"},"content":{"rendered":"<div class=\"product-features__content\">\n<ul role=\"list\">\n<li class=\"product-features__item\" role=\"listitem\">\n<h3 class=\"product-features__label\">Nos services de livraison<\/h3>\n<ul role=\"list\">\n<li class=\"product-features__item-list__item\" role=\"listitem\"><span class=\"is--medium\">Livraison et reprise de votre ancien appareil offerts \u00e0 partir de 379 \u20ac :<\/span> <a href=\"https:\/\/www.boulanger.com\/evenement\/livraison-domicile\" target=\"_blank\">en sa<\/a><\/li>\n<\/ul>\n<\/li>\n<li class=\"product-features__item\" role=\"listitem\">\n<h3 class=\"product-features__label\">Choisir ce produit pour quel usage ?<\/h3>\n<ul role=\"list\">\n<li class=\"product-features__item-list__item\" role=\"listitem\"><span class=\"is--medium\">Type d&rsquo;appareil :<\/span> cave \u00e0 cigares\t\t\t\t\t<\/li>\n<li class=\"product-features__item-list__item\" role=\"listitem\"><span class=\"is--medium\">Type d&rsquo;installation :<\/span> pose libre, installez votre cave o\u00f9 vous le souhaitez dans votre cuisine ou dans n&rsquo;importe quelle autre pi\u00e8ce : cave, v\u00e9randa&#8230;\t\t\t\t\t<\/li>\n<\/ul>\n<\/li>\n<li class=\"product-features__item\" role=\"listitem\">\n<h3 class=\"product-features__label\">Agencement et esthetique<\/h3>\n<ul role=\"list\">\n<li class=\"product-features__item-list__item\" role=\"listitem\"><span class=\"is--medium\">Nombre de bouteilles (type bordelaises l\u00e9g\u00e8res) :<\/span> 33\t\t\t\t\t<\/li>\n<li class=\"product-features__item-list__item\" role=\"listitem\"><span class=\"is--medium\">Type de clayettes :<\/span> clayette coulissante, permet d&rsquo;optimiser le rangement \u00e0 l&rsquo;int\u00e9rieur de la cave \u00e0 vin et d&rsquo;acc\u00e9der facilement aux bouteilles du fond\t\t\t\t\t<\/li>\n<li class=\"product-features__item-list__item\" role=\"listitem\"><span class=\"is--medium\">Nombre de clayette(s) :<\/span> 5\t\t\t\t\t<\/li>\n<li class=\"product-features__item-list__item\" role=\"listitem\"><span class=\"is--medium\">Mat\u00e9riau des clayettes :<\/span> bois, permet d&rsquo;offrir une consevation optimale pour le vin en maintenant le li\u00e8ge en contact avec le vin et une durabilit\u00e9 \u00e0 long terme\t\t\t\t\t<\/li>\n<li class=\"product-features__item-list__item\" role=\"listitem\"><span class=\"is--medium\">Type de vin possible :<\/span> Non concern\u00e9\t\t\t\t\t<\/li>\n<li class=\"product-features__item-list__item\" role=\"listitem\"><span class=\"is--medium\">Eclairage :<\/span> plafonnier\t\t\t\t\t<\/li>\n<li class=\"product-features__item-list__item\" role=\"listitem\"><span class=\"is--medium\">Sens d&rsquo;ouverture de la porte :<\/span> fixations \u00e0 droite non r\u00e9versible\t\t\t\t\t<\/li>\n<li class=\"product-features__item-list__item\" role=\"listitem\"><span class=\"is--medium\">Coloris :<\/span> noir\t\t\t\t\t<\/li>\n<\/ul>\n<\/li>\n<li class=\"product-features__item\" role=\"listitem\">\n<h3 class=\"product-features__label\">Conditions optimales<\/h3>\n<ul role=\"list\">\n<li class=\"product-features__item-list__item\" role=\"listitem\"><span class=\"is--medium\">Type de porte :<\/span> vitr\u00e9e, permet de visualiser facilement les bouteilles sans avoir \u00e0 ouvrir la porte, ce qui r\u00e9duit la circulation de l&rsquo;air dans la cave et donc la variation de la temp\u00e9rature. Le traitement anti-uv prot\u00e8ge le contenu.\t\t\t\t\t<\/li>\n<li class=\"product-features__item-list__item\" role=\"listitem\"><span class=\"is--medium\">Plages de temp\u00e9rature :<\/span> De 5 \u00e0 18\u00b0C\t\t\t\t\t<\/li>\n<li class=\"product-features__item-list__item\" role=\"listitem\"><span class=\"is--medium\">Zones de temp\u00e9ratures :<\/span> 2\t\t\t\t\t<\/li>\n<li class=\"product-features__item-list__item\" role=\"listitem\"><span class=\"is--medium\">A quoi servent les zones de temp\u00e9ratures ? :<\/span> elles permettent de stocker diff\u00e9rents types de vin dans des conditions de temp\u00e9rature optimales pour leur conservation et leur vieillissement afin de maintenir leur qualit\u00e9 et leur go\u00fbt \u00e0 long terme.\t\t\t\t\t<\/li>\n<li class=\"product-features__item-list__item\" role=\"listitem\"><span class=\"is--medium\">R\u00e9glage de la temp\u00e9rature :<\/span> thermostat m\u00e9canique\t\t\t\t\t<\/li>\n<li class=\"product-features__item-list__item\" role=\"listitem\"><span class=\"is--medium\">R\u00e9glage hygrom\u00e9trie :<\/span> Oui\t\t\t\t\t<\/li>\n<li class=\"product-features__item-list__item\" role=\"listitem\"><span class=\"is--medium\">Le saviez-vous ? :<\/span> le taux d&rsquo;humidit\u00e9 optimal doit \u00eatre compris entre 50% et 80% pour \u00e9viter les effets n\u00e9gatifs sur les bouchons en li\u00e8ge et les moisissures, il joue un r\u00f4le crucial dans la conservation et la qualit\u00e9 du vin.\t\t\t\t\t<\/li>\n<li class=\"product-features__item-list__item\" role=\"listitem\"><span class=\"is--medium\">Filtre \u00e0 charbon :<\/span> Non\t\t\t\t\t<\/li>\n<li class=\"product-features__item-list__item\" role=\"listitem\"><span class=\"is--medium\">Mode shabbat :<\/span> Non\t\t\t\t\t<\/li>\n<\/ul>\n<\/li>\n<li class=\"product-features__item\" role=\"listitem\">\n<h3 class=\"product-features__label\">Equipement<\/h3>\n<ul role=\"list\">\n<li class=\"product-features__item-list__item\" role=\"listitem\"><span class=\"is--medium\">Fermeture \u00e0 serrure :<\/span> non\t\t\t\t\t<\/li>\n<li class=\"product-features__item-list__item\" role=\"listitem\"><span class=\"is--medium\">Pieds r\u00e9glables :<\/span> non\t\t\t\t\t<\/li>\n<li class=\"product-features__item-list__item\" role=\"listitem\"><span class=\"is--medium\">Roulettes :<\/span> Non\t\t\t\t\t<\/li>\n<li class=\"product-features__item-list__item\" role=\"listitem\"><span class=\"is--medium\">Niveau sonore :<\/span> niveau sonore standard (41 db)\t\t\t\t\t<\/li>\n<li class=\"product-features__item-list__item\" role=\"listitem\"><span class=\"is--medium\">Classe d&rsquo;\u00e9mission de bruit acoustique dans l&rsquo;air :<\/span> C\t\t\t\t\t<\/li>\n<li class=\"product-features__item-list__item\" role=\"listitem\"><span class=\"is--medium\">Connect\u00e9e wifi :<\/span> non\t\t\t\t\t<\/li>\n<li class=\"product-features__item-list__item\" role=\"listitem\"><span class=\"is--medium\">Label \u00e9nergie :<\/span> F\t\t\t\t\t<\/li>\n<li class=\"product-features__item-list__item\" role=\"listitem\"><span class=\"is--medium\">Consommation :<\/span> 95 kWh\/an\t\t\t\t\t<\/li>\n<li class=\"product-features__item-list__item\" role=\"listitem\"><span class=\"is--medium\">Co\u00fbt annuel d&rsquo;utilisation (calcul\u00e9 selon un co\u00fbt unitaire en \u00e9l\u00e9ctricit\u00e9 de 0.2062 euros\/Kwh) :<\/span> 24 euros par an\t\t\t\t\t<\/li>\n<\/ul>\n<\/li>\n<li class=\"product-features__item\" role=\"listitem\">\n<h3 class=\"product-features__label\">Dimensions<\/h3>\n<ul role=\"list\">\n<li class=\"product-features__item-list__item\" role=\"listitem\"><span class=\"is--medium\">L x H x P :<\/span> 39.5 x 84 x 58 cm\t\t\t\t\t<\/li>\n<li class=\"product-features__item-list__item\" role=\"listitem\"><span class=\"is--medium\">Poids net :<\/span> 35,0 kg\t\t\t\t\t<\/li>\n<li class=\"product-features__item-list__item\" role=\"listitem\"><span class=\"is--medium\">Poids brut :<\/span> 35,0 kg\t\t\t\t\t<\/li>\n<\/ul>\n<\/li>\n<li class=\"product-features__item\" role=\"listitem\">\n<h3 class=\"product-features__label\">Informations compl\u00e9mentaires<\/h3>\n<ul role=\"list\">\n<li class=\"product-features__item-list__item\" role=\"listitem\"><span class=\"is--medium\">Disponibilit\u00e9 des pi\u00e8ces d\u00e9tach\u00e9es (donn\u00e9es fournisseur) :<\/span> Non concern\u00e9\t\t\t\t\t<\/li>\n<li class=\"product-features__item-list__item\" role=\"listitem\"><span class=\"is--medium\">Fabriqu\u00e9 en :<\/span> Chine\t\t\t\t\t<\/li>\n<li class=\"product-features__item-list__item\" role=\"listitem\"><span class=\"is--medium\">Marque :<\/span> KLARSTEIN\t\t\t\t\t<\/li>\n<li class=\"product-features__item-list__item\" role=\"listitem\"><span class=\"is--medium\">R\u00e9f\u00e9rence constructeur :<\/span> El Dorado 89 &#8211; Noir\t\t\t\t\t<\/li>\n<li class=\"product-features__item-list__item\" role=\"listitem\"><span class=\"is--medium\">Les services boulanger :<\/span> <a href=\"https:\/\/www.boulanger.com\/evenement\/livraison-domicile\" target=\"_blank\">cliquez ici pour d\u00e9couvrir tous nos services<\/a><\/li>\n<\/ul>\n<\/li>\n<li class=\"product-features__item\" role=\"listitem\">\n<h3 class=\"product-features__label\">Boulanger INFINITY<\/h3>\n<ul role=\"list\">\n<li class=\"product-features__item-list__item\" role=\"listitem\"><span class=\"is--medium\">R\u00e9parez en illimit\u00e9* vos appareils achet\u00e9s chez Boulanger ou ailleurs (*conditions d\u00e9taill\u00e9es dans la notice d&rsquo;information de la garantie Boulanger INFINITY) :<\/span> <a href=\"http:\/\/www.boulanger.com\/evenement\/boulanger-infinity\" target=\"_blank\">en sa<\/a><\/li>\n<\/ul>\n<\/li>\n<\/ul>\n<\/div>\n<div class=\"product__disclosure-content\">\n<div class=\"js-read-more product-description__content read-more read-more--truncated\" data-read-more-name=\"description\" style=\"max-height: 500px; overflow: hidden;\">\n<p><b>El Dorado 89 Cave \u00e0 cigares &amp; cave \u00e0 vin tactile 89 L LED <\/b><\/p>\n<p>Pour les amateurs de saveurs raffin\u00e9es : l&rsquo;<b>humidor &amp; cave \u00e0 vin<\/b><b>Klarstein<\/b> El Dorado 89 assure des conditions de stockage optimales pour les cigares et le vin gr\u00e2ce \u00e0 une humidit\u00e9 et une temp\u00e9rature constantes.<\/p>\n<p><\/p>\n<p>Sa capacit\u00e9 int\u00e9rieure de 89 litres et quatre tiroirs spacieux en bois de c\u00e8dre offrent un espace de stockage pour vos cigares. Trois \u00e9tag\u00e8res de stockage dans la zone sup\u00e9rieure permettent de stocker jusqu&rsquo;\u00e0 9 bouteilles de vin.  Des rails faciles \u00e0 manipuler permettent un acc\u00e8s rapide et confortable. L&rsquo;hygrom\u00e8tre int\u00e9gr\u00e9 permet de maintenir facilement le taux d&rsquo;humidit\u00e9 id\u00e9al. Ainsi, les cigares ne se dess\u00e8chent pas et conservent toute leur saveur. Des temp\u00e9ratures de stockage constantes avec un r\u00e9glage au degr\u00e9 pr\u00e8s entre 5 et 10 \u00b0C dans la zone sup\u00e9rieure et 10 et 18 \u00b0C dans la zone inf\u00e9rieure par commande tactile emp\u00eachent en outre la perte d&rsquo;ar\u00f4mes due \u00e0 une chaleur trop importante et garantissent en m\u00eame temps la temp\u00e9rature de d\u00e9gustation id\u00e9ale des vins stock\u00e9s. Un \u00e9clairage LED \u00e0 commande s\u00e9par\u00e9e offre une vue d&rsquo;ensemble et met parfaitement en sc\u00e8ne ce concentr\u00e9 de joie de vivre. De l&rsquo;ext\u00e9rieur aussi, l&rsquo;El Dorado de <b>Klarstein<\/b> est convaincant : l&rsquo;\u00e9l\u00e9gante cave avec son corps solide et sa porte vitr\u00e9e r\u00e9fl\u00e9chissante enthousiasme les amateurs de design \u00e9pur\u00e9. Gr\u00e2ce \u00e0 ses dimensions compactes et son niveau de pr\u00e9sentation \u00e9lev\u00e9, l&rsquo;<b>Humidor<\/b> <b> et cave \u00e0 vin<\/b>est \u00e9galement id\u00e9al pour les bars ou les clubs.<\/p>\n<p><\/p>\n<p>Beaucoup de joie de vivre dans un design peu encombrant : avec l&rsquo;<b>humidor<\/b> <b> &amp; cave \u00e0 vin <\/b> <b>Klarstein<\/b> El Dorado, le stockage de pi\u00e8ces uniques de grande qualit\u00e9 devient un pur plaisir.<\/p>\n<p><b>Points forts :<\/b><\/p>\n<ul><\/p>\n<li><b>\u00c9l\u00e9gante :<\/b> Porte vitr\u00e9e et \u00e9clairage int\u00e9rieur LED blanc<\/li>\n<li><strong>Cave de stockage 2 en 1 : <\/strong>Humidor &amp; cave \u00e0 vin en un seul appareil<\/li>\n<li><b>Utilisation simple :<\/b> Panneau de commande tactile pour un r\u00e9glage au degr\u00e9 pr\u00e8s de la temp\u00e9rature      <\/li>\n<li><b>El\u00e9gante &amp; fonctionnelle : <\/b>Quatre tiroirs \u00e0 cigares en bois de c\u00e8dre avec un hygrom\u00e8tre pour une humidit\u00e9 de l&rsquo;air optimale   <\/li>\n<li><b>Claire :<\/b> 3 \u00e9tag\u00e8res de stockage pour jusqu&rsquo;\u00e0 9 bouteilles de vin<\/li>\n<\/ul>\n<p><b>Caract\u00e9ristiques :<\/b> <\/p>\n<ul> <\/p>\n<li>Classe d&rsquo;efficacit\u00e9 \u00e9nerg\u00e9tique : F<\/li>\n<p> <\/p>\n<li>Capacit\u00e9 : 89 litres<\/li>\n<p> <\/p>\n<li>Nombre de bouteilles de vin : 9 \/ 33 (compartiment de stockage du vin uniquement \/ en cas d&rsquo;utilisation des deux zones)<\/li>\n<p> <\/p>\n<li>Temp\u00e9rature int\u00e9rieure r\u00e9glable au degr\u00e9 pr\u00e8s <\/li>\n<p> <\/p>\n<li>Compartiment sup\u00e9rieur : 5-10 \u00b0C<\/li>\n<p> <\/p>\n<li>Compartiment inf\u00e9rieur : 10-18 \u00b0C<\/li>\n<p> <\/p>\n<li>Panneau de commande tactile<\/li>\n<p> <\/p>\n<li>Contr\u00f4le de l&rsquo;humidit\u00e9 <\/li>\n<p> <\/p>\n<li>Affichage num\u00e9rique de la temp\u00e9rature int\u00e9rieure<\/li>\n<p> <\/p>\n<li>Pour le rangement des cigares \u00e0 l&rsquo;unit\u00e9, de bo\u00eetes \u00e0 cigares ou de bouteilles de vin<\/li>\n<p> <\/p>\n<li>Alimentation \u00e9lectrique : 220-240 V~ | 50\/60 Hz<\/li>\n<p><\/ul>\n<p><b>Inclus dans la livraison :<\/b><\/p>\n<ul>\n<li>1 x cave<\/li>\n<li>4 x tiroir en bois de c\u00e8dre<\/li>\n<li>3 x \u00e9tag\u00e8re \u00e0 vin<\/li>\n<li>Mode d&#8217;emploi en fran\u00e7ais<\/li>\n<\/ul>\n<p><b>Dimensions :<\/b><\/p>\n<ul> <\/p>\n<li>Dimensions : environ 39,5 x 84 x 58 cm (LxHxP)<\/li>\n<p> <\/p>\n<li>Dimensions int\u00e9rieures du compartiment sup\u00e9rieur : env. 31 x 29 x 43 cm (LxHxP)<\/li>\n<p> <\/p>\n<li>Dimensions int\u00e9rieures du compartiment inf\u00e9rieur : env. 31 x 37 x 38 cm (LxHxP)<\/li>\n<p> <\/p>\n<li>Longueur du c\u00e2ble : env. 150 cm<\/li>\n<p> <\/p>\n<li>Poids : env. 35 kg<\/li>\n<p><\/ul>\n<\/p>\n<\/div>\n<p><bl-button a11yexpanded=\"false\" arialabel=\"Afficher toute la description\" class=\"read-more__btn\" full=\"false\" link=\"true\"><\/bl-button><\/div>","protected":false},"excerpt":{"rendered":"<div class=\"keypoints\">\n<h3 class=\"keypoints__title\">Les points cl\u00e9s<\/h3>\n<ul role=\"list\">\n<li class=\"keypoints__item\" role=\"listitem\">                          Nombre de bouteilles : 33 &#8211;                                                      Nombre de clayette(s) : 5                      <\/li>\n<li class=\"keypoints__item\" role=\"listitem\">                                        L x H x P : 39.5 x 84 x 58 cm                      <\/li>\n<li class=\"keypoints__item\" role=\"listitem\">                          R\u00e9glage temp\u00e9rature : thermostat m\u00e9canique &#8211;                                                      Nombre de zones : 2 zones                      <\/li>\n<li class=\"keypoints__item\" role=\"listitem\">                                        Niveau sonore : Niveau sonore de 41 dB                      <\/li>\n<\/ul>","protected":false},"featured_media":41274,"template":"","meta":{"_glsr_average":0,"_glsr_ranking":0,"_glsr_reviews":0},"product_cat":[193,194],"product_tag":[196,195,197,131],"class_list":{"0":"post-99403","1":"product","2":"type-product","3":"status-publish","4":"has-post-thumbnail","6":"product_cat-cave-a-cigare","7":"product_cat-fromage-et-chocolat","8":"product_tag-cave-a-cigare","9":"product_tag-cave-a-vin","10":"product_tag-fromage-et-chocolat","11":"product_tag-gros-electromenager","13":"first","14":"instock","15":"sale","16":"shipping-taxable","17":"purchasable","18":"product-type-simple"},"_links":{"self":[{"href":"https:\/\/electromenagerexpress.com\/en\/wp-json\/wp\/v2\/product\/99403","targetHints":{"allow":["GET"]}}],"collection":[{"href":"https:\/\/electromenagerexpress.com\/en\/wp-json\/wp\/v2\/product"}],"about":[{"href":"https:\/\/electromenagerexpress.com\/en\/wp-json\/wp\/v2\/types\/product"}],"wp:featuredmedia":[{"embeddable":true,"href":"https:\/\/electromenagerexpress.com\/en\/wp-json\/wp\/v2\/media\/41274"}],"wp:attachment":[{"href":"https:\/\/electromenagerexpress.com\/en\/wp-json\/wp\/v2\/media?parent=99403"}],"wp:term":[{"taxonomy":"product_cat","embeddable":true,"href":"https:\/\/electromenagerexpress.com\/en\/wp-json\/wp\/v2\/product_cat?post=99403"},{"taxonomy":"product_tag","embeddable":true,"href":"https:\/\/electromenagerexpress.com\/en\/wp-json\/wp\/v2\/product_tag?post=99403"}],"curies":[{"name":"wp","href":"https:\/\/api.w.org\/{rel}","templated":true}]}}