{"id":99401,"date":"2024-11-28T10:54:01","date_gmt":"2024-11-28T10:54:01","guid":{"rendered":"https:\/\/electromenagerexpress.com\/product\/cave-a-cigaresklarsteinel-presidente-48-argent\/"},"modified":"2024-11-28T10:54:05","modified_gmt":"2024-11-28T10:54:05","slug":"cave-a-cigaresklarsteinel-presidente-48-argent","status":"publish","type":"product","link":"https:\/\/electromenagerexpress.com\/en\/product\/cave-a-cigaresklarsteinel-presidente-48-argent\/","title":{"rendered":"Cave \u00e0 cigares\t\t\t\t\t\t\tKLARSTEIN\t\t\t\tEl Presidente 48 &#8211; Argent"},"content":{"rendered":"<div class=\"product-features__content\">\n<ul role=\"list\">\n<li class=\"product-features__item\" role=\"listitem\">\n<h3 class=\"product-features__label\">Nos services de livraison<\/h3>\n<ul role=\"list\">\n<li class=\"product-features__item-list__item\" role=\"listitem\"><span class=\"is--medium\">Livraison et reprise de votre ancien appareil offerts \u00e0 partir de 379 \u20ac :<\/span> <a href=\"https:\/\/www.boulanger.com\/evenement\/livraison-domicile\" target=\"_blank\">en sa<\/a><\/li>\n<\/ul>\n<\/li>\n<li class=\"product-features__item\" role=\"listitem\">\n<h3 class=\"product-features__label\">Choisir ce produit pour quel usage ?<\/h3>\n<ul role=\"list\">\n<li class=\"product-features__item-list__item\" role=\"listitem\"><span class=\"is--medium\">Type d&rsquo;appareil :<\/span> cave \u00e0 cigares\t\t\t\t\t<\/li>\n<\/ul>\n<\/li>\n<li class=\"product-features__item\" role=\"listitem\">\n<h3 class=\"product-features__label\">Agencement et esthetique<\/h3>\n<ul role=\"list\">\n<li class=\"product-features__item-list__item\" role=\"listitem\"><span class=\"is--medium\">Nombre de clayette(s) :<\/span> 3\t\t\t\t\t<\/li>\n<li class=\"product-features__item-list__item\" role=\"listitem\"><span class=\"is--medium\">Mat\u00e9riau des clayettes :<\/span> bois, permet d&rsquo;offrir une consevation optimale pour le vin en maintenant le li\u00e8ge en contact avec le vin et une durabilit\u00e9 \u00e0 long terme\t\t\t\t\t<\/li>\n<\/ul>\n<\/li>\n<li class=\"product-features__item\" role=\"listitem\">\n<h3 class=\"product-features__label\">Conditions optimales<\/h3>\n<ul role=\"list\">\n<li class=\"product-features__item-list__item\" role=\"listitem\"><span class=\"is--medium\">Plages de temp\u00e9rature :<\/span> De 14 \u00e0 18 \u00b0C\t\t\t\t\t<\/li>\n<li class=\"product-features__item-list__item\" role=\"listitem\"><span class=\"is--medium\">Zones de temp\u00e9ratures :<\/span> 1\t\t\t\t\t<\/li>\n<li class=\"product-features__item-list__item\" role=\"listitem\"><span class=\"is--medium\">A quoi servent les zones de temp\u00e9ratures ? :<\/span> elles permettent de stocker diff\u00e9rents types de vin dans des conditions de temp\u00e9rature optimales pour leur conservation et leur vieillissement afin de maintenir leur qualit\u00e9 et leur go\u00fbt \u00e0 long terme.\t\t\t\t\t<\/li>\n<li class=\"product-features__item-list__item\" role=\"listitem\"><span class=\"is--medium\">R\u00e9glage de la temp\u00e9rature :<\/span> thermostat m\u00e9canique\t\t\t\t\t<\/li>\n<li class=\"product-features__item-list__item\" role=\"listitem\"><span class=\"is--medium\">R\u00e9glage hygrom\u00e9trie :<\/span> Oui\t\t\t\t\t<\/li>\n<li class=\"product-features__item-list__item\" role=\"listitem\"><span class=\"is--medium\">Le saviez-vous ? :<\/span> le taux d&rsquo;humidit\u00e9 optimal doit \u00eatre compris entre 50% et 80% pour \u00e9viter les effets n\u00e9gatifs sur les bouchons en li\u00e8ge et les moisissures, il joue un r\u00f4le crucial dans la conservation et la qualit\u00e9 du vin.\t\t\t\t\t<\/li>\n<\/ul>\n<\/li>\n<li class=\"product-features__item\" role=\"listitem\">\n<h3 class=\"product-features__label\">Equipement<\/h3>\n<ul role=\"list\">\n<li class=\"product-features__item-list__item\" role=\"listitem\"><span class=\"is--medium\">Niveau sonore :<\/span> tr\u00e8s silencieux (26 db)\t\t\t\t\t<\/li>\n<li class=\"product-features__item-list__item\" role=\"listitem\"><span class=\"is--medium\">Label \u00e9nergie :<\/span> F\t\t\t\t\t<\/li>\n<li class=\"product-features__item-list__item\" role=\"listitem\"><span class=\"is--medium\">Consommation :<\/span> 92 kWh\/an\t\t\t\t\t<\/li>\n<li class=\"product-features__item-list__item\" role=\"listitem\"><span class=\"is--medium\">Co\u00fbt annuel d&rsquo;utilisation (calcul\u00e9 selon un co\u00fbt unitaire en \u00e9l\u00e9ctricit\u00e9 de 0.2062 euros\/Kwh) :<\/span> 23 euros par an\t\t\t\t\t<\/li>\n<\/ul>\n<\/li>\n<li class=\"product-features__item\" role=\"listitem\">\n<h3 class=\"product-features__label\">Dimensions<\/h3>\n<ul role=\"list\">\n<li class=\"product-features__item-list__item\" role=\"listitem\"><span class=\"is--medium\">L x H x P :<\/span> 36 x 63.5 x 54.7 cm\t\t\t\t\t<\/li>\n<li class=\"product-features__item-list__item\" role=\"listitem\"><span class=\"is--medium\">Poids net :<\/span> 15,4 kg\t\t\t\t\t<\/li>\n<li class=\"product-features__item-list__item\" role=\"listitem\"><span class=\"is--medium\">Poids brut :<\/span> 15,4 kg\t\t\t\t\t<\/li>\n<\/ul>\n<\/li>\n<li class=\"product-features__item\" role=\"listitem\">\n<h3 class=\"product-features__label\">Informations compl\u00e9mentaires<\/h3>\n<ul role=\"list\">\n<li class=\"product-features__item-list__item\" role=\"listitem\"><span class=\"is--medium\">Disponibilit\u00e9 des pi\u00e8ces d\u00e9tach\u00e9es (donn\u00e9es fournisseur) :<\/span> Non concern\u00e9\t\t\t\t\t<\/li>\n<li class=\"product-features__item-list__item\" role=\"listitem\"><span class=\"is--medium\">Fabriqu\u00e9 en :<\/span> Chine\t\t\t\t\t<\/li>\n<li class=\"product-features__item-list__item\" role=\"listitem\"><span class=\"is--medium\">Marque :<\/span> KLARSTEIN\t\t\t\t\t<\/li>\n<li class=\"product-features__item-list__item\" role=\"listitem\"><span class=\"is--medium\">R\u00e9f\u00e9rence constructeur :<\/span> El Presidente 48 &#8211; Argent\t\t\t\t\t<\/li>\n<li class=\"product-features__item-list__item\" role=\"listitem\"><span class=\"is--medium\">Les services boulanger :<\/span> <a href=\"https:\/\/www.boulanger.com\/evenement\/livraison-domicile\" target=\"_blank\">cliquez ici pour d\u00e9couvrir tous nos services<\/a><\/li>\n<\/ul>\n<\/li>\n<li class=\"product-features__item\" role=\"listitem\">\n<h3 class=\"product-features__label\">Boulanger INFINITY<\/h3>\n<ul role=\"list\">\n<li class=\"product-features__item-list__item\" role=\"listitem\"><span class=\"is--medium\">R\u00e9parez en illimit\u00e9* vos appareils achet\u00e9s chez Boulanger ou ailleurs (*conditions d\u00e9taill\u00e9es dans la notice d&rsquo;information de la garantie Boulanger INFINITY) :<\/span> <a href=\"http:\/\/www.boulanger.com\/evenement\/boulanger-infinity\" target=\"_blank\">en sa<\/a><\/li>\n<\/ul>\n<\/li>\n<\/ul>\n<\/div>\n<div class=\"product__disclosure-content\">\n<div class=\"js-read-more product-description__content read-more read-more--truncated\" data-read-more-name=\"description\" style=\"max-height: 500px; overflow: hidden;\">\n<p><b>Klarstein El Presidente 48 cave \u00e0 cigares 48 l 3 clayettes 1 compartiment bois de c\u00e8dre<\/b><\/p>\n<p>Le lieu de stockage \u00e0 la pointe de la technologie pour le plaisir du tabac noble : la <b>cave<\/b> \u00e0 cigares <b>Klarstein<\/b> El Presidente 48 assure des conditions de stockage optimales pour pr\u00e9server \u00e0 long terme le plein ar\u00f4me des cigares nobles. Dans l&rsquo;espace int\u00e9rieur de 48 litres, trois niveaux de stockage et un compartiment de stockage en bois de c\u00e8dre offrent beaucoup de place pour tes cigares : silencieux, parfaitement refroidis et avec une surveillance optimale de l&rsquo;humidit\u00e9 de l&rsquo;air. L&rsquo;\u00e9clairage int\u00e9rieur bleu cr\u00e9e une sc\u00e8ne styl\u00e9e derri\u00e8re la porte vitr\u00e9e panoramique.<\/p>\n<p><\/p>\n<p>Des moments<b>cubains : <\/b> Dans la <b>cave <\/b>\u00e0 cigares <b>Klarstein<\/b> El Presidente 48, les cigares raffin\u00e9s sont parfaitement conserv\u00e9s \u00e0 une temp\u00e9rature et une humidit\u00e9 id\u00e9ales.<\/p>\n<p><b>Points forts :<\/b><\/p>\n<ul><\/p>\n<li><b>Le plaisir du tabac :<\/b> toujours frais, plein de saveur<\/li>\n<li><b>\u00c9l\u00e9gant et silencieux :<\/b> cave \u00e0 cigares silencieuse avec porte vitr\u00e9e panoramique<\/li>\n<li><b>Humidit\u00e9 fiable :<\/b> stockage optimal de 65 \u00e0 75 % d&rsquo;humidit\u00e9 relative de l&rsquo;air      <\/li>\n<li><b>Thermo\u00e9lectrique :<\/b> r\u00e9frig\u00e9ration stable pour des temp\u00e9ratures de 14 \u00e0 18 \u00b0C   <\/li>\n<li><b>Simplicit\u00e9 d&rsquo;utilisation :<\/b> panneau de commande tactile auto-explicatif avec \u00e9cran num\u00e9rique<\/li>\n<\/ul>\n<p><b>Caract\u00e9ristiques :<\/b> <\/p>\n<ul> <\/p>\n<li>Classe d&rsquo;efficacit\u00e9 \u00e9nerg\u00e9tique\u00a0: F<\/li>\n<p> <\/p>\n<li>Classe d&rsquo;\u00e9mission de bruit a\u00e9rien : A<\/li>\n<p> <\/p>\n<li>3 clayettes et un tiroir en bois de c\u00e8dre<\/li>\n<p> <\/p>\n<li>Volume : 48 litres<\/li>\n<p> <\/p>\n<li>Consommation : 92 kWh\/an<\/li>\n<p> <\/p>\n<li>Temp\u00e9rature int\u00e9rieure r\u00e9glable au degr\u00e9 pr\u00e8s entre 14 et 18 \u00b0C<\/li>\n<p> <\/p>\n<li>Contr\u00f4le l&rsquo;humidit\u00e9 de l&rsquo;air \u00e0 65 &#8211; 75<\/li>\n<p> <\/p>\n<li>Niveau sonore : 26 dB<\/li>\n<p> <\/p>\n<li>Affichage num\u00e9rique de la temp\u00e9rature int\u00e9rieure<\/li>\n<p> <\/p>\n<li>Alimentation \u00e9lectrique : 180-240 V~ | 50 Hz<\/li>\n<p><\/ul>\n<p><b>Inclus dans la livraison :<\/b><\/p>\n<ul>\n<li>1 x cave<\/li>\n<li>3 x tiroir<\/li>\n<li>1 x tiroir avec hygrom\u00e8tre<\/li>\n<li>1 x bol d&rsquo;eau<\/li>\n<li>Mode d&#8217;emploi en fran\u00e7ais<\/li>\n<\/ul>\n<p><b>Dimensions :<\/b><\/p>\n<ul> <\/p>\n<li>Dimensions : env. 36 x 63,5 x 54,7 cm (l x h x p)<\/li>\n<p> <\/p>\n<li>Dimensions int\u00e9rieures : env. 26,5 x 51 x 34 cm (l x h x p)<\/li>\n<p> <\/p>\n<li>Dimensions int\u00e9rieures du tiroir : env. 23 x 6,5 x 29 cm (l x h x p)<\/li>\n<p> <\/p>\n<li>Dimensions d&rsquo;un tiroir : 27 x 35 cm (l x p)<\/li>\n<p> <\/p>\n<li>Dimensions du bol d&rsquo;eau : env. 11,5 x 6 x 7,5 cm (l x h x p)<\/li>\n<p> <\/p>\n<li>Longueur du cordon d&rsquo;alimentation : env. 185 cm<\/li>\n<p> <\/p>\n<li>Poids : environ 15,4 kg<\/li>\n<p><\/ul>\n<\/p>\n<\/div>\n<p><bl-button a11yexpanded=\"false\" arialabel=\"Afficher toute la description\" class=\"read-more__btn\" full=\"false\" link=\"true\"><\/bl-button><\/div>","protected":false},"excerpt":{"rendered":"<div class=\"keypoints\">\n<h3 class=\"keypoints__title\">Les points cl\u00e9s<\/h3>\n<ul role=\"list\">\n<li class=\"keypoints__item\" role=\"listitem\">                                        Nombre de clayette(s) : 3                      <\/li>\n<li class=\"keypoints__item\" role=\"listitem\">                                        L x H x P : 36 x 63.5 x 54.7 cm                      <\/li>\n<li class=\"keypoints__item\" role=\"listitem\">                          R\u00e9glage temp\u00e9rature : thermostat m\u00e9canique &#8211;                                                      Nombre de zones : 1 zone                      <\/li>\n<li class=\"keypoints__item\" role=\"listitem\">                                        Niveau sonore : Tr\u00e8s Silencieux (26dB)                      <\/li>\n<\/ul>","protected":false},"featured_media":41258,"template":"","meta":{"_glsr_average":0,"_glsr_ranking":0,"_glsr_reviews":0},"product_cat":[193,194],"product_tag":[196,195,197,131],"class_list":{"0":"post-99401","1":"product","2":"type-product","3":"status-publish","4":"has-post-thumbnail","6":"product_cat-cave-a-cigare","7":"product_cat-fromage-et-chocolat","8":"product_tag-cave-a-cigare","9":"product_tag-cave-a-vin","10":"product_tag-fromage-et-chocolat","11":"product_tag-gros-electromenager","13":"first","14":"instock","15":"sale","16":"shipping-taxable","17":"purchasable","18":"product-type-simple"},"_links":{"self":[{"href":"https:\/\/electromenagerexpress.com\/en\/wp-json\/wp\/v2\/product\/99401","targetHints":{"allow":["GET"]}}],"collection":[{"href":"https:\/\/electromenagerexpress.com\/en\/wp-json\/wp\/v2\/product"}],"about":[{"href":"https:\/\/electromenagerexpress.com\/en\/wp-json\/wp\/v2\/types\/product"}],"wp:featuredmedia":[{"embeddable":true,"href":"https:\/\/electromenagerexpress.com\/en\/wp-json\/wp\/v2\/media\/41258"}],"wp:attachment":[{"href":"https:\/\/electromenagerexpress.com\/en\/wp-json\/wp\/v2\/media?parent=99401"}],"wp:term":[{"taxonomy":"product_cat","embeddable":true,"href":"https:\/\/electromenagerexpress.com\/en\/wp-json\/wp\/v2\/product_cat?post=99401"},{"taxonomy":"product_tag","embeddable":true,"href":"https:\/\/electromenagerexpress.com\/en\/wp-json\/wp\/v2\/product_tag?post=99401"}],"curies":[{"name":"wp","href":"https:\/\/api.w.org\/{rel}","templated":true}]}}