{"id":99397,"date":"2024-11-28T10:53:41","date_gmt":"2024-11-28T10:53:41","guid":{"rendered":"https:\/\/electromenagerexpress.com\/product\/cave-a-vin-de-serviceklarsteinvinovilla-17-duo-blanc\/"},"modified":"2024-11-28T10:53:45","modified_gmt":"2024-11-28T10:53:45","slug":"cave-a-vin-de-serviceklarsteinvinovilla-17-duo-blanc","status":"publish","type":"product","link":"https:\/\/electromenagerexpress.com\/en\/product\/cave-a-vin-de-serviceklarsteinvinovilla-17-duo-blanc\/","title":{"rendered":"Cave \u00e0 vin de service\t\t\t\t\t\t\tKLARSTEIN\t\t\t\tVinovilla 17 Duo &#8211; Blanc"},"content":{"rendered":"<div class=\"product-features__content\">\n<ul role=\"list\">\n<li class=\"product-features__item\" role=\"listitem\">\n<h3 class=\"product-features__label\">Nos services de livraison<\/h3>\n<ul role=\"list\">\n<li class=\"product-features__item-list__item\" role=\"listitem\"><span class=\"is--medium\">Livraison et reprise de votre ancien appareil offerts \u00e0 partir de 379 \u20ac :<\/span> <a href=\"https:\/\/www.boulanger.com\/evenement\/livraison-domicile\" target=\"_blank\">en sa<\/a><\/li>\n<\/ul>\n<\/li>\n<li class=\"product-features__item\" role=\"listitem\">\n<h3 class=\"product-features__label\">Choisir ce produit pour quel usage ?<\/h3>\n<ul role=\"list\">\n<li class=\"product-features__item-list__item\" role=\"listitem\"><span class=\"is--medium\">Type d&rsquo;appareil :<\/span> cave de service, elle permet de servir le vin \u00e0 une temp\u00e9rature id\u00e9ale. Parfaite pour les d\u00e9gustateurs fins et r\u00e9guliers. Elle peut \u00e9galement compl\u00e9ter une cave traditionnelle enterr\u00e9e.\t\t\t\t\t<\/li>\n<li class=\"product-features__item-list__item\" role=\"listitem\"><span class=\"is--medium\">Type d&rsquo;installation :<\/span> pose libre et encastrable\t\t\t\t\t<\/li>\n<li class=\"product-features__item-list__item\" role=\"listitem\"><span class=\"is--medium\">Comment choisir ma cave \u00e0 vin ? :<\/span> d\u00e9couvrez nos conseils en <a href=\"https:\/\/www.boulanger.com\/evenement\/cave-a-vin\" target=\"_blank\">en sa<\/a><\/li>\n<\/ul>\n<\/li>\n<li class=\"product-features__item\" role=\"listitem\">\n<h3 class=\"product-features__label\">Agencement et esthetique<\/h3>\n<ul role=\"list\">\n<li class=\"product-features__item-list__item\" role=\"listitem\"><span class=\"is--medium\">Nombre de bouteilles (type bordelaises l\u00e9g\u00e8res) :<\/span> 17\t\t\t\t\t<\/li>\n<li class=\"product-features__item-list__item\" role=\"listitem\"><span class=\"is--medium\">Le saviez-vous ? :<\/span> La capacit\u00e9 annonc\u00e9e est la capacit\u00e9 maximale mesur\u00e9e selon le standard europ\u00e9en EN62552. Ce standard est calcul\u00e9 avec des bouteilles 75cl type bordeaux tradition. La capacit\u00e9 annonc\u00e9e correspond donc au nombre de bouteilles de bordeaux possibles avec le nombre de clayettes fournies dans la cave.\t\t\t\t\t<\/li>\n<li class=\"product-features__item-list__item\" role=\"listitem\"><span class=\"is--medium\">Volume total :<\/span> 53 litres\t\t\t\t\t<\/li>\n<li class=\"product-features__item-list__item\" role=\"listitem\"><span class=\"is--medium\">Type de clayettes :<\/span> clayette coulissante, permet d&rsquo;optimiser le rangement \u00e0 l&rsquo;int\u00e9rieur de la cave \u00e0 vin et d&rsquo;acc\u00e9der facilement aux bouteilles du fond\t\t\t\t\t<\/li>\n<li class=\"product-features__item-list__item\" role=\"listitem\"><span class=\"is--medium\">Nombre de clayette(s) :<\/span> 5\t\t\t\t\t<\/li>\n<li class=\"product-features__item-list__item\" role=\"listitem\"><span class=\"is--medium\">Mat\u00e9riau des clayettes :<\/span> bois, permet d&rsquo;offrir une consevation optimale pour le vin en maintenant le li\u00e8ge en contact avec le vin et une durabilit\u00e9 \u00e0 long terme\t\t\t\t\t<\/li>\n<li class=\"product-features__item-list__item\" role=\"listitem\"><span class=\"is--medium\">Eclairage :<\/span> LED\t\t\t\t\t<\/li>\n<li class=\"product-features__item-list__item\" role=\"listitem\"><span class=\"is--medium\">Sens d&rsquo;ouverture de la porte :<\/span> fixations \u00e0 droite non r\u00e9versible\t\t\t\t\t<\/li>\n<li class=\"product-features__item-list__item\" role=\"listitem\"><span class=\"is--medium\">Coloris :<\/span> blanc\t\t\t\t\t<\/li>\n<li class=\"product-features__item-list__item\" role=\"listitem\"><span class=\"is--medium\">Rev\u00eatement ext\u00e9rieur de la cave :<\/span> inox\t\t\t\t\t<\/li>\n<\/ul>\n<\/li>\n<li class=\"product-features__item\" role=\"listitem\">\n<h3 class=\"product-features__label\">Conditions optimales<\/h3>\n<ul role=\"list\">\n<li class=\"product-features__item-list__item\" role=\"listitem\"><span class=\"is--medium\">Type de porte :<\/span> vitr\u00e9e, permet de visualiser facilement les bouteilles sans avoir \u00e0 ouvrir la porte, ce qui r\u00e9duit la circulation de l&rsquo;air dans la cave et donc la variation de la temp\u00e9rature. Le traitement anti-uv prot\u00e8ge le contenu.\t\t\t\t\t<\/li>\n<li class=\"product-features__item-list__item\" role=\"listitem\"><span class=\"is--medium\">Cave :<\/span> multi-temp\u00e9ratures\t\t\t\t\t<\/li>\n<li class=\"product-features__item-list__item\" role=\"listitem\"><span class=\"is--medium\">Plages de temp\u00e9rature :<\/span> De 5 \u00e0 20\u00b0C\t\t\t\t\t<\/li>\n<li class=\"product-features__item-list__item\" role=\"listitem\"><span class=\"is--medium\">Classe climatique :<\/span> la classe climatique SN-ST, ou classe subtropicale \u00e9largie (de 10\u00b0C \u00e0 38\u00b0C), permet un fonctionnement optimum dans des pi\u00e8ces \u00e0 temp\u00e9ratures basses. Id\u00e9ale pour une installation dans un garage, une v\u00e9randa ou une cave.\t\t\t\t\t<\/li>\n<li class=\"product-features__item-list__item\" role=\"listitem\"><span class=\"is--medium\">Zones de temp\u00e9ratures :<\/span> 2\t\t\t\t\t<\/li>\n<li class=\"product-features__item-list__item\" role=\"listitem\"><span class=\"is--medium\">A quoi servent les zones de temp\u00e9ratures ? :<\/span> elles permettent de stocker diff\u00e9rents types de vin dans des conditions de temp\u00e9rature optimales pour leur conservation et leur vieillissement afin de maintenir leur qualit\u00e9 et leur go\u00fbt \u00e0 long terme.\t\t\t\t\t<\/li>\n<li class=\"product-features__item-list__item\" role=\"listitem\"><span class=\"is--medium\">R\u00e9glage de la temp\u00e9rature :<\/span> \u00e9lectronique, permet d&rsquo;afficher la temp\u00e9rature et de la r\u00e9gler comme souhait\u00e9e\t\t\t\t\t<\/li>\n<li class=\"product-features__item-list__item\" role=\"listitem\"><span class=\"is--medium\">R\u00e9glage hygrom\u00e9trie :<\/span> Non\t\t\t\t\t<\/li>\n<li class=\"product-features__item-list__item\" role=\"listitem\"><span class=\"is--medium\">Filtre \u00e0 charbon :<\/span> Non\t\t\t\t\t<\/li>\n<\/ul>\n<\/li>\n<li class=\"product-features__item\" role=\"listitem\">\n<h3 class=\"product-features__label\">Equipement<\/h3>\n<ul role=\"list\">\n<li class=\"product-features__item-list__item\" role=\"listitem\"><span class=\"is--medium\">Type de poign\u00e9e(s) :<\/span> ext\u00e9rieure(s), traditionnelle(s)\t\t\t\t\t<\/li>\n<li class=\"product-features__item-list__item\" role=\"listitem\"><span class=\"is--medium\">Fermeture \u00e0 serrure :<\/span> non\t\t\t\t\t<\/li>\n<li class=\"product-features__item-list__item\" role=\"listitem\"><span class=\"is--medium\">Niveau sonore :<\/span> niveau sonore standard (43 db)\t\t\t\t\t<\/li>\n<li class=\"product-features__item-list__item\" role=\"listitem\"><span class=\"is--medium\">Classe d&rsquo;\u00e9mission de bruit acoustique dans l&rsquo;air :<\/span> D\t\t\t\t\t<\/li>\n<li class=\"product-features__item-list__item\" role=\"listitem\"><span class=\"is--medium\">Label \u00e9nergie :<\/span> G\t\t\t\t\t<\/li>\n<li class=\"product-features__item-list__item\" role=\"listitem\"><span class=\"is--medium\">Consommation :<\/span> 138 kWh\/an\t\t\t\t\t<\/li>\n<li class=\"product-features__item-list__item\" role=\"listitem\"><span class=\"is--medium\">Co\u00fbt annuel d&rsquo;utilisation (calcul\u00e9 selon un co\u00fbt unitaire en \u00e9l\u00e9ctricit\u00e9 de 0.2062 euros\/Kwh) :<\/span> 35 euros par an\t\t\t\t\t<\/li>\n<\/ul>\n<\/li>\n<li class=\"product-features__item\" role=\"listitem\">\n<h3 class=\"product-features__label\">Dimensions<\/h3>\n<ul role=\"list\">\n<li class=\"product-features__item-list__item\" role=\"listitem\"><span class=\"is--medium\">L x H x P :<\/span> 29.5 x 82 x 57.5 cm\t\t\t\t\t<\/li>\n<li class=\"product-features__item-list__item\" role=\"listitem\"><span class=\"is--medium\">Poids net :<\/span> 15,0 kg\t\t\t\t\t<\/li>\n<li class=\"product-features__item-list__item\" role=\"listitem\"><span class=\"is--medium\">Poids brut :<\/span> 15,0 kg\t\t\t\t\t<\/li>\n<\/ul>\n<\/li>\n<li class=\"product-features__item\" role=\"listitem\">\n<h3 class=\"product-features__label\">Informations compl\u00e9mentaires<\/h3>\n<ul role=\"list\">\n<li class=\"product-features__item-list__item\" role=\"listitem\"><span class=\"is--medium\">Disponibilit\u00e9 des pi\u00e8ces d\u00e9tach\u00e9es (donn\u00e9es fournisseur) :<\/span> Non concern\u00e9\t\t\t\t\t<\/li>\n<li class=\"product-features__item-list__item\" role=\"listitem\"><span class=\"is--medium\">Fabriqu\u00e9 en :<\/span> Chine\t\t\t\t\t<\/li>\n<li class=\"product-features__item-list__item\" role=\"listitem\"><span class=\"is--medium\">Marque :<\/span> KLARSTEIN\t\t\t\t\t<\/li>\n<li class=\"product-features__item-list__item\" role=\"listitem\"><span class=\"is--medium\">R\u00e9f\u00e9rence constructeur :<\/span> Vinovilla 17 Duo &#8211; Blanc\t\t\t\t\t<\/li>\n<li class=\"product-features__item-list__item\" role=\"listitem\"><span class=\"is--medium\">Les services boulanger :<\/span> <a href=\"https:\/\/www.boulanger.com\/evenement\/livraison-domicile\" target=\"_blank\">cliquez ici pour d\u00e9couvrir tous nos services<\/a><\/li>\n<\/ul>\n<\/li>\n<li class=\"product-features__item\" role=\"listitem\">\n<h3 class=\"product-features__label\">Boulanger INFINITY<\/h3>\n<ul role=\"list\">\n<li class=\"product-features__item-list__item\" role=\"listitem\"><span class=\"is--medium\">R\u00e9parez en illimit\u00e9* vos appareils achet\u00e9s chez Boulanger ou ailleurs (*conditions d\u00e9taill\u00e9es dans la notice d&rsquo;information de la garantie Boulanger INFINITY) :<\/span> <a href=\"http:\/\/www.boulanger.com\/evenement\/boulanger-infinity\" target=\"_blank\">en sa<\/a><\/li>\n<\/ul>\n<\/li>\n<\/ul>\n<\/div>\n<div class=\"product__disclosure-content\">\n<div class=\"js-read-more product-description__content read-more read-more--truncated\" data-read-more-name=\"description\" style=\"max-height: 500px; overflow: hidden;\">\n<p>Un design \u00e9l\u00e9gant et une pr\u00e9sentation color\u00e9e : la cave \u00e0 vin Duo encastrable <b>double<br \/>zone <b>Klarstein <\/b>Vinovilla 17 Built-In<\/b> s&rsquo;int\u00e8gre dans presque tous les recoins gr\u00e2ce \u00e0<br \/>son design \u00e9troit ! Ses deux zones r\u00e9glables s\u00e9par\u00e9ment vous permettent de refroidir<br \/>et de conserver des vins rouges et blancs en m\u00eame temps. Mais le champagne, les<br \/>mousseux, le vin p\u00e9tillant ou d&rsquo;autres pr\u00e9cieux liquides se conservent aussi<br \/>longtemps de mani\u00e8re optimale dans la <b>cave \u00e0 vin<\/b>. En plus de conditions parfaites de<br \/>stockage et de refroidissement, elle offre \u00e0 votre collection de vin une sc\u00e8ne<br \/>extravagante : derri\u00e8re la vitre, les bouteilles pr\u00e9sentent merveilleusement &#8211;<br \/>\u00e9clair\u00e9es en rouge, bleu ou blanc.<\/p>\n<p><b>Top Features:<\/b><\/p>\n<p>\u2022 <b>Derri\u00e8re la vitre: <\/b>cave \u00e0 vin de pr\u00e9sentation <br \/>\u2022 <b>Design mince : <\/b>largeur minimale de 30 cm<br \/>\u2022 <b>Utilisation flexible :<\/b> autonome et pour une installation encastr\u00e9e ou sous le<br \/>comptoir<br \/>\u2022 <b>Rouge, bleu et blanc : <\/b>\u00e9clairage int\u00e9rieur au choix<br \/>\u2022 <b>2 zones :<\/b> r\u00e9glage s\u00e9par\u00e9 de la temp\u00e9rature<br \/>\u2022 <b>Rangement de qualit\u00e9 premium :<\/b> 4 clayettes en bois de h\u00eatre<br \/>\u2022 <b>Affichage LCD et fonction tactile : <\/b>utilisation facile<br \/>\u2022 <b>Volumineux :<\/b> espace pour 17 bouteilles de vin<\/p>\n<p><b>Caract\u00e9ristiques:<\/b><\/p>\n<p>\u2022 Contr\u00f4le\u00a0: panneau de contr\u00f4le tactile<br \/>\u2022 Classe d&rsquo;efficacit\u00e9 \u00e9nerg\u00e9tique : G<br \/>\u2022 Niveau sonore : 43 dB max.<br \/>\u2022 Appareil encastrable : oui, utilisable en pose libre aussi<br \/>\u2022 R\u00e9frig\u00e9rateur \u00e0 compression<br \/>\u2022 Capacit\u00e9 (litres) : 53<br \/>\u2022 Capacit\u00e9 (bouteilles) : 17<br \/>\u2022 Zones de refroidissement : 2<br \/>\u2022 Plage de temp\u00e9rature de la zone sup\u00e9rieure : 5 \u00e0 12 \u00b0C<br \/>\u2022 Temp\u00e9rature de la zone de refroidissement inf\u00e9rieure : 12 \u00e0 20 \u00b0C<br \/>\u2022 Affichage de la temp\u00e9rature : Celsius, Fahrenheit<br \/>\u2022 Temp\u00e9rature ambiante id\u00e9ale : 16 \u00e0 38 \u00b0C<br \/>\u2022 Nombre de clayettes : 4<br \/>\u2022 Mat\u00e9riau des clayettes : bois de h\u00eatre<br \/>\u2022 Sens de fermeture de porte : vers la droite, non modifiable<br \/>\u2022 \u00c9clairage int\u00e9rieur : rouge, bleu ou blanc<br \/>\u2022 Porte en verre avec cadre en acier inoxydable<br \/>\u2022 Signal sonore lorsque la porte reste ouverte trop longtemps (5 minutes)<br \/>\u2022 Avertissement sonore \u00e9galement en cas de temp\u00e9rature ou d&rsquo;humidit\u00e9 trop basses ou<br \/>trop \u00e9lev\u00e9es<br \/>\u2022 Pieds de support<br \/>\u2022 R\u00e9frig\u00e9rant : R600a<\/p>\n<p><b>Inclus dans la livraison:<\/b><\/p>\n<p>\u2022 1 x\u00a0cave \u00e0 vin r\u00e9frig\u00e9r\u00e9e<br \/>\u2022 4 x clayettes en bois<br \/>\u2022 Manuel d&rsquo;instructions<\/p>\n<p><b>Dimensions:<\/b><\/p>\n<p>\u2022 Dimensions (sans poign\u00e9e) : env. 29,5 x 82 x 57,5 cm (LxHxP)<br \/>\u2022 Dimensions (avec poign\u00e9e) : env. 29,5 x 82 x 60 cm (LxHxP)<br \/>\u2022 Dimensions d&rsquo;encastrement (minimum) : 30,5 x 82,5 x 61 cm (LxHxP) <br \/>\u2022 Dimensions int\u00e9rieures de la zone de refroidissement sup\u00e9rieure : env. 21,5 x 27 x<br \/>43 cm (LxHxP)<br \/>\u2022 Dimensions int\u00e9rieures de la zone de refroidissement inf\u00e9rieure : env. 21,5 x 34 x<br \/>43 cm (LxHxP)<br \/>\u2022 Longueur du c\u00e2ble : env. 200 cm<br \/>\u2022 Poids : env. 15 kg<br \/>\u2022 Puissance consomm\u00e9e : 90 watts<br \/>\u2022 Consommation annuelle d&rsquo;\u00e9nergie : 137,97 kWh\/an<br \/>\u2022 Alimentation \u00e9lectrique : 220-240 V~ | 50\/60 Hz<\/p>\n<\/div>\n<p><bl-button a11yexpanded=\"false\" arialabel=\"Afficher toute la description\" class=\"read-more__btn\" full=\"false\" link=\"true\"><\/bl-button><\/div>","protected":false},"excerpt":{"rendered":"<div class=\"keypoints\">\n<h3 class=\"keypoints__title\">Les points cl\u00e9s<\/h3>\n<ul role=\"list\">\n<li class=\"keypoints__item\" role=\"listitem\">                          Nombre de bouteilles : 17 &#8211;                                                      Nombre de clayette(s) : 5                      <\/li>\n<li class=\"keypoints__item\" role=\"listitem\">                                        L x H x P : 29.5 x 82 x 57.5 cm                      <\/li>\n<li class=\"keypoints__item\" role=\"listitem\">                          R\u00e9glage temp\u00e9rature : \u00e9lectronique via \u00e9cran &#8211;                                                      Nombre de zones : 2 zones                      <\/li>\n<li class=\"keypoints__item\" role=\"listitem\">                                        Niveau sonore : Niveau sonore de 43 dB                      <\/li>\n<\/ul>","protected":false},"featured_media":41222,"template":"","meta":{"_glsr_average":0,"_glsr_ranking":0,"_glsr_reviews":0},"product_cat":[270],"product_tag":[195,271,131],"class_list":{"0":"post-99397","1":"product","2":"type-product","3":"status-publish","4":"has-post-thumbnail","6":"product_cat-cave-de-service","7":"product_tag-cave-a-vin","8":"product_tag-cave-de-service","9":"product_tag-gros-electromenager","11":"first","12":"instock","13":"sale","14":"shipping-taxable","15":"purchasable","16":"product-type-simple"},"_links":{"self":[{"href":"https:\/\/electromenagerexpress.com\/en\/wp-json\/wp\/v2\/product\/99397","targetHints":{"allow":["GET"]}}],"collection":[{"href":"https:\/\/electromenagerexpress.com\/en\/wp-json\/wp\/v2\/product"}],"about":[{"href":"https:\/\/electromenagerexpress.com\/en\/wp-json\/wp\/v2\/types\/product"}],"wp:featuredmedia":[{"embeddable":true,"href":"https:\/\/electromenagerexpress.com\/en\/wp-json\/wp\/v2\/media\/41222"}],"wp:attachment":[{"href":"https:\/\/electromenagerexpress.com\/en\/wp-json\/wp\/v2\/media?parent=99397"}],"wp:term":[{"taxonomy":"product_cat","embeddable":true,"href":"https:\/\/electromenagerexpress.com\/en\/wp-json\/wp\/v2\/product_cat?post=99397"},{"taxonomy":"product_tag","embeddable":true,"href":"https:\/\/electromenagerexpress.com\/en\/wp-json\/wp\/v2\/product_tag?post=99397"}],"curies":[{"name":"wp","href":"https:\/\/api.w.org\/{rel}","templated":true}]}}