{"id":99393,"date":"2024-11-28T10:53:24","date_gmt":"2024-11-28T10:53:24","guid":{"rendered":"https:\/\/electromenagerexpress.com\/product\/cave-a-vin-de-serviceklarsteinrhone-25-duo-75l-noir\/"},"modified":"2024-11-28T10:53:28","modified_gmt":"2024-11-28T10:53:28","slug":"cave-a-vin-de-serviceklarsteinrhone-25-duo-75l-noir","status":"publish","type":"product","link":"https:\/\/electromenagerexpress.com\/en\/product\/cave-a-vin-de-serviceklarsteinrhone-25-duo-75l-noir\/","title":{"rendered":"Cave \u00e0 vin de service\t\t\t\t\t\t\tKLARSTEIN\t\t\t\tRh\u00f4ne 25 Duo &#8211; 75L &#8211; Noir"},"content":{"rendered":"<div class=\"product-features__content\">\n<ul role=\"list\">\n<li class=\"product-features__item\" role=\"listitem\">\n<h3 class=\"product-features__label\">Nos services de livraison<\/h3>\n<ul role=\"list\">\n<li class=\"product-features__item-list__item\" role=\"listitem\"><span class=\"is--medium\">Livraison et reprise de votre ancien appareil offerts \u00e0 partir de 379 \u20ac :<\/span> <a href=\"https:\/\/www.boulanger.com\/evenement\/livraison-domicile\" target=\"_blank\">en sa<\/a><\/li>\n<\/ul>\n<\/li>\n<li class=\"product-features__item\" role=\"listitem\">\n<h3 class=\"product-features__label\">Choisir ce produit pour quel usage ?<\/h3>\n<ul role=\"list\">\n<li class=\"product-features__item-list__item\" role=\"listitem\"><span class=\"is--medium\">Type d&rsquo;appareil :<\/span> cave de service, elle permet de servir le vin \u00e0 une temp\u00e9rature id\u00e9ale. Parfaite pour les d\u00e9gustateurs fins et r\u00e9guliers. Elle peut \u00e9galement compl\u00e9ter une cave traditionnelle enterr\u00e9e.\t\t\t\t\t<\/li>\n<li class=\"product-features__item-list__item\" role=\"listitem\"><span class=\"is--medium\">Type d&rsquo;installation :<\/span> encastrable, installez votre cave sous un plan de travail ou encastrez la dans une niche.\t\t\t\t\t<\/li>\n<li class=\"product-features__item-list__item\" role=\"listitem\"><span class=\"is--medium\">Comment choisir ma cave \u00e0 vin ? :<\/span> d\u00e9couvrez nos conseils en <a href=\"https:\/\/www.boulanger.com\/evenement\/cave-a-vin\" target=\"_blank\">en sa<\/a><\/li>\n<\/ul>\n<\/li>\n<li class=\"product-features__item\" role=\"listitem\">\n<h3 class=\"product-features__label\">Agencement et esthetique<\/h3>\n<ul role=\"list\">\n<li class=\"product-features__item-list__item\" role=\"listitem\"><span class=\"is--medium\">Nombre de bouteilles (type bordelaises l\u00e9g\u00e8res) :<\/span> 25\t\t\t\t\t<\/li>\n<li class=\"product-features__item-list__item\" role=\"listitem\"><span class=\"is--medium\">Le saviez-vous ? :<\/span> La capacit\u00e9 annonc\u00e9e est la capacit\u00e9 maximale mesur\u00e9e selon le standard europ\u00e9en EN62552. Ce standard est calcul\u00e9 avec des bouteilles 75cl type bordeaux tradition. La capacit\u00e9 annonc\u00e9e correspond donc au nombre de bouteilles de bordeaux possibles avec le nombre de clayettes fournies dans la cave.\t\t\t\t\t<\/li>\n<li class=\"product-features__item-list__item\" role=\"listitem\"><span class=\"is--medium\">Volume total :<\/span> 63 litres\t\t\t\t\t<\/li>\n<li class=\"product-features__item-list__item\" role=\"listitem\"><span class=\"is--medium\">Type de clayettes :<\/span> clayette coulissante, permet d&rsquo;optimiser le rangement \u00e0 l&rsquo;int\u00e9rieur de la cave \u00e0 vin et d&rsquo;acc\u00e9der facilement aux bouteilles du fond\t\t\t\t\t<\/li>\n<li class=\"product-features__item-list__item\" role=\"listitem\"><span class=\"is--medium\">Nombre de clayette(s) :<\/span> 3\t\t\t\t\t<\/li>\n<li class=\"product-features__item-list__item\" role=\"listitem\"><span class=\"is--medium\">Mat\u00e9riau des clayettes :<\/span> bois, permet d&rsquo;offrir une consevation optimale pour le vin en maintenant le li\u00e8ge en contact avec le vin et une durabilit\u00e9 \u00e0 long terme\t\t\t\t\t<\/li>\n<li class=\"product-features__item-list__item\" role=\"listitem\"><span class=\"is--medium\">Eclairage :<\/span> LED\t\t\t\t\t<\/li>\n<li class=\"product-features__item-list__item\" role=\"listitem\"><span class=\"is--medium\">Sens d&rsquo;ouverture de la porte :<\/span> fixations \u00e0 droite non r\u00e9versible\t\t\t\t\t<\/li>\n<li class=\"product-features__item-list__item\" role=\"listitem\"><span class=\"is--medium\">Coloris :<\/span> noir\t\t\t\t\t<\/li>\n<li class=\"product-features__item-list__item\" role=\"listitem\"><span class=\"is--medium\">Rev\u00eatement ext\u00e9rieur de la cave :<\/span> inox\t\t\t\t\t<\/li>\n<\/ul>\n<\/li>\n<li class=\"product-features__item\" role=\"listitem\">\n<h3 class=\"product-features__label\">Conditions optimales<\/h3>\n<ul role=\"list\">\n<li class=\"product-features__item-list__item\" role=\"listitem\"><span class=\"is--medium\">Type de porte :<\/span> vitr\u00e9e, permet de visualiser facilement les bouteilles sans avoir \u00e0 ouvrir la porte, ce qui r\u00e9duit la circulation de l&rsquo;air dans la cave et donc la variation de la temp\u00e9rature. Le traitement anti-uv prot\u00e8ge le contenu.\t\t\t\t\t<\/li>\n<li class=\"product-features__item-list__item\" role=\"listitem\"><span class=\"is--medium\">Cave :<\/span> multi-temp\u00e9ratures\t\t\t\t\t<\/li>\n<li class=\"product-features__item-list__item\" role=\"listitem\"><span class=\"is--medium\">Plages de temp\u00e9rature :<\/span> De 5 \u00e0 20\u00b0C\t\t\t\t\t<\/li>\n<li class=\"product-features__item-list__item\" role=\"listitem\"><span class=\"is--medium\">Classe climatique :<\/span> la classe climatique N, ou classe temp\u00e9r\u00e9e (de 16\u00b0C \u00e0 32\u00b0C), permet un fonctionnement optimum dans des pi\u00e8ces \u00e0 temp\u00e9ratures temp\u00e9r\u00e9es. Id\u00e9ale pour une installation dans une cuisine.\t\t\t\t\t<\/li>\n<li class=\"product-features__item-list__item\" role=\"listitem\"><span class=\"is--medium\">Zones de temp\u00e9ratures :<\/span> 2\t\t\t\t\t<\/li>\n<li class=\"product-features__item-list__item\" role=\"listitem\"><span class=\"is--medium\">A quoi servent les zones de temp\u00e9ratures ? :<\/span> elles permettent de stocker diff\u00e9rents types de vin dans des conditions de temp\u00e9rature optimales pour leur conservation et leur vieillissement afin de maintenir leur qualit\u00e9 et leur go\u00fbt \u00e0 long terme.\t\t\t\t\t<\/li>\n<li class=\"product-features__item-list__item\" role=\"listitem\"><span class=\"is--medium\">R\u00e9glage de la temp\u00e9rature :<\/span> \u00e9lectronique, permet d&rsquo;afficher la temp\u00e9rature et de la r\u00e9gler comme souhait\u00e9e\t\t\t\t\t<\/li>\n<li class=\"product-features__item-list__item\" role=\"listitem\"><span class=\"is--medium\">R\u00e9glage hygrom\u00e9trie :<\/span> Non\t\t\t\t\t<\/li>\n<li class=\"product-features__item-list__item\" role=\"listitem\"><span class=\"is--medium\">Filtre \u00e0 charbon :<\/span> Non\t\t\t\t\t<\/li>\n<\/ul>\n<\/li>\n<li class=\"product-features__item\" role=\"listitem\">\n<h3 class=\"product-features__label\">Equipement<\/h3>\n<ul role=\"list\">\n<li class=\"product-features__item-list__item\" role=\"listitem\"><span class=\"is--medium\">Type de poign\u00e9e(s) :<\/span> ext\u00e9rieure(s), traditionnelle(s)\t\t\t\t\t<\/li>\n<li class=\"product-features__item-list__item\" role=\"listitem\"><span class=\"is--medium\">Fermeture \u00e0 serrure :<\/span> non\t\t\t\t\t<\/li>\n<li class=\"product-features__item-list__item\" role=\"listitem\"><span class=\"is--medium\">Niveau sonore :<\/span> silencieux (39 db)\t\t\t\t\t<\/li>\n<li class=\"product-features__item-list__item\" role=\"listitem\"><span class=\"is--medium\">Classe d&rsquo;\u00e9mission de bruit acoustique dans l&rsquo;air :<\/span> C\t\t\t\t\t<\/li>\n<li class=\"product-features__item-list__item\" role=\"listitem\"><span class=\"is--medium\">Label \u00e9nergie :<\/span> G\t\t\t\t\t<\/li>\n<li class=\"product-features__item-list__item\" role=\"listitem\"><span class=\"is--medium\">Consommation :<\/span> 131 kWh\/an\t\t\t\t\t<\/li>\n<li class=\"product-features__item-list__item\" role=\"listitem\"><span class=\"is--medium\">Co\u00fbt annuel d&rsquo;utilisation (calcul\u00e9 selon un co\u00fbt unitaire en \u00e9l\u00e9ctricit\u00e9 de 0.2062 euros\/Kwh) :<\/span> 33 euros par an\t\t\t\t\t<\/li>\n<\/ul>\n<\/li>\n<li class=\"product-features__item\" role=\"listitem\">\n<h3 class=\"product-features__label\">Dimensions<\/h3>\n<ul role=\"list\">\n<li class=\"product-features__item-list__item\" role=\"listitem\"><span class=\"is--medium\">L x H x P :<\/span> 59 x 60 x 56 cm\t\t\t\t\t<\/li>\n<li class=\"product-features__item-list__item\" role=\"listitem\"><span class=\"is--medium\">Poids net :<\/span> 46,0 kg\t\t\t\t\t<\/li>\n<li class=\"product-features__item-list__item\" role=\"listitem\"><span class=\"is--medium\">Poids brut :<\/span> 46,0 kg\t\t\t\t\t<\/li>\n<\/ul>\n<\/li>\n<li class=\"product-features__item\" role=\"listitem\">\n<h3 class=\"product-features__label\">Informations compl\u00e9mentaires<\/h3>\n<ul role=\"list\">\n<li class=\"product-features__item-list__item\" role=\"listitem\"><span class=\"is--medium\">Disponibilit\u00e9 des pi\u00e8ces d\u00e9tach\u00e9es (donn\u00e9es fournisseur) :<\/span> Non concern\u00e9\t\t\t\t\t<\/li>\n<li class=\"product-features__item-list__item\" role=\"listitem\"><span class=\"is--medium\">Fabriqu\u00e9 en :<\/span> Chine\t\t\t\t\t<\/li>\n<li class=\"product-features__item-list__item\" role=\"listitem\"><span class=\"is--medium\">Marque :<\/span> KLARSTEIN\t\t\t\t\t<\/li>\n<li class=\"product-features__item-list__item\" role=\"listitem\"><span class=\"is--medium\">R\u00e9f\u00e9rence constructeur :<\/span> Rh\u00f4ne 25 Duo &#8211; 75L &#8211; Noir\t\t\t\t\t<\/li>\n<li class=\"product-features__item-list__item\" role=\"listitem\"><span class=\"is--medium\">Les services boulanger :<\/span> <a href=\"https:\/\/www.boulanger.com\/evenement\/livraison-domicile\" target=\"_blank\">cliquez ici pour d\u00e9couvrir tous nos services<\/a><\/li>\n<\/ul>\n<\/li>\n<li class=\"product-features__item\" role=\"listitem\">\n<h3 class=\"product-features__label\">Boulanger INFINITY<\/h3>\n<ul role=\"list\">\n<li class=\"product-features__item-list__item\" role=\"listitem\"><span class=\"is--medium\">R\u00e9parez en illimit\u00e9* vos appareils achet\u00e9s chez Boulanger ou ailleurs (*conditions d\u00e9taill\u00e9es dans la notice d&rsquo;information de la garantie Boulanger INFINITY) :<\/span> <a href=\"http:\/\/www.boulanger.com\/evenement\/boulanger-infinity\" target=\"_blank\">en sa<\/a><\/li>\n<\/ul>\n<\/li>\n<\/ul>\n<\/div>\n<div class=\"product__disclosure-content\">\n<div class=\"js-read-more product-description__content read-more read-more--truncated\" data-read-more-name=\"description\" style=\"max-height: 500px; overflow: hidden;\">\n<p>Pour l&rsquo;amour du vin : la <b>cave \u00e0 vin<\/b><b> Klarstein<\/b> Rh\u00f4ne 25 Duo permet de profiter au mieux du vin en offrant aux vins rouges et blancs la bonne temp\u00e9rature de d\u00e9gustation en m\u00eame temps gr\u00e2ce \u00e0 ses deux zones de refroidissement.<\/p>\n<p>Pour que ses ar\u00f4mes se d\u00e9veloppent pleinement, le vin doit \u00eatre refroidi \u00e0 la bonne temp\u00e9rature.   Rien de plus simple avec la <b>cave \u00e0 vin <\/b><b>Klarstein <\/b>Rh\u00f4ne 25 Duo &#8211; dans une ambiance raffin\u00e9e. Ses zones de temp\u00e9rature sup\u00e9rieure et inf\u00e9rieure accueillent jusqu&rsquo;\u00e0 25 bouteilles de vin dans son int\u00e9rieur de 75 litres avec trois beaux tiroirs en bois.   Le panneau de commande tactile intuitif vous permet de r\u00e9gler la temp\u00e9rature des deux zones de refroidissement s\u00e9par\u00e9ment entre 5 et 20 \u00b0C, et le mode ventilateur assure \u00e9galement une circulation d&rsquo;air constante.   Les vins blancs, rouges ou ros\u00e9s sont ainsi refroidis pr\u00e9cis\u00e9ment \u00e0 la bonne temp\u00e9rature de consommation et la qualit\u00e9 des vins bouchonn\u00e9s est conserv\u00e9e m\u00eame apr\u00e8s de longues p\u00e9riodes de stockage.   L&rsquo;\u00e9l\u00e9gante fa\u00e7ade en verre UV assure une pr\u00e9sentation habile des vins fins, sans poign\u00e9e de porte gr\u00e2ce au m\u00e9canisme d&rsquo;ouverture sophistiqu\u00e9.   L&rsquo;\u00e9clairage int\u00e9rieur \u00e0 commande s\u00e9par\u00e9e met habilement en sc\u00e8ne les bouteilles stock\u00e9es.    La cave \u00e0 vin attire ainsi l&rsquo;attention, non seulement \u00e0 la maison, mais aussi dans les bars et les restaurants.<\/p>\n<p>Pour les amateurs et les connaisseurs : la <b>cave \u00e0 vin<\/b> <b>Klarstein <\/b>Rh\u00f4ne 25 Duo est un lieu de stockage \u00e9l\u00e9gant avec la temp\u00e9rature id\u00e9ale pour vos pr\u00e9cieux vins fins.<\/p>\n<p><b>Top Features:<\/b><\/p>\n<p><b>Pr\u00e9sentation \u00e9l\u00e9gante :<\/b> Cave \u00e0 vin de luxe \u00e0 encastrer<br \/><b>Temp\u00e9rature de d\u00e9gustation id\u00e9ale : <\/b> deux zones de refroidissement s\u00e9par\u00e9es pour le stockage du vin rouge et blanc<br \/><b>Pour les connaisseurs et les collectionneurs : <\/b>75 litres d&rsquo;espace int\u00e9rieur pour jusqu&rsquo;\u00e0 25 bouteilles de vin<br \/><b>Parfaitement temp\u00e9r\u00e9 : <\/b>Temp\u00e9ratures r\u00e9glables de 5 \u00e0 20 \u00b0C et mode ventilation<br \/><b>Push-to-Open:<\/b> ing\u00e9nieux m\u00e9canisme d&rsquo;ouverture de porte par pression<br \/><b>Rangement flexible :<\/b> trois clayettes en bois amovibles<br \/><b>\u00c9clairage lumineux : <\/b> \u00e9clairage int\u00e9rieur LED blanc \u00e0 commande s\u00e9par\u00e9e<\/p>\n<p><b>Caract\u00e9ristiques:<\/b><\/p>\n<p>  \t\u2022 Classe d&rsquo;efficacit\u00e9 \u00e9nerg\u00e9tique G<\/p>\n<p>  \t\u2022 Capacit\u00e9 utile : 75 litres<\/p>\n<p>  \t\u2022 Plage de temp\u00e9rature : 5 &#8211; 20 \u00b0C <\/p>\n<p>  \t\u2022 Faible niveau sonore de 39 dB seulement<\/p>\n<p>  \t\u2022 \u00c9clairage int\u00e9rieur LED blanc<\/p>\n<p>  \t\u2022 Pieds r\u00e9glables en hauteur<\/p>\n<p>  \t\u2022 Sens de fermeture de porte modifiable<\/p>\n<p>  \t\u2022 Fa\u00e7ade panoramique en verre UV<\/p>\n<p>  \t\u2022 Syst\u00e8me d&rsquo;ouverture de porte Push-to-Open : ouverture par pression et fermeture en douceur<\/p>\n<p>  \t\u2022 Mode ventilation pour une circulation d&rsquo;air constante et une ventilation id\u00e9ale<\/p>\n<p>  \t\u2022 trois clayettes en bois amovibles<\/p>\n<p>  \t\u2022 Panneau de commande tactile intuitif<\/p>\n<p>  \t\u2022 R\u00e9frig\u00e9ration par compression<\/p>\n<p>  \t\u2022 temp\u00e9rature ambiante recommand\u00e9e : 23 \u00e0 25 \u00b0C<\/p>\n<p>  \t\u2022 Facile \u00e0 nettoyer<\/p>\n<p>  \t\u2022 R\u00e9frig\u00e9rant : R600a<\/p>\n<p>  \t\u2022 Appareil encastr\u00e9 : oui<\/p>\n<p>  \t\u2022 Pieds r\u00e9glables en hauteur<\/p>\n<p>  \t\u2022 Alimentation : 220 &#8211; 240 V~ | 50 Hz<\/p>\n<p><b>Inclus dans la livraison:<\/b><\/p>\n<p>\u2022 1 x cave \u00e0 vin<br \/>\u2022 3 x clayettes en bois<br \/>\u2022 Mode d&#8217;emploi en fran\u00e7ais<\/p>\n<p><b>Dimension:<\/b><\/p>\n<p>  \t\u2022 Dimensions : environ 59 x 60 x 56 cm (LxHxP)<\/p>\n<p>  \t\u2022 Dimensions int\u00e9rieures du compartiment sup\u00e9rieur : env. 46 x 21 x 37 cm (LxHxP)<\/p>\n<p>  \t\u2022 Dimensions int\u00e9rieures du compartiment inf\u00e9rieur : env. 46 x 18,5 x 29 cm (LxHxP)<\/p>\n<p>  \t\u2022 Longueur du c\u00e2ble : env. 1,80 m<\/p>\n<p>   \t\u2022 Poids : env. 46 kg<\/p>\n<\/div>\n<p><bl-button a11yexpanded=\"false\" arialabel=\"Afficher toute la description\" class=\"read-more__btn\" full=\"false\" link=\"true\"><\/bl-button><\/div>","protected":false},"excerpt":{"rendered":"<div class=\"keypoints\">\n<h3 class=\"keypoints__title\">Les points cl\u00e9s<\/h3>\n<ul role=\"list\">\n<li class=\"keypoints__item\" role=\"listitem\">                          Nombre de bouteilles : 25 &#8211;                                                      Nombre de clayette(s) : 3                      <\/li>\n<li class=\"keypoints__item\" role=\"listitem\">                                        L x H x P : 59 x 60 x 56 cm                      <\/li>\n<li class=\"keypoints__item\" role=\"listitem\">                          R\u00e9glage temp\u00e9rature : \u00e9lectronique via \u00e9cran &#8211;                                                      Nombre de zones : 2 zones                      <\/li>\n<li class=\"keypoints__item\" role=\"listitem\">                                        Niveau sonore : Silencieux (39dB)                      <\/li>\n<\/ul>","protected":false},"featured_media":41194,"template":"","meta":{"_glsr_average":0,"_glsr_ranking":0,"_glsr_reviews":0},"product_cat":[270],"product_tag":[195,271,131],"class_list":{"0":"post-99393","1":"product","2":"type-product","3":"status-publish","4":"has-post-thumbnail","6":"product_cat-cave-de-service","7":"product_tag-cave-a-vin","8":"product_tag-cave-de-service","9":"product_tag-gros-electromenager","11":"first","12":"instock","13":"sale","14":"shipping-taxable","15":"purchasable","16":"product-type-simple"},"_links":{"self":[{"href":"https:\/\/electromenagerexpress.com\/en\/wp-json\/wp\/v2\/product\/99393","targetHints":{"allow":["GET"]}}],"collection":[{"href":"https:\/\/electromenagerexpress.com\/en\/wp-json\/wp\/v2\/product"}],"about":[{"href":"https:\/\/electromenagerexpress.com\/en\/wp-json\/wp\/v2\/types\/product"}],"wp:featuredmedia":[{"embeddable":true,"href":"https:\/\/electromenagerexpress.com\/en\/wp-json\/wp\/v2\/media\/41194"}],"wp:attachment":[{"href":"https:\/\/electromenagerexpress.com\/en\/wp-json\/wp\/v2\/media?parent=99393"}],"wp:term":[{"taxonomy":"product_cat","embeddable":true,"href":"https:\/\/electromenagerexpress.com\/en\/wp-json\/wp\/v2\/product_cat?post=99393"},{"taxonomy":"product_tag","embeddable":true,"href":"https:\/\/electromenagerexpress.com\/en\/wp-json\/wp\/v2\/product_tag?post=99393"}],"curies":[{"name":"wp","href":"https:\/\/api.w.org\/{rel}","templated":true}]}}