{"id":99386,"date":"2024-11-28T10:52:47","date_gmt":"2024-11-28T10:52:47","guid":{"rendered":"https:\/\/electromenagerexpress.com\/product\/dometicaci-mbr120\/"},"modified":"2024-11-28T10:52:50","modified_gmt":"2024-11-28T10:52:50","slug":"dometicaci-mbr120","status":"publish","type":"product","link":"https:\/\/electromenagerexpress.com\/en\/product\/dometicaci-mbr120\/","title":{"rendered":"DOMETIC\t\t\t\tACI-MBR120"},"content":{"rendered":"<div class=\"product-features__content\">\n<ul role=\"list\">\n<li class=\"product-features__item\" role=\"listitem\">\n<h3 class=\"product-features__label\">Agencement et esthetique<\/h3>\n<ul role=\"list\">\n<li class=\"product-features__item-list__item\" role=\"listitem\"><span class=\"is--medium\">Nombre de bouteilles (type bordelaises l\u00e9g\u00e8res) :<\/span> 39\t\t\t\t\t<\/li>\n<li class=\"product-features__item-list__item\" role=\"listitem\"><span class=\"is--medium\">Nombre de clayette(s) :<\/span> 3\t\t\t\t\t<\/li>\n<li class=\"product-features__item-list__item\" role=\"listitem\"><span class=\"is--medium\">Mat\u00e9riau des clayettes :<\/span> bois, permet d&rsquo;offrir une consevation optimale pour le vin en maintenant le li\u00e8ge en contact avec le vin et une durabilit\u00e9 \u00e0 long terme\t\t\t\t\t<\/li>\n<\/ul>\n<\/li>\n<li class=\"product-features__item\" role=\"listitem\">\n<h3 class=\"product-features__label\">Equipement<\/h3>\n<ul role=\"list\">\n<li class=\"product-features__item-list__item\" role=\"listitem\"><span class=\"is--medium\">Niveau sonore :<\/span> niveau sonore standard (41 db)\t\t\t\t\t<\/li>\n<li class=\"product-features__item-list__item\" role=\"listitem\"><span class=\"is--medium\">Label \u00e9nergie :<\/span> G\t\t\t\t\t<\/li>\n<li class=\"product-features__item-list__item\" role=\"listitem\"><span class=\"is--medium\">Consommation :<\/span> 149 kWh\/an\t\t\t\t\t<\/li>\n<li class=\"product-features__item-list__item\" role=\"listitem\"><span class=\"is--medium\">Co\u00fbt annuel d&rsquo;utilisation (calcul\u00e9 selon un co\u00fbt unitaire en \u00e9l\u00e9ctricit\u00e9 de 0.2062 euros\/Kwh) :<\/span> 37 euros par an\t\t\t\t\t<\/li>\n<\/ul>\n<\/li>\n<li class=\"product-features__item\" role=\"listitem\">\n<h3 class=\"product-features__label\">Dimensions<\/h3>\n<ul role=\"list\">\n<li class=\"product-features__item-list__item\" role=\"listitem\"><span class=\"is--medium\">L x H x P :<\/span> 124.9 x 98 x 62.4 cm\t\t\t\t\t<\/li>\n<li class=\"product-features__item-list__item\" role=\"listitem\"><span class=\"is--medium\">Poids net :<\/span> 113,4 kg\t\t\t\t\t<\/li>\n<\/ul>\n<\/li>\n<li class=\"product-features__item\" role=\"listitem\">\n<h3 class=\"product-features__label\">Informations compl\u00e9mentaires<\/h3>\n<ul role=\"list\">\n<li class=\"product-features__item-list__item\" role=\"listitem\"><span class=\"is--medium\">Disponibilit\u00e9 des pi\u00e8ces d\u00e9tach\u00e9es (donn\u00e9es fournisseur) :<\/span> Non communiqu\u00e9e\t\t\t\t\t<\/li>\n<li class=\"product-features__item-list__item\" role=\"listitem\"><span class=\"is--medium\">Marque :<\/span> DOMETIC\t\t\t\t\t<\/li>\n<li class=\"product-features__item-list__item\" role=\"listitem\"><span class=\"is--medium\">R\u00e9f\u00e9rence constructeur :<\/span> ACI-MBR120\t\t\t\t\t<\/li>\n<\/ul>\n<\/li>\n<\/ul>\n<\/div>\n<div class=\"product__disclosure-content\">\n<div class=\"js-read-more product-description__content read-more read-more--truncated\" data-read-more-name=\"description\" style=\"max-height: 500px; overflow: hidden;\">\n<p>Ce bar mobile d&rsquo;ext\u00e9rieur haut de gamme au design \u00e9l\u00e9gant\u00a0offre une pr\u00e9sentation attractive et un refroidissement performant de toutes vos boissons lors des r\u00e9ceptions de plein air. Il est parfaitement adapt\u00e9 aux environnements ext\u00e9rieurs complexes (intemp\u00e9ries et\u00a0occasions festives les plus fr\u00e9quent\u00e9es), gr\u00e2ce \u00e0 sa conception solide et intemporelle en acier inoxydable 304.La cave de service comprend 2 zones de r\u00e9frig\u00e9ration distinctes et est \u00e9quip\u00e9e de 3 clayettes\u00a0amovibles (deux en bois et une en m\u00e9tal). Les commandes \u00e9lectroniques  \u00e0 touches tactiles avec affichage digital, fonction de m\u00e9morisation et contr\u00f4le de temp\u00e9rature (alarmes sonores et visuelles) permettent une r\u00e9frig\u00e9ration pr\u00e9cise de chaque zone entre +5\u00b0C\u00a0et +20\u00b0C (bandeau de contr\u00f4le \u00e0 l&rsquo;int\u00e9rieur de la cave).La zone inf\u00e9rieure est id\u00e9ale pour la conservation du vin blanc et du vin rouge, la zone sup\u00e9rieure est adapt\u00e9e \u00e0 la mise \u00e0 temp\u00e9rature du champagne, du vin blanc et des boissons (sodas, eaux, bi\u00e8res, etc.). Munie d&rsquo;une poign\u00e9e en aluminium anodis\u00e9 et de charni\u00e8res de fermeture souples, la porte  en verre \u00e0 triple isolation r\u00e9sistante aux UV  expose les boissons de mani\u00e8re attractive tout en les prot\u00e9geant des rayons nocifs du soleil.Vins, bi\u00e8res et autres boissons sont \u00e0 leur temp\u00e9rature de service optimale, tout en \u00e9tant accessibles et parfaitement visibles gr\u00e2ce \u00e0 un \u00e9l\u00e9gant \u00e9clairage int\u00e9rieur \u00e0 LED command\u00e9 par interrupteur. Equip\u00e9e d&rsquo;une serrure et de 2 cl\u00e9s, l&rsquo;armoire r\u00e9frig\u00e9r\u00e9e peut contenir jusqu?\u00e0 39 bouteilles de vin standards (14 en haut, 26 en bas) ou 155 cannettes 33cl (56 en haut, 99 en bas).Le conteneur\/panier \u00e0 glace, d&rsquo;une capacit\u00e9 de 24 litres, est isotherme et permet une conservation optimale de la glace (jusqu&rsquo;\u00e0 8 heures selon les conditions ambiantes). Amovible et transportable gr\u00e2ce \u00e0 sa poign\u00e9e, il peut contenir jusqu&rsquo;\u00e0 22 bouteilles de vin standards ou 32 canettes 33cl. Et pour ne manquer de rien, un tiroir de stockage \u00e0 sec avec s\u00e9parateurs vous permet d&rsquo;entreposer une quantit\u00e9 suppl\u00e9mentaire de boissons, ustensiles, ingr\u00e9dients etc.Equip\u00e9 d&rsquo;un compartiment de rangement sec pour conserver tout ce dont vous avez besoin \u00e0 port\u00e9e de main (shakers, plats, garnitures, verres etc.), il dispose \u00e9galement d&rsquo;un grand espace de pr\u00e9sentation et d&rsquo;accessoires professionnels de haute qualit\u00e9 : un porte-bouteille amovible en acier rev\u00eatu noir, une planche de pr\u00e9paration solide en ch\u00eane massif, un plateau de service en acier rev\u00eatu noir et un bac alimentaire gastronorm en inox pour pr\u00e9parer, m\u00e9langer, pr\u00e9senter et servir dans le plus grand confort.Facile \u00e0 d\u00e9placer, il sera toujours l\u00e0 o\u00f9 vous en avez besoin gr\u00e2ce \u00e0 ses 4 roulettes ultra-solides  con\u00e7ues pour une utilisation intensive (2 roulettes directionnelles \u00e0 l&rsquo;avant pour une mobilit\u00e9 facilit\u00e9e) et sa poign\u00e9e\/porte-serviette en acier inoxydable ergonomique et robuste.Pour un fonctionnement optimal, votre bar mobile ne devra pas \u00eatre utilis\u00e9 \u00e0 une temp\u00e9rature ambiante inf\u00e9rieure \u00e0 +16\u00b0C. L?hivernage ou stockage \u00e0 long terme est recommand\u00e9 lorsque la temp\u00e9rature ambiante quotidienne la plus basse est inf\u00e9rieure \u00e0 0 \u00b0C (\u00e9teignez, d\u00e9branchez, videz, nettoyez votre appareil et entreposez le dans un espace chauff\u00e9).Accessoires inclus \ud83d\ude15 1 porte-bouteille amovible en acier rev\u00eatu noir (peut contenir jusqu&rsquo;\u00e0 6 bouteilles de vin standards)? 1 planche \u00e0 d\u00e9couper en ch\u00eane massif (se transforme en couvercle pour votre panier \u00e0 glace)? 1 plateau de service en acier rev\u00eatu noir? 1 r\u00e9cipient alimentaire Gastronorm en acier inoxydableDisponibles en accessoires conseill\u00e9s (non fournis), pour une personnalisation unique de votre bar mobile \ud83d\ude15 Housse de protection r\u00e9sistante et durable? Porte-bouteille amovible en acier rev\u00eatu noir (peut contenir jusqu&rsquo;\u00e0 6 bouteilles de vin standards)? R\u00e9cipient alimentaire Gastronorm en acier inoxydable? Plateau de service en acier rev\u00eatu noir? Planche \u00e0 d\u00e9couper en ch\u00eane massif<\/p>\n<p><video class=\"s7Video\" controls=\"\" controlslist=\"nodownload\" poster=\"https:\/\/boulanger.scene7.com\/is\/image\/Boulanger\/3665104055591_v_0?scl=1\" preload=\"metadata\" src=\"https:\/\/boulanger.scene7.com\/is\/content\/Boulanger\/3665104055591_v_0\" width=\"100%\"><\/video><\/p>\n<\/div>\n<p><bl-button a11yexpanded=\"false\" arialabel=\"Afficher toute la description\" class=\"read-more__btn\" full=\"false\" link=\"true\"><\/bl-button><\/div>","protected":false},"excerpt":{"rendered":"<div class=\"keypoints\">\n<h3 class=\"keypoints__title\">Les points cl\u00e9s<\/h3>\n<ul role=\"list\">\n<li class=\"keypoints__item\" role=\"listitem\">                          Nombre de bouteilles : 39 &#8211;                                                      Nombre de clayette(s) : 3                      <\/li>\n<li class=\"keypoints__item\" role=\"listitem\">                                        L x H x P : 124.9 x 98 x 62.4 cm                      <\/li>\n<li class=\"keypoints__item\" role=\"listitem\">                                        Niveau sonore : Niveau sonore de 41 dB                      <\/li>\n<li class=\"keypoints__item keypoints__item--advantage\" role=\"listitem\"><strong>Le + :<\/strong> Deux zones de r\u00e9frig\u00e9ration distinctes permettant de mettre vin rouge, blanc, champagne&#8230;      <\/li>\n<\/ul>","protected":false},"featured_media":41132,"template":"","meta":{"_glsr_average":0,"_glsr_ranking":0,"_glsr_reviews":0},"product_cat":[192],"product_tag":[195,131],"class_list":{"0":"post-99386","1":"product","2":"type-product","3":"status-publish","4":"has-post-thumbnail","6":"product_cat-cave-a-vin","7":"product_tag-cave-a-vin","8":"product_tag-gros-electromenager","10":"first","11":"instock","12":"sale","13":"shipping-taxable","14":"purchasable","15":"product-type-simple"},"_links":{"self":[{"href":"https:\/\/electromenagerexpress.com\/en\/wp-json\/wp\/v2\/product\/99386","targetHints":{"allow":["GET"]}}],"collection":[{"href":"https:\/\/electromenagerexpress.com\/en\/wp-json\/wp\/v2\/product"}],"about":[{"href":"https:\/\/electromenagerexpress.com\/en\/wp-json\/wp\/v2\/types\/product"}],"wp:featuredmedia":[{"embeddable":true,"href":"https:\/\/electromenagerexpress.com\/en\/wp-json\/wp\/v2\/media\/41132"}],"wp:attachment":[{"href":"https:\/\/electromenagerexpress.com\/en\/wp-json\/wp\/v2\/media?parent=99386"}],"wp:term":[{"taxonomy":"product_cat","embeddable":true,"href":"https:\/\/electromenagerexpress.com\/en\/wp-json\/wp\/v2\/product_cat?post=99386"},{"taxonomy":"product_tag","embeddable":true,"href":"https:\/\/electromenagerexpress.com\/en\/wp-json\/wp\/v2\/product_tag?post=99386"}],"curies":[{"name":"wp","href":"https:\/\/api.w.org\/{rel}","templated":true}]}}