{"id":99372,"date":"2024-11-28T10:51:39","date_gmt":"2024-11-28T10:51:39","guid":{"rendered":"https:\/\/electromenagerexpress.com\/product\/dometicaci-mbr110\/"},"modified":"2024-11-28T10:51:41","modified_gmt":"2024-11-28T10:51:41","slug":"dometicaci-mbr110","status":"publish","type":"product","link":"https:\/\/electromenagerexpress.com\/en\/product\/dometicaci-mbr110\/","title":{"rendered":"DOMETIC\t\t\t\tACI-MBR110"},"content":{"rendered":"<div class=\"product-features__content\">\n<ul role=\"list\">\n<li class=\"product-features__item\" role=\"listitem\">\n<h3 class=\"product-features__label\">Agencement et esthetique<\/h3>\n<ul role=\"list\">\n<li class=\"product-features__item-list__item\" role=\"listitem\"><span class=\"is--medium\">Nombre de bouteilles (type bordelaises l\u00e9g\u00e8res) :<\/span> 19\t\t\t\t\t<\/li>\n<\/ul>\n<\/li>\n<li class=\"product-features__item\" role=\"listitem\">\n<h3 class=\"product-features__label\">Equipement<\/h3>\n<ul role=\"list\">\n<li class=\"product-features__item-list__item\" role=\"listitem\"><span class=\"is--medium\">Niveau sonore :<\/span> silencieux (39 db)\t\t\t\t\t<\/li>\n<li class=\"product-features__item-list__item\" role=\"listitem\"><span class=\"is--medium\">Label \u00e9nergie :<\/span> F\t\t\t\t\t<\/li>\n<li class=\"product-features__item-list__item\" role=\"listitem\"><span class=\"is--medium\">Consommation :<\/span> 97 kWh\/an\t\t\t\t\t<\/li>\n<li class=\"product-features__item-list__item\" role=\"listitem\"><span class=\"is--medium\">Co\u00fbt annuel d&rsquo;utilisation (calcul\u00e9 selon un co\u00fbt unitaire en \u00e9l\u00e9ctricit\u00e9 de 0.2062 euros\/Kwh) :<\/span> 24 euros par an\t\t\t\t\t<\/li>\n<\/ul>\n<\/li>\n<li class=\"product-features__item\" role=\"listitem\">\n<h3 class=\"product-features__label\">Dimensions<\/h3>\n<ul role=\"list\">\n<li class=\"product-features__item-list__item\" role=\"listitem\"><span class=\"is--medium\">L x H x P :<\/span> 71.7 x 98 x 62.2 cm\t\t\t\t\t<\/li>\n<li class=\"product-features__item-list__item\" role=\"listitem\"><span class=\"is--medium\">Poids net :<\/span> 68,2 kg\t\t\t\t\t<\/li>\n<\/ul>\n<\/li>\n<li class=\"product-features__item\" role=\"listitem\">\n<h3 class=\"product-features__label\">Informations compl\u00e9mentaires<\/h3>\n<ul role=\"list\">\n<li class=\"product-features__item-list__item\" role=\"listitem\"><span class=\"is--medium\">Disponibilit\u00e9 des pi\u00e8ces d\u00e9tach\u00e9es (donn\u00e9es fournisseur) :<\/span> Non communiqu\u00e9e\t\t\t\t\t<\/li>\n<li class=\"product-features__item-list__item\" role=\"listitem\"><span class=\"is--medium\">Fabriqu\u00e9 en :<\/span> Chine\t\t\t\t\t<\/li>\n<li class=\"product-features__item-list__item\" role=\"listitem\"><span class=\"is--medium\">Marque :<\/span> DOMETIC\t\t\t\t\t<\/li>\n<li class=\"product-features__item-list__item\" role=\"listitem\"><span class=\"is--medium\">R\u00e9f\u00e9rence constructeur :<\/span> ACI-MBR110\t\t\t\t\t<\/li>\n<\/ul>\n<\/li>\n<\/ul>\n<\/div>\n<div class=\"product__disclosure-content\">\n<div class=\"js-read-more product-description__content read-more read-more--truncated\" data-read-more-name=\"description\" style=\"max-height: 500px; overflow: hidden;\">\n<p>Ce bar mobile d&rsquo;ext\u00e9rieur haut de gamme  au design \u00e9l\u00e9gant\u00a0offre une pr\u00e9sentation attractive et un refroidissement performant de toutes vos boissons lors des r\u00e9ceptions de plein air. Il est parfaitement adapt\u00e9 aux environnements ext\u00e9rieurs complexes (intemp\u00e9ries et\u00a0occasions festives les plus fr\u00e9quent\u00e9es), gr\u00e2ce \u00e0 sa conception solide et intemporelle en acier inoxydable 304.La cave r\u00e9frig\u00e9r\u00e9e mono-temp\u00e9rature comprend 2 clayettes en bois amovibles. Les commandes \u00e9lectroniques \u00e0 touches tactiles avec affichage digital, fonction de m\u00e9morisation et contr\u00f4le de la temp\u00e9rature (alarmes sonores et visuelles) permettent une r\u00e9frig\u00e9ration pr\u00e9cise entre +2\u00b0 et +20\u00b0C (bandeau de contr\u00f4le \u00e0 l&rsquo;int\u00e9rieur de la cave).Equip\u00e9e d&rsquo;une poign\u00e9e en aluminium anodis\u00e9 et de charni\u00e8res de fermeture souples, la porte en verre \u00e0 triple isolation r\u00e9sistante aux UV  expose les boissons de mani\u00e8re attractive tout en les prot\u00e9geant des rayons nocifs du soleil.Vins, bi\u00e8res et autres boissons sont \u00e0 leur temp\u00e9rature de service optimale, tout en \u00e9tant accessibles et parfaitement visibles gr\u00e2ce \u00e0 un \u00e9l\u00e9gant \u00e9clairage int\u00e9rieur \u00e0 LED command\u00e9 par interrupteur. Munie d&rsquo;une serrure et de 2 cl\u00e9s, l&rsquo;armoire r\u00e9frig\u00e9r\u00e9e peut contenir jusqu?\u00e0 19\u00a0bouteilles de vin standards ou 70 canettes 33cl.Le conteneur\/panier \u00e0 glace moul\u00e9 par rotation, d&rsquo;une capacit\u00e9 de 24 litres, est isotherme et permet une conservation optimale de la glace (jusqu&rsquo;\u00e0 8 heures selon les conditions ambiantes). Amovible et transportable gr\u00e2ce \u00e0 sa poign\u00e9e, il peut contenir jusqu&rsquo;\u00e0 22 bouteilles de vin standards ou 32 canettes 33cl, pour ne jamais manquer de stock.Equip\u00e9 d&rsquo;un compartiment de rangement sec pour conserver tout ce dont vous avez besoin \u00e0 port\u00e9e de main (shakers, plats, garnitures, verres etc.), il dispose \u00e9galement d&rsquo;un grand espace de pr\u00e9sentation et d&rsquo;accessoires de qualit\u00e9 : un porte-bouteille amovible, une planche de pr\u00e9paration solide en ch\u00eane, une extension de table pour pr\u00e9parer, m\u00e9langer, pr\u00e9senter et servir dans le plus grand confort.Facile \u00e0 d\u00e9placer, il sera toujours l\u00e0 o\u00f9 vous en avez besoin gr\u00e2ce \u00e0 ses 4 roulettes ultra-solides  con\u00e7ues pour une utilisation intensive (2 roulettes directionnelles \u00e0 l&rsquo;avant pour une mobilit\u00e9 facilit\u00e9e) et sa poign\u00e9e\/porte-serviette en acier inoxydable ergonomique et robuste.Pour un fonctionnement optimal, votre bar mobile ne devra pas \u00eatre utilis\u00e9 \u00e0 une temp\u00e9rature ambiante inf\u00e9rieure \u00e0 +16\u00b0C. L?hivernage  ou stockage \u00e0 long terme est recommand\u00e9 lorsque la temp\u00e9rature ambiante quotidienne la plus basse est inf\u00e9rieure \u00e0 0\u00b0C (\u00e9teignez, d\u00e9branchez, videz, nettoyez votre appareil et entreposez le dans un espace chauff\u00e9).Accessoires inclus \ud83d\ude15 1 porte-bouteille amovible en acier rev\u00eatu noir (peut contenir jusqu&rsquo;\u00e0 6 bouteilles de vin standards)? 1 table rallonge amovible en acier rev\u00eatu noir (+planche en ch\u00eane)Disponibles en accessoires conseill\u00e9s (non fournis), pour une personnalisation unique de votre bar mobile \ud83d\ude15 Housse de protection r\u00e9sistante et durable? R\u00e9cipient alimentaire Gastronorm en acier inoxydable? Porte-bouteille amovible en acier rev\u00eatu noir (peut contenir jusqu&rsquo;\u00e0 6 bouteilles de vin standards)? Plateau de service en acier rev\u00eatu noir? Planche \u00e0 d\u00e9couper en ch\u00eane massif<\/p>\n<p><video class=\"s7Video\" controls=\"\" controlslist=\"nodownload\" poster=\"https:\/\/boulanger.scene7.com\/is\/image\/Boulanger\/3665104055515_v_0?scl=1\" preload=\"metadata\" src=\"https:\/\/boulanger.scene7.com\/is\/content\/Boulanger\/3665104055515_v_0\" width=\"100%\"><\/video><\/p>\n<\/div>\n<p><bl-button a11yexpanded=\"false\" arialabel=\"Afficher toute la description\" class=\"read-more__btn\" full=\"false\" link=\"true\"><\/bl-button><\/div>","protected":false},"excerpt":{"rendered":"<div class=\"keypoints\">\n<h3 class=\"keypoints__title\">Les points cl\u00e9s<\/h3>\n<ul role=\"list\">\n<li class=\"keypoints__item\" role=\"listitem\">                                        Nombre de bouteilles : 19                      <\/li>\n<li class=\"keypoints__item\" role=\"listitem\">                                        L x H x P : 71.7 x 98 x 62.2 cm                      <\/li>\n<li class=\"keypoints__item\" role=\"listitem\">                                        Niveau sonore : Silencieux (39dB)                      <\/li>\n<li class=\"keypoints__item keypoints__item--advantage\" role=\"listitem\"><strong>Le + :<\/strong> Son design compact, alliant \u00e9l\u00e9gance et praticit\u00e9, trouve facilement sa place en ext\u00e9rieur      <\/li>\n<\/ul>","protected":false},"featured_media":40113,"template":"","meta":{"_glsr_average":0,"_glsr_ranking":0,"_glsr_reviews":0},"product_cat":[192],"product_tag":[195,131],"class_list":{"0":"post-99372","1":"product","2":"type-product","3":"status-publish","4":"has-post-thumbnail","6":"product_cat-cave-a-vin","7":"product_tag-cave-a-vin","8":"product_tag-gros-electromenager","10":"first","11":"instock","12":"sale","13":"shipping-taxable","14":"purchasable","15":"product-type-simple"},"_links":{"self":[{"href":"https:\/\/electromenagerexpress.com\/en\/wp-json\/wp\/v2\/product\/99372","targetHints":{"allow":["GET"]}}],"collection":[{"href":"https:\/\/electromenagerexpress.com\/en\/wp-json\/wp\/v2\/product"}],"about":[{"href":"https:\/\/electromenagerexpress.com\/en\/wp-json\/wp\/v2\/types\/product"}],"wp:featuredmedia":[{"embeddable":true,"href":"https:\/\/electromenagerexpress.com\/en\/wp-json\/wp\/v2\/media\/40113"}],"wp:attachment":[{"href":"https:\/\/electromenagerexpress.com\/en\/wp-json\/wp\/v2\/media?parent=99372"}],"wp:term":[{"taxonomy":"product_cat","embeddable":true,"href":"https:\/\/electromenagerexpress.com\/en\/wp-json\/wp\/v2\/product_cat?post=99372"},{"taxonomy":"product_tag","embeddable":true,"href":"https:\/\/electromenagerexpress.com\/en\/wp-json\/wp\/v2\/product_tag?post=99372"}],"curies":[{"name":"wp","href":"https:\/\/api.w.org\/{rel}","templated":true}]}}