{"id":96736,"date":"2024-11-27T11:04:59","date_gmt":"2024-11-27T11:04:59","guid":{"rendered":"https:\/\/electromenagerexpress.com\/product\/aspirateur-robotirobotroomba-980-reconditionne\/"},"modified":"2024-11-27T11:05:09","modified_gmt":"2024-11-27T11:05:09","slug":"aspirateur-robotirobotroomba-980-reconditionne","status":"publish","type":"product","link":"https:\/\/electromenagerexpress.com\/en\/product\/aspirateur-robotirobotroomba-980-reconditionne\/","title":{"rendered":"Aspirateur robot\t\t\t\t\t\t\tIROBOT\t\t\t\tROOMBA 980 Reconditionn\u00e9"},"content":{"rendered":"<div class=\"product-features__content\">\n<ul role=\"list\">\n<li class=\"product-features__item\" role=\"listitem\">\n<h3 class=\"product-features__label\">Caract\u00e9ristiques de l&rsquo;aspirateur robot<\/h3>\n<ul role=\"list\">\n<li class=\"product-features__item-list__item\" role=\"listitem\"><span class=\"is--medium\">Fonction :<\/span> Aspire\t\t\t\t\t<\/li>\n<li class=\"product-features__item-list__item\" role=\"listitem\"><span class=\"is--medium\">Niveau sonore max :<\/span> 59 dB\t\t\t\t\t<\/li>\n<li class=\"product-features__item-list__item\" role=\"listitem\"><span class=\"is--medium\">D\u00e9tail sur le niveau sonore :<\/span> Il peut varier en fonction du type de sols aspir\u00e9 (carrelage, parquet, tapis, moquette) et du mode utilis\u00e9 (aspiration, lavage ou vidage)\t\t\t\t\t<\/li>\n<\/ul>\n<\/li>\n<li class=\"product-features__item\" role=\"listitem\">\n<h3 class=\"product-features__label\">Gestion des obstacles et des types de sols<\/h3>\n<ul role=\"list\">\n<li class=\"product-features__item-list__item\" role=\"listitem\"><span class=\"is--medium\">Detection des objets en temps r\u00e9el :<\/span> Non communiqu\u00e9\t\t\t\t\t<\/li>\n<\/ul>\n<\/li>\n<li class=\"product-features__item\" role=\"listitem\">\n<h3 class=\"product-features__label\">Informations et Services<\/h3>\n<ul role=\"list\">\n<li class=\"product-features__item-list__item\" role=\"listitem\"><span class=\"is--medium\">Dur\u00e9e garantie batterie :<\/span> 1 ans\t\t\t\t\t<\/li>\n<li class=\"product-features__item-list__item\" role=\"listitem\"><span class=\"is--medium\">R\u00e9f\u00e9rence constructeur :<\/span> ROOMBA 980\t\t\t\t\t<\/li>\n<li class=\"product-features__item-list__item\" role=\"listitem\"><span class=\"is--medium\">Marque :<\/span> IROBOT\t\t\t\t\t<\/li>\n<\/ul>\n<\/li>\n<li class=\"product-features__item\" role=\"listitem\">\n<h3 class=\"product-features__label\">Dimensions<\/h3>\n<ul role=\"list\">\n<li class=\"product-features__item-list__item\" role=\"listitem\"><span class=\"is--medium\">Dimensions du robot l x h x p :<\/span> NC x 9.2 x 35.3 cm\t\t\t\t\t<\/li>\n<li class=\"product-features__item-list__item\" role=\"listitem\"><span class=\"is--medium\">Poids du robot :<\/span> 3,9 kg\t\t\t\t\t<\/li>\n<\/ul>\n<\/li>\n<\/ul>\n<\/div>\n<div class=\"product__disclosure-content\">\n<div class=\"js-read-more product-description__content read-more read-more--truncated\" data-read-more-name=\"description\" style=\"max-height: 500px; overflow: hidden;\">\n<\/p>\n<p><center><a href=\"https:\/\/boulanger.scene7.com\/is\/content\/Boulanger\/1.Produit\/Annexes\/dates%5Fanimations%5Firobot.pdf\" target=\"_blank\"><img decoding=\"async\" alt=\"Animation magasin Irobot\" src=\"https:\/\/boulanger.scene7.com\/is\/image\/Boulanger\/Baniere_irobot?wid=1000\"\/><\/a><\/center><\/p>\n<p><\/p>\n<h3>Echelle sonore<\/p>\n<p class=\"wy_tableau_right\"><iframe class=\"right\" height=\"265\" src=\"https:\/\/boulanger.scene7.com\/s7viewers\/html5\/VideoViewer.html?videoserverurl=https:\/\/boulanger.scene7.com\/is\/content\/&amp;emailurl=https:\/\/boulanger.scene7.com\/s7\/emailFriend&amp;serverUrl=https:\/\/boulanger.scene7.com\/is\/image\/&amp;config=Scene7SharedAssets\/Universal%5FHTML5%5FVideo&amp;contenturl=https:\/\/boulanger.scene7.com\/skins\/&amp;asset=Boulanger\/ECHELLE SONORE\" width=\"470\"><\/iframe><\/p>\n<\/h3>\n<p>\u00c0 la recherche d&rsquo;un aspirateur qui agit tout seul et qui vous \u00e9vite la corv\u00e9e m\u00e9nage? Alli\u00e9 incontestable contre la poussi\u00e8re, l&rsquo;aspirateur robot a tout pour plaire. <\/p>\n<p>Sans fil, flexible, divers programmes, autonome,  autant d&rsquo;atouts qui peuvent vous s\u00e9duire. Mais qu&rsquo;en est- il de son <b>niveau sonore<\/b> ? Plus besoin de vous poser la question ! <\/p>\n<p><b>En exclusivit\u00e9 chez Boulanger<\/b>, d\u00e9couvrez l&rsquo;\u00e9chelle sonore des aspirateurs robot. Gr\u00e2ce \u00e0 cet outil pratique, vous pourrez choisir l&rsquo;aspirateur robot qui correspond parfaitement \u00e0 vos attentes.<\/p>\n<p> \u00c0 vos aspirateurs, pr\u00eat, \u00e9coutez !<\/p>\n<p><\/p>\n<p>Gr\u00e2ce \u00e0 son syst\u00e8me de cartographie en temps r\u00e9el, son contr\u00f4le via une application d\u00e9di\u00e9e et ses performances de nettoyage d\u00e9cupl\u00e9es, le Roomba 980 r\u00e9volutionne le nettoyage dans toutes les pi\u00e8ces de la maison.<\/p>\n<h3>Un robot intelligent<\/h3>\n<p class=\"wy_tableau_gauche\"><img fetchpriority=\"high\" decoding=\"async\" height=\"350\" src=\"https:\/\/boulanger.scene7.com\/is\/image\/Boulanger\/5060359281043_p1?wid=312&amp;hei=350\" width=\"312\"\/><\/p>\n<p>Le Roomba 980 est le premier Roomba \u00e9quip\u00e9 du mode de <b>navigation iAdapt 2.0<\/b> qui permet une cartographie compl\u00e8te de l&rsquo;espace, en temps r\u00e9el, gr\u00e2ce \u00e0 une cam\u00e9ra inclin\u00e9e \u00e0 30\u00b0.<\/p>\n<p>Cette cam\u00e9ra lui permet de cr\u00e9er des points de rep\u00e8re et d&rsquo;\u00e9tablir une carte de la pi\u00e8ce en m\u00eame temps qu&rsquo;il nettoie. <\/p>\n<p>Ainsi, vous \u00eates certains que votre robot aspirateur a couvert toute la surface \u00e0 nettoyer.Le Roomba 980 optimise ses d\u00e9placements et offre environ <b>2 heures d&rsquo;autonomie<\/b>.<\/p>\n<p>Une fois d\u00e9charg\u00e9, il retourne tout seul \u00e0 sa base de chargement avant de reprendre le nettoyage l\u00e0 o\u00f9 il s&rsquo;\u00e9tait arr\u00eat\u00e9.<\/p>\n<p>Cet aspirateur robot peut nettoyer des surfaces allant <b>jusqu&rsquo;\u00e0 185 m2<\/b>.<\/p>\n<h3>Un robot simple<\/h3>\n<p class=\"wy_tableau_right\"><img decoding=\"async\" height=\"350\" src=\"https:\/\/boulanger.scene7.com\/is\/image\/Boulanger\/5060359281043_p2?wid=283&amp;hei=350\" width=\"283\"\/><\/p>\n<p><b>L&rsquo;application iRobot HOME<\/b> vous offre le contr\u00f4le du  Roomba 980 o\u00f9 que vous soyez et \u00e0 tout moment. L&rsquo;application permet de lancer l&rsquo;appareil <b>\u00e0 distance<\/b>, m\u00eame depuis votre lieu de travail ou le supermarch\u00e9.<\/p>\n<p>Il est \u00e9galement possible de <b>programmer<\/b> les jours et horaires de nettoyage. Et  aussi, de s\u00e9lectionner diff\u00e9rents param\u00e8tres tels que : choisir entre 1 ou deux passages dans votre maison, activer la fonction Carpet Boost&#8230;<\/p>\n<p>L&rsquo;application vous donne aussi des informations sur le cycle de nettoyage en cours, ceux pass\u00e9s ou les \u00e9ventuels probl\u00e8mes rencontr\u00e9s par le robot.<\/p>\n<p>Le robot peut aussi \u00eatre lanc\u00e9 tr\u00e8s simplement, de mani\u00e8re manuelle, en appuyant sur le <b>bouton CLEAN<\/b> situ\u00e9 au centre du robot. Que vous utilisiez l&rsquo;application ou non, l&rsquo;utilisation de ce robot est un vrai jeu d&rsquo;enfant.<\/p>\n<h3>Un robot efficace<\/h3>\n<p>Dot\u00e9 du moteur Gen 3, le Roomba 980 dispose d&rsquo;une puissance d&rsquo;aspiration 2 fois plus importante que les mod\u00e8les pr\u00e9c\u00e9dents. Son syst\u00e8me de nettoyage AeroForce? avec Carpet Boost d\u00e9tecte les <b>moquettes ou tapis<\/b> et augmente la puissance de nettoyage sur ces surfaces o\u00f9 la poussi\u00e8re et la salet\u00e9 sont les plus tenaces.<br \/>Ses capteurs de salet\u00e9 d\u00e9tectent les concentrations de poussi\u00e8re et de d\u00e9bris et effectuent un nettoyage concentr\u00e9 sur les zones qui en ont le plus besoin.<\/p>\n<p class=\"wy_aligner_centrer\"><img decoding=\"async\" alt=\"Roomba 980\" height=\"365\" src=\"https:\/\/boulanger.scene7.com\/is\/image\/Boulanger\/5060359281043_p3?wid=1000&amp;hei=365\" width=\"1000\"\/><\/p>\n<\/p>\n<p><video class=\"s7Video\" controls=\"\" controlslist=\"nodownload\" poster=\"https:\/\/boulanger.scene7.com\/is\/image\/Boulanger\/5060359281043_v_0?scl=1\" preload=\"metadata\" src=\"https:\/\/boulanger.scene7.com\/is\/content\/Boulanger\/5060359281043_v_0\" width=\"100%\"><\/video><\/p>\n<\/div>\n<p><bl-button a11yexpanded=\"false\" arialabel=\"Afficher toute la description\" class=\"read-more__btn\" full=\"false\" link=\"true\"><\/bl-button><\/div>","protected":false},"excerpt":{"rendered":"<div class=\"keypoints\">\n<h3 class=\"keypoints__title\">Les points cl\u00e9s<\/h3>\n<ul role=\"list\">\n<li class=\"keypoints__item\" role=\"listitem\">                                        Niveau sonore max : 59 dB                      <\/li>\n<li class=\"keypoints__item keypoints__item--advantage\" role=\"listitem\"><strong>Le + :<\/strong> 10 fois plus puissant que les mod\u00e8les pr\u00e9c\u00e9dents. Puissance optimis\u00e9e sur tapis et moquette. Extracteur de d\u00e9bris anti emm\u00ealement. Cartographie. Appareil connect\u00e9.      <\/li>\n<\/ul>","protected":false},"featured_media":76802,"template":"","meta":{"_glsr_average":0,"_glsr_ranking":0,"_glsr_reviews":0},"product_cat":[326],"product_tag":[324,327,153],"class_list":{"0":"post-96736","1":"product","2":"type-product","3":"status-publish","4":"has-post-thumbnail","6":"product_cat-aspirateur-robot","7":"product_tag-aspirateur","8":"product_tag-aspirateur-robot","9":"product_tag-maison-entretien","11":"first","12":"instock","13":"sale","14":"shipping-taxable","15":"purchasable","16":"product-type-simple"},"_links":{"self":[{"href":"https:\/\/electromenagerexpress.com\/en\/wp-json\/wp\/v2\/product\/96736","targetHints":{"allow":["GET"]}}],"collection":[{"href":"https:\/\/electromenagerexpress.com\/en\/wp-json\/wp\/v2\/product"}],"about":[{"href":"https:\/\/electromenagerexpress.com\/en\/wp-json\/wp\/v2\/types\/product"}],"wp:featuredmedia":[{"embeddable":true,"href":"https:\/\/electromenagerexpress.com\/en\/wp-json\/wp\/v2\/media\/76802"}],"wp:attachment":[{"href":"https:\/\/electromenagerexpress.com\/en\/wp-json\/wp\/v2\/media?parent=96736"}],"wp:term":[{"taxonomy":"product_cat","embeddable":true,"href":"https:\/\/electromenagerexpress.com\/en\/wp-json\/wp\/v2\/product_cat?post=96736"},{"taxonomy":"product_tag","embeddable":true,"href":"https:\/\/electromenagerexpress.com\/en\/wp-json\/wp\/v2\/product_tag?post=96736"}],"curies":[{"name":"wp","href":"https:\/\/api.w.org\/{rel}","templated":true}]}}