{"id":96733,"date":"2024-11-27T11:04:35","date_gmt":"2024-11-27T11:04:35","guid":{"rendered":"https:\/\/electromenagerexpress.com\/product\/robot-aspirateur-laveurroborocks8-noir-reconditionne\/"},"modified":"2024-11-27T11:04:38","modified_gmt":"2024-11-27T11:04:38","slug":"robot-aspirateur-laveurroborocks8-noir-reconditionne","status":"publish","type":"product","link":"https:\/\/electromenagerexpress.com\/en\/product\/robot-aspirateur-laveurroborocks8-noir-reconditionne\/","title":{"rendered":"Robot Aspirateur Laveur\t\t\t\t\t\t\tROBOROCK\t\t\t\tS8 Noir Reconditionn\u00e9"},"content":{"rendered":"<div class=\"product-features__content\">\n<ul role=\"list\">\n<li class=\"product-features__item\" role=\"listitem\">\n<h3 class=\"product-features__label\">Choisir ce produit pour quels usages ?<\/h3>\n<ul role=\"list\">\n<li class=\"product-features__item-list__item\" role=\"listitem\"><span class=\"is--medium\">Pour quelle utilisation ? :<\/span> Pour aspirer et laver\t\t\t\t\t<\/li>\n<li class=\"product-features__item-list__item\" role=\"listitem\"><span class=\"is--medium\">Type de sols :<\/span> Tous types de sols\t\t\t\t\t<\/li>\n<\/ul>\n<\/li>\n<li class=\"product-features__item\" role=\"listitem\">\n<h3 class=\"product-features__label\">Caract\u00e9ristiques de l&rsquo;aspirateur robot<\/h3>\n<ul role=\"list\">\n<li class=\"product-features__item-list__item\" role=\"listitem\"><span class=\"is--medium\">Fonction :<\/span> Aspire &amp; lave\t\t\t\t\t<\/li>\n<li class=\"product-features__item-list__item\" role=\"listitem\"><span class=\"is--medium\">Puissance d&rsquo;aspiration :<\/span> 6 000 Pascals\t\t\t\t\t<\/li>\n<li class=\"product-features__item-list__item\" role=\"listitem\"><span class=\"is--medium\">D\u00e9tail sur la puissance d&rsquo;aspiration :<\/span> Elle peut varier en fonction du type de sols aspir\u00e9 (carrelage, parquet, tapis, moquette)\t\t\t\t\t<\/li>\n<li class=\"product-features__item-list__item\" role=\"listitem\"><span class=\"is--medium\">Niveau sonore max :<\/span> 67 dB\t\t\t\t\t<\/li>\n<li class=\"product-features__item-list__item\" role=\"listitem\"><span class=\"is--medium\">D\u00e9tail sur le niveau sonore :<\/span> Il peut varier en fonction du type de sols aspir\u00e9 (carrelage, parquet, tapis, moquette) et du mode utilis\u00e9 (aspiration, lavage ou vidage)\t\t\t\t\t<\/li>\n<li class=\"product-features__item-list__item\" role=\"listitem\"><span class=\"is--medium\">Type de station :<\/span> Base de chargement\t\t\t\t\t<\/li>\n<li class=\"product-features__item-list__item\" role=\"listitem\"><span class=\"is--medium\">Bac \u00e0 poussi\u00e8re du robot :<\/span> 0,400 L\t\t\t\t\t<\/li>\n<li class=\"product-features__item-list__item\" role=\"listitem\"><span class=\"is--medium\">R\u00e9servoir d&rsquo;eau du robot :<\/span> 0,300 L\t\t\t\t\t<\/li>\n<\/ul>\n<\/li>\n<li class=\"product-features__item\" role=\"listitem\">\n<h3 class=\"product-features__label\">Performance<\/h3>\n<ul role=\"list\">\n<li class=\"product-features__item-list__item\" role=\"listitem\"><span class=\"is--medium\">Technologie :<\/span> Par cam\u00e9ra et lasers\t\t\t\t\t<\/li>\n<li class=\"product-features__item-list__item\" role=\"listitem\"><span class=\"is--medium\">Technologie cam\u00e9ra et laser :<\/span> permet une cartographie compl\u00e8te et tr\u00e8s pr\u00e9cise des pi\u00e8ces. Gr\u00e2ce \u00e0 ses cam\u00e9ras, ils analysent en temps r\u00e9el ce qu&rsquo;il a en face de lui pour am\u00e9liorer ses prises de d\u00e9cisions et garantir son efficacit\u00e9 de nettoyage\t\t\t\t\t<\/li>\n<li class=\"product-features__item-list__item\" role=\"listitem\"><span class=\"is--medium\">M\u00e9thode de navigation :<\/span> Navigation par cartographie de la pi\u00e8ce\t\t\t\t\t<\/li>\n<li class=\"product-features__item-list__item\" role=\"listitem\"><span class=\"is--medium\">Type de brosse :<\/span> Rouleau en caoutchouc id\u00e9al pour les cheveux et poils d&rsquo;animaux\t\t\t\t\t<\/li>\n<li class=\"product-features__item-list__item\" role=\"listitem\"><span class=\"is--medium\">Syst\u00e8me de nettoyage :<\/span> Lingette microfibre\t\t\t\t\t<\/li>\n<\/ul>\n<\/li>\n<li class=\"product-features__item\" role=\"listitem\">\n<h3 class=\"product-features__label\">Connectivit\u00e9<\/h3>\n<ul role=\"list\">\n<li class=\"product-features__item-list__item\" role=\"listitem\"><span class=\"is--medium\">Application compatible :<\/span> Oui\t\t\t\t\t<\/li>\n<li class=\"product-features__item-list__item\" role=\"listitem\"><span class=\"is--medium\">Cartographie multi \u00e9tage :<\/span> L&rsquo;application permet de g\u00e9rer plusieurs \u00e9tages\t\t\t\t\t<\/li>\n<li class=\"product-features__item-list__item\" role=\"listitem\"><span class=\"is--medium\">Programmation du nettoyage pi\u00e8ce par pi\u00e8ce :<\/span> Pratique, d\u00e9finissez quelle pi\u00e8ce vous souhaitez aspirer et\/ou laver\t\t\t\t\t<\/li>\n<li class=\"product-features__item-list__item\" role=\"listitem\"><span class=\"is--medium\">Nettoyage cibl\u00e9 \u00e0 la demande :<\/span> Permet de d\u00e9finir l&rsquo;endroit \u00e0 nettoyer (exemple: sous la table)\t\t\t\t\t<\/li>\n<li class=\"product-features__item-list__item\" role=\"listitem\"><span class=\"is--medium\">Exclusion des zones :<\/span> Permet d&rsquo;exclure des endroits \u00e0 aspirer (exemple: coin jeu pour enfants)\t\t\t\t\t<\/li>\n<li class=\"product-features__item-list__item\" role=\"listitem\"><span class=\"is--medium\">Programmation des horaires de nettoyage :<\/span> Oui\t\t\t\t\t<\/li>\n<li class=\"product-features__item-list__item\" role=\"listitem\"><span class=\"is--medium\">Surveillance du nettoyage de la maison via la cam\u00e9ra du robot \u00e0 distance :<\/span> Oui\t\t\t\t\t<\/li>\n<li class=\"product-features__item-list__item\" role=\"listitem\"><span class=\"is--medium\">Compatibilit\u00e9 assistant vocal :<\/span> Alexa\t\t\t\t\t<\/li>\n<\/ul>\n<\/li>\n<li class=\"product-features__item\" role=\"listitem\">\n<h3 class=\"product-features__label\">Gestion des obstacles et des types de sols<\/h3>\n<ul role=\"list\">\n<li class=\"product-features__item-list__item\" role=\"listitem\"><span class=\"is--medium\">D\u00e9tection des marches \/ du vide :<\/span> oui, permet d&rsquo;\u00e9viter la chute de l&rsquo;aspirateur\t\t\t\t\t<\/li>\n<li class=\"product-features__item-list__item\" role=\"listitem\"><span class=\"is--medium\">Detection des objets en temps r\u00e9el :<\/span> Ne s&#8217;emm\u00eale pas dans les c\u00e2bles et permet de reconna\u00eetre les objets\t\t\t\t\t<\/li>\n<li class=\"product-features__item-list__item\" role=\"listitem\"><span class=\"is--medium\">Hauteur du seuil :<\/span> 2,0 cm\t\t\t\t\t<\/li>\n<li class=\"product-features__item-list__item\" role=\"listitem\"><span class=\"is--medium\">Hauteur de l&rsquo;appareil :<\/span> 9,6 cm\t\t\t\t\t<\/li>\n<\/ul>\n<\/li>\n<li class=\"product-features__item\" role=\"listitem\">\n<h3 class=\"product-features__label\">Autonomie<\/h3>\n<ul role=\"list\">\n<li class=\"product-features__item-list__item\" role=\"listitem\"><span class=\"is--medium\">Autonomie jusqu&rsquo;\u00e0 :<\/span> 180 mn\t\t\t\t\t<\/li>\n<li class=\"product-features__item-list__item\" role=\"listitem\"><span class=\"is--medium\">Temps de charge :<\/span> 6 h\t\t\t\t\t<\/li>\n<li class=\"product-features__item-list__item\" role=\"listitem\"><span class=\"is--medium\">D\u00e9tail sur l&rsquo;autonomie :<\/span> Elle peut varier en fonction de plusieurs param\u00e8tres: le type de sols aspir\u00e9 (carrelage, parquet, tapis, moquette), le mode utilis\u00e9 (aspiration, lavage ou vidage) ou encore le degr\u00e9 de salissure du sol \u00e0 nettoyer\t\t\t\t\t<\/li>\n<li class=\"product-features__item-list__item\" role=\"listitem\"><span class=\"is--medium\">Retour automatique \u00e0 la base de chargement :<\/span> Retourne \u00e0 sa base quand la session de nettoyage est termin\u00e9e ou quand il est d\u00e9charg\u00e9\t\t\t\t\t<\/li>\n<li class=\"product-features__item-list__item\" role=\"listitem\"><span class=\"is--medium\">Reprise automatique du nettoyage :<\/span> Une fois recharg\u00e9, l&rsquo;aspirateur reprend sa session de nettoyage l\u00e0 o\u00f9 il s&rsquo;est arr\u00eat\u00e9\t\t\t\t\t<\/li>\n<li class=\"product-features__item-list__item\" role=\"listitem\"><span class=\"is--medium\">Autonettoyage des serpilli\u00e8res (fin de session de nettoyage) :<\/span> Non\t\t\t\t\t<\/li>\n<\/ul>\n<\/li>\n<li class=\"product-features__item\" role=\"listitem\">\n<h3 class=\"product-features__label\">Informations et Services<\/h3>\n<ul role=\"list\">\n<li class=\"product-features__item-list__item\" role=\"listitem\"><span class=\"is--medium\">Indice de r\u00e9parabilit\u00e9 :<\/span> 8,3 \/10\t\t\t\t\t<\/li>\n<li class=\"product-features__item-list__item\" role=\"listitem\"><span class=\"is--medium\">D\u00e9tail sur l&rsquo;indice de r\u00e9parabilit\u00e9 :<\/span> <a href=\"https:\/\/www.boulanger.com\/evenement\/indice-reparabilite\" target=\"_blank\"> en sa<\/a><\/li>\n<li class=\"product-features__item-list__item\" role=\"listitem\"><span class=\"is--medium\">Fabriqu\u00e9 en :<\/span> Chine\t\t\t\t\t<\/li>\n<li class=\"product-features__item-list__item\" role=\"listitem\"><span class=\"is--medium\">R\u00e9f\u00e9rence constructeur :<\/span> S8 Noir\t\t\t\t\t<\/li>\n<li class=\"product-features__item-list__item\" role=\"listitem\"><span class=\"is--medium\">Marque :<\/span> ROBOROCK\t\t\t\t\t<\/li>\n<\/ul>\n<\/li>\n<li class=\"product-features__item\" role=\"listitem\">\n<h3 class=\"product-features__label\">Dimensions<\/h3>\n<ul role=\"list\">\n<li class=\"product-features__item-list__item\" role=\"listitem\"><span class=\"is--medium\">Dimensions du robot l x h x p :<\/span> 35.3 x 9.65 x 35 cm\t\t\t\t\t<\/li>\n<li class=\"product-features__item-list__item\" role=\"listitem\"><span class=\"is--medium\">Dimensions de la station l x h x p :<\/span> NC x NC x NC cm\t\t\t\t\t<\/li>\n<li class=\"product-features__item-list__item\" role=\"listitem\"><span class=\"is--medium\">Poids du robot :<\/span> 4,8 kg\t\t\t\t\t<\/li>\n<\/ul>\n<\/li>\n<\/ul>\n<\/div>\n<div class=\"product__disclosure-content\">\n<div class=\"js-read-more product-description__content read-more read-more--truncated\" data-read-more-name=\"description\" style=\"max-height: 500px; overflow: hidden;\">\n<p>Partenaire redoutable pour maintenir vos sols \u00e9tincelants, l&rsquo;aspirateur robot ROBOROCK S8 vous s\u00e9duira par sa pr\u00e9cision de navigation et sa capacit\u00e9 \u00e0 \u00e9viter les obstacles.<\/p>\n<h3><img fetchpriority=\"high\" decoding=\"async\" ,=\"\" alt=\"Aspi Robot ROBOROCK S8 Noir\" class=\"wy_tableau_gauche\" height=\"270\" src=\"https:\/\/boulanger.scene7.com\/is\/image\/Boulanger\/6970995786514_h_f_l_0?wid=400&amp;hei=270\" width=\"400\"\/>Un gain de temps notable<\/h3>\n<p>Capable <b>d&rsquo;aspirer et de laver tous les types de sols<\/b>, votre nouvel aspirateur robot ROBOROCK S8 s&rsquo;adaptera \u00e0 tous les rev\u00eatements, du carrelage au parquet, en passant par la moquette. Ce combo vous permettra de gagner un temps pr\u00e9cieux en \u00e9vitant de passer l&rsquo;aspirateur et la serpilli\u00e8re s\u00e9par\u00e9ment.<\/p>\n<p>Faites passer le nettoyage de vos sols au stade sup\u00e9rieur gr\u00e2ce \u00e0 <b>la navigation avanc\u00e9e par cartographie de la pi\u00e8ce<\/b> int\u00e9gr\u00e9e \u00e0 votre futur aspirateur robot ROBOROCK S8 ! La fonctionnalit\u00e9 LiDAR PreciSense se chargera de scanner et d&rsquo;analyser votre environnement pour cr\u00e9er une repr\u00e9sentation pr\u00e9cise : id\u00e9al pour des parcours m\u00e9thodiques et efficaces, couvrant l&rsquo;int\u00e9gralit\u00e9 des surfaces \u00e0 nettoyer.<\/p>\n<h3><img decoding=\"async\" ,=\"\" alt=\"Aspi Robot ROBOROCK S8 Noir\" class=\"wy_tableau_right\" height=\"270\" src=\"https:\/\/boulanger.scene7.com\/is\/image\/Boulanger\/6970995786514_h_f_l_1?wid=400&amp;hei=270\" width=\"400\"\/>Gage de r\u00e9sultats impeccables<\/h3>\n<p>Dot\u00e9 de capteurs sophistiqu\u00e9s, votre aspirateur ROBOROCK S8 <b>d\u00e9tectera les marches, les obstacles et le vide<\/b> afin de pr\u00e9venir les chutes potentielles ; il rep\u00e9rera aussi les tapis et se sur\u00e9l\u00e8vera automatiquement pour \u00e9viter de les mouiller, assurant ainsi une performance de nettoyage 100 % adapt\u00e9e.<\/p>\n<p>Gr\u00e2ce \u00e0 son <b>syst\u00e8me de serpilli\u00e8re \u00e0 vibrations soniques<\/b>, votre aspirateur ROBOROCK S8 \u00e9radiquera les taches et les salet\u00e9s incrust\u00e9es sur les sols durs. En plus, <b>son autonomie de 3 h vous permettra de purifier int\u00e9gralement une surface de 200 m2<\/b> sans avoir \u00e0 recharger sa batterie de 5 200 mAh une seule fois !<\/p>\n<\/p>\n<\/div>\n<p><bl-button a11yexpanded=\"false\" arialabel=\"Afficher toute la description\" class=\"read-more__btn\" full=\"false\" link=\"true\"><\/bl-button><\/div>","protected":false},"excerpt":{"rendered":"<div class=\"keypoints\">\n<h3 class=\"keypoints__title\">Les points cl\u00e9s<\/h3>\n<ul role=\"list\">\n<li class=\"keypoints__item\" role=\"listitem\">                          Autonomie jusqu&rsquo;\u00e0 : 180 mn &#8211;                                                      Temps de charge : 6 h                      <\/li>\n<li class=\"keypoints__item\" role=\"listitem\">                                        Bac \u00e0 poussi\u00e8re du robot : 0,400 L                      <\/li>\n<li class=\"keypoints__item\" role=\"listitem\">                          Puissance d&rsquo;aspiration : 6 000 Pascals &#8211;                                                      Niveau sonore max : 67 dB                      <\/li>\n<li class=\"keypoints__item keypoints__item--advantage\" role=\"listitem\"><strong>Le + :<\/strong> Son syst\u00e8me de serpill\u00e8re \u00e0 vibrations soniques et son \u00e9l\u00e9vation automatique d\u00e8s d\u00e9tection des tapis      <\/li>\n<\/ul>","protected":false},"featured_media":76673,"template":"","meta":{"_glsr_average":0,"_glsr_ranking":0,"_glsr_reviews":0},"product_cat":[326],"product_tag":[324,327,153],"class_list":{"0":"post-96733","1":"product","2":"type-product","3":"status-publish","4":"has-post-thumbnail","6":"product_cat-aspirateur-robot","7":"product_tag-aspirateur","8":"product_tag-aspirateur-robot","9":"product_tag-maison-entretien","11":"first","12":"instock","13":"sale","14":"shipping-taxable","15":"purchasable","16":"product-type-simple"},"_links":{"self":[{"href":"https:\/\/electromenagerexpress.com\/en\/wp-json\/wp\/v2\/product\/96733","targetHints":{"allow":["GET"]}}],"collection":[{"href":"https:\/\/electromenagerexpress.com\/en\/wp-json\/wp\/v2\/product"}],"about":[{"href":"https:\/\/electromenagerexpress.com\/en\/wp-json\/wp\/v2\/types\/product"}],"wp:featuredmedia":[{"embeddable":true,"href":"https:\/\/electromenagerexpress.com\/en\/wp-json\/wp\/v2\/media\/76673"}],"wp:attachment":[{"href":"https:\/\/electromenagerexpress.com\/en\/wp-json\/wp\/v2\/media?parent=96733"}],"wp:term":[{"taxonomy":"product_cat","embeddable":true,"href":"https:\/\/electromenagerexpress.com\/en\/wp-json\/wp\/v2\/product_cat?post=96733"},{"taxonomy":"product_tag","embeddable":true,"href":"https:\/\/electromenagerexpress.com\/en\/wp-json\/wp\/v2\/product_tag?post=96733"}],"curies":[{"name":"wp","href":"https:\/\/api.w.org\/{rel}","templated":true}]}}