{"id":96730,"date":"2024-11-27T11:04:15","date_gmt":"2024-11-27T11:04:15","guid":{"rendered":"https:\/\/electromenagerexpress.com\/product\/aspirateur-robotirobotroomba-i7156-2\/"},"modified":"2024-11-27T11:04:20","modified_gmt":"2024-11-27T11:04:20","slug":"aspirateur-robotirobotroomba-i7156-2","status":"publish","type":"product","link":"https:\/\/electromenagerexpress.com\/en\/product\/aspirateur-robotirobotroomba-i7156-2\/","title":{"rendered":"Aspirateur robot\t\t\t\t\t\t\tIROBOT\t\t\t\troomba i7156"},"content":{"rendered":"<div class=\"product-features__content\">\n<ul role=\"list\">\n<li class=\"product-features__item\" role=\"listitem\">\n<h3 class=\"product-features__label\">Choisir ce produit pour quels usages ?<\/h3>\n<ul role=\"list\">\n<li class=\"product-features__item-list__item\" role=\"listitem\"><span class=\"is--medium\">Pour quelle utilisation ? :<\/span> Pour aspirer\t\t\t\t\t<\/li>\n<li class=\"product-features__item-list__item\" role=\"listitem\"><span class=\"is--medium\">Type de sols :<\/span> Carrelages, parquets, tapis, moquettes\t\t\t\t\t<\/li>\n<\/ul>\n<\/li>\n<li class=\"product-features__item\" role=\"listitem\">\n<h3 class=\"product-features__label\">Caract\u00e9ristiques de l&rsquo;aspirateur robot<\/h3>\n<ul role=\"list\">\n<li class=\"product-features__item-list__item\" role=\"listitem\"><span class=\"is--medium\">Fonction :<\/span> Aspire\t\t\t\t\t<\/li>\n<li class=\"product-features__item-list__item\" role=\"listitem\"><span class=\"is--medium\">Niveau sonore max :<\/span> 61 dB\t\t\t\t\t<\/li>\n<li class=\"product-features__item-list__item\" role=\"listitem\"><span class=\"is--medium\">D\u00e9tail sur le niveau sonore :<\/span> Il peut varier en fonction du type de sols aspir\u00e9 (carrelage, parquet, tapis, moquette) et du mode utilis\u00e9 (aspiration, lavage ou vidage)\t\t\t\t\t<\/li>\n<\/ul>\n<\/li>\n<li class=\"product-features__item\" role=\"listitem\">\n<h3 class=\"product-features__label\">Performance<\/h3>\n<ul role=\"list\">\n<li class=\"product-features__item-list__item\" role=\"listitem\"><span class=\"is--medium\">Technologie :<\/span> Par cam\u00e9ra\t\t\t\t\t<\/li>\n<li class=\"product-features__item-list__item\" role=\"listitem\"><span class=\"is--medium\">Technologie cam\u00e9ra :<\/span> facilite la reconnaissance des pi\u00e8ces pour agir imm\u00e9diatement et conserver son efficacit\u00e9. L&rsquo;aspirateur voit ce qu&rsquo;il a en face de lui gr\u00e2ce \u00e0 sa d\u00e9tection en temps r\u00e9elle et am\u00e9liore sa prise de d\u00e9cision (contourner un objet, meuble trop bas)\t\t\t\t\t<\/li>\n<li class=\"product-features__item-list__item\" role=\"listitem\"><span class=\"is--medium\">M\u00e9thode de navigation :<\/span> Navigation par cartographie de la pi\u00e8ce\t\t\t\t\t<\/li>\n<li class=\"product-features__item-list__item\" role=\"listitem\"><span class=\"is--medium\">Type de brosse :<\/span> Rouleau en caoutchouc id\u00e9al pour les cheveux et poils d&rsquo;animaux\t\t\t\t\t<\/li>\n<\/ul>\n<\/li>\n<li class=\"product-features__item\" role=\"listitem\">\n<h3 class=\"product-features__label\">Connectivit\u00e9<\/h3>\n<ul role=\"list\">\n<li class=\"product-features__item-list__item\" role=\"listitem\"><span class=\"is--medium\">Application compatible :<\/span> iRobot OS\t\t\t\t\t<\/li>\n<li class=\"product-features__item-list__item\" role=\"listitem\"><span class=\"is--medium\">Cartographie multi \u00e9tage :<\/span> L&rsquo;application permet de g\u00e9rer plusieurs \u00e9tages\t\t\t\t\t<\/li>\n<li class=\"product-features__item-list__item\" role=\"listitem\"><span class=\"is--medium\">Programmation du nettoyage pi\u00e8ce par pi\u00e8ce :<\/span> Pratique, d\u00e9finissez quelle pi\u00e8ce nettoyer\t\t\t\t\t<\/li>\n<li class=\"product-features__item-list__item\" role=\"listitem\"><span class=\"is--medium\">Nettoyage cibl\u00e9 \u00e0 la demande :<\/span> Permet de d\u00e9finir l&rsquo;endroit \u00e0 nettoyer (exemple:  sous la table)\t\t\t\t\t<\/li>\n<li class=\"product-features__item-list__item\" role=\"listitem\"><span class=\"is--medium\">Exclusion des zones :<\/span> Permet d&rsquo;exclure des endroits \u00e0 aspirer (exemple: coin jeu pour enfants)\t\t\t\t\t<\/li>\n<li class=\"product-features__item-list__item\" role=\"listitem\"><span class=\"is--medium\">Programmation des horaires de nettoyage :<\/span> Oui\t\t\t\t\t<\/li>\n<li class=\"product-features__item-list__item\" role=\"listitem\"><span class=\"is--medium\">Compatibilit\u00e9 assistant vocal :<\/span> Google, Alexa\t\t\t\t\t<\/li>\n<\/ul>\n<\/li>\n<li class=\"product-features__item\" role=\"listitem\">\n<h3 class=\"product-features__label\">Gestion des obstacles et des types de sols<\/h3>\n<ul role=\"list\">\n<li class=\"product-features__item-list__item\" role=\"listitem\"><span class=\"is--medium\">Hauteur du seuil :<\/span> 1,8 cm\t\t\t\t\t<\/li>\n<li class=\"product-features__item-list__item\" role=\"listitem\"><span class=\"is--medium\">Hauteur de l&rsquo;appareil :<\/span> 9,3 cm\t\t\t\t\t<\/li>\n<\/ul>\n<\/li>\n<li class=\"product-features__item\" role=\"listitem\">\n<h3 class=\"product-features__label\">Autonomie<\/h3>\n<ul role=\"list\">\n<li class=\"product-features__item-list__item\" role=\"listitem\"><span class=\"is--medium\">Autonomie jusqu&rsquo;\u00e0 :<\/span> 90 mn\t\t\t\t\t<\/li>\n<li class=\"product-features__item-list__item\" role=\"listitem\"><span class=\"is--medium\">Temps de charge :<\/span> 2 h\t\t\t\t\t<\/li>\n<li class=\"product-features__item-list__item\" role=\"listitem\"><span class=\"is--medium\">D\u00e9tail sur l&rsquo;autonomie :<\/span> Elle peut varier en fonction de plusieurs param\u00e8tres: le type de sols aspir\u00e9 (carrelage, parquet, tapis, moquette), le mode utilis\u00e9 (aspiration, lavage ou vidage) ou encore le degr\u00e9 de salissure du sol \u00e0 nettoyer\t\t\t\t\t<\/li>\n<li class=\"product-features__item-list__item\" role=\"listitem\"><span class=\"is--medium\">Retour automatique \u00e0 la base de chargement :<\/span> Retourne \u00e0 sa base quand la session de nettoyage est termin\u00e9e ou quand il est d\u00e9charg\u00e9\t\t\t\t\t<\/li>\n<li class=\"product-features__item-list__item\" role=\"listitem\"><span class=\"is--medium\">Reprise automatique du nettoyage :<\/span> Une fois recharg\u00e9, l&rsquo;aspirateur reprend sa session de nettoyage l\u00e0 o\u00f9 il s&rsquo;est arr\u00eat\u00e9\t\t\t\t\t<\/li>\n<\/ul>\n<\/li>\n<li class=\"product-features__item\" role=\"listitem\">\n<h3 class=\"product-features__label\">Informations et Services<\/h3>\n<ul role=\"list\">\n<li class=\"product-features__item-list__item\" role=\"listitem\"><span class=\"is--medium\">Indice de r\u00e9parabilit\u00e9 :<\/span> 8,1 \/10\t\t\t\t\t<\/li>\n<li class=\"product-features__item-list__item\" role=\"listitem\"><span class=\"is--medium\">D\u00e9tail sur l&rsquo;indice de r\u00e9parabilit\u00e9 :<\/span> <a href=\"https:\/\/www.boulanger.com\/evenement\/indice-reparabilite\" target=\"_blank\"> en sa<\/a><\/li>\n<li class=\"product-features__item-list__item\" role=\"listitem\"><span class=\"is--medium\">Fabriqu\u00e9 en :<\/span> Chine\t\t\t\t\t<\/li>\n<li class=\"product-features__item-list__item\" role=\"listitem\"><span class=\"is--medium\">Garantie :<\/span> 2 ans\t\t\t\t\t<\/li>\n<li class=\"product-features__item-list__item\" role=\"listitem\"><span class=\"is--medium\">Disponibilit\u00e9 des pi\u00e8ces d\u00e9tach\u00e9es (donn\u00e9es fournisseur) :<\/span> Pendant 2 ans, \u00e0 compter de la date d&rsquo;achat\t\t\t\t\t<\/li>\n<li class=\"product-features__item-list__item\" role=\"listitem\"><span class=\"is--medium\">R\u00e9f\u00e9rence constructeur :<\/span> roomba i7156\t\t\t\t\t<\/li>\n<li class=\"product-features__item-list__item\" role=\"listitem\"><span class=\"is--medium\">Marque :<\/span> IROBOT\t\t\t\t\t<\/li>\n<\/ul>\n<\/li>\n<li class=\"product-features__item\" role=\"listitem\">\n<h3 class=\"product-features__label\">Dimensions<\/h3>\n<ul role=\"list\">\n<li class=\"product-features__item-list__item\" role=\"listitem\"><span class=\"is--medium\">Dimensions du robot l x h x p :<\/span> NC x 9.3 x 34 cm\t\t\t\t\t<\/li>\n<li class=\"product-features__item-list__item\" role=\"listitem\"><span class=\"is--medium\">Poids du robot :<\/span> 3,4 kg\t\t\t\t\t<\/li>\n<\/ul>\n<\/li>\n<\/ul>\n<\/div>\n<div class=\"product__disclosure-content\">\n<div class=\"js-read-more product-description__content read-more read-more--truncated\" data-read-more-name=\"description\" style=\"max-height: 500px; overflow: hidden;\">\n<\/p>\n<p><center><strong>La salet\u00e9 laisse place \u00e0 la propret\u00e9<\/strong><\/center><\/p>\n<p>Le m\u00e9nage n&rsquo;est d\u00e9sormais plus une corv\u00e9e avec l&rsquo;aspirateur robot IROBOT ROOMBA i7 . Sans aucune action de votre part, il parcourt le sol de vos pi\u00e8ces et chasse la salet\u00e9 pour vous garantir un int\u00e9rieur \u00e9tincelant de propret\u00e9. Un r\u00e9sultat rendu possible gr\u00e2ce \u00e0 une aspiration surpuissante et \u00e0 son\u00a0syst\u00e8me de nettoyage premium en 3 \u00e9tapes\u00a0qui ne laisse aucun d\u00e9bris et aucune poussi\u00e8re s&rsquo;\u00e9chapper.<\/p>\n<p> De plus, avec ses\u00a02 brosses en caoutchouc, cet aspirateur robot s&rsquo;adapte \u00e0 toutes les surfaces gr\u00e2ce \u00e0 sa conception unique. Il est \u00e9galement dot\u00e9 d&rsquo;un\u00a0filtre haute efficacit\u00e9\u00a0qui capture 99\u00a0% des moisissures, des pollens, des acariens et des allerg\u00e8nes.<\/p>\n<\/p>\n<p><center><img decoding=\"async\" alt=\"URL SCENE7\" src=\"https:\/\/boulanger.scene7.com\/is\/image\/Boulanger\/5060359287335_h_f_l_3?wid=1000\" width=\"400\"\/><\/center><\/p>\n<p>Enfin, les endroits les plus encrass\u00e9s, comme les zones \u00e0 fort passage, retiennent toute l&rsquo;attention de l&rsquo;aspirateur robot Roomba i7 gr\u00e2ce \u00e0 la technologie Dirt\u00a0Detect, une exclusivit\u00e9 iRobot. Des capteurs r\u00e9actifs indiquent \u00e0 l&rsquo;aspirateur robot Roomba les endroits o\u00f9 il peut et ne peut pas passer. Cela lui \u00e9vite ainsi de rester coinc\u00e9 sous les meubles et lui permet de savoir pr\u00e9cis\u00e9ment o\u00f9 il doit aller.<\/p>\n<\/p>\n<p><center><img decoding=\"async\" alt=\"URL SCENE7\" src=\"https:\/\/boulanger.scene7.com\/is\/image\/Boulanger\/5060359287335_h_f_l_7?wid=1000\" width=\"400\"\/><\/center><\/p>\n<\/p>\n<p><center><strong>L&rsquo;intelligence au service du guidage<\/strong><\/center><\/p>\n<p>Pour un nettoyage en profondeur et efficace, l&rsquo;aspirateur robot Roomba i7 m\u00e9morise l&rsquo;agencement de votre maison et \u00e9labore des cartes intelligentes. Gr\u00e2ce \u00e0 la cartographie intelligente, il nettoie en lignes droites et se souvient de l&rsquo;endroit o\u00f9 il se trouvait lorsque sa batterie s&rsquo;est d\u00e9charg\u00e9e. La fonction Recharge et reprise du travail intelligente lui permet ensuite de se recharger suffisamment pour terminer le travail en revenant rapidement \u00e0 l&rsquo;endroit o\u00f9 il s&rsquo;\u00e9tait arr\u00eat\u00e9.<\/p>\n<\/p>\n<p><center><img decoding=\"async\" alt=\"URL SCENE7\" src=\"https:\/\/boulanger.scene7.com\/is\/image\/Boulanger\/5060359287335_h_f_l_8?wid=1000\" width=\"400\"\/><\/center><\/p>\n<\/p>\n<p><center><strong>Nettoie quand, o\u00f9 et comment vous le souhaitez.<\/strong><\/center><\/p>\n<p>L&rsquo;aspirateur robot Roomba i7 retient vos habitudes de nettoyage pour vous proposer des\u00a0programmes personnalis\u00e9s, tandis que la compatibilit\u00e9 avec Google Assistant et Alexa vous permet de commencer le nettoyage au simple son de\u00a0votre voix. Le i7 sugg\u00e8re m\u00eame un nettoyage suppl\u00e9mentaire lorsque le taux de pollen de votre secteur est \u00e9lev\u00e9 ou pendant la saison de perte des poils des animaux de compagnie.<\/p>\n<\/p>\n<p><center><img decoding=\"async\" alt=\"URL SCENE7\" src=\"https:\/\/boulanger.scene7.com\/is\/image\/Boulanger\/5060359287335_p6?wid=1000\" width=\"400\"\/><\/center><\/p>\n<p>Nettoyez les zones de la maison les plus salissantes et ignorez les endroits les plus d\u00e9licats. Gr\u00e2ce \u00e0 la cartographie intelligente, l&rsquo;aspirateur robot Roomba i7 est capable de distinguer la cuisine du canap\u00e9 et vous permet de d\u00e9finir les zones \u00e0 nettoyer en dirigeant le nettoyage vers les endroits \u00e0 fort passage. De plus, la d\u00e9finition de zones \u00e0 ignorer permet \u00e0 l&rsquo;aspirateur robot Roomba i7 d&rsquo;\u00e9viter certains endroits comme l&#8217;emplacement des gamelles de vos animaux de compagnie.\u00a0<\/p>\n<p>Chez iRobot, nous am\u00e9liorons constamment les logiciels de nos robots avec les derni\u00e8res technologies et des fonctionnalit\u00e9s r\u00e9volutionnaires*\u00a0; et nous envoyons ces innovations directement \u00e0 vos robots afin qu&rsquo;ils\u00a0apprennent tous les jours.<\/p>\n<p>*les fonctionnalit\u00e9s varient en fonction du mod\u00e8le<\/p>\n<\/p>\n<p><video class=\"s7Video\" controls=\"\" controlslist=\"nodownload\" poster=\"https:\/\/boulanger.scene7.com\/is\/image\/Boulanger\/5060359287335_v_0?scl=1\" preload=\"metadata\" src=\"https:\/\/boulanger.scene7.com\/is\/content\/Boulanger\/5060359287335_v_0\" width=\"100%\"><\/video><\/p>\n<p><img decoding=\"async\" src=\"https:\/\/boulanger.scene7.com\/is\/image\/Boulanger\/EMS-top_AEM_ASPIRATEURS?wid=1260\"\/><\/p>\n<\/div>\n<p><bl-button a11yexpanded=\"false\" arialabel=\"Afficher toute la description\" class=\"read-more__btn\" full=\"false\" link=\"true\"><\/bl-button><\/div>","protected":false},"excerpt":{"rendered":"<div class=\"keypoints\">\n<h3 class=\"keypoints__title\">Les points cl\u00e9s<\/h3>\n<ul role=\"list\">\n<li class=\"keypoints__item\" role=\"listitem\">                          Autonomie jusqu&rsquo;\u00e0 : 90 mn &#8211;                                                      Temps de charge : 2 h                      <\/li>\n<li class=\"keypoints__item\" role=\"listitem\">                                        Niveau sonore max : 61 dB                      <\/li>\n<li class=\"keypoints__item keypoints__item--advantage\" role=\"listitem\"><strong>Le + :<\/strong> Sa cartographie intelligente qui lui permet de distinguer la cuisine du canap\u00e9 pour un nettoyage personnalis\u00e9      <\/li>\n<\/ul>","protected":false},"featured_media":76579,"template":"","meta":{"_glsr_average":0,"_glsr_ranking":0,"_glsr_reviews":0},"product_cat":[326],"product_tag":[324,327,153],"class_list":{"0":"post-96730","1":"product","2":"type-product","3":"status-publish","4":"has-post-thumbnail","6":"product_cat-aspirateur-robot","7":"product_tag-aspirateur","8":"product_tag-aspirateur-robot","9":"product_tag-maison-entretien","11":"first","12":"instock","13":"sale","14":"shipping-taxable","15":"purchasable","16":"product-type-simple"},"_links":{"self":[{"href":"https:\/\/electromenagerexpress.com\/en\/wp-json\/wp\/v2\/product\/96730","targetHints":{"allow":["GET"]}}],"collection":[{"href":"https:\/\/electromenagerexpress.com\/en\/wp-json\/wp\/v2\/product"}],"about":[{"href":"https:\/\/electromenagerexpress.com\/en\/wp-json\/wp\/v2\/types\/product"}],"wp:featuredmedia":[{"embeddable":true,"href":"https:\/\/electromenagerexpress.com\/en\/wp-json\/wp\/v2\/media\/76579"}],"wp:attachment":[{"href":"https:\/\/electromenagerexpress.com\/en\/wp-json\/wp\/v2\/media?parent=96730"}],"wp:term":[{"taxonomy":"product_cat","embeddable":true,"href":"https:\/\/electromenagerexpress.com\/en\/wp-json\/wp\/v2\/product_cat?post=96730"},{"taxonomy":"product_tag","embeddable":true,"href":"https:\/\/electromenagerexpress.com\/en\/wp-json\/wp\/v2\/product_tag?post=96730"}],"curies":[{"name":"wp","href":"https:\/\/api.w.org\/{rel}","templated":true}]}}