{"id":96729,"date":"2024-11-27T11:04:09","date_gmt":"2024-11-27T11:04:09","guid":{"rendered":"https:\/\/electromenagerexpress.com\/product\/aspirateur-robotirobotroomba-886-reconditionne\/"},"modified":"2024-11-27T11:04:10","modified_gmt":"2024-11-27T11:04:10","slug":"aspirateur-robotirobotroomba-886-reconditionne","status":"publish","type":"product","link":"https:\/\/electromenagerexpress.com\/en\/product\/aspirateur-robotirobotroomba-886-reconditionne\/","title":{"rendered":"Aspirateur robot\t\t\t\t\t\t\tIROBOT\t\t\t\tROOMBA 886 Reconditionn\u00e9"},"content":{"rendered":"<div class=\"product-features__content\">\n<ul role=\"list\">\n<li class=\"product-features__item\" role=\"listitem\">\n<h3 class=\"product-features__label\">Caract\u00e9ristiques de l&rsquo;aspirateur robot<\/h3>\n<ul role=\"list\">\n<li class=\"product-features__item-list__item\" role=\"listitem\"><span class=\"is--medium\">Niveau sonore max :<\/span> 59 dB\t\t\t\t\t<\/li>\n<li class=\"product-features__item-list__item\" role=\"listitem\"><span class=\"is--medium\">D\u00e9tail sur le niveau sonore :<\/span> Il peut varier en fonction du type de sols aspir\u00e9 (carrelage, parquet, tapis, moquette) et du mode utilis\u00e9 (aspiration, lavage ou vidage)\t\t\t\t\t<\/li>\n<\/ul>\n<\/li>\n<li class=\"product-features__item\" role=\"listitem\">\n<h3 class=\"product-features__label\">Informations et Services<\/h3>\n<ul role=\"list\">\n<li class=\"product-features__item-list__item\" role=\"listitem\"><span class=\"is--medium\">Dur\u00e9e garantie batterie :<\/span> 1 ans\t\t\t\t\t<\/li>\n<li class=\"product-features__item-list__item\" role=\"listitem\"><span class=\"is--medium\">R\u00e9f\u00e9rence constructeur :<\/span> ROOMBA 886\t\t\t\t\t<\/li>\n<li class=\"product-features__item-list__item\" role=\"listitem\"><span class=\"is--medium\">Marque :<\/span> IROBOT\t\t\t\t\t<\/li>\n<\/ul>\n<\/li>\n<li class=\"product-features__item\" role=\"listitem\">\n<h3 class=\"product-features__label\">Dimensions<\/h3>\n<ul role=\"list\">\n<li class=\"product-features__item-list__item\" role=\"listitem\"><span class=\"is--medium\">Dimensions du robot l x h x p :<\/span> NC x 9.2 x 35.3 cm\t\t\t\t\t<\/li>\n<li class=\"product-features__item-list__item\" role=\"listitem\"><span class=\"is--medium\">Poids du robot :<\/span> 3,9 kg\t\t\t\t\t<\/li>\n<\/ul>\n<\/li>\n<\/ul>\n<\/div>\n<div class=\"product__disclosure-content\">\n<div class=\"js-read-more product-description__content read-more read-more--truncated\" data-read-more-name=\"description\" style=\"max-height: 500px; overflow: hidden;\">\n<h3>Echelle sonore<\/p>\n<p class=\"wy_tableau_right\"><iframe class=\"right\" height=\"265\" src=\"https:\/\/boulanger.scene7.com\/s7viewers\/html5\/VideoViewer.html?videoserverurl=https:\/\/boulanger.scene7.com\/is\/content\/&amp;emailurl=https:\/\/boulanger.scene7.com\/s7\/emailFriend&amp;serverUrl=https:\/\/boulanger.scene7.com\/is\/image\/&amp;config=Scene7SharedAssets\/Universal%5FHTML5%5FVideo&amp;contenturl=https:\/\/boulanger.scene7.com\/skins\/&amp;asset=Boulanger\/echelle_sonore_v2\" width=\"470\"><\/iframe><\/p>\n<\/h3>\n<p>\u00c0 la recherche d&rsquo;un aspirateur qui agit tout seul et qui vous \u00e9vite la corv\u00e9e m\u00e9nage? Alli\u00e9 incontestable contre la poussi\u00e8re, l&rsquo;aspirateur robot a tout pour plaire. <\/p>\n<p>Sans fil, flexible, divers programmes, autonome,  autant d&rsquo;atouts qui peuvent vous s\u00e9duire. Mais qu&rsquo;en est- il de son <b>niveau sonore<\/b> ? Plus besoin de vous poser la question ! <\/p>\n<p><b>En exclusivit\u00e9 chez Boulanger<\/b>, d\u00e9couvrez l&rsquo;\u00e9chelle sonore des aspirateurs robot. Gr\u00e2ce \u00e0 cet outil pratique, vous pourrez choisir l&rsquo;aspirateur robot qui correspond parfaitement \u00e0 vos attentes.<\/p>\n<p> \u00c0 vos aspirateurs, pr\u00eat, \u00e9coutez !<\/p>\n<p><\/p>\n<\/p>\n<p><center><a href=\"https:\/\/boulanger.scene7.com\/is\/content\/Boulanger\/1.Produit\/Annexes\/dates%5Fanimations%5Firobot.pdf\" target=\"_blank\"><img decoding=\"async\" alt=\"Animation magasin Irobot\" src=\"https:\/\/boulanger.scene7.com\/is\/image\/Boulanger\/Baniere_irobot?wid=1000\"\/><\/a><\/center><\/p>\n<p><\/p>\n<p>Un m\u00e9nage parfait et sans effort est d\u00e9sormais possible gr\u00e2ce au robot aspirateur Roomba 886 d&rsquo;iRobot. Pratique et performant, cet aspirateur puissant s&rsquo;adapte \u00e0 chaque type de sol pour un nettoyage impeccable.<\/p>\n<h3>Un nettoyage minutieux dans les moindres recoins<\/h3>\n<p><\/p>\n<p class=\"wy_tableau_gauche\"><img decoding=\"async\" height=\"150\" src=\"https:\/\/boulanger.scene7.com\/is\/image\/Boulanger\/5060359283108_p1?wid=150&amp;hei=150\" width=\"150\"\/><\/p>\n<p>Puissance et performance sont r\u00e9unies dans l&rsquo;aspirateur robot Roomba 886 d&rsquo;iRobot pour offrir un m\u00e9nage parfait sur tous types de sols. Gr\u00e2ce au <b>syst\u00e8me brevet\u00e9 AeroForce<\/b> il nettoie, brosse et aspire les sols en 3 \u00e9tapes. Sa <b>brosse lat\u00e9rale nettoyante<\/b> s&rsquo;occupe des poussi\u00e8res et salet\u00e9s qui s&rsquo;accumulent le long des murs et des plinthes. <\/p>\n<p>La <b>technologie r\u00e9active de navigation iAdapt\u00ae<\/b> dote l&rsquo;aspirateur Roomba 886 de capteurs intelligents qui lui permettent de se diriger dans la pi\u00e8ce et de contourner tous les obstacles. Perfectionniste, il nettoie une pi\u00e8ce dans son int\u00e9gralit\u00e9 avant de passer \u00e0 une autre. Pratique, la <b>d\u00e9tection de zones sales<\/b> lui permet de s&rsquo;attarder un peu plus sur les zones qui n\u00e9cessitent un nettoyage plus intensif. <\/p>\n<h3>Toujours pr\u00eat \u00e0 nettoyer<\/h3>\n<p><\/p>\n<p class=\"wy_tableau_right\"><img decoding=\"async\" height=\"150\" src=\"https:\/\/boulanger.scene7.com\/is\/image\/Boulanger\/5060359283108_p2?wid=150&amp;hei=150\" width=\"150\"\/><\/p>\n<p>Pour que l&rsquo;aspirateur robot Roomba 886 d&rsquo;iRobot se mette au travail, il suffit d&rsquo;appuyer sur le <b>bouton Clean<\/b>. Pratique, sa fonction <b>programmable<\/b> s&rsquo;appr\u00e9ciera pour r\u00e9gler un d\u00e9part diff\u00e9r\u00e9. Dot\u00e9 de capteurs puissants, il est tr\u00e8s autonome et d\u00e9tectera le vide comme des marches. Offrant une <b>autonomie de 120 minutes<\/b>, il repartira sur sa base d\u00e8s que sa batterie s&rsquo;\u00e9puisera puis une fois recharg\u00e9, il recommencera l\u00e0 o\u00f9 il s&rsquo;est arr\u00eat\u00e9. <\/p>\n<p>Dot\u00e9 d&rsquo;un <b>filtre HEPA<\/b>, il retient toute la poussi\u00e8re dans son bac ainsi que les poils d&rsquo;animaux. Le m\u00e9nage devient alors sain et sans allerg\u00e8nes.Silencieux, il offre un <b>niveau sonore de 58 dB<\/b> pour une discr\u00e9tion appr\u00e9ciable.Encore plus efficace que ces pr\u00e9d\u00e9cesseurs, cet aspirateur robot fera le m\u00e9nage \u00e0 votre place ! <\/p>\n<\/p>\n<\/div>\n<p><bl-button a11yexpanded=\"false\" arialabel=\"Afficher toute la description\" class=\"read-more__btn\" full=\"false\" link=\"true\"><\/bl-button><\/div>","protected":false},"excerpt":{"rendered":"<div class=\"keypoints\">\n<h3 class=\"keypoints__title\">Les points cl\u00e9s<\/h3>\n<ul role=\"list\">\n<li class=\"keypoints__item\" role=\"listitem\">                                        Niveau sonore max : 59 dB                      <\/li>\n<\/ul>","protected":false},"featured_media":76528,"template":"","meta":{"_glsr_average":0,"_glsr_ranking":0,"_glsr_reviews":0},"product_cat":[326],"product_tag":[324,327,153],"class_list":{"0":"post-96729","1":"product","2":"type-product","3":"status-publish","4":"has-post-thumbnail","6":"product_cat-aspirateur-robot","7":"product_tag-aspirateur","8":"product_tag-aspirateur-robot","9":"product_tag-maison-entretien","11":"first","12":"instock","13":"sale","14":"shipping-taxable","15":"purchasable","16":"product-type-simple"},"_links":{"self":[{"href":"https:\/\/electromenagerexpress.com\/en\/wp-json\/wp\/v2\/product\/96729","targetHints":{"allow":["GET"]}}],"collection":[{"href":"https:\/\/electromenagerexpress.com\/en\/wp-json\/wp\/v2\/product"}],"about":[{"href":"https:\/\/electromenagerexpress.com\/en\/wp-json\/wp\/v2\/types\/product"}],"wp:featuredmedia":[{"embeddable":true,"href":"https:\/\/electromenagerexpress.com\/en\/wp-json\/wp\/v2\/media\/76528"}],"wp:attachment":[{"href":"https:\/\/electromenagerexpress.com\/en\/wp-json\/wp\/v2\/media?parent=96729"}],"wp:term":[{"taxonomy":"product_cat","embeddable":true,"href":"https:\/\/electromenagerexpress.com\/en\/wp-json\/wp\/v2\/product_cat?post=96729"},{"taxonomy":"product_tag","embeddable":true,"href":"https:\/\/electromenagerexpress.com\/en\/wp-json\/wp\/v2\/product_tag?post=96729"}],"curies":[{"name":"wp","href":"https:\/\/api.w.org\/{rel}","templated":true}]}}