{"id":96723,"date":"2024-11-27T11:03:10","date_gmt":"2024-11-27T11:03:10","guid":{"rendered":"https:\/\/electromenagerexpress.com\/product\/robot-aspirateur-laveurecovacsdeebot-t9-reconditionne\/"},"modified":"2024-11-27T11:03:19","modified_gmt":"2024-11-27T11:03:19","slug":"robot-aspirateur-laveurecovacsdeebot-t9-reconditionne","status":"publish","type":"product","link":"https:\/\/electromenagerexpress.com\/en\/product\/robot-aspirateur-laveurecovacsdeebot-t9-reconditionne\/","title":{"rendered":"Robot Aspirateur Laveur\t\t\t\t\t\t\tECOVACS\t\t\t\tDEEBOT T9+ Reconditionn\u00e9"},"content":{"rendered":"<div class=\"product-features__content\">\n<ul role=\"list\">\n<li class=\"product-features__item\" role=\"listitem\">\n<h3 class=\"product-features__label\">Choisir ce produit pour quels usages ?<\/h3>\n<ul role=\"list\">\n<li class=\"product-features__item-list__item\" role=\"listitem\"><span class=\"is--medium\">Pour quelle utilisation ? :<\/span> Pour aspirer et laver\t\t\t\t\t<\/li>\n<li class=\"product-features__item-list__item\" role=\"listitem\"><span class=\"is--medium\">Type de sols :<\/span> Carrelages, parquets, tapis, moquettes\t\t\t\t\t<\/li>\n<\/ul>\n<\/li>\n<li class=\"product-features__item\" role=\"listitem\">\n<h3 class=\"product-features__label\">Caract\u00e9ristiques de l&rsquo;aspirateur robot<\/h3>\n<ul role=\"list\">\n<li class=\"product-features__item-list__item\" role=\"listitem\"><span class=\"is--medium\">Fonction :<\/span> Aspire &amp; lave\t\t\t\t\t<\/li>\n<li class=\"product-features__item-list__item\" role=\"listitem\"><span class=\"is--medium\">Puissance d&rsquo;aspiration :<\/span> 3 000 Pascals\t\t\t\t\t<\/li>\n<li class=\"product-features__item-list__item\" role=\"listitem\"><span class=\"is--medium\">D\u00e9tail sur la puissance d&rsquo;aspiration :<\/span> Elle peut varier en fonction du type de sols aspir\u00e9 (carrelage, parquet, tapis, moquette)\t\t\t\t\t<\/li>\n<li class=\"product-features__item-list__item\" role=\"listitem\"><span class=\"is--medium\">Niveau sonore max :<\/span> 67 dB\t\t\t\t\t<\/li>\n<li class=\"product-features__item-list__item\" role=\"listitem\"><span class=\"is--medium\">D\u00e9tail sur le niveau sonore :<\/span> Il peut varier en fonction du type de sols aspir\u00e9 (carrelage, parquet, tapis, moquette) et du mode utilis\u00e9 (aspiration, lavage ou vidage)\t\t\t\t\t<\/li>\n<\/ul>\n<\/li>\n<li class=\"product-features__item\" role=\"listitem\">\n<h3 class=\"product-features__label\">Performance<\/h3>\n<ul role=\"list\">\n<li class=\"product-features__item-list__item\" role=\"listitem\"><span class=\"is--medium\">Technologie :<\/span> Par laser\t\t\t\t\t<\/li>\n<li class=\"product-features__item-list__item\" role=\"listitem\"><span class=\"is--medium\">Technologie laser :<\/span> permet \u00e0 l&rsquo;aspirateur d&rsquo;analyser en permanence et avec pr\u00e9cision la pi\u00e8ce (\u00e9clair\u00e9e ou non) et d&rsquo;\u00e9valuer les distances entre chaque objet afin de les \u00e9viter. Cette analyse continue permet \u00e0 l&rsquo;aspirateur de cartographier l&rsquo;int\u00e9gralit\u00e9 d&rsquo;un appartement ou d&rsquo;une maison\t\t\t\t\t<\/li>\n<li class=\"product-features__item-list__item\" role=\"listitem\"><span class=\"is--medium\">M\u00e9thode de navigation :<\/span> Navigation par cartographie de la pi\u00e8ce\t\t\t\t\t<\/li>\n<li class=\"product-features__item-list__item\" role=\"listitem\"><span class=\"is--medium\">Type de brosse :<\/span> Rouleau en caoutchouc id\u00e9al pour les cheveux et poils d&rsquo;animaux\t\t\t\t\t<\/li>\n<\/ul>\n<\/li>\n<li class=\"product-features__item\" role=\"listitem\">\n<h3 class=\"product-features__label\">Connectivit\u00e9<\/h3>\n<ul role=\"list\">\n<li class=\"product-features__item-list__item\" role=\"listitem\"><span class=\"is--medium\">Application compatible :<\/span> Oui\t\t\t\t\t<\/li>\n<li class=\"product-features__item-list__item\" role=\"listitem\"><span class=\"is--medium\">Cartographie multi \u00e9tage :<\/span> L&rsquo;application permet de g\u00e9rer plusieurs \u00e9tages\t\t\t\t\t<\/li>\n<li class=\"product-features__item-list__item\" role=\"listitem\"><span class=\"is--medium\">Exclusion des zones :<\/span> Permet d&rsquo;exclure des endroits \u00e0 aspirer (exemple: coin jeu pour enfants)\t\t\t\t\t<\/li>\n<li class=\"product-features__item-list__item\" role=\"listitem\"><span class=\"is--medium\">Programmation des horaires de nettoyage :<\/span> Oui\t\t\t\t\t<\/li>\n<li class=\"product-features__item-list__item\" role=\"listitem\"><span class=\"is--medium\">Compatibilit\u00e9 assistant vocal :<\/span> Google, Alexa, Siri\t\t\t\t\t<\/li>\n<\/ul>\n<\/li>\n<li class=\"product-features__item\" role=\"listitem\">\n<h3 class=\"product-features__label\">Gestion des obstacles et des types de sols<\/h3>\n<ul role=\"list\">\n<li class=\"product-features__item-list__item\" role=\"listitem\"><span class=\"is--medium\">D\u00e9tection des marches \/ du vide :<\/span> oui, permet d&rsquo;\u00e9viter la chute de l&rsquo;aspirateur\t\t\t\t\t<\/li>\n<li class=\"product-features__item-list__item\" role=\"listitem\"><span class=\"is--medium\">Detection des objets en temps r\u00e9el :<\/span> Ne s&#8217;emm\u00eale pas dans les c\u00e2bles et permet de reconna\u00eetre les objets\t\t\t\t\t<\/li>\n<li class=\"product-features__item-list__item\" role=\"listitem\"><span class=\"is--medium\">Hauteur du seuil :<\/span> 2,0 cm\t\t\t\t\t<\/li>\n<li class=\"product-features__item-list__item\" role=\"listitem\"><span class=\"is--medium\">Hauteur de l&rsquo;appareil :<\/span> 9,3 cm\t\t\t\t\t<\/li>\n<\/ul>\n<\/li>\n<li class=\"product-features__item\" role=\"listitem\">\n<h3 class=\"product-features__label\">Autonomie<\/h3>\n<ul role=\"list\">\n<li class=\"product-features__item-list__item\" role=\"listitem\"><span class=\"is--medium\">Autonomie jusqu&rsquo;\u00e0 :<\/span> 175 mn\t\t\t\t\t<\/li>\n<li class=\"product-features__item-list__item\" role=\"listitem\"><span class=\"is--medium\">Temps de charge :<\/span> 6 h\t\t\t\t\t<\/li>\n<li class=\"product-features__item-list__item\" role=\"listitem\"><span class=\"is--medium\">D\u00e9tail sur l&rsquo;autonomie :<\/span> Elle peut varier en fonction de plusieurs param\u00e8tres: le type de sols aspir\u00e9 (carrelage, parquet, tapis, moquette), le mode utilis\u00e9 (aspiration, lavage ou vidage) ou encore le degr\u00e9 de salissure du sol \u00e0 nettoyer\t\t\t\t\t<\/li>\n<li class=\"product-features__item-list__item\" role=\"listitem\"><span class=\"is--medium\">Retour automatique \u00e0 la base de chargement :<\/span> Retourne \u00e0 sa base quand la session de nettoyage est termin\u00e9e ou quand il est d\u00e9charg\u00e9\t\t\t\t\t<\/li>\n<li class=\"product-features__item-list__item\" role=\"listitem\"><span class=\"is--medium\">Reprise automatique du nettoyage :<\/span> Une fois recharg\u00e9, l&rsquo;aspirateur reprend sa session de nettoyage l\u00e0 o\u00f9 il s&rsquo;est arr\u00eat\u00e9\t\t\t\t\t<\/li>\n<\/ul>\n<\/li>\n<li class=\"product-features__item\" role=\"listitem\">\n<h3 class=\"product-features__label\">Informations et Services<\/h3>\n<ul role=\"list\">\n<li class=\"product-features__item-list__item\" role=\"listitem\"><span class=\"is--medium\">Fabriqu\u00e9 en :<\/span> Chine\t\t\t\t\t<\/li>\n<li class=\"product-features__item-list__item\" role=\"listitem\"><span class=\"is--medium\">R\u00e9f\u00e9rence constructeur :<\/span> DEEBOT T9+\t\t\t\t\t<\/li>\n<li class=\"product-features__item-list__item\" role=\"listitem\"><span class=\"is--medium\">Marque :<\/span> ECOVACS\t\t\t\t\t<\/li>\n<\/ul>\n<\/li>\n<li class=\"product-features__item\" role=\"listitem\">\n<h3 class=\"product-features__label\">Dimensions<\/h3>\n<ul role=\"list\">\n<li class=\"product-features__item-list__item\" role=\"listitem\"><span class=\"is--medium\">Dimensions du robot l x h x p :<\/span> 35.3 x 9.3 x 35.3 cm\t\t\t\t\t<\/li>\n<li class=\"product-features__item-list__item\" role=\"listitem\"><span class=\"is--medium\">Poids du robot :<\/span> 3,5 kg\t\t\t\t\t<\/li>\n<li class=\"product-features__item-list__item\" role=\"listitem\"><span class=\"is--medium\">Poids de la station :<\/span> 4,3 kg\t\t\t\t\t<\/li>\n<\/ul>\n<\/li>\n<\/ul>\n<\/div>\n<div class=\"product__disclosure-content\">\n<div class=\"js-read-more product-description__content read-more read-more--truncated\" data-read-more-name=\"description\" style=\"max-height: 500px; overflow: hidden;\">\n<p>Faites connaissance avec votre nouvel alli\u00e9 pour le m\u00e9nage : le nouvel aspirateur robot ECOVACS DEEBOT T9+ !<\/p>\n<h3><img fetchpriority=\"high\" decoding=\"async\" ,=\"\" alt=\"Aspi Robot ECOVACS DEEBOT T9+\" class=\"wy_tableau_gauche\" height=\"270\" src=\"https:\/\/boulanger.scene7.com\/is\/image\/Boulanger\/6943757600724_h_f_l_0?wid=400&amp;hei=270\" width=\"400\"\/>Un aspirateur robot performant et intelligent<\/h3>\n<p>D\u00e9couvrez l&rsquo;aspirateur robot ECOVACS DEEBOT T9+ : votre nouvel alli\u00e9 pour le m\u00e9nage ! <b>Sa puissance d&rsquo;aspiration maximale a \u00e9t\u00e9 doubl\u00e9e<\/b>, et gr\u00e2ce \u00e0 sa fonction avanc\u00e9e <b>OZMO Pro<\/b>, votre aspirateur prendra soin de tous les types de sols sans le moindre effort. Quant \u00e0 la technologie <b>TrueDetect 3D 2.0<\/b>, elle d\u00e9tectera les obstacles en temps r\u00e9el avec une pr\u00e9cision jusque-l\u00e0 jamais atteinte.<\/p>\n<p>En plus de pouvoir d\u00e9tecter les obstacles, l&rsquo;aspirateur robot ECOVACS DEEBOT T9+ est \u00e9galement capable d&rsquo;\u00e9liminer certaines odeurs. Gr\u00e2ce \u00e0 l&rsquo;int\u00e9gration innovante d&rsquo;un <b>rafra\u00eechisseur d&rsquo;air<\/b>, votre aspirateur robot diffusera un parfum de fra\u00eecheur perceptible encore longtemps apr\u00e8s le nettoyage. Vous pouvez aussi choisir de d\u00e9sactiver compl\u00e8tement cette fonctionnalit\u00e9.<\/p>\n<h3><img decoding=\"async\" ,=\"\" alt=\"Aspi Robot ECOVACS DEEBOT T9+\" class=\"wy_tableau_right\" height=\"270\" src=\"https:\/\/boulanger.scene7.com\/is\/image\/Boulanger\/6943757600724_h_f_l_1?wid=400&amp;hei=270\" width=\"400\"\/>Un appareil \u00e9lectrom\u00e9nager facile \u00e0 utiliser et \u00e0 nettoyer<\/h3>\n<p>Le nouvel aspirateur robot ECOVACS DEEBOT T9+ est facile \u00e0 utiliser et s&rsquo;adapte \u00e0 vos besoins. Vous pourrez personnaliser votre nettoyage avec la toute nouvelle conception de <b>l&rsquo;application ECOVACS HOME<\/b>. Vous profiterez d&rsquo;une exp\u00e9rience intelligente et personnalis\u00e9e gr\u00e2ce \u00e0 une carte tridimensionnelle capable de capturer une vision fid\u00e8le \u00e0 la r\u00e9alit\u00e9 de votre foyer.<\/p>\n<p>Et pour optimiser encore plus l&rsquo;utilisation de votre nouvel appareil, l&rsquo;aspirateur robot ECOVACS DEEBOT T9+ peut travailler avec une <b>station de vidage automatique<\/b>. Elle inclut un sac poussi\u00e8re jetable d&rsquo;une contenance de 2,5 litres dot\u00e9 d&rsquo;une poign\u00e9e en papier naturel et respectueux de l&rsquo;environnement.<\/p>\n<\/p>\n<p><video class=\"s7Video\" controls=\"\" controlslist=\"nodownload\" poster=\"https:\/\/boulanger.scene7.com\/is\/image\/Boulanger\/6943757600724_v_0?scl=1\" preload=\"metadata\" src=\"https:\/\/boulanger.scene7.com\/is\/content\/Boulanger\/6943757600724_v_0\" width=\"100%\"><\/video><\/p>\n<\/div>\n<p><bl-button a11yexpanded=\"false\" arialabel=\"Afficher toute la description\" class=\"read-more__btn\" full=\"false\" link=\"true\">Voir plus<\/bl-button><\/div>","protected":false},"excerpt":{"rendered":"<div class=\"keypoints\">\n<h3 class=\"keypoints__title\">Les points cl\u00e9s<\/h3>\n<ul role=\"list\">\n<li class=\"keypoints__item\" role=\"listitem\">                          Autonomie jusqu&rsquo;\u00e0 : 175 mn &#8211;                                                      Temps de charge : 6 h                      <\/li>\n<li class=\"keypoints__item\" role=\"listitem\">                          Puissance d&rsquo;aspiration : 3 000 Pascals &#8211;                                                      Niveau sonore max : 67 dB                      <\/li>\n<li class=\"keypoints__item keypoints__item--advantage\" role=\"listitem\"><strong>Le + :<\/strong> Le vidage automatique dans un sac anti-allerg\u00e8nes et le syst\u00e8me de nettoyage en 3 \u00e9tapes      <\/li>\n<\/ul>","protected":false},"featured_media":76224,"template":"","meta":{"_glsr_average":0,"_glsr_ranking":0,"_glsr_reviews":0},"product_cat":[326],"product_tag":[324,327,153],"class_list":{"0":"post-96723","1":"product","2":"type-product","3":"status-publish","4":"has-post-thumbnail","6":"product_cat-aspirateur-robot","7":"product_tag-aspirateur","8":"product_tag-aspirateur-robot","9":"product_tag-maison-entretien","11":"first","12":"instock","13":"sale","14":"shipping-taxable","15":"purchasable","16":"product-type-simple"},"_links":{"self":[{"href":"https:\/\/electromenagerexpress.com\/en\/wp-json\/wp\/v2\/product\/96723","targetHints":{"allow":["GET"]}}],"collection":[{"href":"https:\/\/electromenagerexpress.com\/en\/wp-json\/wp\/v2\/product"}],"about":[{"href":"https:\/\/electromenagerexpress.com\/en\/wp-json\/wp\/v2\/types\/product"}],"wp:featuredmedia":[{"embeddable":true,"href":"https:\/\/electromenagerexpress.com\/en\/wp-json\/wp\/v2\/media\/76224"}],"wp:attachment":[{"href":"https:\/\/electromenagerexpress.com\/en\/wp-json\/wp\/v2\/media?parent=96723"}],"wp:term":[{"taxonomy":"product_cat","embeddable":true,"href":"https:\/\/electromenagerexpress.com\/en\/wp-json\/wp\/v2\/product_cat?post=96723"},{"taxonomy":"product_tag","embeddable":true,"href":"https:\/\/electromenagerexpress.com\/en\/wp-json\/wp\/v2\/product_tag?post=96723"}],"curies":[{"name":"wp","href":"https:\/\/api.w.org\/{rel}","templated":true}]}}