{"id":96295,"date":"2024-11-24T22:37:06","date_gmt":"2024-11-24T22:37:06","guid":{"rendered":"https:\/\/electromenagerexpress.com\/product\/boitier-pccorsaircc-9011188-ww\/"},"modified":"2024-11-24T22:37:06","modified_gmt":"2024-11-24T22:37:06","slug":"boitier-pccorsaircc-9011188-ww","status":"publish","type":"product","link":"https:\/\/electromenagerexpress.com\/en\/product\/boitier-pccorsaircc-9011188-ww\/","title":{"rendered":"Boitier PC\t\t\t\t\t\t\tCORSAIR\t\t\t\tCC-9011188-WW"},"content":{"rendered":"<div class=\"product-features__content\">\n<ul role=\"list\">\n<li class=\"product-features__item\" role=\"listitem\">\n<h3 class=\"product-features__label\">Caract\u00e9ristiques G\u00e9n\u00e9rales<\/h3>\n<ul role=\"list\">\n<li class=\"product-features__item-list__item\" role=\"listitem\"><span class=\"is--medium\">Type de boitier :<\/span> Moyenne tour\t\t\t\t\t<\/li>\n<li class=\"product-features__item-list__item\" role=\"listitem\"><span class=\"is--medium\">Format de la carte m\u00e8re :<\/span> ATX \/ Micro-ATX \/ Mini-ITX\t\t\t\t\t<\/li>\n<li class=\"product-features__item-list__item\" role=\"listitem\"><span class=\"is--medium\">Ventilateur :<\/span> Fa\u00e7ade \/ arri\u00e8re \/ dessus\t\t\t\t\t<\/li>\n<li class=\"product-features__item-list__item\" role=\"listitem\"><span class=\"is--medium\">Port Entr\u00e9e \/ Sortie :<\/span> Entr\u00e9e microphone, sortie casque et 2 ports USB 3.0\t\t\t\t\t<\/li>\n<\/ul>\n<\/li>\n<li class=\"product-features__item\" role=\"listitem\">\n<h3 class=\"product-features__label\">Carte M\u00e8re<\/h3>\n<ul role=\"list\">\n<li class=\"product-features__item-list__item\" role=\"listitem\"><span class=\"is--medium\">Format de la carte m\u00e8re :<\/span> ATX \/ Micro-ATX \/ Mini-ITX\t\t\t\t\t<\/li>\n<\/ul>\n<\/li>\n<li class=\"product-features__item\" role=\"listitem\">\n<h3 class=\"product-features__label\">Connectiques<\/h3>\n<ul role=\"list\">\n<li class=\"product-features__item-list__item\" role=\"listitem\"><span class=\"is--medium\">Nombre de port USB :<\/span> 2\t\t\t\t\t<\/li>\n<li class=\"product-features__item-list__item\" role=\"listitem\"><span class=\"is--medium\">Nombre de port USB 3.0 :<\/span> 2\t\t\t\t\t<\/li>\n<\/ul>\n<\/li>\n<li class=\"product-features__item\" role=\"listitem\">\n<h3 class=\"product-features__label\">Taille des composants compatibles<\/h3>\n<ul role=\"list\">\n<li class=\"product-features__item-list__item\" role=\"listitem\"><span class=\"is--medium\">Longueur Maximum &#8211; Carte graphique (mm) :<\/span> 370\t\t\t\t\t<\/li>\n<\/ul>\n<\/li>\n<li class=\"product-features__item\" role=\"listitem\">\n<h3 class=\"product-features__label\">Ventilateur<\/h3>\n<ul role=\"list\">\n<li class=\"product-features__item-list__item\" role=\"listitem\"><span class=\"is--medium\">Nombre de ventilateurs inclus :<\/span> 3 ventilateurs inclus\t\t\t\t\t<\/li>\n<li class=\"product-features__item-list__item\" role=\"listitem\"><span class=\"is--medium\">Filtre anti-poussi\u00e8re :<\/span> Oui\t\t\t\t\t<\/li>\n<li class=\"product-features__item-list__item\" role=\"listitem\"><span class=\"is--medium\">Emplacement pour tuyaux Watercooling :<\/span> Oui\t\t\t\t\t<\/li>\n<\/ul>\n<\/li>\n<li class=\"product-features__item\" role=\"listitem\">\n<h3 class=\"product-features__label\">Alimentation<\/h3>\n<ul role=\"list\">\n<li class=\"product-features__item-list__item\" role=\"listitem\"><span class=\"is--medium\">Alimentation incluse :<\/span> Non\t\t\t\t\t<\/li>\n<\/ul>\n<\/li>\n<li class=\"product-features__item\" role=\"listitem\">\n<h3 class=\"product-features__label\">Baies<\/h3>\n<ul role=\"list\">\n<li class=\"product-features__item-list__item\" role=\"listitem\"><span class=\"is--medium\">Baie 3.5&Prime; interne :<\/span> 2 (max)\t\t\t\t\t<\/li>\n<li class=\"product-features__item-list__item\" role=\"listitem\"><span class=\"is--medium\">Baie 2.5&Prime; interne :<\/span> 4 (max)\t\t\t\t\t<\/li>\n<\/ul>\n<\/li>\n<li class=\"product-features__item\" role=\"listitem\">\n<h3 class=\"product-features__label\">Design<\/h3>\n<ul role=\"list\">\n<li class=\"product-features__item-list__item\" role=\"listitem\"><span class=\"is--medium\">Couleurs :<\/span> Noir\t\t\t\t\t<\/li>\n<li class=\"product-features__item-list__item\" role=\"listitem\"><span class=\"is--medium\">Mati\u00e8res :<\/span> Acier plastique\t\t\t\t\t<\/li>\n<\/ul>\n<\/li>\n<li class=\"product-features__item\" role=\"listitem\">\n<h3 class=\"product-features__label\">Dimensions<\/h3>\n<ul role=\"list\">\n<li class=\"product-features__item-list__item\" role=\"listitem\"><span class=\"is--medium\">Hauteur produit (cm) :<\/span> 46.7\t\t\t\t\t<\/li>\n<li class=\"product-features__item-list__item\" role=\"listitem\"><span class=\"is--medium\">Largeur produit (cm) :<\/span> 21.6\t\t\t\t\t<\/li>\n<li class=\"product-features__item-list__item\" role=\"listitem\"><span class=\"is--medium\">Profondeur produit (cm) :<\/span> 45.5\t\t\t\t\t<\/li>\n<li class=\"product-features__item-list__item\" role=\"listitem\"><span class=\"is--medium\">Dimensions l x h x p :<\/span> 21.6 x 46.7 x 45.5 cm\t\t\t\t\t<\/li>\n<li class=\"product-features__item-list__item\" role=\"listitem\"><span class=\"is--medium\">Poids Net (kg) :<\/span> 8\t\t\t\t\t<\/li>\n<\/ul>\n<\/li>\n<li class=\"product-features__item\" role=\"listitem\">\n<h3 class=\"product-features__label\">Informations compl\u00e9mentaires<\/h3>\n<ul role=\"list\">\n<li class=\"product-features__item-list__item\" role=\"listitem\"><span class=\"is--medium\">Disponibilit\u00e9 des pi\u00e8ces d\u00e9tach\u00e9es (donn\u00e9es fournisseur) :<\/span> Non communiqu\u00e9e\t\t\t\t\t<\/li>\n<li class=\"product-features__item-list__item\" role=\"listitem\"><span class=\"is--medium\">R\u00e9f\u00e9rence constructeur :<\/span> CC-9011188-WW\t\t\t\t\t<\/li>\n<li class=\"product-features__item-list__item\" role=\"listitem\"><span class=\"is--medium\">Marque :<\/span> CORSAIR\t\t\t\t\t<\/li>\n<\/ul>\n<\/li>\n<\/ul>\n<\/div>\n<div class=\"product__disclosure-content\">\n<div class=\"js-read-more product-description__content read-more read-more--truncated\" data-read-more-name=\"description\" style=\"max-height: 500px; overflow: hidden;\">\n<p>Bo\u00eetier connect\u00e9 ATX moyen-tour iCUE 465X\u00a0RGB &#8211; noir<\/p>\n<p>PANNEAUX AVANT ET LAT\u00c9RAL ENTI\u00c8REMENT EN VERRE TREMP\u00c9<br \/>Un ch\u00e2ssis en acier, \u00e9quip\u00e9 de deux panneaux en verre tremp\u00e9 de qualit\u00e9 sup\u00e9rieure, met en valeur vos composants et ventilateurs RGB, avec des trous d&rsquo;a\u00e9ration pour un flux d&rsquo;air \u00e9lev\u00e9.<\/p>\n<p>OPTIONS DE REFROIDISSEMENT POLYVALENTES<br \/>Capable d&rsquo;accueillir jusqu&rsquo;\u00e0 six ventilateurs de 120 mm ou plusieurs radiateurs mesurant jusqu&rsquo;\u00e0 360 mm.<\/p>\n<p>TROIS VENTILATEURS CORSAIR LL120 RGB INCLUS<br \/>Puissant flux d&rsquo;air allant jusqu&rsquo;\u00e0 1 500 tr\/min et 16 LED RGB param\u00e9trables individuellement par ventilateur, compl\u00e8tement personnalisables gr\u00e2ce au logiciel CORSAIR iCUE.<\/p>\n<p>UN CONTR\u00d4LE INTELLIGENT, UNE INFINIT\u00c9 DE POSSIBILIT\u00c9S<br \/>L&rsquo;iCUE Lighting Node CORE inclus permet de contr\u00f4ler jusqu&rsquo;\u00e0 6 ventilateurs RGB sans avoir besoin d&rsquo;un hub de ventilateur, et cr\u00e9er ainsi des effets lumineux \u00e9poustouflants gr\u00e2ce au logiciel CORSAIR iCUE.<\/p>\n<p>ESPACE DE STOCKAGE \u00c9VOLUTIF<br \/>Le 465X RGB peut accueillir jusqu&rsquo;\u00e0 deux disques durs de 3,5&Prime; et quatre disques SSD de 2,5&Prime;.<\/p>\n<p>DIRECT AIRFLOW PATH<br \/>Une circulation d&rsquo;air frais fluide vers les composants les plus chauds du PC.<\/p>\n<p>UNE INSTALLATION D\u00c9GAG\u00c9E<br \/>Les passages de c\u00e2bles et les attaches judicieusement plac\u00e9s permettent un c\u00e2blage simple et ordonn\u00e9 pour une circulation de l&rsquo;air optimale.<\/p>\n<p>PROPRET\u00c9 GARANTIE<br \/>Trois filtres situ\u00e9s en haut, en bas et \u00e0 l&rsquo;avant prot\u00e8gent votre PC de la poussi\u00e8re pour longtemps.<\/p>\n<p>Le CORSAIR iCUE 465X RGB est un bo\u00eetier ATX moyen-tour connect\u00e9 qui propose un \u00e9clairage sublime imm\u00e9diat gr\u00e2ce \u00e0 ses trois ventilateurs LL120 RGB et ses deux panneaux en verre tremp\u00e9.<\/p>\n<\/div>\n<p><bl-button a11yexpanded=\"false\" arialabel=\"Afficher toute la description\" class=\"read-more__btn\" full=\"false\" link=\"true\"><\/bl-button><\/div>","protected":false},"excerpt":{"rendered":"<div class=\"keypoints\">\n<h3 class=\"keypoints__title\">Les points cl\u00e9s<\/h3>\n<ul role=\"list\">\n<li class=\"keypoints__item\" role=\"listitem\">                                        Type de boitier : Moyenne tour                      <\/li>\n<li class=\"keypoints__item\" role=\"listitem\">                                        Format de la carte m\u00e8re : ATX \/ Micro-ATX \/ Mini-ITX                      <\/li>\n<li class=\"keypoints__item\" role=\"listitem\">                          Hauteur produit (cm) : 46.7 &#8211;                                        Largeur produit (cm) : 21.6 &#8211;                                                      Profondeur produit (cm) : 45.5                      <\/li>\n<li class=\"keypoints__item\" role=\"listitem\">                                        Acier plastique                      <\/li>\n<\/ul>","protected":false},"featured_media":96294,"template":"","meta":{"_glsr_average":0,"_glsr_ranking":0,"_glsr_reviews":0},"product_cat":[556],"product_tag":[557,548,521],"class_list":{"0":"post-96295","1":"product","2":"type-product","3":"status-publish","4":"has-post-thumbnail","6":"product_cat-boitier-pc","7":"product_tag-boitier-pc","8":"product_tag-composant-pc","9":"product_tag-informatique-tablette","11":"first","12":"instock","13":"shipping-taxable","14":"purchasable","15":"product-type-simple"},"_links":{"self":[{"href":"https:\/\/electromenagerexpress.com\/en\/wp-json\/wp\/v2\/product\/96295","targetHints":{"allow":["GET"]}}],"collection":[{"href":"https:\/\/electromenagerexpress.com\/en\/wp-json\/wp\/v2\/product"}],"about":[{"href":"https:\/\/electromenagerexpress.com\/en\/wp-json\/wp\/v2\/types\/product"}],"wp:featuredmedia":[{"embeddable":true,"href":"https:\/\/electromenagerexpress.com\/en\/wp-json\/wp\/v2\/media\/96294"}],"wp:attachment":[{"href":"https:\/\/electromenagerexpress.com\/en\/wp-json\/wp\/v2\/media?parent=96295"}],"wp:term":[{"taxonomy":"product_cat","embeddable":true,"href":"https:\/\/electromenagerexpress.com\/en\/wp-json\/wp\/v2\/product_cat?post=96295"},{"taxonomy":"product_tag","embeddable":true,"href":"https:\/\/electromenagerexpress.com\/en\/wp-json\/wp\/v2\/product_tag?post=96295"}],"curies":[{"name":"wp","href":"https:\/\/api.w.org\/{rel}","templated":true}]}}