{"id":96023,"date":"2024-11-24T22:31:17","date_gmt":"2024-11-24T22:31:17","guid":{"rendered":"https:\/\/electromenagerexpress.com\/product\/carte-graphiquepnynvidia-rtx-3080-ti-12gb-gaming-revel\/"},"modified":"2024-11-24T22:31:23","modified_gmt":"2024-11-24T22:31:23","slug":"carte-graphiquepnynvidia-rtx-3080-ti-12gb-gaming-revel","status":"publish","type":"product","link":"https:\/\/electromenagerexpress.com\/en\/product\/carte-graphiquepnynvidia-rtx-3080-ti-12gb-gaming-revel\/","title":{"rendered":"Carte graphique\t\t\t\t\t\t\tPNY\t\t\t\tNvidia RTX 3080 Ti 12GB Gaming Revel"},"content":{"rendered":"<div class=\"product-features__content\">\n<ul role=\"list\">\n<li class=\"product-features__item\" role=\"listitem\">\n<h3 class=\"product-features__label\">Processeur<\/h3>\n<ul role=\"list\">\n<li class=\"product-features__item-list__item\" role=\"listitem\"><span class=\"is--medium\">Fabricant du processeur graphique :<\/span> Nvidia\t\t\t\t\t<\/li>\n<li class=\"product-features__item-list__item\" role=\"listitem\"><span class=\"is--medium\">Connecteur :<\/span> PCI Express 4.0 x16\t\t\t\t\t<\/li>\n<li class=\"product-features__item-list__item\" role=\"listitem\"><span class=\"is--medium\">Type de carte :<\/span> Carte graphique\t\t\t\t\t<\/li>\n<li class=\"product-features__item-list__item\" role=\"listitem\"><span class=\"is--medium\">Fr\u00e9quence nominale :<\/span> 1.365 MHz\t\t\t\t\t<\/li>\n<li class=\"product-features__item-list__item\" role=\"listitem\"><span class=\"is--medium\">Utilisation :<\/span> Gaming\t\t\t\t\t<\/li>\n<li class=\"product-features__item-list__item\" role=\"listitem\"><span class=\"is--medium\">Architecture :<\/span> Ampere\t\t\t\t\t<\/li>\n<li class=\"product-features__item-list__item\" role=\"listitem\"><span class=\"is--medium\">R\u00e9solution digitale maximum :<\/span> 7680 x 4320\t\t\t\t\t<\/li>\n<\/ul>\n<\/li>\n<li class=\"product-features__item\" role=\"listitem\">\n<h3 class=\"product-features__label\">M\u00e9moire<\/h3>\n<ul role=\"list\">\n<li class=\"product-features__item-list__item\" role=\"listitem\"><span class=\"is--medium\">Type de m\u00e9moire :<\/span> GDDR6\t\t\t\t\t<\/li>\n<li class=\"product-features__item-list__item\" role=\"listitem\"><span class=\"is--medium\">Fr\u00e9quence nominale :<\/span> 1.365 MHz\t\t\t\t\t<\/li>\n<li class=\"product-features__item-list__item\" role=\"listitem\"><span class=\"is--medium\">Capacit\u00e9 :<\/span> 12 Go\t\t\t\t\t<\/li>\n<li class=\"product-features__item-list__item\" role=\"listitem\"><span class=\"is--medium\">Interface m\u00e9moire :<\/span> 384 bits\t\t\t\t\t<\/li>\n<\/ul>\n<\/li>\n<li class=\"product-features__item\" role=\"listitem\">\n<h3 class=\"product-features__label\">Consommation<\/h3>\n<ul role=\"list\">\n<li class=\"product-features__item-list__item\" role=\"listitem\"><span class=\"is--medium\">Consomme (en W) :<\/span> Jusqu&rsquo;\u00e0 350W\t\t\t\t\t<\/li>\n<\/ul>\n<\/li>\n<li class=\"product-features__item\" role=\"listitem\">\n<h3 class=\"product-features__label\">Technologies support\u00e9es<\/h3>\n<ul role=\"list\">\n<li class=\"product-features__item-list__item\" role=\"listitem\"><span class=\"is--medium\">Nombre d&rsquo;\u00e9crans support\u00e9s :<\/span> 4\t\t\t\t\t<\/li>\n<\/ul>\n<\/li>\n<li class=\"product-features__item\" role=\"listitem\">\n<h3 class=\"product-features__label\">Dimensions<\/h3>\n<ul role=\"list\">\n<li class=\"product-features__item-list__item\" role=\"listitem\"><span class=\"is--medium\">Dimensions l x h x p :<\/span> 5.58 x 29.4 x 11.2 cm\t\t\t\t\t<\/li>\n<li class=\"product-features__item-list__item\" role=\"listitem\"><span class=\"is--medium\">Poids Net (kg) :<\/span> 0\t\t\t\t\t<\/li>\n<\/ul>\n<\/li>\n<li class=\"product-features__item\" role=\"listitem\">\n<h3 class=\"product-features__label\">Informations compl\u00e9mentaires<\/h3>\n<ul role=\"list\">\n<li class=\"product-features__item-list__item\" role=\"listitem\"><span class=\"is--medium\">Fabriqu\u00e9 en :<\/span> Chine\t\t\t\t\t<\/li>\n<li class=\"product-features__item-list__item\" role=\"listitem\"><span class=\"is--medium\">Garantie :<\/span> 2 ans\t\t\t\t\t<\/li>\n<li class=\"product-features__item-list__item\" role=\"listitem\"><span class=\"is--medium\">Disponibilit\u00e9 des pi\u00e8ces d\u00e9tach\u00e9es (donn\u00e9es fournisseur) :<\/span> Pas de pi\u00e8ce disponible\t\t\t\t\t<\/li>\n<li class=\"product-features__item-list__item\" role=\"listitem\"><span class=\"is--medium\">R\u00e9f\u00e9rence constructeur :<\/span> Nvidia RTX 3080 Ti 12GB Gaming Revel\t\t\t\t\t<\/li>\n<li class=\"product-features__item-list__item\" role=\"listitem\"><span class=\"is--medium\">Marque :<\/span> PNY\t\t\t\t\t<\/li>\n<\/ul>\n<\/li>\n<\/ul>\n<\/div>\n<div class=\"product__disclosure-content\">\n<div class=\"js-read-more product-description__content read-more read-more--truncated\" data-read-more-name=\"description\" style=\"max-height: 500px; overflow: hidden;\">\n<p>Passez \u00e0 la vitesse sup\u00e9rieure en rempla\u00e7ant l&rsquo;ancienne carte graphique de votre PC avec la PNY GeForce RTX 3080 Ti 12 GB. B\u00e9n\u00e9ficiant de l&rsquo;architecture Nvidia Ampere, les joueurs ainsi que les cr\u00e9ateurs de contenu appr\u00e9cieront toute la puissance de calcul que procure cette carte pour une fluidit\u00e9 incroyable dans les jeux les plus exigeants et offrant une vitesse de calcul exceptionnelle dans les applications les plus gourmandes.<\/p>\n<h3><img fetchpriority=\"high\" decoding=\"async\" ,=\"\" alt=\"Carte PNY Nvidia RTX 3080 Ti 12GB Gaming\" class=\"wy_tableau_gauche\" height=\"270\" src=\"https:\/\/boulanger.scene7.com\/is\/image\/Boulanger\/0751492645360_h_f_l_0?wid=400&amp;hei=270\" width=\"400\"\/>Une puissance de calcul incroyable<\/h3>\n<p>Gr\u00e2ce \u00e0 <b>l&rsquo;architecture Nvidia Ampere<\/b>, la carte graphique PNY GeForce RTX 3080 Ti 12 GB offre des performances exceptionnelles aussi bien pour le jeu que pour les cr\u00e9atifs. Avec des <b>RT Cores 2\u00e8me g\u00e9n\u00e9ration<\/b> pour un <b>rendu ray tracing ultra-r\u00e9aliste<\/b> et des <b>Tensor Cores de troisi\u00e8me g\u00e9n\u00e9ration<\/b> pour acc\u00e9l\u00e9rer les algorithmes d&rsquo;intelligence artificielle dont le DLSS, cette carte fluidifiera tous les usages.<\/p>\n<p>Dot\u00e9 de <b>12 Go de m\u00e9moire GDDR6X<\/b> avec une bande passante de 912 Gbps, vos jeux pr\u00e9f\u00e9r\u00e9s pourront en profiter afin de faciliter le traitement graphique. Gr\u00e2ce \u00e0 la <b>technologie de reconstruction d&rsquo;images Nvidia DLSS<\/b>, les jeux pourront gagner en fr\u00e9quence d&rsquo;images avec une perte minimale de qualit\u00e9 graphique pour une exp\u00e9rience de jeu ultra-fluide.<\/p>\n<h3><img decoding=\"async\" ,=\"\" alt=\"Carte PNY Nvidia RTX 3080 Ti 12GB Gaming\" class=\"wy_tableau_right\" height=\"270\" src=\"https:\/\/boulanger.scene7.com\/is\/image\/Boulanger\/0751492645360_h_f_l_1?wid=400&amp;hei=270\" width=\"400\"\/>Affichez jusqu&rsquo;en 8K<\/h3>\n<p>Les streamers et les cr\u00e9ateurs de contenu appr\u00e9cieront les <b>encodeurs et d\u00e9codeurs Nvidia<\/b> acc\u00e9l\u00e9rant grandement la compression\/d\u00e9compression vid\u00e9o. La technologie <b>Nvidia G-Sync<\/b> aidera \u00e9galement \u00e0 fluidifier l&rsquo;animation des jeux sur les moniteurs compatibles avec une synchronisation de taux de rafra\u00eechissement de l&rsquo;\u00e9cran \u00e0 la fr\u00e9quence d&rsquo;images du jeu.<\/p>\n<p>Gr\u00e2ce \u00e0 ses <b>trois DisplayPort 1.4 et sa sortie HDMI 2.1<\/b>, vous pourrez brancher jusqu&rsquo;\u00e0 4 \u00e9crans. La <b>r\u00e9solution maximale est de 8K (7680 x 4320 pixels) \u00e0 60 Hz<\/b>. Pour profiter des capacit\u00e9s de cette carte graphique, il vous faudra un <b>port PCI Express Gen 4 x16<\/b> sur votre carte-m\u00e8re et une alimentation d&rsquo;au moins 750W dans votre bo\u00eetier PC.<\/p>\n<\/p>\n<p><video class=\"s7Video\" controls=\"\" controlslist=\"nodownload\" poster=\"https:\/\/boulanger.scene7.com\/is\/image\/Boulanger\/751492645360_v_0?scl=1\" preload=\"metadata\" src=\"https:\/\/boulanger.scene7.com\/is\/content\/Boulanger\/751492645360_v_0\" width=\"100%\"><\/video><\/p>\n<\/div>\n<p><bl-button a11yexpanded=\"false\" arialabel=\"Afficher toute la description\" class=\"read-more__btn\" full=\"false\" link=\"true\"><\/bl-button><\/div>","protected":false},"excerpt":{"rendered":"<div class=\"keypoints\">\n<h3 class=\"keypoints__title\">Les points cl\u00e9s<\/h3>\n<ul role=\"list\">\n<li class=\"keypoints__item\" role=\"listitem\">                          GeForce RTX 3080 Ti &#8211;                                                      Gaming                      <\/li>\n<li class=\"keypoints__item\" role=\"listitem\">                                        Fr\u00e9quence nominale : 1.365 MHz                      <\/li>\n<li class=\"keypoints__item\" role=\"listitem\">                          Capacit\u00e9 : 12 Go &#8211;                                                      384 bits                      <\/li>\n<li class=\"keypoints__item keypoints__item--advantage\" role=\"listitem\"><strong>Le + :<\/strong> Profitez de l&rsquo;exp\u00e9rience de jeu Ultime avec NVIDIA GeForce RTX      <\/li>\n<\/ul>","protected":false},"featured_media":96022,"template":"","meta":{"_glsr_average":0,"_glsr_ranking":0,"_glsr_reviews":0},"product_cat":[547],"product_tag":[549,548,521],"class_list":{"0":"post-96023","1":"product","2":"type-product","3":"status-publish","4":"has-post-thumbnail","6":"product_cat-carte-graphique","7":"product_tag-carte-graphique","8":"product_tag-composant-pc","9":"product_tag-informatique-tablette","11":"first","12":"instock","13":"sale","14":"shipping-taxable","15":"purchasable","16":"product-type-simple"},"_links":{"self":[{"href":"https:\/\/electromenagerexpress.com\/en\/wp-json\/wp\/v2\/product\/96023","targetHints":{"allow":["GET"]}}],"collection":[{"href":"https:\/\/electromenagerexpress.com\/en\/wp-json\/wp\/v2\/product"}],"about":[{"href":"https:\/\/electromenagerexpress.com\/en\/wp-json\/wp\/v2\/types\/product"}],"wp:featuredmedia":[{"embeddable":true,"href":"https:\/\/electromenagerexpress.com\/en\/wp-json\/wp\/v2\/media\/96022"}],"wp:attachment":[{"href":"https:\/\/electromenagerexpress.com\/en\/wp-json\/wp\/v2\/media?parent=96023"}],"wp:term":[{"taxonomy":"product_cat","embeddable":true,"href":"https:\/\/electromenagerexpress.com\/en\/wp-json\/wp\/v2\/product_cat?post=96023"},{"taxonomy":"product_tag","embeddable":true,"href":"https:\/\/electromenagerexpress.com\/en\/wp-json\/wp\/v2\/product_tag?post=96023"}],"curies":[{"name":"wp","href":"https:\/\/api.w.org\/{rel}","templated":true}]}}