{"id":95379,"date":"2024-11-24T22:17:45","date_gmt":"2024-11-24T22:17:45","guid":{"rendered":"https:\/\/electromenagerexpress.com\/product\/carte-graphiquepnygeforce-rtx-3060-12gb\/"},"modified":"2024-11-24T22:17:51","modified_gmt":"2024-11-24T22:17:51","slug":"carte-graphiquepnygeforce-rtx-3060-12gb","status":"publish","type":"product","link":"https:\/\/electromenagerexpress.com\/en\/product\/carte-graphiquepnygeforce-rtx-3060-12gb\/","title":{"rendered":"Carte graphique\t\t\t\t\t\t\tPNY\t\t\t\tGeForce RTX 3060 12GB"},"content":{"rendered":"<div class=\"product-features__content\">\n<ul role=\"list\">\n<li class=\"product-features__item\" role=\"listitem\">\n<h3 class=\"product-features__label\">Processeur<\/h3>\n<ul role=\"list\">\n<li class=\"product-features__item-list__item\" role=\"listitem\"><span class=\"is--medium\">Fabricant du processeur graphique :<\/span> Nvidia\t\t\t\t\t<\/li>\n<li class=\"product-features__item-list__item\" role=\"listitem\"><span class=\"is--medium\">Connecteur :<\/span> PCI Express 4.0 x16\t\t\t\t\t<\/li>\n<li class=\"product-features__item-list__item\" role=\"listitem\"><span class=\"is--medium\">Type de carte :<\/span> Carte graphique\t\t\t\t\t<\/li>\n<li class=\"product-features__item-list__item\" role=\"listitem\"><span class=\"is--medium\">Fr\u00e9quence nominale :<\/span> 1.320 MHz\t\t\t\t\t<\/li>\n<li class=\"product-features__item-list__item\" role=\"listitem\"><span class=\"is--medium\">Utilisation :<\/span> Gaming\t\t\t\t\t<\/li>\n<li class=\"product-features__item-list__item\" role=\"listitem\"><span class=\"is--medium\">Architecture :<\/span> Ampere\t\t\t\t\t<\/li>\n<li class=\"product-features__item-list__item\" role=\"listitem\"><span class=\"is--medium\">Fr\u00e9quence en mode turbo :<\/span> 1.777 MHz\t\t\t\t\t<\/li>\n<li class=\"product-features__item-list__item\" role=\"listitem\"><span class=\"is--medium\">R\u00e9solution digitale maximum :<\/span> 7680 x 4320\t\t\t\t\t<\/li>\n<\/ul>\n<\/li>\n<li class=\"product-features__item\" role=\"listitem\">\n<h3 class=\"product-features__label\">M\u00e9moire<\/h3>\n<ul role=\"list\">\n<li class=\"product-features__item-list__item\" role=\"listitem\"><span class=\"is--medium\">Type de m\u00e9moire :<\/span> GDDR6\t\t\t\t\t<\/li>\n<li class=\"product-features__item-list__item\" role=\"listitem\"><span class=\"is--medium\">Fr\u00e9quence nominale :<\/span> 1.320 MHz\t\t\t\t\t<\/li>\n<li class=\"product-features__item-list__item\" role=\"listitem\"><span class=\"is--medium\">Capacit\u00e9 :<\/span> 12 Go\t\t\t\t\t<\/li>\n<li class=\"product-features__item-list__item\" role=\"listitem\"><span class=\"is--medium\">Interface m\u00e9moire :<\/span> 192 bits\t\t\t\t\t<\/li>\n<\/ul>\n<\/li>\n<li class=\"product-features__item\" role=\"listitem\">\n<h3 class=\"product-features__label\">Consommation<\/h3>\n<ul role=\"list\">\n<li class=\"product-features__item-list__item\" role=\"listitem\"><span class=\"is--medium\">Consomme (en W) :<\/span> Jusqu&rsquo;\u00e0 175W\t\t\t\t\t<\/li>\n<\/ul>\n<\/li>\n<li class=\"product-features__item\" role=\"listitem\">\n<h3 class=\"product-features__label\">Technologies support\u00e9es<\/h3>\n<ul role=\"list\">\n<li class=\"product-features__item-list__item\" role=\"listitem\"><span class=\"is--medium\">Nombre d&rsquo;\u00e9crans support\u00e9s :<\/span> 4\t\t\t\t\t<\/li>\n<\/ul>\n<\/li>\n<li class=\"product-features__item\" role=\"listitem\">\n<h3 class=\"product-features__label\">Dimensions<\/h3>\n<ul role=\"list\">\n<li class=\"product-features__item-list__item\" role=\"listitem\"><span class=\"is--medium\">Dimensions l x h x p :<\/span> 25.88 x 12.7 x 4.2 cm\t\t\t\t\t<\/li>\n<li class=\"product-features__item-list__item\" role=\"listitem\"><span class=\"is--medium\">Poids Net (kg) :<\/span> 0\t\t\t\t\t<\/li>\n<\/ul>\n<\/li>\n<li class=\"product-features__item\" role=\"listitem\">\n<h3 class=\"product-features__label\">Informations compl\u00e9mentaires<\/h3>\n<ul role=\"list\">\n<li class=\"product-features__item-list__item\" role=\"listitem\"><span class=\"is--medium\">Fabriqu\u00e9 en :<\/span> Chine\t\t\t\t\t<\/li>\n<li class=\"product-features__item-list__item\" role=\"listitem\"><span class=\"is--medium\">Garantie :<\/span> 2 ans\t\t\t\t\t<\/li>\n<li class=\"product-features__item-list__item\" role=\"listitem\"><span class=\"is--medium\">Disponibilit\u00e9 des pi\u00e8ces d\u00e9tach\u00e9es (donn\u00e9es fournisseur) :<\/span> Pas de pi\u00e8ce disponible\t\t\t\t\t<\/li>\n<li class=\"product-features__item-list__item\" role=\"listitem\"><span class=\"is--medium\">R\u00e9f\u00e9rence constructeur :<\/span> GEFORCE RTX3060 12 GB XLR8 Gaming\t\t\t\t\t<\/li>\n<li class=\"product-features__item-list__item\" role=\"listitem\"><span class=\"is--medium\">Marque :<\/span> PNY\t\t\t\t\t<\/li>\n<\/ul>\n<\/li>\n<\/ul>\n<\/div>\n<div class=\"product__disclosure-content\">\n<div class=\"js-read-more product-description__content\" data-read-more-name=\"description\" style=\"max-height: 500px; overflow: hidden;\">\n<p>\u00c9quipez-vous pour vos prochaines batailles ou vos prochains matchs avec la nouvelle carte PNY GEFORCE RTX3060 12GB.<\/p>\n<h3><img fetchpriority=\"high\" decoding=\"async\" alt=\"Carte PNY GEFORCE RTX3060 12 GB XLR8 Gam\" class=\"wy_tableau_gauche\" height=\"270\" src=\"https:\/\/boulanger.scene7.com\/is\/image\/Boulanger\/0751492643953_h_f_l_0?wid=400&amp;hei=270\" width=\"400\"\/>Une carte graphique con\u00e7ue sp\u00e9cialement pour les gamers et les gameuses<\/h3>\n<p>La nouvelle carte graphique PNY GEFORCE RTX3060 12GB a \u00e9t\u00e9 con\u00e7ue pour une <strong>utilisation gaming<\/strong>. Elle conviendra parfaitement aux joueurs et joueuses, car elle a \u00e9t\u00e9 fabriqu\u00e9e pour \u00eatre capable de faire tourner les jeux les plus exigeants en toute fluidit\u00e9.<\/p>\n<p>Quel mat\u00e9riel utilisez-vous habituellement ? La carte graphique PNY GEFORCE RTX3060 12GB est compatible avec une carte m\u00e8re PCI Express avec un emplacement graphique x 16 double largeur. Il faudra \u00e9galement un connecteur d&rsquo;alimentation suppl\u00e9mentaire \u00e0 8 broches, une alimentation du syst\u00e8me de 550 watts ou plus et le syst\u00e8me d&rsquo;exploitation Microsoft Windows 10 (mise \u00e0 jour de novembre 2018 ou ult\u00e9rieure), Windows 764-bit ou Linux 64-bit.<\/p>\n<h3><img decoding=\"async\" alt=\"Carte PNY GEFORCE RTX3060 12 GB XLR8 Gam\" class=\"wy_tableau_right\" height=\"270\" src=\"https:\/\/boulanger.scene7.com\/is\/image\/Boulanger\/0751492643953_h_f_l_1?wid=400&amp;hei=270\" width=\"400\"\/>Du mat\u00e9riel \u00e9quip\u00e9 de composants de pointe<\/h3>\n<p>La nouvelle carte graphique PNY GEFORCE RTX3060 12GB est compos\u00e9e elle-m\u00eame de mat\u00e9riel de pointe. Gr\u00e2ce \u00e0 la <strong>nouvelle architecture NVIDIA Ampere<\/strong>, vous pourrez profiter d&rsquo;une exp\u00e9rience de jeu ultime avec ses <strong>coeurs Ray Tracing de 2e g\u00e9n\u00e9ration<\/strong> et ses <strong>coeurs Tensor de 3e g\u00e9n\u00e9ration<\/strong> au rendement ultra-\u00e9lev\u00e9. Elle embarque aussi de la m\u00e9moire G6 \u00e0 haute vitesse !<\/p>\n<p>La carte graphique\u00a0PNY GEFORCE RTX3060 12GB <strong>combine le design RGB \u00e0 des performances extr\u00eames<\/strong>.Vous pouvez d\u00e9truire la concurrence tout en profitant d&rsquo;un PC ultra-styl\u00e9 !<\/p>\n<\/p>\n<\/div>\n<\/div>","protected":false},"excerpt":{"rendered":"<div class=\"keypoints\">\n<h3 class=\"keypoints__title\">Les points cl\u00e9s<\/h3>\n<ul role=\"list\">\n<li class=\"keypoints__item\" role=\"listitem\">                          GeForce RTX 3060 &#8211;                                                      Gaming                      <\/li>\n<li class=\"keypoints__item\" role=\"listitem\">                                        Fr\u00e9quence nominale : 1.320 MHz                      <\/li>\n<li class=\"keypoints__item\" role=\"listitem\">                          Capacit\u00e9 : 12 Go &#8211;                                                      192 bits                      <\/li>\n<li class=\"keypoints__item keypoints__item--advantage\" role=\"listitem\"><strong>Le + :<\/strong> ses fr\u00e9quences de fonctionnement \u00e9lev\u00e9es et son syst\u00e8me de refroidissement am\u00e9lior\u00e9      <\/li>\n<\/ul>","protected":false},"featured_media":95378,"template":"","meta":{"_glsr_average":0,"_glsr_ranking":0,"_glsr_reviews":0},"product_cat":[547],"product_tag":[549,548,521],"class_list":{"0":"post-95379","1":"product","2":"type-product","3":"status-publish","4":"has-post-thumbnail","6":"product_cat-carte-graphique","7":"product_tag-carte-graphique","8":"product_tag-composant-pc","9":"product_tag-informatique-tablette","11":"first","12":"instock","13":"sale","14":"shipping-taxable","15":"purchasable","16":"product-type-simple"},"_links":{"self":[{"href":"https:\/\/electromenagerexpress.com\/en\/wp-json\/wp\/v2\/product\/95379","targetHints":{"allow":["GET"]}}],"collection":[{"href":"https:\/\/electromenagerexpress.com\/en\/wp-json\/wp\/v2\/product"}],"about":[{"href":"https:\/\/electromenagerexpress.com\/en\/wp-json\/wp\/v2\/types\/product"}],"wp:featuredmedia":[{"embeddable":true,"href":"https:\/\/electromenagerexpress.com\/en\/wp-json\/wp\/v2\/media\/95378"}],"wp:attachment":[{"href":"https:\/\/electromenagerexpress.com\/en\/wp-json\/wp\/v2\/media?parent=95379"}],"wp:term":[{"taxonomy":"product_cat","embeddable":true,"href":"https:\/\/electromenagerexpress.com\/en\/wp-json\/wp\/v2\/product_cat?post=95379"},{"taxonomy":"product_tag","embeddable":true,"href":"https:\/\/electromenagerexpress.com\/en\/wp-json\/wp\/v2\/product_tag?post=95379"}],"curies":[{"name":"wp","href":"https:\/\/api.w.org\/{rel}","templated":true}]}}