{"id":94671,"date":"2024-11-24T22:03:13","date_gmt":"2024-11-24T22:03:13","guid":{"rendered":"https:\/\/electromenagerexpress.com\/product\/processeur-cpuintelcore-i5-12600kf\/"},"modified":"2024-11-24T22:03:13","modified_gmt":"2024-11-24T22:03:13","slug":"processeur-cpuintelcore-i5-12600kf","status":"publish","type":"product","link":"https:\/\/electromenagerexpress.com\/en\/product\/processeur-cpuintelcore-i5-12600kf\/","title":{"rendered":"Processeur CPU\t\t\t\t\t\t\tINTEL\t\t\t\tCore I5-12600KF"},"content":{"rendered":"<div class=\"product-features__content\">\n<ul role=\"list\">\n<li class=\"product-features__item\" role=\"listitem\">\n<h3 class=\"product-features__label\">Caract\u00e9ristiques g\u00e9n\u00e9rales<\/h3>\n<ul role=\"list\">\n<li class=\"product-features__item-list__item\" role=\"listitem\"><span class=\"is--medium\">Cat\u00e9gorie :<\/span> Processeur (CPU)\t\t\t\t\t<\/li>\n<li class=\"product-features__item-list__item\" role=\"listitem\"><span class=\"is--medium\">Marque :<\/span> Intel\t\t\t\t\t<\/li>\n<li class=\"product-features__item-list__item\" role=\"listitem\"><span class=\"is--medium\">Mod\u00e8le :<\/span> Core I5-12600KF\t\t\t\t\t<\/li>\n<li class=\"product-features__item-list__item\" role=\"listitem\"><span class=\"is--medium\">G\u00e9n\u00e9ration :<\/span> Intel Core I5 12\u00e8me g\u00e9n\u00e9ration\t\t\t\t\t<\/li>\n<li class=\"product-features__item-list__item\" role=\"listitem\"><span class=\"is--medium\">Mod\u00e8le du processeur :<\/span> Core I5-12600KF\t\t\t\t\t<\/li>\n<li class=\"product-features__item-list__item\" role=\"listitem\"><span class=\"is--medium\">Nombre de coeurs :<\/span> 10 x\t\t\t\t\t<\/li>\n<li class=\"product-features__item-list__item\" role=\"listitem\"><span class=\"is--medium\">Nombre de threads :<\/span> 16 x\t\t\t\t\t<\/li>\n<li class=\"product-features__item-list__item\" role=\"listitem\"><span class=\"is--medium\">Cache de niveau 2 :<\/span> 9,5 Mo\t\t\t\t\t<\/li>\n<li class=\"product-features__item-list__item\" role=\"listitem\"><span class=\"is--medium\">Cache de niveau 3 :<\/span> 20 Mo\t\t\t\t\t<\/li>\n<li class=\"product-features__item-list__item\" role=\"listitem\"><span class=\"is--medium\">Fr\u00e9quence du processeur (GHz) :<\/span> 3.6\t\t\t\t\t<\/li>\n<li class=\"product-features__item-list__item\" role=\"listitem\"><span class=\"is--medium\">Fr\u00e9quence Turboboost (GHz) :<\/span> 4.9\t\t\t\t\t<\/li>\n<li class=\"product-features__item-list__item\" role=\"listitem\"><span class=\"is--medium\">Socket :<\/span> LGA 1700\t\t\t\t\t<\/li>\n<\/ul>\n<\/li>\n<li class=\"product-features__item\" role=\"listitem\">\n<h3 class=\"product-features__label\">Informations compl\u00e9mentaires<\/h3>\n<ul role=\"list\">\n<li class=\"product-features__item-list__item\" role=\"listitem\"><span class=\"is--medium\">Fabriqu\u00e9 en :<\/span> Chine\t\t\t\t\t<\/li>\n<li class=\"product-features__item-list__item\" role=\"listitem\"><span class=\"is--medium\">Disponibilit\u00e9 des pi\u00e8ces d\u00e9tach\u00e9es (donn\u00e9es fournisseur) :<\/span> Non communiqu\u00e9e\t\t\t\t\t<\/li>\n<li class=\"product-features__item-list__item\" role=\"listitem\"><span class=\"is--medium\">R\u00e9f\u00e9rence constructeur :<\/span> Processeur socket 1700 Core I5 12600KF (\t\t\t\t\t<\/li>\n<li class=\"product-features__item-list__item\" role=\"listitem\"><span class=\"is--medium\">Marque :<\/span> INTEL\t\t\t\t\t<\/li>\n<\/ul>\n<\/li>\n<\/ul>\n<\/div>\n<div class=\"product__disclosure-content\">\n<div class=\"js-read-more product-description__content read-more read-more--truncated\" data-read-more-name=\"description\" style=\"max-height: 500px; overflow: hidden;\">\n<p>Processeurs Intel ? Core\u2122 i5 de 12e g\u00e9n\u00e9ration<\/p>\n<p>Nom de code : Alder Lake<\/p>\n<p>Segment vertical : PC de Bureau<\/p>\n<p>Num\u00e9ro de processeur : i5-12600KF<\/p>\n<p>Lithographie : Intel 7<\/p>\n<p>Nombre total de coeurs : 10<\/p>\n<p>Nombre de coeurs de performance : 6<\/p>\n<p>Nombre de coeurs efficaces : 4<\/p>\n<p>Nombre total de fils : 16<\/p>\n<p>Fr\u00e9quence turbo maximale : 4,90 GHz<\/p>\n<p>Fr\u00e9quence turbo maximale de performance : 4,90 GHz<\/p>\n<p>Fr\u00e9quence turbo maximale \u00e0 noyau efficace : 3,60 GHz<\/p>\n<p>Fr\u00e9quence de base de performance : 3,70 GHz<\/p>\n<p>Fr\u00e9quence de base efficace : 2,80 GHz<\/p>\n<p>Cache : 20 Mo de cache intelligent Intel ?<\/p>\n<p>Cache L2 total : 9,5 Mo<\/p>\n<p>Puissance de base du processeur : 125W<\/p>\n<p>Puissance turbo maximale : 150W<\/p>\n<\/p>\n<\/div>\n<p><bl-button a11yexpanded=\"false\" arialabel=\"Afficher toute la description\" class=\"read-more__btn\" full=\"false\" link=\"true\"><\/bl-button><\/div>","protected":false},"excerpt":{"rendered":"<div class=\"keypoints\">\n<h3 class=\"keypoints__title\">Les points cl\u00e9s<\/h3>\n<ul role=\"list\">\n<li class=\"keypoints__item\" role=\"listitem\">                                        Mod\u00e8le du processeur : Core I5-12600KF                      <\/li>\n<li class=\"keypoints__item\" role=\"listitem\">                                        Nombre de coeurs : 10 x                      <\/li>\n<li class=\"keypoints__item\" role=\"listitem\">                                        Fr\u00e9quence du processeur (GHz) : 3.6                      <\/li>\n<li class=\"keypoints__item\" role=\"listitem\">                                        Fr\u00e9quence Turboboost (GHz) : 4.9                      <\/li>\n<\/ul>","protected":false},"featured_media":94670,"template":"","meta":{"_glsr_average":0,"_glsr_ranking":0,"_glsr_reviews":0},"product_cat":[554],"product_tag":[548,521,555],"class_list":{"0":"post-94671","1":"product","2":"type-product","3":"status-publish","4":"has-post-thumbnail","6":"product_cat-processeur","7":"product_tag-composant-pc","8":"product_tag-informatique-tablette","9":"product_tag-processeur","11":"first","12":"instock","13":"sale","14":"shipping-taxable","15":"purchasable","16":"product-type-simple"},"_links":{"self":[{"href":"https:\/\/electromenagerexpress.com\/en\/wp-json\/wp\/v2\/product\/94671","targetHints":{"allow":["GET"]}}],"collection":[{"href":"https:\/\/electromenagerexpress.com\/en\/wp-json\/wp\/v2\/product"}],"about":[{"href":"https:\/\/electromenagerexpress.com\/en\/wp-json\/wp\/v2\/types\/product"}],"wp:featuredmedia":[{"embeddable":true,"href":"https:\/\/electromenagerexpress.com\/en\/wp-json\/wp\/v2\/media\/94670"}],"wp:attachment":[{"href":"https:\/\/electromenagerexpress.com\/en\/wp-json\/wp\/v2\/media?parent=94671"}],"wp:term":[{"taxonomy":"product_cat","embeddable":true,"href":"https:\/\/electromenagerexpress.com\/en\/wp-json\/wp\/v2\/product_cat?post=94671"},{"taxonomy":"product_tag","embeddable":true,"href":"https:\/\/electromenagerexpress.com\/en\/wp-json\/wp\/v2\/product_tag?post=94671"}],"curies":[{"name":"wp","href":"https:\/\/api.w.org\/{rel}","templated":true}]}}