{"id":94342,"date":"2024-11-24T21:56:39","date_gmt":"2024-11-24T21:56:39","guid":{"rendered":"https:\/\/electromenagerexpress.com\/product\/carte-son-externemotumot112d\/"},"modified":"2024-11-24T21:56:44","modified_gmt":"2024-11-24T21:56:44","slug":"carte-son-externemotumot112d","status":"publish","type":"product","link":"https:\/\/electromenagerexpress.com\/en\/product\/carte-son-externemotumot112d\/","title":{"rendered":"Carte Son Externe\t\t\t\t\t\t\tMOTU\t\t\t\tMOT112D"},"content":{"rendered":"<div class=\"product-features__content\">\n<ul role=\"list\">\n<li class=\"product-features__item\" role=\"listitem\">\n<h3 class=\"product-features__label\">Caract\u00e9ristiques g\u00e9n\u00e9rales<\/h3>\n<ul role=\"list\">\n<li class=\"product-features__item-list__item\" role=\"listitem\"><span class=\"is--medium\">Utilisation :<\/span> Externe\t\t\t\t\t<\/li>\n<li class=\"product-features__item-list__item\" role=\"listitem\"><span class=\"is--medium\">Type :<\/span> Carte son\t\t\t\t\t<\/li>\n<li class=\"product-features__item-list__item\" role=\"listitem\"><span class=\"is--medium\">Interface :<\/span> USB\t\t\t\t\t<\/li>\n<li class=\"product-features__item-list__item\" role=\"listitem\"><span class=\"is--medium\">Son :<\/span> St\u00e9r\u00e9o\t\t\t\t\t<\/li>\n<li class=\"product-features__item-list__item\" role=\"listitem\"><span class=\"is--medium\">Qualit\u00e9 :<\/span> 24 Bits\t\t\t\t\t<\/li>\n<li class=\"product-features__item-list__item\" role=\"listitem\"><span class=\"is--medium\">Fr\u00e9quence d&rsquo;\u00e9chantillonnage :<\/span> 192 KHz\t\t\t\t\t<\/li>\n<\/ul>\n<\/li>\n<li class=\"product-features__item\" role=\"listitem\">\n<h3 class=\"product-features__label\">Connectiques d&rsquo;entr\u00e9e<\/h3>\n<ul role=\"list\">\n<li class=\"product-features__item-list__item\" role=\"listitem\"><span class=\"is--medium\">D\u00e9tail :<\/span> AES\/EBU, ADAT S\/MUX, ADAT\t\t\t\t\t<\/li>\n<\/ul>\n<\/li>\n<li class=\"product-features__item\" role=\"listitem\">\n<h3 class=\"product-features__label\">Logiciels fournis<\/h3>\n<ul role=\"list\">\n<li class=\"product-features__item-list__item\" role=\"listitem\"><span class=\"is--medium\">inclus :<\/span> Oui\t\t\t\t\t<\/li>\n<\/ul>\n<\/li>\n<li class=\"product-features__item\" role=\"listitem\">\n<h3 class=\"product-features__label\">Informations compl\u00e9mentaires<\/h3>\n<ul role=\"list\">\n<li class=\"product-features__item-list__item\" role=\"listitem\"><span class=\"is--medium\">Fabriqu\u00e9 en :<\/span> Etats-Unis\t\t\t\t\t<\/li>\n<li class=\"product-features__item-list__item\" role=\"listitem\"><span class=\"is--medium\">Disponibilit\u00e9 des pi\u00e8ces d\u00e9tach\u00e9es (donn\u00e9es fournisseur) :<\/span> Non communiqu\u00e9e\t\t\t\t\t<\/li>\n<\/ul>\n<\/li>\n<\/ul>\n<\/div>\n<div class=\"product__disclosure-content\">\n<div class=\"js-read-more product-description__content\" data-read-more-name=\"description\" style=\"max-height: 500px; overflow: hidden;\">\n<p>[ Technologie AVB avanc\u00e9e ]\u00a0 \u00c9labor\u00e9e pour offrir une flexibilit\u00e9 sans \u00e9gale, la Motu 112D AVB est \u00e9quip\u00e9e de la technologie Audio Video Bridging. Cette innovation garantit une synchronisation ultra-pr\u00e9cise et une faible latence, des \u00e9l\u00e9ments indispensables pour tout studio professionnel ou set-up de sc\u00e8ne en direct.<br \/>[ 112 Canaux pour des options de routing Illimit\u00e9es ] Offrant jusqu&rsquo;\u00e0 112 canaux simultan\u00e9s, cette interface audio num\u00e9rique r\u00e9pond aux besoins des projets les plus exigeants. Des entr\u00e9es\/sorties MADI, AES\/EBU et ADAT sont l\u00e0 pour une polyvalence accrue en mati\u00e8re de connexion.<br \/>[\u00a0Conversion A\/D et D\/A de Calibre Studio ]\u00a0 La qualit\u00e9 de conversion analogique-num\u00e9rique et num\u00e9rique-analogique est essentielle pour une restitution audio fid\u00e8le. La 112D AVB excelle dans ce domaine, offrant une r\u00e9solution jusqu&rsquo;\u00e0 24 bits\/192 kHz, pour des enregistrements et des reproductions audio d&rsquo;une clart\u00e9 cristalline.<br \/>[ Contr\u00f4le Web et DSP Onboard ]\u00a0\u00a0Manipulez les param\u00e8tres via le panneau de contr\u00f4le bas\u00e9 sur le Web, accessible depuis n&rsquo;importe quel dispositif reli\u00e9 au r\u00e9seau. Profitez \u00e9galement d&rsquo;un DSP int\u00e9gr\u00e9 pour des effets en temps r\u00e9el comme la r\u00e9verb\u00e9ration, l&rsquo;\u00e9galisation et la compression, sans sacrifier la puissance de votre ordinateur.<br \/>[ Robuste et Fiable pour les Applications Critiques ]Construite dans un ch\u00e2ssis en m\u00e9tal robuste, la MOTU 112D AVB est con\u00e7ue pour r\u00e9sister aux conditions rigoureuses des environnements de studio et de sc\u00e8ne. Son alimentation redondante assure un fonctionnement continu m\u00eame en cas de panne d&rsquo;alimentation.<\/p>\n<\/div>\n<\/div>","protected":false},"excerpt":{"rendered":"<div class=\"keypoints\">\n<h3 class=\"keypoints__title\">Les points cl\u00e9s<\/h3>\n<ul role=\"list\">\n<li class=\"keypoints__item\" role=\"listitem\">                                        Interface : USB                      <\/li>\n<li class=\"keypoints__item\" role=\"listitem\">                                        Qualit\u00e9 : 24 Bits                      <\/li>\n<li class=\"keypoints__item\" role=\"listitem\">                                        Fr\u00e9quence d&rsquo;\u00e9chantillonnage : 192 KHz                      <\/li>\n<\/ul>","protected":false},"featured_media":94341,"template":"","meta":{"_glsr_average":0,"_glsr_ranking":0,"_glsr_reviews":0},"product_cat":[558],"product_tag":[559,548,521],"class_list":{"0":"post-94342","1":"product","2":"type-product","3":"status-publish","4":"has-post-thumbnail","6":"product_cat-carte-son","7":"product_tag-carte-son","8":"product_tag-composant-pc","9":"product_tag-informatique-tablette","11":"first","12":"instock","13":"sale","14":"shipping-taxable","15":"purchasable","16":"product-type-simple"},"_links":{"self":[{"href":"https:\/\/electromenagerexpress.com\/en\/wp-json\/wp\/v2\/product\/94342","targetHints":{"allow":["GET"]}}],"collection":[{"href":"https:\/\/electromenagerexpress.com\/en\/wp-json\/wp\/v2\/product"}],"about":[{"href":"https:\/\/electromenagerexpress.com\/en\/wp-json\/wp\/v2\/types\/product"}],"wp:featuredmedia":[{"embeddable":true,"href":"https:\/\/electromenagerexpress.com\/en\/wp-json\/wp\/v2\/media\/94341"}],"wp:attachment":[{"href":"https:\/\/electromenagerexpress.com\/en\/wp-json\/wp\/v2\/media?parent=94342"}],"wp:term":[{"taxonomy":"product_cat","embeddable":true,"href":"https:\/\/electromenagerexpress.com\/en\/wp-json\/wp\/v2\/product_cat?post=94342"},{"taxonomy":"product_tag","embeddable":true,"href":"https:\/\/electromenagerexpress.com\/en\/wp-json\/wp\/v2\/product_tag?post=94342"}],"curies":[{"name":"wp","href":"https:\/\/api.w.org\/{rel}","templated":true}]}}