{"id":94197,"date":"2024-11-24T18:52:36","date_gmt":"2024-11-24T18:52:36","guid":{"rendered":"https:\/\/electromenagerexpress.com\/product\/carte-graphiquepnygeforce-rtx-3070-ti-8gb-gaming-revel\/"},"modified":"2024-11-24T18:52:37","modified_gmt":"2024-11-24T18:52:37","slug":"carte-graphiquepnygeforce-rtx-3070-ti-8gb-gaming-revel","status":"publish","type":"product","link":"https:\/\/electromenagerexpress.com\/en\/product\/carte-graphiquepnygeforce-rtx-3070-ti-8gb-gaming-revel\/","title":{"rendered":"Carte graphique\t\t\t\t\t\t\tPNY\t\t\t\tGeforce RTX 3070 Ti 8GB Gaming REVEL"},"content":{"rendered":"<div class=\"product-features__content\">\n<ul role=\"list\">\n<li class=\"product-features__item\" role=\"listitem\">\n<h3 class=\"product-features__label\">Processeur<\/h3>\n<ul role=\"list\">\n<li class=\"product-features__item-list__item\" role=\"listitem\"><span class=\"is--medium\">Fabricant du processeur graphique :<\/span> Nvidia\t\t\t\t\t<\/li>\n<li class=\"product-features__item-list__item\" role=\"listitem\"><span class=\"is--medium\">Connecteur :<\/span> PCI Express 4.0 x16\t\t\t\t\t<\/li>\n<li class=\"product-features__item-list__item\" role=\"listitem\"><span class=\"is--medium\">Type de carte :<\/span> Carte graphique\t\t\t\t\t<\/li>\n<li class=\"product-features__item-list__item\" role=\"listitem\"><span class=\"is--medium\">Fr\u00e9quence nominale :<\/span> 1.575 MHz\t\t\t\t\t<\/li>\n<li class=\"product-features__item-list__item\" role=\"listitem\"><span class=\"is--medium\">Utilisation :<\/span> Gaming\t\t\t\t\t<\/li>\n<li class=\"product-features__item-list__item\" role=\"listitem\"><span class=\"is--medium\">Architecture :<\/span> Ampere\t\t\t\t\t<\/li>\n<li class=\"product-features__item-list__item\" role=\"listitem\"><span class=\"is--medium\">Fr\u00e9quence en mode turbo :<\/span> 1.770 MHz\t\t\t\t\t<\/li>\n<li class=\"product-features__item-list__item\" role=\"listitem\"><span class=\"is--medium\">R\u00e9solution digitale maximum :<\/span> 7680 x 4320\t\t\t\t\t<\/li>\n<\/ul>\n<\/li>\n<li class=\"product-features__item\" role=\"listitem\">\n<h3 class=\"product-features__label\">M\u00e9moire<\/h3>\n<ul role=\"list\">\n<li class=\"product-features__item-list__item\" role=\"listitem\"><span class=\"is--medium\">Type de m\u00e9moire :<\/span> GDDR6\t\t\t\t\t<\/li>\n<li class=\"product-features__item-list__item\" role=\"listitem\"><span class=\"is--medium\">Fr\u00e9quence nominale :<\/span> 1.575 MHz\t\t\t\t\t<\/li>\n<li class=\"product-features__item-list__item\" role=\"listitem\"><span class=\"is--medium\">Capacit\u00e9 :<\/span> 8 Go\t\t\t\t\t<\/li>\n<li class=\"product-features__item-list__item\" role=\"listitem\"><span class=\"is--medium\">Interface m\u00e9moire :<\/span> 256 bits\t\t\t\t\t<\/li>\n<\/ul>\n<\/li>\n<li class=\"product-features__item\" role=\"listitem\">\n<h3 class=\"product-features__label\">Consommation<\/h3>\n<ul role=\"list\">\n<li class=\"product-features__item-list__item\" role=\"listitem\"><span class=\"is--medium\">Consomme (en W) :<\/span> Jusqu&rsquo;\u00e0 290W\t\t\t\t\t<\/li>\n<\/ul>\n<\/li>\n<li class=\"product-features__item\" role=\"listitem\">\n<h3 class=\"product-features__label\">Technologies support\u00e9es<\/h3>\n<ul role=\"list\">\n<li class=\"product-features__item-list__item\" role=\"listitem\"><span class=\"is--medium\">Nombre d&rsquo;\u00e9crans support\u00e9s :<\/span> 4\t\t\t\t\t<\/li>\n<li class=\"product-features__item-list__item\" role=\"listitem\"><span class=\"is--medium\">G-SYNC :<\/span> Oui\t\t\t\t\t<\/li>\n<\/ul>\n<\/li>\n<li class=\"product-features__item\" role=\"listitem\">\n<h3 class=\"product-features__label\">Dimensions<\/h3>\n<ul role=\"list\">\n<li class=\"product-features__item-list__item\" role=\"listitem\"><span class=\"is--medium\">Dimensions l x h x p :<\/span> 29.38 x 11.2 x 5.58 cm\t\t\t\t\t<\/li>\n<li class=\"product-features__item-list__item\" role=\"listitem\"><span class=\"is--medium\">Poids Net (kg) :<\/span> 0\t\t\t\t\t<\/li>\n<\/ul>\n<\/li>\n<li class=\"product-features__item\" role=\"listitem\">\n<h3 class=\"product-features__label\">Informations compl\u00e9mentaires<\/h3>\n<ul role=\"list\">\n<li class=\"product-features__item-list__item\" role=\"listitem\"><span class=\"is--medium\">Fabriqu\u00e9 en :<\/span> Chine\t\t\t\t\t<\/li>\n<li class=\"product-features__item-list__item\" role=\"listitem\"><span class=\"is--medium\">Garantie :<\/span> 2 ans\t\t\t\t\t<\/li>\n<li class=\"product-features__item-list__item\" role=\"listitem\"><span class=\"is--medium\">Disponibilit\u00e9 des pi\u00e8ces d\u00e9tach\u00e9es (donn\u00e9es fournisseur) :<\/span> Pas de pi\u00e8ce disponible\t\t\t\t\t<\/li>\n<li class=\"product-features__item-list__item\" role=\"listitem\"><span class=\"is--medium\">R\u00e9f\u00e9rence constructeur :<\/span> Nvidia RTX 3070 Ti 8GB Gaming Revel\t\t\t\t\t<\/li>\n<li class=\"product-features__item-list__item\" role=\"listitem\"><span class=\"is--medium\">Marque :<\/span> PNY\t\t\t\t\t<\/li>\n<\/ul>\n<\/li>\n<\/ul>\n<\/div>\n<div class=\"product__disclosure-content\">\n<div class=\"js-read-more product-description__content read-more read-more--truncated\" data-read-more-name=\"description\" style=\"max-height: 500px; overflow: hidden;\">\n<p>Pour une exp\u00e9rience de jeu incomparable, optez pour la carte graphique PNY Nvidia RTX 3070 Ti 8GB. Gr\u00e2ce \u00e0 son architecture Nvidia Ampere et ses diff\u00e9rentes technologies telles que le rendu ray tracing ou le Nvidia DLSS 2.0, vos jeux les plus exigeants profiteront d&rsquo;une fluidit\u00e9 et d&rsquo;une qualit\u00e9 visuelle accrues pour votre plus grand plaisir.<\/p>\n<h3><img fetchpriority=\"high\" decoding=\"async\" ,=\"\" alt=\"Carte PNY Nvidia RTX 3070 Ti 8GB Gaming\" class=\"wy_tableau_gauche\" height=\"270\" src=\"https:\/\/boulanger.scene7.com\/is\/image\/Boulanger\/0751492647777_h_f_l_0?wid=400&amp;hei=270\" width=\"400\"\/>Une exp\u00e9rience de jeu incomparable<\/h3>\n<p><b>L&rsquo;architecture Nvidia Ampere<\/b> de la carte graphique PNY Nvidia RTX 3070 Ti 8GB va d\u00e9cupler votre plaisir de jeu. Gr\u00e2ce \u00e0 ses <b>6144 Nvidia Cuda Cores<\/b>, cette carte cadenc\u00e9e \u00e0 1575 MHz avec boost \u00e0 1770 MHz poss\u00e8de toute la puissance n\u00e9cessaire pour que vos jeux favoris soient des plus fluides.<\/p>\n<p>Int\u00e9grant <b>des RT Cores et des Tensor Cores de nouvelle g\u00e9n\u00e9ration<\/b>, la carte PNY Nvidia RTX 3070 Ti 8GB livre des performances incroyables pour le <b>rendu ray tracing<\/b> et une acc\u00e9l\u00e9ration des fonctionnalit\u00e9s utilisant l&rsquo;IA comme le <b>Nvidia DLSS<\/b> permettant d&rsquo;obtenir une plus grande fr\u00e9quence d&rsquo;images avec une perte de qualit\u00e9 visuelle minimale.<\/p>\n<h3><img decoding=\"async\" ,=\"\" alt=\"Carte PNY Nvidia RTX 3070 Ti 8GB Gaming\" class=\"wy_tableau_right\" height=\"270\" src=\"https:\/\/boulanger.scene7.com\/is\/image\/Boulanger\/0751492647777_h_f_l_1?wid=400&amp;hei=270\" width=\"400\"\/>Compatible avec un grand nombre d&rsquo;\u00e9crans<\/h3>\n<p>La carte PNY Nvidia RTX 3070 Ti 8GB dispose d&rsquo;autres technologies Nvidia comme le <b>Nvidia G-Sync<\/b> permettant un affichage avec taux de rafra\u00eechissement variable sur les moniteurs compatibles. <b>L&rsquo;application Nvidia GeForce Experience<\/b> permet des performances optimales de vos jeux et donne acc\u00e8s \u00e0 des fonctions de capture d&rsquo;images et de vid\u00e9os.<\/p>\n<p>Disposant de <b>trois DisplayPort 1.4 et d&rsquo;une sortie HDMI 2.1<\/b>, la carte graphique PNY Nvidia RTX 3070 Ti 8GB peut g\u00e9rer <b>jusqu&rsquo;\u00e0 4 \u00e9crans simultan\u00e9ment<\/b>. La r\u00e9solution maximale de la carte est de <b>8K 60 Hz HDR<\/b> mais cette carte est \u00e9galement capable de g\u00e9rer le <b>4K 120 Hz HDR<\/b> et plus encore.<\/p>\n<\/p>\n<\/div>\n<p><bl-button a11yexpanded=\"false\" arialabel=\"Afficher toute la description\" class=\"read-more__btn\" full=\"false\" link=\"true\"><\/bl-button><\/div>","protected":false},"excerpt":{"rendered":"<div class=\"keypoints\">\n<h3 class=\"keypoints__title\">Les points cl\u00e9s<\/h3>\n<ul role=\"list\">\n<li class=\"keypoints__item\" role=\"listitem\">                          GeForce RTX 3070 Ti &#8211;                                                      Gaming                      <\/li>\n<li class=\"keypoints__item\" role=\"listitem\">                                        Fr\u00e9quence nominale : 1.575 MHz                      <\/li>\n<li class=\"keypoints__item\" role=\"listitem\">                          Capacit\u00e9 : 8 Go &#8211;                                                      256 bits                      <\/li>\n<li class=\"keypoints__item keypoints__item--advantage\" role=\"listitem\"><strong>Le + :<\/strong> ses multiples connectiques et sa m\u00e9moire vive pour des situations de jeux ultra r\u00e9alistes      <\/li>\n<\/ul>","protected":false},"featured_media":94196,"template":"","meta":{"_glsr_average":0,"_glsr_ranking":0,"_glsr_reviews":0},"product_cat":[547],"product_tag":[549,548,521],"class_list":{"0":"post-94197","1":"product","2":"type-product","3":"status-publish","4":"has-post-thumbnail","6":"product_cat-carte-graphique","7":"product_tag-carte-graphique","8":"product_tag-composant-pc","9":"product_tag-informatique-tablette","11":"first","12":"instock","13":"sale","14":"shipping-taxable","15":"purchasable","16":"product-type-simple"},"_links":{"self":[{"href":"https:\/\/electromenagerexpress.com\/en\/wp-json\/wp\/v2\/product\/94197","targetHints":{"allow":["GET"]}}],"collection":[{"href":"https:\/\/electromenagerexpress.com\/en\/wp-json\/wp\/v2\/product"}],"about":[{"href":"https:\/\/electromenagerexpress.com\/en\/wp-json\/wp\/v2\/types\/product"}],"wp:featuredmedia":[{"embeddable":true,"href":"https:\/\/electromenagerexpress.com\/en\/wp-json\/wp\/v2\/media\/94196"}],"wp:attachment":[{"href":"https:\/\/electromenagerexpress.com\/en\/wp-json\/wp\/v2\/media?parent=94197"}],"wp:term":[{"taxonomy":"product_cat","embeddable":true,"href":"https:\/\/electromenagerexpress.com\/en\/wp-json\/wp\/v2\/product_cat?post=94197"},{"taxonomy":"product_tag","embeddable":true,"href":"https:\/\/electromenagerexpress.com\/en\/wp-json\/wp\/v2\/product_tag?post=94197"}],"curies":[{"name":"wp","href":"https:\/\/api.w.org\/{rel}","templated":true}]}}