{"id":93975,"date":"2024-11-24T18:48:33","date_gmt":"2024-11-24T18:48:33","guid":{"rendered":"https:\/\/electromenagerexpress.com\/product\/processeur-cpuintelxeon-silver-4210r-2\/"},"modified":"2024-11-24T18:48:33","modified_gmt":"2024-11-24T18:48:33","slug":"processeur-cpuintelxeon-silver-4210r-2","status":"publish","type":"product","link":"https:\/\/electromenagerexpress.com\/en\/product\/processeur-cpuintelxeon-silver-4210r-2\/","title":{"rendered":"Processeur CPU\t\t\t\t\t\t\tINTEL\t\t\t\tXeon Silver 4210R"},"content":{"rendered":"<div class=\"product-features__content\">\n<ul role=\"list\">\n<li class=\"product-features__item\" role=\"listitem\">\n<h3 class=\"product-features__label\">Caract\u00e9ristiques g\u00e9n\u00e9rales<\/h3>\n<ul role=\"list\">\n<li class=\"product-features__item-list__item\" role=\"listitem\"><span class=\"is--medium\">Cat\u00e9gorie :<\/span> Processeur (CPU)\t\t\t\t\t<\/li>\n<li class=\"product-features__item-list__item\" role=\"listitem\"><span class=\"is--medium\">Marque :<\/span> Intel\t\t\t\t\t<\/li>\n<li class=\"product-features__item-list__item\" role=\"listitem\"><span class=\"is--medium\">Mod\u00e8le :<\/span> Xeon Silver 4210R\t\t\t\t\t<\/li>\n<li class=\"product-features__item-list__item\" role=\"listitem\"><span class=\"is--medium\">Mod\u00e8le du processeur :<\/span> Xeon Silver 4210R\t\t\t\t\t<\/li>\n<li class=\"product-features__item-list__item\" role=\"listitem\"><span class=\"is--medium\">Nombre de coeurs :<\/span> 10 x\t\t\t\t\t<\/li>\n<li class=\"product-features__item-list__item\" role=\"listitem\"><span class=\"is--medium\">Nombre de threads :<\/span> 20 x\t\t\t\t\t<\/li>\n<li class=\"product-features__item-list__item\" role=\"listitem\"><span class=\"is--medium\">Cache de niveau 3 :<\/span> 13,75 Mo\t\t\t\t\t<\/li>\n<li class=\"product-features__item-list__item\" role=\"listitem\"><span class=\"is--medium\">Fr\u00e9quence du processeur (GHz) :<\/span> 2.4\t\t\t\t\t<\/li>\n<li class=\"product-features__item-list__item\" role=\"listitem\"><span class=\"is--medium\">Fr\u00e9quence Turboboost (GHz) :<\/span> 3.2\t\t\t\t\t<\/li>\n<li class=\"product-features__item-list__item\" role=\"listitem\"><span class=\"is--medium\">Socket :<\/span> LGA 3647\t\t\t\t\t<\/li>\n<\/ul>\n<\/li>\n<li class=\"product-features__item\" role=\"listitem\">\n<h3 class=\"product-features__label\">Informations compl\u00e9mentaires<\/h3>\n<ul role=\"list\">\n<li class=\"product-features__item-list__item\" role=\"listitem\"><span class=\"is--medium\">Fabriqu\u00e9 en :<\/span> Etats-Unis\t\t\t\t\t<\/li>\n<li class=\"product-features__item-list__item\" role=\"listitem\"><span class=\"is--medium\">Disponibilit\u00e9 des pi\u00e8ces d\u00e9tach\u00e9es (donn\u00e9es fournisseur) :<\/span> Non communiqu\u00e9e\t\t\t\t\t<\/li>\n<li class=\"product-features__item-list__item\" role=\"listitem\"><span class=\"is--medium\">R\u00e9f\u00e9rence constructeur :<\/span> Intel Xeon Silver 4210R\t\t\t\t\t<\/li>\n<li class=\"product-features__item-list__item\" role=\"listitem\"><span class=\"is--medium\">Marque :<\/span> INTEL\t\t\t\t\t<\/li>\n<\/ul>\n<\/li>\n<\/ul>\n<\/div>\n<div class=\"product__disclosure-content\">\n<div class=\"js-read-more product-description__content\" data-read-more-name=\"description\" style=\"max-height: 500px; overflow: hidden;\">\n<p>Intel Xeon Silver 4210R &#8211; 2.4 GHz &#8211; 10 c\u00bfurs &#8211; 20 fils &#8211; 13.75 Mo cache &#8211; pour ThinkSystem SR550 7X03, 7X04, SR590 7X98, 7X99, SR650 7X05, 7X06<\/p>\n<\/div>\n<\/div>","protected":false},"excerpt":{"rendered":"<div class=\"keypoints\">\n<h3 class=\"keypoints__title\">Les points cl\u00e9s<\/h3>\n<ul role=\"list\">\n<li class=\"keypoints__item\" role=\"listitem\">                                        Mod\u00e8le du processeur : Xeon Silver 4210R                      <\/li>\n<li class=\"keypoints__item\" role=\"listitem\">                                        Nombre de coeurs : 10 x                      <\/li>\n<li class=\"keypoints__item\" role=\"listitem\">                                        Fr\u00e9quence du processeur (GHz) : 2.4                      <\/li>\n<li class=\"keypoints__item\" role=\"listitem\">                                        Fr\u00e9quence Turboboost (GHz) : 3.2                      <\/li>\n<\/ul>","protected":false},"featured_media":93974,"template":"","meta":{"_glsr_average":0,"_glsr_ranking":0,"_glsr_reviews":0},"product_cat":[554],"product_tag":[548,521,555],"class_list":{"0":"post-93975","1":"product","2":"type-product","3":"status-publish","4":"has-post-thumbnail","6":"product_cat-processeur","7":"product_tag-composant-pc","8":"product_tag-informatique-tablette","9":"product_tag-processeur","11":"first","12":"instock","13":"sale","14":"shipping-taxable","15":"purchasable","16":"product-type-simple"},"_links":{"self":[{"href":"https:\/\/electromenagerexpress.com\/en\/wp-json\/wp\/v2\/product\/93975","targetHints":{"allow":["GET"]}}],"collection":[{"href":"https:\/\/electromenagerexpress.com\/en\/wp-json\/wp\/v2\/product"}],"about":[{"href":"https:\/\/electromenagerexpress.com\/en\/wp-json\/wp\/v2\/types\/product"}],"wp:featuredmedia":[{"embeddable":true,"href":"https:\/\/electromenagerexpress.com\/en\/wp-json\/wp\/v2\/media\/93974"}],"wp:attachment":[{"href":"https:\/\/electromenagerexpress.com\/en\/wp-json\/wp\/v2\/media?parent=93975"}],"wp:term":[{"taxonomy":"product_cat","embeddable":true,"href":"https:\/\/electromenagerexpress.com\/en\/wp-json\/wp\/v2\/product_cat?post=93975"},{"taxonomy":"product_tag","embeddable":true,"href":"https:\/\/electromenagerexpress.com\/en\/wp-json\/wp\/v2\/product_tag?post=93975"}],"curies":[{"name":"wp","href":"https:\/\/api.w.org\/{rel}","templated":true}]}}