{"id":93778,"date":"2024-11-24T18:44:57","date_gmt":"2024-11-24T18:44:57","guid":{"rendered":"https:\/\/electromenagerexpress.com\/product\/boitier-pcthermaltakecore-p3-tg-blanc-boitier-sans-alim-atx\/"},"modified":"2024-11-24T18:44:57","modified_gmt":"2024-11-24T18:44:57","slug":"boitier-pcthermaltakecore-p3-tg-blanc-boitier-sans-alim-atx","status":"publish","type":"product","link":"https:\/\/electromenagerexpress.com\/en\/product\/boitier-pcthermaltakecore-p3-tg-blanc-boitier-sans-alim-atx\/","title":{"rendered":"Boitier PC\t\t\t\t\t\t\tTHERMALTAKE\t\t\t\tCore P3 TG blanc Bo\u00eetier sans alim ATX"},"content":{"rendered":"<div class=\"product-features__content\">\n<ul role=\"list\">\n<li class=\"product-features__item\" role=\"listitem\">\n<h3 class=\"product-features__label\">Caract\u00e9ristiques G\u00e9n\u00e9rales<\/h3>\n<ul role=\"list\">\n<li class=\"product-features__item-list__item\" role=\"listitem\"><span class=\"is--medium\">Type de boitier :<\/span> Moyenne tour\t\t\t\t\t<\/li>\n<\/ul>\n<\/li>\n<li class=\"product-features__item\" role=\"listitem\">\n<h3 class=\"product-features__label\">Dimensions<\/h3>\n<ul role=\"list\">\n<li class=\"product-features__item-list__item\" role=\"listitem\"><span class=\"is--medium\">Hauteur produit (cm) :<\/span> 19\t\t\t\t\t<\/li>\n<li class=\"product-features__item-list__item\" role=\"listitem\"><span class=\"is--medium\">Largeur produit (cm) :<\/span> 55\t\t\t\t\t<\/li>\n<li class=\"product-features__item-list__item\" role=\"listitem\"><span class=\"is--medium\">Profondeur produit (cm) :<\/span> 55.2\t\t\t\t\t<\/li>\n<li class=\"product-features__item-list__item\" role=\"listitem\"><span class=\"is--medium\">Dimensions l x h x p :<\/span> 55 x 19 x 55.2 cm\t\t\t\t\t<\/li>\n<li class=\"product-features__item-list__item\" role=\"listitem\"><span class=\"is--medium\">Poids Net (kg) :<\/span> 13.55\t\t\t\t\t<\/li>\n<\/ul>\n<\/li>\n<li class=\"product-features__item\" role=\"listitem\">\n<h3 class=\"product-features__label\">Informations compl\u00e9mentaires<\/h3>\n<ul role=\"list\">\n<li class=\"product-features__item-list__item\" role=\"listitem\"><span class=\"is--medium\">Disponibilit\u00e9 des pi\u00e8ces d\u00e9tach\u00e9es (donn\u00e9es fournisseur) :<\/span> Non communiqu\u00e9e\t\t\t\t\t<\/li>\n<li class=\"product-features__item-list__item\" role=\"listitem\"><span class=\"is--medium\">R\u00e9f\u00e9rence constructeur :<\/span> Core P3 TG blanc Bo\u00eetier sans alim ATX\t\t\t\t\t<\/li>\n<li class=\"product-features__item-list__item\" role=\"listitem\"><span class=\"is--medium\">Marque :<\/span> THERMALTAKE\t\t\t\t\t<\/li>\n<\/ul>\n<\/li>\n<\/ul>\n<\/div>\n<div class=\"product__disclosure-content\">\n<div class=\"js-read-more product-description__content\" data-read-more-name=\"description\" style=\"max-height: 500px; overflow: hidden;\">\n<p>Boitier PC\u00a0\u00bbOuvert\u00a0\u00bb &#8211; Pour carte mere ATX\/Micro ATX\/Mini ITX &#8211; USB3.0-2.0\/HD Audio\/Mic &#8211; Verre Tremp\u00e9 &#8211;  Couleur Blanc<\/p>\n<\/div>\n<\/div>","protected":false},"excerpt":{"rendered":"<div class=\"keypoints\">\n<h3 class=\"keypoints__title\">Les points cl\u00e9s<\/h3>\n<ul role=\"list\">\n<li class=\"keypoints__item\" role=\"listitem\">                                        Type de boitier : Moyenne tour                      <\/li>\n<li class=\"keypoints__item\" role=\"listitem\">                          Hauteur produit (cm) : 19 &#8211;                                        Largeur produit (cm) : 55 &#8211;                                                      Profondeur produit (cm) : 55.2                      <\/li>\n<\/ul>","protected":false},"featured_media":93777,"template":"","meta":{"_glsr_average":0,"_glsr_ranking":0,"_glsr_reviews":0},"product_cat":[556],"product_tag":[557,548,521],"class_list":{"0":"post-93778","1":"product","2":"type-product","3":"status-publish","4":"has-post-thumbnail","6":"product_cat-boitier-pc","7":"product_tag-boitier-pc","8":"product_tag-composant-pc","9":"product_tag-informatique-tablette","11":"first","12":"instock","13":"sale","14":"shipping-taxable","15":"purchasable","16":"product-type-simple"},"_links":{"self":[{"href":"https:\/\/electromenagerexpress.com\/en\/wp-json\/wp\/v2\/product\/93778","targetHints":{"allow":["GET"]}}],"collection":[{"href":"https:\/\/electromenagerexpress.com\/en\/wp-json\/wp\/v2\/product"}],"about":[{"href":"https:\/\/electromenagerexpress.com\/en\/wp-json\/wp\/v2\/types\/product"}],"wp:featuredmedia":[{"embeddable":true,"href":"https:\/\/electromenagerexpress.com\/en\/wp-json\/wp\/v2\/media\/93777"}],"wp:attachment":[{"href":"https:\/\/electromenagerexpress.com\/en\/wp-json\/wp\/v2\/media?parent=93778"}],"wp:term":[{"taxonomy":"product_cat","embeddable":true,"href":"https:\/\/electromenagerexpress.com\/en\/wp-json\/wp\/v2\/product_cat?post=93778"},{"taxonomy":"product_tag","embeddable":true,"href":"https:\/\/electromenagerexpress.com\/en\/wp-json\/wp\/v2\/product_tag?post=93778"}],"curies":[{"name":"wp","href":"https:\/\/api.w.org\/{rel}","templated":true}]}}