{"id":93683,"date":"2024-11-24T18:43:11","date_gmt":"2024-11-24T18:43:11","guid":{"rendered":"https:\/\/electromenagerexpress.com\/product\/carte-son-externemotumottravelermk3\/"},"modified":"2024-11-24T18:43:14","modified_gmt":"2024-11-24T18:43:14","slug":"carte-son-externemotumottravelermk3","status":"publish","type":"product","link":"https:\/\/electromenagerexpress.com\/en\/product\/carte-son-externemotumottravelermk3\/","title":{"rendered":"Carte Son Externe\t\t\t\t\t\t\tMOTU\t\t\t\tMOTTRAVELERMK3"},"content":{"rendered":"<div class=\"product-features__content\">\n<ul role=\"list\">\n<li class=\"product-features__item\" role=\"listitem\">\n<h3 class=\"product-features__label\">Caract\u00e9ristiques g\u00e9n\u00e9rales<\/h3>\n<ul role=\"list\">\n<li class=\"product-features__item-list__item\" role=\"listitem\"><span class=\"is--medium\">Utilisation :<\/span> Externe\t\t\t\t\t<\/li>\n<li class=\"product-features__item-list__item\" role=\"listitem\"><span class=\"is--medium\">Type :<\/span> Carte son\t\t\t\t\t<\/li>\n<li class=\"product-features__item-list__item\" role=\"listitem\"><span class=\"is--medium\">Interface :<\/span> USB\t\t\t\t\t<\/li>\n<li class=\"product-features__item-list__item\" role=\"listitem\"><span class=\"is--medium\">Son :<\/span> St\u00e9r\u00e9o\t\t\t\t\t<\/li>\n<li class=\"product-features__item-list__item\" role=\"listitem\"><span class=\"is--medium\">Qualit\u00e9 :<\/span> 24 Bits\t\t\t\t\t<\/li>\n<li class=\"product-features__item-list__item\" role=\"listitem\"><span class=\"is--medium\">Fr\u00e9quence d&rsquo;\u00e9chantillonnage :<\/span> 192 KHz\t\t\t\t\t<\/li>\n<\/ul>\n<\/li>\n<li class=\"product-features__item\" role=\"listitem\">\n<h3 class=\"product-features__label\">Sp\u00e9cificit\u00e9s<\/h3>\n<ul role=\"list\">\n<li class=\"product-features__item-list__item\" role=\"listitem\"><span class=\"is--medium\">D\u00e9tail :<\/span> R\u00e9glage du volume\t\t\t\t\t<\/li>\n<\/ul>\n<\/li>\n<li class=\"product-features__item\" role=\"listitem\">\n<h3 class=\"product-features__label\">Connecteurs externes<\/h3>\n<ul role=\"list\">\n<li class=\"product-features__item-list__item\" role=\"listitem\"><span class=\"is--medium\">D\u00e9tail :<\/span> Sortie ligne (line out)(8), Entr\u00e9e ligne (line in)(4), Entr\u00e9e microphone(4)\t\t\t\t\t<\/li>\n<\/ul>\n<\/li>\n<li class=\"product-features__item\" role=\"listitem\">\n<h3 class=\"product-features__label\">Sorties analogiques<\/h3>\n<ul role=\"list\">\n<li class=\"product-features__item-list__item\" role=\"listitem\"><span class=\"is--medium\">Mini-jack 3,5 mm pour casque :<\/span> 1\t\t\t\t\t<\/li>\n<\/ul>\n<\/li>\n<li class=\"product-features__item\" role=\"listitem\">\n<h3 class=\"product-features__label\">Connecteur optiques<\/h3>\n<ul role=\"list\">\n<li class=\"product-features__item-list__item\" role=\"listitem\"><span class=\"is--medium\">Sortie TOSLINK :<\/span> 1\t\t\t\t\t<\/li>\n<li class=\"product-features__item-list__item\" role=\"listitem\"><span class=\"is--medium\">Entr\u00e9e TOSLINK :<\/span> 1\t\t\t\t\t<\/li>\n<\/ul>\n<\/li>\n<li class=\"product-features__item\" role=\"listitem\">\n<h3 class=\"product-features__label\">Connectiques d&rsquo;entr\u00e9e<\/h3>\n<ul role=\"list\">\n<li class=\"product-features__item-list__item\" role=\"listitem\"><span class=\"is--medium\">D\u00e9tail :<\/span> S\/PDIF coaxial, AES\/EBU, ADAT\t\t\t\t\t<\/li>\n<\/ul>\n<\/li>\n<li class=\"product-features__item\" role=\"listitem\">\n<h3 class=\"product-features__label\">Logiciels fournis<\/h3>\n<ul role=\"list\">\n<li class=\"product-features__item-list__item\" role=\"listitem\"><span class=\"is--medium\">inclus :<\/span> Oui\t\t\t\t\t<\/li>\n<\/ul>\n<\/li>\n<li class=\"product-features__item\" role=\"listitem\">\n<h3 class=\"product-features__label\">Informations compl\u00e9mentaires<\/h3>\n<ul role=\"list\">\n<li class=\"product-features__item-list__item\" role=\"listitem\"><span class=\"is--medium\">Fabriqu\u00e9 en :<\/span> Etats-Unis\t\t\t\t\t<\/li>\n<li class=\"product-features__item-list__item\" role=\"listitem\"><span class=\"is--medium\">Disponibilit\u00e9 des pi\u00e8ces d\u00e9tach\u00e9es (donn\u00e9es fournisseur) :<\/span> Non communiqu\u00e9e\t\t\t\t\t<\/li>\n<\/ul>\n<\/li>\n<\/ul>\n<\/div>\n<div class=\"product__disclosure-content\">\n<div class=\"js-read-more product-description__content\" data-read-more-name=\"description\" style=\"max-height: 500px; overflow: hidden;\">\n<p>[Connectivit\u00e9 FireWire Haut D\u00e9bit]: La Traveler mk3 utilise une interface FireWire pour garantir une latence ultra-faible et un transfert de donn\u00e9es efficace, parfait pour les applications audio professionnelles.<br \/>[8 Canaux d&rsquo;Entr\u00e9e et Sortie]: Avec ses 8 canaux d&rsquo;entr\u00e9e et de sortie, cette interface est id\u00e9alement configur\u00e9e pour g\u00e9rer des projets d&rsquo;enregistrement multicanaux ou des installations de sonorisation complexes.<br \/>[Conversion Audio 24 bits\/192 kHz]: Gr\u00e2ce \u00e0 sa conversion A\/D D\/A de haute qualit\u00e9, la Traveler mk3 offre une r\u00e9solution sonore impressionnante, rendant chaque d\u00e9tail de votre audio vivant et cristallin.<br \/>[DSP CueMix pour Flexibilit\u00e9 de Mixage]: Le moteur DSP CueMix int\u00e9gr\u00e9 permet de cr\u00e9er des mixages auxiliaires personnalis\u00e9s pour chaque sortie, avec la possibilit\u00e9 d&rsquo;appliquer des effets en temps r\u00e9el.<br \/>[Fonctionnement Autonome Polyvalent]: Unique en son genre, la Traveler mk3 peut fonctionner de mani\u00e8re autonome sans \u00eatre connect\u00e9e \u00e0 un ordinateur, servant ainsi de mixeur num\u00e9rique ou d&rsquo;interface de pr\u00e9amplification.<\/p>\n<\/div>\n<\/div>","protected":false},"excerpt":{"rendered":"<div class=\"keypoints\">\n<h3 class=\"keypoints__title\">Les points cl\u00e9s<\/h3>\n<ul role=\"list\">\n<li class=\"keypoints__item\" role=\"listitem\">                                        Interface : USB                      <\/li>\n<li class=\"keypoints__item\" role=\"listitem\">                                        Qualit\u00e9 : 24 Bits                      <\/li>\n<li class=\"keypoints__item\" role=\"listitem\">                                        Fr\u00e9quence d&rsquo;\u00e9chantillonnage : 192 KHz                      <\/li>\n<\/ul>","protected":false},"featured_media":93682,"template":"","meta":{"_glsr_average":0,"_glsr_ranking":0,"_glsr_reviews":0},"product_cat":[558],"product_tag":[559,548,521],"class_list":{"0":"post-93683","1":"product","2":"type-product","3":"status-publish","4":"has-post-thumbnail","6":"product_cat-carte-son","7":"product_tag-carte-son","8":"product_tag-composant-pc","9":"product_tag-informatique-tablette","11":"first","12":"instock","13":"sale","14":"shipping-taxable","15":"purchasable","16":"product-type-simple"},"_links":{"self":[{"href":"https:\/\/electromenagerexpress.com\/en\/wp-json\/wp\/v2\/product\/93683","targetHints":{"allow":["GET"]}}],"collection":[{"href":"https:\/\/electromenagerexpress.com\/en\/wp-json\/wp\/v2\/product"}],"about":[{"href":"https:\/\/electromenagerexpress.com\/en\/wp-json\/wp\/v2\/types\/product"}],"wp:featuredmedia":[{"embeddable":true,"href":"https:\/\/electromenagerexpress.com\/en\/wp-json\/wp\/v2\/media\/93682"}],"wp:attachment":[{"href":"https:\/\/electromenagerexpress.com\/en\/wp-json\/wp\/v2\/media?parent=93683"}],"wp:term":[{"taxonomy":"product_cat","embeddable":true,"href":"https:\/\/electromenagerexpress.com\/en\/wp-json\/wp\/v2\/product_cat?post=93683"},{"taxonomy":"product_tag","embeddable":true,"href":"https:\/\/electromenagerexpress.com\/en\/wp-json\/wp\/v2\/product_tag?post=93683"}],"curies":[{"name":"wp","href":"https:\/\/api.w.org\/{rel}","templated":true}]}}