{"id":93508,"date":"2024-11-24T18:39:59","date_gmt":"2024-11-24T18:39:59","guid":{"rendered":"https:\/\/electromenagerexpress.com\/product\/processeur-cpuamdryzen-5-7600\/"},"modified":"2024-11-24T18:39:59","modified_gmt":"2024-11-24T18:39:59","slug":"processeur-cpuamdryzen-5-7600","status":"publish","type":"product","link":"https:\/\/electromenagerexpress.com\/en\/product\/processeur-cpuamdryzen-5-7600\/","title":{"rendered":"Processeur CPU\t\t\t\t\t\t\tAMD\t\t\t\tRyzen 5 7600"},"content":{"rendered":"<div class=\"product-features__content\">\n<ul role=\"list\">\n<li class=\"product-features__item\" role=\"listitem\">\n<h3 class=\"product-features__label\">Caract\u00e9ristiques g\u00e9n\u00e9rales<\/h3>\n<ul role=\"list\">\n<li class=\"product-features__item-list__item\" role=\"listitem\"><span class=\"is--medium\">Cat\u00e9gorie :<\/span> Processeur (CPU)\t\t\t\t\t<\/li>\n<li class=\"product-features__item-list__item\" role=\"listitem\"><span class=\"is--medium\">Marque :<\/span> AMD\t\t\t\t\t<\/li>\n<li class=\"product-features__item-list__item\" role=\"listitem\"><span class=\"is--medium\">Mod\u00e8le :<\/span> Ryzen 5 7600\t\t\t\t\t<\/li>\n<li class=\"product-features__item-list__item\" role=\"listitem\"><span class=\"is--medium\">G\u00e9n\u00e9ration :<\/span> AMD Ryzen 5 7\u00e8me g\u00e9n\u00e9ration\t\t\t\t\t<\/li>\n<li class=\"product-features__item-list__item\" role=\"listitem\"><span class=\"is--medium\">Mod\u00e8le du processeur :<\/span> Ryzen 5 7600\t\t\t\t\t<\/li>\n<li class=\"product-features__item-list__item\" role=\"listitem\"><span class=\"is--medium\">Nombre de coeurs :<\/span> 6 x\t\t\t\t\t<\/li>\n<li class=\"product-features__item-list__item\" role=\"listitem\"><span class=\"is--medium\">Nombre de threads :<\/span> 12 x\t\t\t\t\t<\/li>\n<li class=\"product-features__item-list__item\" role=\"listitem\"><span class=\"is--medium\">Cache de niveau 2 :<\/span> 6 Mo\t\t\t\t\t<\/li>\n<li class=\"product-features__item-list__item\" role=\"listitem\"><span class=\"is--medium\">Cache de niveau 3 :<\/span> 32 Mo\t\t\t\t\t<\/li>\n<li class=\"product-features__item-list__item\" role=\"listitem\"><span class=\"is--medium\">Fr\u00e9quence du processeur (GHz) :<\/span> 3.8\t\t\t\t\t<\/li>\n<li class=\"product-features__item-list__item\" role=\"listitem\"><span class=\"is--medium\">Fr\u00e9quence Turboboost (GHz) :<\/span> 5.1\t\t\t\t\t<\/li>\n<li class=\"product-features__item-list__item\" role=\"listitem\"><span class=\"is--medium\">Socket :<\/span> AMD AM5\t\t\t\t\t<\/li>\n<\/ul>\n<\/li>\n<li class=\"product-features__item\" role=\"listitem\">\n<h3 class=\"product-features__label\">Informations compl\u00e9mentaires<\/h3>\n<ul role=\"list\">\n<li class=\"product-features__item-list__item\" role=\"listitem\"><span class=\"is--medium\">Fabriqu\u00e9 en :<\/span> Etats-Unis\t\t\t\t\t<\/li>\n<li class=\"product-features__item-list__item\" role=\"listitem\"><span class=\"is--medium\">Disponibilit\u00e9 des pi\u00e8ces d\u00e9tach\u00e9es (donn\u00e9es fournisseur) :<\/span> Non communiqu\u00e9e\t\t\t\t\t<\/li>\n<li class=\"product-features__item-list__item\" role=\"listitem\"><span class=\"is--medium\">R\u00e9f\u00e9rence constructeur :<\/span> Ryzen 5 7600\t\t\t\t\t<\/li>\n<li class=\"product-features__item-list__item\" role=\"listitem\"><span class=\"is--medium\">Marque :<\/span> AMD\t\t\t\t\t<\/li>\n<\/ul>\n<\/li>\n<\/ul>\n<\/div>\n<div class=\"product__disclosure-content\">\n<div class=\"js-read-more product-description__content\" data-read-more-name=\"description\" style=\"max-height: 500px; overflow: hidden;\">\n<p>Ryzen 5 7600 &#8211; 5.3GHz\/38Mo\/AM5\/BOX<\/p>\n<\/div>\n<\/div>","protected":false},"excerpt":{"rendered":"<div class=\"keypoints\">\n<h3 class=\"keypoints__title\">Les points cl\u00e9s<\/h3>\n<ul role=\"list\">\n<li class=\"keypoints__item\" role=\"listitem\">                                        Mod\u00e8le du processeur : Ryzen 5 7600                      <\/li>\n<li class=\"keypoints__item\" role=\"listitem\">                                        Nombre de coeurs : 6 x                      <\/li>\n<li class=\"keypoints__item\" role=\"listitem\">                                        Fr\u00e9quence du processeur (GHz) : 3.8                      <\/li>\n<li class=\"keypoints__item\" role=\"listitem\">                                        Fr\u00e9quence Turboboost (GHz) : 5.1                      <\/li>\n<\/ul>","protected":false},"featured_media":93507,"template":"","meta":{"_glsr_average":0,"_glsr_ranking":0,"_glsr_reviews":0},"product_cat":[554],"product_tag":[548,521,555],"class_list":{"0":"post-93508","1":"product","2":"type-product","3":"status-publish","4":"has-post-thumbnail","6":"product_cat-processeur","7":"product_tag-composant-pc","8":"product_tag-informatique-tablette","9":"product_tag-processeur","11":"first","12":"instock","13":"sale","14":"shipping-taxable","15":"purchasable","16":"product-type-simple"},"_links":{"self":[{"href":"https:\/\/electromenagerexpress.com\/en\/wp-json\/wp\/v2\/product\/93508","targetHints":{"allow":["GET"]}}],"collection":[{"href":"https:\/\/electromenagerexpress.com\/en\/wp-json\/wp\/v2\/product"}],"about":[{"href":"https:\/\/electromenagerexpress.com\/en\/wp-json\/wp\/v2\/types\/product"}],"wp:featuredmedia":[{"embeddable":true,"href":"https:\/\/electromenagerexpress.com\/en\/wp-json\/wp\/v2\/media\/93507"}],"wp:attachment":[{"href":"https:\/\/electromenagerexpress.com\/en\/wp-json\/wp\/v2\/media?parent=93508"}],"wp:term":[{"taxonomy":"product_cat","embeddable":true,"href":"https:\/\/electromenagerexpress.com\/en\/wp-json\/wp\/v2\/product_cat?post=93508"},{"taxonomy":"product_tag","embeddable":true,"href":"https:\/\/electromenagerexpress.com\/en\/wp-json\/wp\/v2\/product_tag?post=93508"}],"curies":[{"name":"wp","href":"https:\/\/api.w.org\/{rel}","templated":true}]}}