{"id":93492,"date":"2024-11-24T18:39:42","date_gmt":"2024-11-24T18:39:42","guid":{"rendered":"https:\/\/electromenagerexpress.com\/product\/carte-son-externemotumotm4\/"},"modified":"2024-11-24T18:39:48","modified_gmt":"2024-11-24T18:39:48","slug":"carte-son-externemotumotm4","status":"publish","type":"product","link":"https:\/\/electromenagerexpress.com\/en\/product\/carte-son-externemotumotm4\/","title":{"rendered":"Carte Son Externe\t\t\t\t\t\t\tMOTU\t\t\t\tMOTM4"},"content":{"rendered":"<div class=\"product-features__content\">\n<ul role=\"list\">\n<li class=\"product-features__item\" role=\"listitem\">\n<h3 class=\"product-features__label\">Caract\u00e9ristiques g\u00e9n\u00e9rales<\/h3>\n<ul role=\"list\">\n<li class=\"product-features__item-list__item\" role=\"listitem\"><span class=\"is--medium\">Utilisation :<\/span> Externe\t\t\t\t\t<\/li>\n<li class=\"product-features__item-list__item\" role=\"listitem\"><span class=\"is--medium\">Type :<\/span> Carte son\t\t\t\t\t<\/li>\n<li class=\"product-features__item-list__item\" role=\"listitem\"><span class=\"is--medium\">Interface :<\/span> USB\t\t\t\t\t<\/li>\n<li class=\"product-features__item-list__item\" role=\"listitem\"><span class=\"is--medium\">Son :<\/span> St\u00e9r\u00e9o\t\t\t\t\t<\/li>\n<li class=\"product-features__item-list__item\" role=\"listitem\"><span class=\"is--medium\">Qualit\u00e9 :<\/span> 24 Bits\t\t\t\t\t<\/li>\n<li class=\"product-features__item-list__item\" role=\"listitem\"><span class=\"is--medium\">Fr\u00e9quence d&rsquo;\u00e9chantillonnage :<\/span> 192 KHz\t\t\t\t\t<\/li>\n<\/ul>\n<\/li>\n<li class=\"product-features__item\" role=\"listitem\">\n<h3 class=\"product-features__label\">Connecteurs externes<\/h3>\n<ul role=\"list\">\n<li class=\"product-features__item-list__item\" role=\"listitem\"><span class=\"is--medium\">D\u00e9tail :<\/span> Sortie ligne (line out)(4), Entr\u00e9e ligne (line in)(4), Entr\u00e9e microphone(2)\t\t\t\t\t<\/li>\n<\/ul>\n<\/li>\n<li class=\"product-features__item\" role=\"listitem\">\n<h3 class=\"product-features__label\">Logiciels fournis<\/h3>\n<ul role=\"list\">\n<li class=\"product-features__item-list__item\" role=\"listitem\"><span class=\"is--medium\">inclus :<\/span> Oui\t\t\t\t\t<\/li>\n<\/ul>\n<\/li>\n<li class=\"product-features__item\" role=\"listitem\">\n<h3 class=\"product-features__label\">Informations compl\u00e9mentaires<\/h3>\n<ul role=\"list\">\n<li class=\"product-features__item-list__item\" role=\"listitem\"><span class=\"is--medium\">Fabriqu\u00e9 en :<\/span> Etats-Unis\t\t\t\t\t<\/li>\n<li class=\"product-features__item-list__item\" role=\"listitem\"><span class=\"is--medium\">Disponibilit\u00e9 des pi\u00e8ces d\u00e9tach\u00e9es (donn\u00e9es fournisseur) :<\/span> Non communiqu\u00e9e\t\t\t\t\t<\/li>\n<\/ul>\n<\/li>\n<\/ul>\n<\/div>\n<div class=\"product__disclosure-content\">\n<div class=\"js-read-more product-description__content\" data-read-more-name=\"description\" style=\"max-height: 500px; overflow: hidden;\">\n<p>[4 Entr\u00e9es \/ 4 Sorties]: \u00c9quip\u00e9 de 4 entr\u00e9es et 4 sorties, le MOTU M4 est id\u00e9alement con\u00e7u pour les configurations de studio et live n\u00e9cessitant une flexibilit\u00e9 maximale. Qu&rsquo;il s&rsquo;agisse d&rsquo;enregistrements multipistes ou de routage audio en temps r\u00e9el, cette interface se plie \u00e0 toutes vos exigences.<br \/>[Auto-Aliment\u00e9e et Autonome]: Le M4 se distingue par sa capacit\u00e9 \u00e0 \u00eatre auto-aliment\u00e9, \u00e9liminant ainsi le besoin d&rsquo;une source d&rsquo;alimentation externe. Cette fonction autonome rend l&rsquo;interface particuli\u00e8rement adapt\u00e9e pour les enregistrements en ext\u00e9rieur, les performances live et les situations o\u00f9 la mobilit\u00e9 est cruciale.<br \/>[Latence Ultra-Faible]: Avec une latence remarquablement basse, le M4 est optimis\u00e9 pour le monitoring en temps r\u00e9el et les enregistrements de haute pr\u00e9cision. Cette faible latence garantit une synchronisation impeccable entre l&rsquo;audio et les autres \u00e9l\u00e9ments de votre projet, qu&rsquo;il s&rsquo;agisse de vid\u00e9o ou de MIDI.<br \/>[Connectivit\u00e9 USB-C]: La pr\u00e9sence d&rsquo;un port USB-C assure une connectivit\u00e9 moderne et rapide. Compatible avec une vari\u00e9t\u00e9 de plateformes et de syst\u00e8mes d&rsquo;exploitation, cette interface est un choix polyvalent pour les studios modernes et les configurations live.<br \/>[Conception Robuste]: Con\u00e7u pour r\u00e9sister aux rigueurs de l&rsquo;utilisation quotidienne, le M4 b\u00e9n\u00e9ficie d&rsquo;une construction solide et durable. Son bo\u00eetier m\u00e9tallique robuste prot\u00e8ge les composants internes, offrant une fiabilit\u00e9 et une long\u00e9vit\u00e9 exceptionnelles.<\/p>\n<\/div>\n<\/div>","protected":false},"excerpt":{"rendered":"<div class=\"keypoints\">\n<h3 class=\"keypoints__title\">Les points cl\u00e9s<\/h3>\n<ul role=\"list\">\n<li class=\"keypoints__item\" role=\"listitem\">                                        Interface : USB                      <\/li>\n<li class=\"keypoints__item\" role=\"listitem\">                                        Qualit\u00e9 : 24 Bits                      <\/li>\n<li class=\"keypoints__item\" role=\"listitem\">                                        Fr\u00e9quence d&rsquo;\u00e9chantillonnage : 192 KHz                      <\/li>\n<\/ul>","protected":false},"featured_media":93491,"template":"","meta":{"_glsr_average":0,"_glsr_ranking":0,"_glsr_reviews":0},"product_cat":[558],"product_tag":[559,548,521],"class_list":{"0":"post-93492","1":"product","2":"type-product","3":"status-publish","4":"has-post-thumbnail","6":"product_cat-carte-son","7":"product_tag-carte-son","8":"product_tag-composant-pc","9":"product_tag-informatique-tablette","11":"first","12":"instock","13":"sale","14":"shipping-taxable","15":"purchasable","16":"product-type-simple"},"_links":{"self":[{"href":"https:\/\/electromenagerexpress.com\/en\/wp-json\/wp\/v2\/product\/93492","targetHints":{"allow":["GET"]}}],"collection":[{"href":"https:\/\/electromenagerexpress.com\/en\/wp-json\/wp\/v2\/product"}],"about":[{"href":"https:\/\/electromenagerexpress.com\/en\/wp-json\/wp\/v2\/types\/product"}],"wp:featuredmedia":[{"embeddable":true,"href":"https:\/\/electromenagerexpress.com\/en\/wp-json\/wp\/v2\/media\/93491"}],"wp:attachment":[{"href":"https:\/\/electromenagerexpress.com\/en\/wp-json\/wp\/v2\/media?parent=93492"}],"wp:term":[{"taxonomy":"product_cat","embeddable":true,"href":"https:\/\/electromenagerexpress.com\/en\/wp-json\/wp\/v2\/product_cat?post=93492"},{"taxonomy":"product_tag","embeddable":true,"href":"https:\/\/electromenagerexpress.com\/en\/wp-json\/wp\/v2\/product_tag?post=93492"}],"curies":[{"name":"wp","href":"https:\/\/api.w.org\/{rel}","templated":true}]}}