{"id":93371,"date":"2024-11-24T18:37:22","date_gmt":"2024-11-24T18:37:22","guid":{"rendered":"https:\/\/electromenagerexpress.com\/product\/kit-manucuremonstershop210359\/"},"modified":"2024-11-24T18:37:26","modified_gmt":"2024-11-24T18:37:26","slug":"kit-manucuremonstershop210359","status":"publish","type":"product","link":"https:\/\/electromenagerexpress.com\/en\/product\/kit-manucuremonstershop210359\/","title":{"rendered":"Kit manucure\t\t\t\t\t\t\tMONSTERSHOP\t\t\t\t210359"},"content":{"rendered":"<div class=\"product-features__content\">\n<ul role=\"list\">\n<li class=\"product-features__item\" role=\"listitem\">\n<h3 class=\"product-features__label\">Caract\u00e9ristique<\/h3>\n<ul role=\"list\">\n<li class=\"product-features__item-list__item\" role=\"listitem\"><span class=\"is--medium\">Type de produit :<\/span> Set Manucure P\u00e9dicure\t\t\t\t\t<\/li>\n<li class=\"product-features__item-list__item\" role=\"listitem\"><span class=\"is--medium\">Puissance :<\/span> 6 W\t\t\t\t\t<\/li>\n<li class=\"product-features__item-list__item\" role=\"listitem\"><span class=\"is--medium\">Alimentation :<\/span> Secteur\t\t\t\t\t<\/li>\n<li class=\"product-features__item-list__item\" role=\"listitem\"><span class=\"is--medium\">Zone d&rsquo;application :<\/span> Mains\t\t\t\t\t<\/li>\n<li class=\"product-features__item-list__item\" role=\"listitem\"><span class=\"is--medium\">Vitesses variable :<\/span> Non\t\t\t\t\t<\/li>\n<\/ul>\n<\/li>\n<li class=\"product-features__item\" role=\"listitem\">\n<h3 class=\"product-features__label\">Informations compl\u00e9mentaires<\/h3>\n<ul role=\"list\">\n<li class=\"product-features__item-list__item\" role=\"listitem\"><span class=\"is--medium\">Fabriqu\u00e9 en :<\/span> Chine\t\t\t\t\t<\/li>\n<li class=\"product-features__item-list__item\" role=\"listitem\"><span class=\"is--medium\">Disponibilit\u00e9 des pi\u00e8ces d\u00e9tach\u00e9es (donn\u00e9es fournisseur) :<\/span> Non communiqu\u00e9e\t\t\t\t\t<\/li>\n<li class=\"product-features__item-list__item\" role=\"listitem\"><span class=\"is--medium\">R\u00e9f\u00e9rence constructeur :<\/span> 210359\t\t\t\t\t<\/li>\n<li class=\"product-features__item-list__item\" role=\"listitem\"><span class=\"is--medium\">Marque :<\/span> MONSTERSHOP\t\t\t\t\t<\/li>\n<\/ul>\n<\/li>\n<\/ul>\n<\/div>\n<div class=\"product__disclosure-content\">\n<div class=\"js-read-more product-description__content read-more read-more--truncated\" data-read-more-name=\"description\" style=\"max-height: 500px; overflow: hidden;\">\n<p>Alliant fonctionnalit\u00e9 et \u00e9l\u00e9gance, cette station de manucure professionnelle est le compl\u00e9ment parfait \u00e0 votre salon de beaut\u00e9.<\/p>\n<p><\/p>\n<p>Avec ses dimensions de 120 cm x 45 cm, elle offre suffisamment d&rsquo;espace pour travailler confortablement. B\u00e9n\u00e9ficiant de trois tiroirs et d&rsquo;une armoire avec deux \u00e9tag\u00e8res internes, cette station de manucure peut garder tous vos produits, fournitures et \u00e9quipements pour les ongles cach\u00e9s et de fa\u00e7on organis\u00e9e, offrant un espace de rangement suffisant pour tout ce dont vous avez besoin. Les tiroirs sont disponibles en deux tailles et les \u00e9tag\u00e8res peuvent \u00eatre facilement retir\u00e9es, ce qui vous permet de personnaliser la table en fonction des besoins de votre salon.<\/p>\n<p><\/p>\n<p>Pour une exp\u00e9rience du client am\u00e9lior\u00e9e, la table comprend un coussin \u00e9pais et rembourr\u00e9 pour que vos clients reposent confortablement leurs mains pendant la dur\u00e9e du traitement. Un tapis en caoutchouc maintient le coussin bien en place mais permet \u00e9galement de le retirer sans marquer le bureau.<\/p>\n<p><\/p>\n<p>\u00c9quip\u00e9 d&rsquo;un puissant d\u00e9poussi\u00e9reur, l&rsquo;\u00e9vent descendant filtre l&rsquo;air en gardant les odeurs et la poussi\u00e8re au minimum &#8211; parfait pour les salons de manucure \u00e0 haut d\u00e9bit pour cr\u00e9er un environnement plus propre. Aliment\u00e9e \u00e9lectriquement, la machine peut facilement \u00eatre allum\u00e9e en cas de besoin gr\u00e2ce \u00e0 l&rsquo;interrupteur id\u00e9alement plac\u00e9.<\/p>\n<p><\/p>\n<p>Fabriqu\u00e9e \u00e0 partir de MDF \u00e9pais, la station est extr\u00eamement robuste pour supporter une utilisation intensive. Le rev\u00eatement en m\u00e9lamine blanche r\u00e9pond \u00e0 d&rsquo;excellentes normes d&rsquo;hygi\u00e8ne gr\u00e2ce \u00e0 sa nature facile \u00e0 nettoyer et est \u00e9galement extr\u00eamement r\u00e9sistant aux taches et \u00e0 l&rsquo;humidit\u00e9. Couvert sous tous les angles, l&rsquo;appareil est esth\u00e9tiquement agr\u00e9able pour les clients et les techniciens.<\/p>\n<p><\/p>\n<p>Des roulettes solides rendent cette table facile \u00e0 manoeuvrer. Que vous travailliez dans un salon professionnel ou \u00e0 domicile, cette table blanche pour technicienne de manucure est l&rsquo;indispensable \u00e0 votre salon. Les huit roues sont \u00e9galement \u00e9quip\u00e9es de freins pour aider \u00e0 maintenir le bureau en place o\u00f9 vous le souhaitez.<\/p>\n<p><\/p>\n<p>Donnez \u00e0 votre salon le rafra\u00eechissement qu&rsquo;il m\u00e9rite avec cette table de manucure optimisant l&rsquo;espace qui am\u00e9liorera votre \u00e9tablissement de beaut\u00e9 pour les ann\u00e9es \u00e0 venir gr\u00e2ce \u00e0 sa durabilit\u00e9 et son design \u00e9l\u00e9gant.<\/p>\n<p><\/p>\n<p><strong>Caract\u00e9ristiques du Produit:\u00a0<\/strong><\/p>\n<p><\/p>\n<ul><\/p>\n<li>MDF m\u00e9lamin\u00e9 de haute qualit\u00e9<\/li>\n<p><\/p>\n<li>Collecteur de poussi\u00e8re hygi\u00e9nique et int\u00e9gr\u00e9<\/li>\n<p><\/p>\n<li>Dessus de table spacieux, tiroirs et placard<\/li>\n<p><\/p>\n<li>Coussin rembourr\u00e9 amovible<\/li>\n<p><\/p>\n<li>Roulettes portables avec freins<\/li>\n<p><\/ul>\n<p><\/p>\n<h4>\u00a0<\/h4>\n<p><\/p>\n<h4>Caract\u00e9ristiques Techniques:<\/h4>\n<p><\/p>\n<ul><\/p>\n<li>Couleur : Blanc<\/li>\n<p><\/p>\n<li>Mat\u00e9riel : MDF m\u00e9lamin\u00e9<\/li>\n<p><\/p>\n<li>Hauteur\u00a0: 76\u00a0cm \/ 0,76\u00a0m<\/li>\n<p><\/p>\n<li>Largeur : 120cm \/ 1.2m<\/li>\n<p><\/p>\n<li>Profondeur\u00a0: 45\u00a0cm \/ 0,45\u00a0m<\/li>\n<p><\/p>\n<li>Poids\u00a0: 33,35\u00a0kg<\/li>\n<p><\/p>\n<li>Nombre de tiroirs : 3<\/li>\n<p><\/p>\n<li>Dimensions tiroir interne (Top 2) : 21,2 cm x 33,5 cm x 8,6 cm<\/li>\n<p><\/p>\n<li>Dimensions tiroir interne (bas 1) : 21,2 cm x 33,5 cm x 14,7 cm<\/li>\n<p><\/p>\n<li>Nombre d&rsquo;\u00e9tag\u00e8res : 2<\/li>\n<p><\/p>\n<li>Nombre de roues : 8<\/li>\n<p><\/p>\n<li>Taille du bac \u00e0 d\u00e9poussi\u00e9reur\u00a0: 30 cm x 14,8 cm<\/li>\n<p><\/p>\n<li>Puissance du d\u00e9poussi\u00e9reur\u00a0: 6\u00a0W<\/li>\n<p><\/p>\n<li>Tension du d\u00e9poussi\u00e9reur\u00a0: 220-240\u00a0V<\/li>\n<p><\/p>\n<li>Longueur du c\u00e2ble\u00a0: 1\u00a0m<\/li>\n<p><\/p>\n<li>Taille du coussin : 35 cm x 11 cm x 6,5 cm<\/li>\n<p><\/ul>\n<p><\/p>\n<p><strong>Contenu de la bo\u00eete :<\/strong><\/p>\n<p><\/p>\n<ul><\/p>\n<li>1 x table de manucure de haute qualit\u00e9<\/li>\n<p><\/p>\n<li>1 x d\u00e9poussi\u00e9reur hygi\u00e9nique<\/li>\n<p><\/p>\n<li>1 x manuel d&rsquo;instructions pratique<\/li>\n<p><\/ul>\n<p><\/p>\n<p>\u00a0<\/p>\n<\/p>\n<\/div>\n<p><bl-button a11yexpanded=\"false\" arialabel=\"Afficher toute la description\" class=\"read-more__btn\" full=\"false\" link=\"true\"><\/bl-button><\/div>","protected":false},"excerpt":{"rendered":"<div class=\"keypoints\">\n<h3 class=\"keypoints__title\">Les points cl\u00e9s<\/h3>\n<ul role=\"list\">\n<li class=\"keypoints__item\" role=\"listitem\">                                        Kit manucure                      <\/li>\n<li class=\"keypoints__item\" role=\"listitem\">                                        Id\u00e9ale pour une belle manucure                      <\/li>\n<li class=\"keypoints__item\" role=\"listitem\">                                        Fonctionne sur secteur                      <\/li>\n<\/ul>","protected":false},"featured_media":93370,"template":"","meta":{"_glsr_average":0,"_glsr_ranking":0,"_glsr_reviews":0},"product_cat":[544],"product_tag":[187,545,496],"class_list":{"0":"post-93371","1":"product","2":"type-product","3":"status-publish","4":"has-post-thumbnail","6":"product_cat-manucure-pedicure","7":"product_tag-beaute-sante","8":"product_tag-manucure-pedicure","9":"product_tag-soin-visage-corps","11":"first","12":"instock","13":"sale","14":"shipping-taxable","15":"purchasable","16":"product-type-simple"},"_links":{"self":[{"href":"https:\/\/electromenagerexpress.com\/en\/wp-json\/wp\/v2\/product\/93371","targetHints":{"allow":["GET"]}}],"collection":[{"href":"https:\/\/electromenagerexpress.com\/en\/wp-json\/wp\/v2\/product"}],"about":[{"href":"https:\/\/electromenagerexpress.com\/en\/wp-json\/wp\/v2\/types\/product"}],"wp:featuredmedia":[{"embeddable":true,"href":"https:\/\/electromenagerexpress.com\/en\/wp-json\/wp\/v2\/media\/93370"}],"wp:attachment":[{"href":"https:\/\/electromenagerexpress.com\/en\/wp-json\/wp\/v2\/media?parent=93371"}],"wp:term":[{"taxonomy":"product_cat","embeddable":true,"href":"https:\/\/electromenagerexpress.com\/en\/wp-json\/wp\/v2\/product_cat?post=93371"},{"taxonomy":"product_tag","embeddable":true,"href":"https:\/\/electromenagerexpress.com\/en\/wp-json\/wp\/v2\/product_tag?post=93371"}],"curies":[{"name":"wp","href":"https:\/\/api.w.org\/{rel}","templated":true}]}}