{"id":93353,"date":"2024-11-24T18:37:01","date_gmt":"2024-11-24T18:37:01","guid":{"rendered":"https:\/\/electromenagerexpress.com\/product\/appareil-anti-acneforeoespada-2-plus-pistachio\/"},"modified":"2024-11-24T18:37:06","modified_gmt":"2024-11-24T18:37:06","slug":"appareil-anti-acneforeoespada-2-plus-pistachio","status":"publish","type":"product","link":"https:\/\/electromenagerexpress.com\/en\/product\/appareil-anti-acneforeoespada-2-plus-pistachio\/","title":{"rendered":"Appareil anti acn\u00e9\t\t\t\t\t\t\tFOREO\t\t\t\tESPADA 2 PLUS Pistachio"},"content":{"rendered":"<div class=\"product-features__content\">\n<ul role=\"list\">\n<li class=\"product-features__item\" role=\"listitem\">\n<h3 class=\"product-features__label\">Caract\u00e9ristique g\u00e9n\u00e9rale<\/h3>\n<ul role=\"list\">\n<li class=\"product-features__item-list__item\" role=\"listitem\"><span class=\"is--medium\">Produit :<\/span> Appareil anti-acn\u00e9\t\t\t\t\t<\/li>\n<li class=\"product-features__item-list__item\" role=\"listitem\"><span class=\"is--medium\">Action :<\/span> \u00c9limine rapidement et en douceur les imperfections de l&rsquo;acn\u00e9.\t\t\t\t\t<\/li>\n<li class=\"product-features__item-list__item\" role=\"listitem\"><span class=\"is--medium\">Technologie :<\/span> Lumi\u00e8re bleue LED\t\t\t\t\t<\/li>\n<li class=\"product-features__item-list__item\" role=\"listitem\"><span class=\"is--medium\">Zone de traitement :<\/span> Visage par zone Cibl\u00e9e\t\t\t\t\t<\/li>\n<\/ul>\n<\/li>\n<li class=\"product-features__item\" role=\"listitem\">\n<h3 class=\"product-features__label\">Informations compl\u00e9mentaires<\/h3>\n<ul role=\"list\">\n<li class=\"product-features__item-list__item\" role=\"listitem\"><span class=\"is--medium\">Fabriqu\u00e9 en :<\/span> Chine\t\t\t\t\t<\/li>\n<\/ul>\n<\/li>\n<\/ul>\n<\/div>\n<div class=\"product__disclosure-content\">\n<div class=\"js-read-more product-description__content read-more read-more--truncated\" data-read-more-name=\"description\" style=\"max-height: 500px; overflow: hidden;\">\n<p>Appareil de luminoth\u00e9rapie LED \u00e0 guidage pr\u00e9cis qui concentre les soins visage sur les imperfections tenaces qui reviennent au m\u00eame endroit. \u00c9limine les \u00e9ruptions en cours et pr\u00e9vient les futures sans ass\u00e9cher.<\/p>\n<p>Les imperfections, probl\u00e8me cutan\u00e9 le plus r\u00e9pandu dans le monde, affectent la sant\u00e9 de la peau, l&rsquo;apparence et la confiance des adolescents et des adultes. ESPADA 2 plus a \u00e9t\u00e9 sp\u00e9cialement con\u00e7u pour \u00e9liminer les \u00e9ruptions r\u00e9currentes, qui r\u00e9apparaissent au m\u00eame endroit quoique vous fassiez. Gr\u00e2ce \u00e0 la double puissance de la luminoth\u00e9rapie LED et des pulsations T-Sonic brevet\u00e9es, ESPADA 2 plus a fait ses preuves pour traiter et gu\u00e9rir la peau plus rapidement et plus efficacement que jamais. Pr\u00e9cis, \u00e9l\u00e9gant et ultra-hygi\u00e9nique, approuv\u00e9 par la FDA, cet appareil en silicone est plus puissant que les autres appareils de soins pour le visage \u00e0 LED du march\u00e9, avec 173 mW\/cm\u00b2, pour une gestion non invasive des peaux \u00e0 imperfections. Il \u00e9limine les taches, les imperfections et l&rsquo;inflammation sans ass\u00e9cher, tout en r\u00e9gulant la production de s\u00e9bum et en minimisant les pores dilat\u00e9s pour pr\u00e9venir de nouvelles \u00e9ruptions cutan\u00e9es.<\/p>\n<p>Le guide lumineux pr\u00e9cis canalise une lumi\u00e8re LED puissante de 450 nm de longueur d&rsquo;onde qui p\u00e9n\u00e8tre suffisamment profond\u00e9ment dans la peau pour cibler les taches sous la source de lumi\u00e8re, soulager l&rsquo;inflammation actuelle et pr\u00e9venir la formation de nouvelles imperfections. Simultan\u00e9ment, les pulsations T-Sonic stimulent la microcirculation, facilitant le renouvellement de la peau pour gu\u00e9rir les imperfections et effacer les cicatrices laiss\u00e9es sur la peau par les imperfections pr\u00e9c\u00e9dentes, tout en am\u00e9liorant l&rsquo;absorption du traitement anti tache visage, comme par exemple le gel ESPADA BHA+PHA Blemish Solution.<\/p>\n<p>Ciblez, traitez, terminez en 30 secondes et profitez d&rsquo;une peau nette, en bonne sant\u00e9 et lisse pour longtemps.<\/p>\n<\/div>\n<p><bl-button a11yexpanded=\"false\" arialabel=\"Afficher toute la description\" class=\"read-more__btn\" full=\"false\" link=\"true\"><\/bl-button><\/div>","protected":false},"excerpt":{"rendered":"<div class=\"keypoints\">\n<h3 class=\"keypoints__title\">Les points cl\u00e9s<\/h3>\n<ul role=\"list\">\n<li class=\"keypoints__item\" role=\"listitem\">                                        Soin de la peau                      <\/li>\n<li class=\"keypoints__item\" role=\"listitem\">                                        Elimine les imperfections de la peau                      <\/li>\n<\/ul>","protected":false},"featured_media":93352,"template":"","meta":{"_glsr_average":0,"_glsr_ranking":0,"_glsr_reviews":0},"product_cat":[512],"product_tag":[513,187,496],"class_list":{"0":"post-93353","1":"product","2":"type-product","3":"status-publish","4":"has-post-thumbnail","6":"product_cat-appareil-soin-visage","7":"product_tag-appareil-soin-visage","8":"product_tag-beaute-sante","9":"product_tag-soin-visage-corps","11":"first","12":"instock","13":"sale","14":"shipping-taxable","15":"purchasable","16":"product-type-simple"},"_links":{"self":[{"href":"https:\/\/electromenagerexpress.com\/en\/wp-json\/wp\/v2\/product\/93353","targetHints":{"allow":["GET"]}}],"collection":[{"href":"https:\/\/electromenagerexpress.com\/en\/wp-json\/wp\/v2\/product"}],"about":[{"href":"https:\/\/electromenagerexpress.com\/en\/wp-json\/wp\/v2\/types\/product"}],"wp:featuredmedia":[{"embeddable":true,"href":"https:\/\/electromenagerexpress.com\/en\/wp-json\/wp\/v2\/media\/93352"}],"wp:attachment":[{"href":"https:\/\/electromenagerexpress.com\/en\/wp-json\/wp\/v2\/media?parent=93353"}],"wp:term":[{"taxonomy":"product_cat","embeddable":true,"href":"https:\/\/electromenagerexpress.com\/en\/wp-json\/wp\/v2\/product_cat?post=93353"},{"taxonomy":"product_tag","embeddable":true,"href":"https:\/\/electromenagerexpress.com\/en\/wp-json\/wp\/v2\/product_tag?post=93353"}],"curies":[{"name":"wp","href":"https:\/\/api.w.org\/{rel}","templated":true}]}}