{"id":93346,"date":"2024-11-24T18:36:54","date_gmt":"2024-11-24T18:36:54","guid":{"rendered":"https:\/\/electromenagerexpress.com\/product\/appareil-anti-ridesforeobear-2-go-lavander\/"},"modified":"2024-11-24T18:36:59","modified_gmt":"2024-11-24T18:36:59","slug":"appareil-anti-ridesforeobear-2-go-lavander","status":"publish","type":"product","link":"https:\/\/electromenagerexpress.com\/en\/product\/appareil-anti-ridesforeobear-2-go-lavander\/","title":{"rendered":"Appareil anti rides\t\t\t\t\t\t\tFOREO\t\t\t\tBEAR 2 Go Lavander"},"content":{"rendered":"<div class=\"product-features__content\">\n<ul role=\"list\">\n<li class=\"product-features__item\" role=\"listitem\">\n<h3 class=\"product-features__label\">Caract\u00e9ristique g\u00e9n\u00e9rale<\/h3>\n<ul role=\"list\">\n<li class=\"product-features__item-list__item\" role=\"listitem\"><span class=\"is--medium\">Produit :<\/span> Appareil anti-\u00e2ge\t\t\t\t\t<\/li>\n<li class=\"product-features__item-list__item\" role=\"listitem\"><span class=\"is--medium\">Action :<\/span> Traitement des rides et ridules\t\t\t\t\t<\/li>\n<li class=\"product-features__item-list__item\" role=\"listitem\"><span class=\"is--medium\">Technologie :<\/span> Hyper-infusion qui utilise les r\u00e9actions naturelles de la peau et les pulsations \u00ab\u00a0T-Sonic\u00a0\u00bb pour optimiser au maximum le soin.\t\t\t\t\t<\/li>\n<li class=\"product-features__item-list__item\" role=\"listitem\"><span class=\"is--medium\">Zone de traitement :<\/span> Visage, cou et contour des yeux\t\t\t\t\t<\/li>\n<\/ul>\n<\/li>\n<li class=\"product-features__item\" role=\"listitem\">\n<h3 class=\"product-features__label\">Informations compl\u00e9mentaires<\/h3>\n<ul role=\"list\">\n<li class=\"product-features__item-list__item\" role=\"listitem\"><span class=\"is--medium\">Fabriqu\u00e9 en :<\/span> Chine\t\t\t\t\t<\/li>\n<\/ul>\n<\/li>\n<\/ul>\n<\/div>\n<div class=\"product__disclosure-content\">\n<div class=\"js-read-more product-description__content\" data-read-more-name=\"description\" style=\"max-height: 500px; overflow: hidden;\">\n<p>L&rsquo;appareil micro courant visage sculptant de voyage lisse, raffermit et lifte en d\u00e9placement. Masseur visage tonifiant compact et l\u00e9ger, cliniquement prouv\u00e9 pour am\u00e9liorer les rides et la fermet\u00e9 en une semaine.<\/p>\n<p>LIFTING SU\u00c9DOIS EN D\u00c9PLACEMENT<br \/>Un mode de vie actif et tr\u00e9pidant et une adresse changeante ne sont pas des excuses pour abandonner votre routine de soins de peau. Sup\u00e9rieur \u00e0 tout rouleau de massage visage, BEAR 2 go est le parfait appareil compact de lifting par micro-courant, un compagnon de voyage et un appareil massage visage efficace contre les ridules, les poches et la perte d&rsquo;\u00e9lasticit\u00e9 naturelle. Profitez d&rsquo;une personnalisation radicale de l&rsquo;appareil avec 6 intensit\u00e9s de micro-courant et des traitements agr\u00e9ables de 2 minutes pour raffermir, lifter et modeler visiblement le visage, en am\u00e9liorant les ridules, la fermet\u00e9 et l&rsquo;\u00e9lasticit\u00e9 en seulement 1 semaine. <\/p>\n<p>Malgr\u00e9 son format pratique, l&rsquo;appareil anti-rides tonifiant pour le visage associe un puissant micro-courant \u00e0 des pulsations T-Sonic brevet\u00e9es pour am\u00e9liorer l&rsquo;absorption des produits, stimuler la microcirculation, fournir un massage de drainage lymphatique, apporter des nutriments aux cellules de la peau et \u00e9liminer les toxines pour une peau instantan\u00e9ment plus lumineuse, repulp\u00e9e, plus nourrie et plus souple. Appartenant \u00e0 la premi\u00e8re collection d&rsquo;appareils \u00e0 micro-courant au monde agr\u00e9\u00e9s par la FDA, les appareils de tonification pour le visage BEAR 2 go sont dot\u00e9s d&rsquo;un syst\u00e8me brevet\u00e9 Anti-Shock System 2.0, qui garantit un confort d&rsquo;utilisation optimal et l&rsquo;absence de chocs \u00e9lectriques ! Pour une s\u00e9curit\u00e9 maximale et des r\u00e9sultats am\u00e9lior\u00e9s, utilisez le s\u00e9rum FOREO SUPERCHARGED 2.0 &#8211; cliniquement prouv\u00e9 pour augmenter la production de collag\u00e8ne de type 1.<\/p>\n<\/div>\n<\/div>","protected":false},"excerpt":{"rendered":"<div class=\"keypoints\">\n<h3 class=\"keypoints__title\">Les points cl\u00e9s<\/h3>\n<ul role=\"list\">\n<li class=\"keypoints__item\" role=\"listitem\">                                        Luttez contre le vieillissement                      <\/li>\n<li class=\"keypoints__item\" role=\"listitem\">                                        Diminue les rides                      <\/li>\n<\/ul>","protected":false},"featured_media":93345,"template":"","meta":{"_glsr_average":0,"_glsr_ranking":0,"_glsr_reviews":0},"product_cat":[512],"product_tag":[513,187,496],"class_list":{"0":"post-93346","1":"product","2":"type-product","3":"status-publish","4":"has-post-thumbnail","6":"product_cat-appareil-soin-visage","7":"product_tag-appareil-soin-visage","8":"product_tag-beaute-sante","9":"product_tag-soin-visage-corps","11":"first","12":"instock","13":"sale","14":"shipping-taxable","15":"purchasable","16":"product-type-simple"},"_links":{"self":[{"href":"https:\/\/electromenagerexpress.com\/en\/wp-json\/wp\/v2\/product\/93346","targetHints":{"allow":["GET"]}}],"collection":[{"href":"https:\/\/electromenagerexpress.com\/en\/wp-json\/wp\/v2\/product"}],"about":[{"href":"https:\/\/electromenagerexpress.com\/en\/wp-json\/wp\/v2\/types\/product"}],"wp:featuredmedia":[{"embeddable":true,"href":"https:\/\/electromenagerexpress.com\/en\/wp-json\/wp\/v2\/media\/93345"}],"wp:attachment":[{"href":"https:\/\/electromenagerexpress.com\/en\/wp-json\/wp\/v2\/media?parent=93346"}],"wp:term":[{"taxonomy":"product_cat","embeddable":true,"href":"https:\/\/electromenagerexpress.com\/en\/wp-json\/wp\/v2\/product_cat?post=93346"},{"taxonomy":"product_tag","embeddable":true,"href":"https:\/\/electromenagerexpress.com\/en\/wp-json\/wp\/v2\/product_tag?post=93346"}],"curies":[{"name":"wp","href":"https:\/\/api.w.org\/{rel}","templated":true}]}}