{"id":93330,"date":"2024-11-24T18:36:36","date_gmt":"2024-11-24T18:36:36","guid":{"rendered":"https:\/\/electromenagerexpress.com\/product\/soin-visageforeoufo-2-fuchsia\/"},"modified":"2024-11-24T18:36:40","modified_gmt":"2024-11-24T18:36:40","slug":"soin-visageforeoufo-2-fuchsia","status":"publish","type":"product","link":"https:\/\/electromenagerexpress.com\/en\/product\/soin-visageforeoufo-2-fuchsia\/","title":{"rendered":"Soin visage\t\t\t\t\t\t\tFOREO\t\t\t\tUFO 2 Fuchsia"},"content":{"rendered":"<div class=\"product-features__content\">\n<ul role=\"list\">\n<li class=\"product-features__item\" role=\"listitem\">\n<h3 class=\"product-features__label\">Caract\u00e9ristique g\u00e9n\u00e9rale<\/h3>\n<ul role=\"list\">\n<li class=\"product-features__item-list__item\" role=\"listitem\"><span class=\"is--medium\">Produit :<\/span> Soin masque intelligent\t\t\t\t\t<\/li>\n<li class=\"product-features__item-list__item\" role=\"listitem\"><span class=\"is--medium\">Action :<\/span> Optimiser l&rsquo;action du masque visage\t\t\t\t\t<\/li>\n<li class=\"product-features__item-list__item\" role=\"listitem\"><span class=\"is--medium\">Technologie :<\/span> Technologie LED therapy : spectres bleus, rouges, jaunes et violets.\t\t\t\t\t<\/li>\n<li class=\"product-features__item-list__item\" role=\"listitem\"><span class=\"is--medium\">Zone de traitement :<\/span> Visage, cou et contour des yeux\t\t\t\t\t<\/li>\n<\/ul>\n<\/li>\n<li class=\"product-features__item\" role=\"listitem\">\n<h3 class=\"product-features__label\">Informations compl\u00e9mentaires<\/h3>\n<ul role=\"list\">\n<li class=\"product-features__item-list__item\" role=\"listitem\"><span class=\"is--medium\">Fabriqu\u00e9 en :<\/span> Chine\t\t\t\t\t<\/li>\n<\/ul>\n<\/li>\n<\/ul>\n<\/div>\n<div class=\"product__disclosure-content\">\n<div class=\"js-read-more product-description__content\" data-read-more-name=\"description\" style=\"max-height: 500px; overflow: hidden;\">\n<p>Un masque LED et appareil de massage du visage 2 min, thermoth\u00e9rapie, cryoth\u00e9rapie et pulsations T-Sonic 5x plus rapides. Choisissez parmi une vari\u00e9t\u00e9 de masques LED UFO et de masques tissu pour des soins du visage sup\u00e9rieur.<\/p>\n<\/div>\n<\/div>","protected":false},"excerpt":{"rendered":"<div class=\"keypoints\">\n<h3 class=\"keypoints__title\">Les points cl\u00e9s<\/h3>\n<ul role=\"list\">\n<li class=\"keypoints__item\" role=\"listitem\">                                        Soin masque intelligent                      <\/li>\n<li class=\"keypoints__item\" role=\"listitem\">                                        Optimiser l&rsquo;action du masque visage                      <\/li>\n<\/ul>","protected":false},"featured_media":93329,"template":"","meta":{"_glsr_average":0,"_glsr_ranking":0,"_glsr_reviews":0},"product_cat":[512],"product_tag":[513,187,496],"class_list":{"0":"post-93330","1":"product","2":"type-product","3":"status-publish","4":"has-post-thumbnail","6":"product_cat-appareil-soin-visage","7":"product_tag-appareil-soin-visage","8":"product_tag-beaute-sante","9":"product_tag-soin-visage-corps","11":"first","12":"instock","13":"sale","14":"shipping-taxable","15":"purchasable","16":"product-type-simple"},"_links":{"self":[{"href":"https:\/\/electromenagerexpress.com\/en\/wp-json\/wp\/v2\/product\/93330","targetHints":{"allow":["GET"]}}],"collection":[{"href":"https:\/\/electromenagerexpress.com\/en\/wp-json\/wp\/v2\/product"}],"about":[{"href":"https:\/\/electromenagerexpress.com\/en\/wp-json\/wp\/v2\/types\/product"}],"wp:featuredmedia":[{"embeddable":true,"href":"https:\/\/electromenagerexpress.com\/en\/wp-json\/wp\/v2\/media\/93329"}],"wp:attachment":[{"href":"https:\/\/electromenagerexpress.com\/en\/wp-json\/wp\/v2\/media?parent=93330"}],"wp:term":[{"taxonomy":"product_cat","embeddable":true,"href":"https:\/\/electromenagerexpress.com\/en\/wp-json\/wp\/v2\/product_cat?post=93330"},{"taxonomy":"product_tag","embeddable":true,"href":"https:\/\/electromenagerexpress.com\/en\/wp-json\/wp\/v2\/product_tag?post=93330"}],"curies":[{"name":"wp","href":"https:\/\/api.w.org\/{rel}","templated":true}]}}