{"id":93319,"date":"2024-11-24T18:36:24","date_gmt":"2024-11-24T18:36:24","guid":{"rendered":"https:\/\/electromenagerexpress.com\/product\/soin-visageforeoufo-3-arctic-blue\/"},"modified":"2024-11-24T18:36:28","modified_gmt":"2024-11-24T18:36:28","slug":"soin-visageforeoufo-3-arctic-blue","status":"publish","type":"product","link":"https:\/\/electromenagerexpress.com\/en\/product\/soin-visageforeoufo-3-arctic-blue\/","title":{"rendered":"Soin visage\t\t\t\t\t\t\tFOREO\t\t\t\tUFO 3 Arctic Blue"},"content":{"rendered":"<div class=\"product-features__content\">\n<ul role=\"list\">\n<li class=\"product-features__item\" role=\"listitem\">\n<h3 class=\"product-features__label\">Caract\u00e9ristique g\u00e9n\u00e9rale<\/h3>\n<ul role=\"list\">\n<li class=\"product-features__item-list__item\" role=\"listitem\"><span class=\"is--medium\">Produit :<\/span> Soin masque intelligent\t\t\t\t\t<\/li>\n<li class=\"product-features__item-list__item\" role=\"listitem\"><span class=\"is--medium\">Action :<\/span> Optimiser l&rsquo;action du masque visage\t\t\t\t\t<\/li>\n<li class=\"product-features__item-list__item\" role=\"listitem\"><span class=\"is--medium\">Technologie :<\/span> Technologie LED therapy : spectres bleus, rouges, jaunes et violets.\t\t\t\t\t<\/li>\n<li class=\"product-features__item-list__item\" role=\"listitem\"><span class=\"is--medium\">Zone de traitement :<\/span> Visage, cou et contour des yeux\t\t\t\t\t<\/li>\n<\/ul>\n<\/li>\n<li class=\"product-features__item\" role=\"listitem\">\n<h3 class=\"product-features__label\">Informations compl\u00e9mentaires<\/h3>\n<ul role=\"list\">\n<li class=\"product-features__item-list__item\" role=\"listitem\"><span class=\"is--medium\">Fabriqu\u00e9 en :<\/span> Chine\t\t\t\t\t<\/li>\n<\/ul>\n<\/li>\n<\/ul>\n<\/div>\n<div class=\"product__disclosure-content\">\n<div class=\"js-read-more product-description__content\" data-read-more-name=\"description\" style=\"max-height: 500px; overflow: hidden;\">\n<p>Un masque visage femme LED anti-\u00e2ge en 2 min pour infuser en chauffant, avec massage T-Sonic et luminoth\u00e9rapie LED \u00e0 spectre complet et NIR. 22 routines pr\u00e9programm\u00e9es de masques et masques-tissus dont 8 pr\u00e9r\u00e9gl\u00e9es.<\/p>\n<p>Masque hydratant visage \u00e0 LED crucial pour les peaux vieillissantes, UFO 3 est un appareil de massage visage \u00e0 LED 5 en 1 ax\u00e9 sur les principaux probl\u00e8mes de vieillissement de la peau, comme la perte d&rsquo;hydratation \u00e0 l&rsquo;origine de fissures, de craquelures, de rides, d&rsquo;imperfections, d&rsquo;un teint terne, d&rsquo;inflammations, de poches, de cernes et d&rsquo;une peau sensible.<\/p>\n<p>Cliniquement prouv\u00e9 pour \u00eatre plus efficace qu&rsquo;un masque-tissu seul et r\u00e9duire l&rsquo;apparence des rides en 7 jours, UFO 3 renforce l&rsquo;action des soins hydratants du visage en les faisant p\u00e9n\u00e9trer dans les couches profondes de la peau. Profitez d&rsquo;une thermoth\u00e9rapie adoucissante \u00e0 temp\u00e9rature contr\u00f4l\u00e9e et de la cryoth\u00e9rapie pour d\u00e9gonfler et raffermir, avec la luminoth\u00e9rapie \u00e0 LED, y compris \u00e0 lumi\u00e8re rouge, pour restaurer et rajeunir. Le massage visage T-Sonic brevet\u00e9 stimule la microcirculation, rel\u00e2che les points de tension musculaire du visage, att\u00e9nue les ridules et les rides tout en r\u00e9duisant l&rsquo;apparence des cernes, et am\u00e9liore l&rsquo;absorption des pr\u00e9cieuses essences du masque activ\u00e9 par UFO.<\/p>\n<p>UFO 3 s&rsquo;utilise avec tous les masques ultra-efficaces activ\u00e9s par UFO et les masques-tissus \u00e0 double mode de FOREO. Chaque formule propre r\u00e9pond \u00e0 un besoin particulier de la peau et s&rsquo;accompagne d&rsquo;un traitement pr\u00e9programm\u00e9 offrant les meilleurs r\u00e9sultats, pour un teint jeune et rayonnant jour apr\u00e8s jour.<\/p>\n<\/div>\n<\/div>","protected":false},"excerpt":{"rendered":"<div class=\"keypoints\">\n<h3 class=\"keypoints__title\">Les points cl\u00e9s<\/h3>\n<ul role=\"list\">\n<li class=\"keypoints__item\" role=\"listitem\">                                        Soin masque intelligent                      <\/li>\n<li class=\"keypoints__item\" role=\"listitem\">                                        Optimiser l&rsquo;action du masque visage                      <\/li>\n<\/ul>","protected":false},"featured_media":93318,"template":"","meta":{"_glsr_average":0,"_glsr_ranking":0,"_glsr_reviews":0},"product_cat":[512],"product_tag":[513,187,496],"class_list":{"0":"post-93319","1":"product","2":"type-product","3":"status-publish","4":"has-post-thumbnail","6":"product_cat-appareil-soin-visage","7":"product_tag-appareil-soin-visage","8":"product_tag-beaute-sante","9":"product_tag-soin-visage-corps","11":"first","12":"instock","13":"sale","14":"shipping-taxable","15":"purchasable","16":"product-type-simple"},"_links":{"self":[{"href":"https:\/\/electromenagerexpress.com\/en\/wp-json\/wp\/v2\/product\/93319","targetHints":{"allow":["GET"]}}],"collection":[{"href":"https:\/\/electromenagerexpress.com\/en\/wp-json\/wp\/v2\/product"}],"about":[{"href":"https:\/\/electromenagerexpress.com\/en\/wp-json\/wp\/v2\/types\/product"}],"wp:featuredmedia":[{"embeddable":true,"href":"https:\/\/electromenagerexpress.com\/en\/wp-json\/wp\/v2\/media\/93318"}],"wp:attachment":[{"href":"https:\/\/electromenagerexpress.com\/en\/wp-json\/wp\/v2\/media?parent=93319"}],"wp:term":[{"taxonomy":"product_cat","embeddable":true,"href":"https:\/\/electromenagerexpress.com\/en\/wp-json\/wp\/v2\/product_cat?post=93319"},{"taxonomy":"product_tag","embeddable":true,"href":"https:\/\/electromenagerexpress.com\/en\/wp-json\/wp\/v2\/product_tag?post=93319"}],"curies":[{"name":"wp","href":"https:\/\/api.w.org\/{rel}","templated":true}]}}