{"id":93306,"date":"2024-11-24T18:36:09","date_gmt":"2024-11-24T18:36:09","guid":{"rendered":"https:\/\/electromenagerexpress.com\/product\/soin-visageforeoufo-3-mini-pearl-pink\/"},"modified":"2024-11-24T18:36:15","modified_gmt":"2024-11-24T18:36:15","slug":"soin-visageforeoufo-3-mini-pearl-pink","status":"publish","type":"product","link":"https:\/\/electromenagerexpress.com\/en\/product\/soin-visageforeoufo-3-mini-pearl-pink\/","title":{"rendered":"Soin visage\t\t\t\t\t\t\tFOREO\t\t\t\tUFO 3 Mini Pearl Pink"},"content":{"rendered":"<div class=\"product-features__content\">\n<ul role=\"list\">\n<li class=\"product-features__item\" role=\"listitem\">\n<h3 class=\"product-features__label\">Caract\u00e9ristique g\u00e9n\u00e9rale<\/h3>\n<ul role=\"list\">\n<li class=\"product-features__item-list__item\" role=\"listitem\"><span class=\"is--medium\">Produit :<\/span> Soin masque intelligent\t\t\t\t\t<\/li>\n<li class=\"product-features__item-list__item\" role=\"listitem\"><span class=\"is--medium\">Action :<\/span> Optimiser l&rsquo;action du masque visage\t\t\t\t\t<\/li>\n<li class=\"product-features__item-list__item\" role=\"listitem\"><span class=\"is--medium\">Technologie :<\/span> Technologie LED therapy : spectres bleus, rouges, jaunes et violets.\t\t\t\t\t<\/li>\n<li class=\"product-features__item-list__item\" role=\"listitem\"><span class=\"is--medium\">Zone de traitement :<\/span> Visage, cou et contour des yeux\t\t\t\t\t<\/li>\n<\/ul>\n<\/li>\n<li class=\"product-features__item\" role=\"listitem\">\n<h3 class=\"product-features__label\">Informations compl\u00e9mentaires<\/h3>\n<ul role=\"list\">\n<li class=\"product-features__item-list__item\" role=\"listitem\"><span class=\"is--medium\">Fabriqu\u00e9 en :<\/span> Chine\t\t\t\t\t<\/li>\n<\/ul>\n<\/li>\n<\/ul>\n<\/div>\n<div class=\"product__disclosure-content\">\n<div class=\"js-read-more product-description__content\" data-read-more-name=\"description\" style=\"max-height: 500px; overflow: hidden;\">\n<p>Un masque visage femme LED anti-\u00e2ge en 2 min pour infuser en chauffant, avec massage T-Sonic et luminoth\u00e9rapie LED \u00e0 spectre complet et NIR. 22 routines pr\u00e9programm\u00e9es de masques et masques-tissus dont 8 pr\u00e9r\u00e9gl\u00e9es.<\/p>\n<p>Masque hydratant visage \u00e0 LED id\u00e9al pour lutter contre la peau s\u00e8che, d\u00e9shydrat\u00e9e et terne qui pr\u00e9sente des signes pr\u00e9matur\u00e9s de vieillissement, UFO 3 mini est un masque visage femme 4 en 1 intense ax\u00e9 sur les probl\u00e8mes de peau d\u00e9shydrat\u00e9e et fragile les plus importants, tels que la perte d&rsquo;hydratation \u00e0 l&rsquo;origine de fissures, de craquelures, de rides, d&rsquo;imperfections, d&rsquo;un teint terne, d&rsquo;une inflammation, de poches, de cernes et d&rsquo;une peau sensible.<\/p>\n<p>Cliniquement prouv\u00e9 pour \u00eatre plus efficace qu&rsquo;un masque-tissu seul et am\u00e9liorer l&rsquo;hydratation de 126 % en seulement 2 minutes, UFO 3 mini fait p\u00e9n\u00e9trer les actifs dans les couches profondes de la peau. Profitez d&rsquo;une thermoth\u00e9rapie adoucissante associ\u00e9e \u00e0 la luminoth\u00e9rapie \u00e0 LED avec lumi\u00e8re rouge pour restaurer et rajeunir. Le massage visage T-Sonic brevet\u00e9 stimule la microcirculation, rel\u00e2che les points de tension musculaire du visage, att\u00e9nue les ridules et les rides tout en r\u00e9duisant l&rsquo;apparence des cernes, et am\u00e9liore l&rsquo;absorption des pr\u00e9cieuses essences du masque activ\u00e9 par UFO.<\/p>\n<p>UFO 3 mini s&rsquo;utilise avec les masques extr\u00eamement efficaces activ\u00e9s par UFO et les masques-tissus \u00e0 deux modes de FOREO. Chaque formule propre r\u00e9pond \u00e0 un besoin particulier de la peau et s&rsquo;accompagne d&rsquo;un traitement pr\u00e9programm\u00e9 offrant les meilleurs r\u00e9sultats, pour un teint jeune et rayonnant jour apr\u00e8s jour.<\/p>\n<\/div>\n<\/div>","protected":false},"excerpt":{"rendered":"<div class=\"keypoints\">\n<h3 class=\"keypoints__title\">Les points cl\u00e9s<\/h3>\n<ul role=\"list\">\n<li class=\"keypoints__item\" role=\"listitem\">                                        Soin masque intelligent                      <\/li>\n<li class=\"keypoints__item\" role=\"listitem\">                                        Optimiser l&rsquo;action du masque visage                      <\/li>\n<\/ul>","protected":false},"featured_media":93305,"template":"","meta":{"_glsr_average":0,"_glsr_ranking":0,"_glsr_reviews":0},"product_cat":[512],"product_tag":[513,187,496],"class_list":{"0":"post-93306","1":"product","2":"type-product","3":"status-publish","4":"has-post-thumbnail","6":"product_cat-appareil-soin-visage","7":"product_tag-appareil-soin-visage","8":"product_tag-beaute-sante","9":"product_tag-soin-visage-corps","11":"first","12":"instock","13":"sale","14":"shipping-taxable","15":"purchasable","16":"product-type-simple"},"_links":{"self":[{"href":"https:\/\/electromenagerexpress.com\/en\/wp-json\/wp\/v2\/product\/93306","targetHints":{"allow":["GET"]}}],"collection":[{"href":"https:\/\/electromenagerexpress.com\/en\/wp-json\/wp\/v2\/product"}],"about":[{"href":"https:\/\/electromenagerexpress.com\/en\/wp-json\/wp\/v2\/types\/product"}],"wp:featuredmedia":[{"embeddable":true,"href":"https:\/\/electromenagerexpress.com\/en\/wp-json\/wp\/v2\/media\/93305"}],"wp:attachment":[{"href":"https:\/\/electromenagerexpress.com\/en\/wp-json\/wp\/v2\/media?parent=93306"}],"wp:term":[{"taxonomy":"product_cat","embeddable":true,"href":"https:\/\/electromenagerexpress.com\/en\/wp-json\/wp\/v2\/product_cat?post=93306"},{"taxonomy":"product_tag","embeddable":true,"href":"https:\/\/electromenagerexpress.com\/en\/wp-json\/wp\/v2\/product_tag?post=93306"}],"curies":[{"name":"wp","href":"https:\/\/api.w.org\/{rel}","templated":true}]}}