{"id":93283,"date":"2024-11-24T18:35:43","date_gmt":"2024-11-24T18:35:43","guid":{"rendered":"https:\/\/electromenagerexpress.com\/product\/appareil-anti-ridesforeobear-2-evergreen\/"},"modified":"2024-11-24T18:35:49","modified_gmt":"2024-11-24T18:35:49","slug":"appareil-anti-ridesforeobear-2-evergreen","status":"publish","type":"product","link":"https:\/\/electromenagerexpress.com\/en\/product\/appareil-anti-ridesforeobear-2-evergreen\/","title":{"rendered":"Appareil anti rides\t\t\t\t\t\t\tFOREO\t\t\t\tBEAR 2 Evergreen"},"content":{"rendered":"<div class=\"product-features__content\">\n<ul role=\"list\">\n<li class=\"product-features__item\" role=\"listitem\">\n<h3 class=\"product-features__label\">Caract\u00e9ristique g\u00e9n\u00e9rale<\/h3>\n<ul role=\"list\">\n<li class=\"product-features__item-list__item\" role=\"listitem\"><span class=\"is--medium\">Produit :<\/span> Appareil anti-\u00e2ge\t\t\t\t\t<\/li>\n<li class=\"product-features__item-list__item\" role=\"listitem\"><span class=\"is--medium\">Action :<\/span> Traitement des rides et ridules\t\t\t\t\t<\/li>\n<li class=\"product-features__item-list__item\" role=\"listitem\"><span class=\"is--medium\">Technologie :<\/span> Hyper-infusion qui utilise les r\u00e9actions naturelles de la peau et les pulsations \u00ab\u00a0T-Sonic\u00a0\u00bb pour optimiser au maximum le soin.\t\t\t\t\t<\/li>\n<li class=\"product-features__item-list__item\" role=\"listitem\"><span class=\"is--medium\">Zone de traitement :<\/span> Visage, cou et contour des yeux\t\t\t\t\t<\/li>\n<\/ul>\n<\/li>\n<li class=\"product-features__item\" role=\"listitem\">\n<h3 class=\"product-features__label\">Informations compl\u00e9mentaires<\/h3>\n<ul role=\"list\">\n<li class=\"product-features__item-list__item\" role=\"listitem\"><span class=\"is--medium\">Fabriqu\u00e9 en :<\/span> Chine\t\t\t\t\t<\/li>\n<\/ul>\n<\/li>\n<\/ul>\n<\/div>\n<div class=\"product__disclosure-content\">\n<div class=\"js-read-more product-description__content read-more read-more--truncated\" data-read-more-name=\"description\" style=\"max-height: 500px; overflow: hidden;\">\n<p>Le premier appareil micro courant visage sculptant agr\u00e9\u00e9 par la FDA. Le masseur visage raffermissant avec Anti-Shock System 2.0 pour lifter, raffermir, lisser, sculpter avec une alternative s\u00fbre et indolore \u00e0 la chirurgie.<\/p>\n<p>APPAREIL DE LIFTING COMPLET SU\u00c9DOIS<br \/>Sup\u00e9rieur \u00e0 tout rouleau de massage visage, BEAR 2, le premier appareil de lifting par micro-courant au monde agr\u00e9\u00e9 par la FDA, hyper efficace, est dot\u00e9 d&rsquo;un syst\u00e8me antichoc et de 4 types r\u00e9volutionnaires de micro-courant. Liftez et raffermissez les muscles du visage, revitalisez et lissez la peau, sculptez et modelez gr\u00e2ce \u00e0 une alternative s\u00fbre, indolore et non invasive aux liftings et au botox. L&rsquo;appareil massage visage raffermissant BEAR 2 p\u00e9n\u00e8tre en profondeur dans les 69 muscles du visage et du cou, et domine le march\u00e9 des appareils pour le visage en tonifiant la musculature et en am\u00e9liorant l&rsquo;aspect le toucher de la peau du visage qui la recouvre, gr\u00e2ce \u00e0 un traitement par micro-courant de 2 minutes, \u00e0 la fois intense et agr\u00e9able. L&rsquo;appareil anti rides tonifiant pour le visage est id\u00e9al pour raffermir, lifter et modeler &#8211; en am\u00e9liorant les rides, les ridules et l&rsquo;\u00e9lasticit\u00e9 en seulement une semaine. <\/p>\n<p>Dans les outils de massage visage BEAR 2, le micro-courant est associ\u00e9 \u00e0 5 modes de pulsations T-Sonic brevet\u00e9es pour am\u00e9liorer l&rsquo;absorption des produits, stimuler la microcirculation, fournir un massage de drainage lymphatique, apporter des nutriments aux cellules de la peau et \u00e9liminer les toxines pour une peau instantan\u00e9ment plus lumineuse, repulp\u00e9e, plus nourrie et plus souple. L&rsquo;Anti-Shock System 2.0 a \u00e9t\u00e9 am\u00e9lior\u00e9 pour \u00e9valuer la conductivit\u00e9 de la peau 200x\/sec. Comme tous les appareils de tonification pour le visage \u00e0 micro-courant, BEAR 2 doit \u00eatre utilis\u00e9 avec un s\u00e9rum conducteur pour des raisons de s\u00e9curit\u00e9. Nous recommandons d&rsquo;utiliser le s\u00e9rum FOREO SUPERCHARGED Serum 2.0, cliniquement prouv\u00e9 pour augmenter significativement la production de collag\u00e8ne de type 1 pour un \u00e9clat intemporel &#8211; dans le confort de votre maison, sans douleur et selon vos propres r\u00e8gles.<\/p>\n<\/div>\n<p><bl-button a11yexpanded=\"false\" arialabel=\"Afficher toute la description\" class=\"read-more__btn\" full=\"false\" link=\"true\"><\/bl-button><\/div>","protected":false},"excerpt":{"rendered":"<div class=\"keypoints\">\n<h3 class=\"keypoints__title\">Les points cl\u00e9s<\/h3>\n<ul role=\"list\">\n<li class=\"keypoints__item\" role=\"listitem\">                                        Luttez contre le vieillissement                      <\/li>\n<li class=\"keypoints__item\" role=\"listitem\">                                        Diminue les rides                      <\/li>\n<\/ul>","protected":false},"featured_media":93282,"template":"","meta":{"_glsr_average":0,"_glsr_ranking":0,"_glsr_reviews":0},"product_cat":[512],"product_tag":[513,187,496],"class_list":{"0":"post-93283","1":"product","2":"type-product","3":"status-publish","4":"has-post-thumbnail","6":"product_cat-appareil-soin-visage","7":"product_tag-appareil-soin-visage","8":"product_tag-beaute-sante","9":"product_tag-soin-visage-corps","11":"first","12":"instock","13":"sale","14":"shipping-taxable","15":"purchasable","16":"product-type-simple"},"_links":{"self":[{"href":"https:\/\/electromenagerexpress.com\/en\/wp-json\/wp\/v2\/product\/93283","targetHints":{"allow":["GET"]}}],"collection":[{"href":"https:\/\/electromenagerexpress.com\/en\/wp-json\/wp\/v2\/product"}],"about":[{"href":"https:\/\/electromenagerexpress.com\/en\/wp-json\/wp\/v2\/types\/product"}],"wp:featuredmedia":[{"embeddable":true,"href":"https:\/\/electromenagerexpress.com\/en\/wp-json\/wp\/v2\/media\/93282"}],"wp:attachment":[{"href":"https:\/\/electromenagerexpress.com\/en\/wp-json\/wp\/v2\/media?parent=93283"}],"wp:term":[{"taxonomy":"product_cat","embeddable":true,"href":"https:\/\/electromenagerexpress.com\/en\/wp-json\/wp\/v2\/product_cat?post=93283"},{"taxonomy":"product_tag","embeddable":true,"href":"https:\/\/electromenagerexpress.com\/en\/wp-json\/wp\/v2\/product_tag?post=93283"}],"curies":[{"name":"wp","href":"https:\/\/api.w.org\/{rel}","templated":true}]}}