{"id":93260,"date":"2024-11-24T18:35:18","date_gmt":"2024-11-24T18:35:18","guid":{"rendered":"https:\/\/electromenagerexpress.com\/product\/soin-visageforeoufo-2-pearl-pink\/"},"modified":"2024-11-24T18:35:25","modified_gmt":"2024-11-24T18:35:25","slug":"soin-visageforeoufo-2-pearl-pink","status":"publish","type":"product","link":"https:\/\/electromenagerexpress.com\/en\/product\/soin-visageforeoufo-2-pearl-pink\/","title":{"rendered":"Soin visage\t\t\t\t\t\t\tFOREO\t\t\t\tUFO 2 Pearl Pink"},"content":{"rendered":"<div class=\"product-features__content\">\n<ul role=\"list\">\n<li class=\"product-features__item\" role=\"listitem\">\n<h3 class=\"product-features__label\">Caract\u00e9ristique g\u00e9n\u00e9rale<\/h3>\n<ul role=\"list\">\n<li class=\"product-features__item-list__item\" role=\"listitem\"><span class=\"is--medium\">Mod\u00e8le :<\/span> UFO\t\t\t\t\t<\/li>\n<li class=\"product-features__item-list__item\" role=\"listitem\"><span class=\"is--medium\">Produit :<\/span> Soin masque intelligent\t\t\t\t\t<\/li>\n<li class=\"product-features__item-list__item\" role=\"listitem\"><span class=\"is--medium\">A utiliser :<\/span> Avec masque\t\t\t\t\t<\/li>\n<li class=\"product-features__item-list__item\" role=\"listitem\"><span class=\"is--medium\">Action :<\/span> Optimiser l&rsquo;action du masque visage\t\t\t\t\t<\/li>\n<li class=\"product-features__item-list__item\" role=\"listitem\"><span class=\"is--medium\">Indolore et non invasif :<\/span> Oui\t\t\t\t\t<\/li>\n<li class=\"product-features__item-list__item\" role=\"listitem\"><span class=\"is--medium\">Bienfait &#8211; avantage :<\/span> Soin \u00e9clat visage\t\t\t\t\t<\/li>\n<li class=\"product-features__item-list__item\" role=\"listitem\"><span class=\"is--medium\">Soin :<\/span> Luminoth\u00e9rapie\t\t\t\t\t<\/li>\n<li class=\"product-features__item-list__item\" role=\"listitem\"><span class=\"is--medium\">Technologie :<\/span> Hyper-infusion qui utilise les r\u00e9actions naturelles de la peau et les pulsations \u00ab\u00a0T-Sonic\u00a0\u00bb pour optimiser au maximum le soin.\t\t\t\t\t<\/li>\n<li class=\"product-features__item-list__item\" role=\"listitem\"><span class=\"is--medium\">Appareil connect\u00e9 :<\/span> Oui\t\t\t\t\t<\/li>\n<li class=\"product-features__item-list__item\" role=\"listitem\"><span class=\"is--medium\">Zone de traitement :<\/span> Visage\t\t\t\t\t<\/li>\n<li class=\"product-features__item-list__item\" role=\"listitem\"><span class=\"is--medium\">Conseil d&rsquo;utilisation :<\/span> Efficace sur tout type de peau. Alternative simple aux gels anti-\u00e2ges, lotions et lasers topiques.\t\t\t\t\t<\/li>\n<li class=\"product-features__item-list__item\" role=\"listitem\"><span class=\"is--medium\">T\u00eate rempla\u00e7able :<\/span> Non\t\t\t\t\t<\/li>\n<li class=\"product-features__item-list__item\" role=\"listitem\"><span class=\"is--medium\">Alimentation :<\/span> Rechargeable\t\t\t\t\t<\/li>\n<\/ul>\n<\/li>\n<li class=\"product-features__item\" role=\"listitem\">\n<h3 class=\"product-features__label\">Utilisation<\/h3>\n<ul role=\"list\">\n<li class=\"product-features__item-list__item\" role=\"listitem\"><span class=\"is--medium\">Traitement pr\u00e9alable :<\/span> Sur peau nettoy\u00e9e\t\t\t\t\t<\/li>\n<li class=\"product-features__item-list__item\" role=\"listitem\"><span class=\"is--medium\">Traitement :<\/span> Etape 1 : T\u00e9l\u00e9chargez l&rsquo;application, cr\u00e9ez votre compte, Etape 2 : allumez l&rsquo;appareil, s\u00e9lectionnez le soin, et choisissez l&rsquo;intensit\u00e9, Etape 3 : appliquez le soin.\t\t\t\t\t<\/li>\n<li class=\"product-features__item-list__item\" role=\"listitem\"><span class=\"is--medium\">Fr\u00e9quence d&rsquo;utilisation :<\/span> Tous les jours\t\t\t\t\t<\/li>\n<li class=\"product-features__item-list__item\" role=\"listitem\"><span class=\"is--medium\">Dur\u00e9e d&rsquo;utilisation :<\/span> 2 min\t\t\t\t\t<\/li>\n<li class=\"product-features__item-list__item\" role=\"listitem\"><span class=\"is--medium\">Bienfait :<\/span> Votre peau est sublim\u00e9e, vos pores sont resserr\u00e9es et les signes de fatigues estomp\u00e9es\t\t\t\t\t<\/li>\n<\/ul>\n<\/li>\n<li class=\"product-features__item\" role=\"listitem\">\n<h3 class=\"product-features__label\">Connectivit\u00e9<\/h3>\n<ul role=\"list\">\n<li class=\"product-features__item-list__item\" role=\"listitem\"><span class=\"is--medium\">Bluetooth :<\/span> Oui\t\t\t\t\t<\/li>\n<li class=\"product-features__item-list__item\" role=\"listitem\"><span class=\"is--medium\">WiFi :<\/span> Oui\t\t\t\t\t<\/li>\n<\/ul>\n<\/li>\n<li class=\"product-features__item\" role=\"listitem\">\n<h3 class=\"product-features__label\">Application<\/h3>\n<ul role=\"list\">\n<li class=\"product-features__item-list__item\" role=\"listitem\"><span class=\"is--medium\">Application d\u00e9di\u00e9e gratuite \u00e0 t\u00e9l\u00e9charger :<\/span> 1\t\t\t\t\t<\/li>\n<li class=\"product-features__item-list__item\" role=\"listitem\"><span class=\"is--medium\">T\u00e9l\u00e9chargeable sur :<\/span> AppStore et Google Play\t\t\t\t\t<\/li>\n<\/ul>\n<\/li>\n<li class=\"product-features__item\" role=\"listitem\">\n<h3 class=\"product-features__label\">Informations compl\u00e9mentaires<\/h3>\n<ul role=\"list\">\n<li class=\"product-features__item-list__item\" role=\"listitem\"><span class=\"is--medium\">Fabriqu\u00e9 en :<\/span> Su\u00e8de\t\t\t\t\t<\/li>\n<li class=\"product-features__item-list__item\" role=\"listitem\"><span class=\"is--medium\">Garantie :<\/span> 2 ans\t\t\t\t\t<\/li>\n<\/ul>\n<\/li>\n<\/ul>\n<\/div>\n<div class=\"product__disclosure-content\">\n<div class=\"js-read-more product-description__content read-more read-more--truncated\" data-read-more-name=\"description\" style=\"max-height: 500px; overflow: hidden;\">\n<p><strong>90 SECONDES POUR UNE PEAU NOURRIE EN PROFONDEUR<\/strong><\/p>\n<p>D\u00e9couvrez UFO \u2122 2, un masque connect\u00e9 \u00e0 une application qui vous offre une peau de r\u00eave en seulement 90 secondes. Adapt\u00e9 \u00e0 tous les types de peau et \u00e2ges, UFO \u2122 2 vous aidera \u00e0 cibler les diff\u00e9rents besoins de votre peau et \u00e0 am\u00e9liorer son \u00e9clat. Cet appareil su\u00e9dois combine des formules cor\u00e9ennes infus\u00e9es avec des ingr\u00e9dients actifs super performants \u00e0 une technologie de pointe pour infuser l&rsquo;essence du masque en profondeur : thermoth\u00e9rapie ultra rapide, cryoth\u00e9rapie, pulsations T-Sonic et 8 lumi\u00e8res LED. Choisissez le masque dont votre peau a besoin et profitez d&rsquo;une peau hydrat\u00e9e et \u00e9clatante.<\/p>\n<p>\u00a0<\/p>\n<p><strong>LE POUVOIR DE LA BEAUTY TECH SU\u00c9DOISE<\/strong><\/p>\n<p>Chaque traitement int\u00e8gre une combinaison soigneusement choisie de temp\u00e9rature et d&rsquo;intensit\u00e9 de pulsation pour des r\u00e9sultats d\u00e9cupl\u00e9s et un massage visage apaisant. La technologie chauffante jusqu&rsquo;\u00e0 45 ? associ\u00e9e \u00e0 des pulsations soniques am\u00e9liorent l&rsquo;absorption des ingr\u00e9dients en pr\u00e9parant la peau et en relaxant les muscles du visage. La technologie refroidissante \u00e0 5 ? r\u00e9duit les poches, lisse et raffermit la peau, tandis que les LED ont des qualit\u00e9s de soins uniques (anti-\u00e2ge, \u00e9claircissant, anti-rougeurs, etc.) et ont \u00e9t\u00e9 pr\u00e9d\u00e9finies en fonction du masque choisi. Dites adieu aux masques traditionnels et dites bonjour \u00e0 la r\u00e9volution cor\u00e9enne des soins de la peau !<\/p>\n<p>\u00a0<\/p>\n<p><strong>AVANTAGES<\/strong><\/p>\n<ul>\n<li>Les pulsations T-Sonic d\u00e9tendent les muscles du visage et am\u00e9liorent la p\u00e9n\u00e9tration des ingr\u00e9dients<\/li>\n<li>La thermoth\u00e9rapie pr\u00e9pare la peau \u00e0 recevoir les soins<\/li>\n<li>La cryoth\u00e9rapie r\u00e9duit les poches, lisse et raffermit la peau<\/li>\n<li>La lumi\u00e8re LED \u00e0 spectre complet revitalise la peau, et am\u00e9liore chaque traitement<\/li>\n<\/ul>\n<p>\u00a0<\/p>\n<p><strong>CARACT\u00c9RISTIQUES<\/strong><\/p>\n<ul>\n<li>100% \u00e9tanche<\/li>\n<li>Silicone sans danger pour le corps<\/li>\n<li>Routines de masque pr\u00e9programm\u00e9es<\/li>\n<li>S\u00fbr et efficace pour tous les types de peau<\/li>\n<li>Rechargeable avec jusqu&rsquo;\u00e0 40 utilisations par charge (USB)<\/li>\n<li>Fonctionne avec l&rsquo;application \u00ab\u00a0FOREO for you\u00a0\u00bb disponible pour les appareils Android et iOS<\/li>\n<li>Garantie limit\u00e9e de 2 ans<\/li>\n<li>Cryoth\u00e9rapie \u00e0 5\u00b0<\/li>\n<li>Thermoth\u00e9rapie jusqu&rsquo;\u00e0 45\u00b0<\/li>\n<li>Comprend UFO \u2122 2, c\u00e2ble de chargement USB, \u00e9chantillon de masque Make My Day (x1), support d&rsquo;appareil<\/li>\n<\/ul>\n<\/div>\n<p><bl-button a11yexpanded=\"false\" arialabel=\"Afficher toute la description\" class=\"read-more__btn\" full=\"false\" link=\"true\"><\/bl-button><\/div>","protected":false},"excerpt":{"rendered":"<div class=\"keypoints\">\n<h3 class=\"keypoints__title\">Les points cl\u00e9s<\/h3>\n<ul role=\"list\">\n<li class=\"keypoints__item\" role=\"listitem\">                                        Soin masque intelligent                      <\/li>\n<li class=\"keypoints__item\" role=\"listitem\">                                        Optimiser l&rsquo;action du masque visage                      <\/li>\n<li class=\"keypoints__item\" role=\"listitem\">                                        Coup d&rsquo;\u00e9clat visage                      <\/li>\n<li class=\"keypoints__item\" role=\"listitem\">                                        Fonctionne sans fil                      <\/li>\n<li class=\"keypoints__item keypoints__item--advantage\" role=\"listitem\"><strong>Le + :<\/strong> L&rsquo;action des lumi\u00e8res LED infuse le soin en profondeur      <\/li>\n<\/ul>","protected":false},"featured_media":93259,"template":"","meta":{"_glsr_average":0,"_glsr_ranking":0,"_glsr_reviews":0},"product_cat":[512],"product_tag":[513,187,496],"class_list":{"0":"post-93260","1":"product","2":"type-product","3":"status-publish","4":"has-post-thumbnail","6":"product_cat-appareil-soin-visage","7":"product_tag-appareil-soin-visage","8":"product_tag-beaute-sante","9":"product_tag-soin-visage-corps","11":"first","12":"instock","13":"sale","14":"shipping-taxable","15":"purchasable","16":"product-type-simple"},"_links":{"self":[{"href":"https:\/\/electromenagerexpress.com\/en\/wp-json\/wp\/v2\/product\/93260","targetHints":{"allow":["GET"]}}],"collection":[{"href":"https:\/\/electromenagerexpress.com\/en\/wp-json\/wp\/v2\/product"}],"about":[{"href":"https:\/\/electromenagerexpress.com\/en\/wp-json\/wp\/v2\/types\/product"}],"wp:featuredmedia":[{"embeddable":true,"href":"https:\/\/electromenagerexpress.com\/en\/wp-json\/wp\/v2\/media\/93259"}],"wp:attachment":[{"href":"https:\/\/electromenagerexpress.com\/en\/wp-json\/wp\/v2\/media?parent=93260"}],"wp:term":[{"taxonomy":"product_cat","embeddable":true,"href":"https:\/\/electromenagerexpress.com\/en\/wp-json\/wp\/v2\/product_cat?post=93260"},{"taxonomy":"product_tag","embeddable":true,"href":"https:\/\/electromenagerexpress.com\/en\/wp-json\/wp\/v2\/product_tag?post=93260"}],"curies":[{"name":"wp","href":"https:\/\/api.w.org\/{rel}","templated":true}]}}