{"id":93215,"date":"2024-11-24T18:34:26","date_gmt":"2024-11-24T18:34:26","guid":{"rendered":"https:\/\/electromenagerexpress.com\/product\/soin-visageforeoluna-4-sensitive-skin\/"},"modified":"2024-11-24T18:34:30","modified_gmt":"2024-11-24T18:34:30","slug":"soin-visageforeoluna-4-sensitive-skin","status":"publish","type":"product","link":"https:\/\/electromenagerexpress.com\/en\/product\/soin-visageforeoluna-4-sensitive-skin\/","title":{"rendered":"Soin visage\t\t\t\t\t\t\tFOREO\t\t\t\tLUNA 4 Sensitive Skin"},"content":{"rendered":"<div class=\"product-features__content\">\n<ul role=\"list\">\n<li class=\"product-features__item\" role=\"listitem\">\n<h3 class=\"product-features__label\">Caract\u00e9ristique g\u00e9n\u00e9rale<\/h3>\n<ul role=\"list\">\n<li class=\"product-features__item-list__item\" role=\"listitem\"><span class=\"is--medium\">Produit :<\/span> Nettoyeur\t\t\t\t\t<\/li>\n<li class=\"product-features__item-list__item\" role=\"listitem\"><span class=\"is--medium\">Action :<\/span> Nettoie en profondeur sans agresser votre peau, il \u00e9limine les imperfections et les points noirs, l&rsquo;exc\u00e8s de s\u00e9bum et l&rsquo;acn\u00e9\t\t\t\t\t<\/li>\n<li class=\"product-features__item-list__item\" role=\"listitem\"><span class=\"is--medium\">Technologie :<\/span> Massage\t\t\t\t\t<\/li>\n<li class=\"product-features__item-list__item\" role=\"listitem\"><span class=\"is--medium\">Zone de traitement :<\/span> Visage, cou et contour des yeux\t\t\t\t\t<\/li>\n<\/ul>\n<\/li>\n<li class=\"product-features__item\" role=\"listitem\">\n<h3 class=\"product-features__label\">Informations compl\u00e9mentaires<\/h3>\n<ul role=\"list\">\n<li class=\"product-features__item-list__item\" role=\"listitem\"><span class=\"is--medium\">Fabriqu\u00e9 en :<\/span> Chine\t\t\t\t\t<\/li>\n<\/ul>\n<\/li>\n<\/ul>\n<\/div>\n<div class=\"product__disclosure-content\">\n<div class=\"js-read-more product-description__content\" data-read-more-name=\"description\" style=\"max-height: 500px; overflow: hidden;\">\n<p>D\u00e9couvrez LUNA 4, la brosse nettoyante visage en silicone 2 en 1 extra-douce, exfoliante et raffermissante. Elle \u00e9limine les impuret\u00e9s en 1min, am\u00e9liore l&rsquo;absorption des soins pour une peau impeccable, fra\u00eeche et nette.<\/p>\n<\/div>\n<\/div>","protected":false},"excerpt":{"rendered":"<div class=\"keypoints\">\n<h3 class=\"keypoints__title\">Les points cl\u00e9s<\/h3>\n<ul role=\"list\">\n<li class=\"keypoints__item\" role=\"listitem\">                                        Nettoyage en profondeur                      <\/li>\n<li class=\"keypoints__item\" role=\"listitem\">                                        Elimine les imperfections de la peau                      <\/li>\n<\/ul>","protected":false},"featured_media":93214,"template":"","meta":{"_glsr_average":0,"_glsr_ranking":0,"_glsr_reviews":0},"product_cat":[512],"product_tag":[513,187,496],"class_list":{"0":"post-93215","1":"product","2":"type-product","3":"status-publish","4":"has-post-thumbnail","6":"product_cat-appareil-soin-visage","7":"product_tag-appareil-soin-visage","8":"product_tag-beaute-sante","9":"product_tag-soin-visage-corps","11":"first","12":"instock","13":"sale","14":"shipping-taxable","15":"purchasable","16":"product-type-simple"},"_links":{"self":[{"href":"https:\/\/electromenagerexpress.com\/en\/wp-json\/wp\/v2\/product\/93215","targetHints":{"allow":["GET"]}}],"collection":[{"href":"https:\/\/electromenagerexpress.com\/en\/wp-json\/wp\/v2\/product"}],"about":[{"href":"https:\/\/electromenagerexpress.com\/en\/wp-json\/wp\/v2\/types\/product"}],"wp:featuredmedia":[{"embeddable":true,"href":"https:\/\/electromenagerexpress.com\/en\/wp-json\/wp\/v2\/media\/93214"}],"wp:attachment":[{"href":"https:\/\/electromenagerexpress.com\/en\/wp-json\/wp\/v2\/media?parent=93215"}],"wp:term":[{"taxonomy":"product_cat","embeddable":true,"href":"https:\/\/electromenagerexpress.com\/en\/wp-json\/wp\/v2\/product_cat?post=93215"},{"taxonomy":"product_tag","embeddable":true,"href":"https:\/\/electromenagerexpress.com\/en\/wp-json\/wp\/v2\/product_tag?post=93215"}],"curies":[{"name":"wp","href":"https:\/\/api.w.org\/{rel}","templated":true}]}}