{"id":93201,"date":"2024-11-24T18:34:10","date_gmt":"2024-11-24T18:34:10","guid":{"rendered":"https:\/\/electromenagerexpress.com\/product\/brosse-nettoyante-visageforeoluna-3-pour-peau-mixte\/"},"modified":"2024-11-24T18:34:17","modified_gmt":"2024-11-24T18:34:17","slug":"brosse-nettoyante-visageforeoluna-3-pour-peau-mixte","status":"publish","type":"product","link":"https:\/\/electromenagerexpress.com\/en\/product\/brosse-nettoyante-visageforeoluna-3-pour-peau-mixte\/","title":{"rendered":"Brosse nettoyante visage\t\t\t\t\t\t\tFOREO\t\t\t\tLUNA 3 pour peau mixte"},"content":{"rendered":"<div class=\"product-features__content\">\n<ul role=\"list\">\n<li class=\"product-features__item\" role=\"listitem\">\n<h3 class=\"product-features__label\">Plus produit<\/h3>\n<ul role=\"list\">\n<li class=\"product-features__item-list__item\" role=\"listitem\"><span class=\"is--medium\">Description :<\/span> LUNA\u2122 3 vous procure un nettoyage profond et un massage anti-\u00e2ge cibl\u00e9. Les picots souples en silicone s&rsquo;associent aux 8000 pulsations T-Sonic \u2122 pour \u00e9liminer les bact\u00e9ries, les impuret\u00e9s et donner \u00e0 la peau un \u00e9clat sain en seulement 1 minute.\t\t\t\t\t<\/li>\n<\/ul>\n<\/li>\n<li class=\"product-features__item\" role=\"listitem\">\n<h3 class=\"product-features__label\">Caract\u00e9ristique g\u00e9n\u00e9rale<\/h3>\n<ul role=\"list\">\n<li class=\"product-features__item-list__item\" role=\"listitem\"><span class=\"is--medium\">Produit :<\/span> Brosse nettoyante\t\t\t\t\t<\/li>\n<li class=\"product-features__item-list__item\" role=\"listitem\"><span class=\"is--medium\">Proc\u00e9d\u00e9 :<\/span> 1. T\u00e9l\u00e9chargez l&rsquo;appli FOREO 2. Allumez LUNA\u2122 3 et connectez-vous \u00e0 l&rsquo;appli via Bluetooth. 3. Suivez les instructions pour s\u00e9lectionner vos pr\u00e9f\u00e9rences de nettoyage et la routine de massage raffermissant.\t\t\t\t\t<\/li>\n<li class=\"product-features__item-list__item\" role=\"listitem\"><span class=\"is--medium\">Action :<\/span> Nettoyer en profondeur et massage revitalisant\t\t\t\t\t<\/li>\n<li class=\"product-features__item-list__item\" role=\"listitem\"><span class=\"is--medium\">Gamme :<\/span> Luna\t\t\t\t\t<\/li>\n<li class=\"product-features__item-list__item\" role=\"listitem\"><span class=\"is--medium\">Technologie :<\/span> Pulsation\t\t\t\t\t<\/li>\n<li class=\"product-features__item-list__item\" role=\"listitem\"><span class=\"is--medium\">Zone d&rsquo;application :<\/span> Visage\t\t\t\t\t<\/li>\n<li class=\"product-features__item-list__item\" role=\"listitem\"><span class=\"is--medium\">Etanch\u00e9it\u00e9 :<\/span> Utilisable sous l&rsquo;eau\t\t\t\t\t<\/li>\n<li class=\"product-features__item-list__item\" role=\"listitem\"><span class=\"is--medium\">Vitesses :<\/span> 16 vitesses\t\t\t\t\t<\/li>\n<li class=\"product-features__item-list__item\" role=\"listitem\"><span class=\"is--medium\">Utilisation :<\/span> Pour une utilisation sous la douche\t\t\t\t\t<\/li>\n<li class=\"product-features__item-list__item\" role=\"listitem\"><span class=\"is--medium\">Alimentation :<\/span> Rechargeable\t\t\t\t\t<\/li>\n<li class=\"product-features__item-list__item\" role=\"listitem\"><span class=\"is--medium\">Type de peau :<\/span> Peau mixte\t\t\t\t\t<\/li>\n<li class=\"product-features__item-list__item\" role=\"listitem\"><span class=\"is--medium\">Autonomie :<\/span> 225 mn\t\t\t\t\t<\/li>\n<li class=\"product-features__item-list__item\" role=\"listitem\"><span class=\"is--medium\">Temps de charge :<\/span> 1,0 h\t\t\t\t\t<\/li>\n<li class=\"product-features__item-list__item\" role=\"listitem\"><span class=\"is--medium\">Conseil d&rsquo;utilisation :<\/span> A utiliser avec une noisette de nettoyant visage.\t\t\t\t\t<\/li>\n<li class=\"product-features__item-list__item\" role=\"listitem\"><span class=\"is--medium\">Coloris :<\/span> Bleu\t\t\t\t\t<\/li>\n<\/ul>\n<\/li>\n<li class=\"product-features__item\" role=\"listitem\">\n<h3 class=\"product-features__label\">Brossette et embout<\/h3>\n<ul role=\"list\">\n<li class=\"product-features__item-list__item\" role=\"listitem\"><span class=\"is--medium\">Brossette peau normale :<\/span> 1\t\t\t\t\t<\/li>\n<li class=\"product-features__item-list__item\" role=\"listitem\"><span class=\"is--medium\">Embout massage revitalisant :<\/span> Oui\t\t\t\t\t<\/li>\n<li class=\"product-features__item-list__item\" role=\"listitem\"><span class=\"is--medium\">Brosse exfoliante :<\/span> Oui\t\t\t\t\t<\/li>\n<li class=\"product-features__item-list__item\" role=\"listitem\"><span class=\"is--medium\">Brosse points noirs et pores dilat\u00e9s :<\/span> Oui\t\t\t\t\t<\/li>\n<\/ul>\n<\/li>\n<li class=\"product-features__item\" role=\"listitem\">\n<h3 class=\"product-features__label\">Type de peau<\/h3>\n<ul role=\"list\">\n<li class=\"product-features__item-list__item\" role=\"listitem\"><span class=\"is--medium\">Peau mixte :<\/span> 1 brossette\t\t\t\t\t<\/li>\n<li class=\"product-features__item-list__item\" role=\"listitem\"><span class=\"is--medium\">Peau grasse :<\/span> 1 brossette\t\t\t\t\t<\/li>\n<\/ul>\n<\/li>\n<li class=\"product-features__item\" role=\"listitem\">\n<h3 class=\"product-features__label\">Fonction et \u00e9quipement<\/h3>\n<ul role=\"list\">\n<li class=\"product-features__item-list__item\" role=\"listitem\"><span class=\"is--medium\">Mise sous tension :<\/span> Oui\t\t\t\t\t<\/li>\n<li class=\"product-features__item-list__item\" role=\"listitem\"><span class=\"is--medium\">Charge rapide :<\/span> Oui\t\t\t\t\t<\/li>\n<li class=\"product-features__item-list__item\" role=\"listitem\"><span class=\"is--medium\">Timer :<\/span> Minuteur d&rsquo;une minute pour 3 zones (3 x 20 secondes)\t\t\t\t\t<\/li>\n<\/ul>\n<\/li>\n<li class=\"product-features__item\" role=\"listitem\">\n<h3 class=\"product-features__label\">Bienfaits \/ avantages<\/h3>\n<ul role=\"list\">\n<li class=\"product-features__item-list__item\" role=\"listitem\"><span class=\"is--medium\">Nettoyage aussi doux qu&rsquo;un nettoyage manuel :<\/span> et 10 fois plus efficace\t\t\t\t\t<\/li>\n<li class=\"product-features__item-list__item\" role=\"listitem\"><span class=\"is--medium\">Am\u00e9liore la circulation sanguine :<\/span> Oui\t\t\t\t\t<\/li>\n<li class=\"product-features__item-list__item\" role=\"listitem\"><span class=\"is--medium\">D\u00e9tend les muscles :<\/span> Oui\t\t\t\t\t<\/li>\n<li class=\"product-features__item-list__item\" role=\"listitem\"><span class=\"is--medium\">Peau revitalis\u00e9e :<\/span> Oui\t\t\t\t\t<\/li>\n<li class=\"product-features__item-list__item\" role=\"listitem\"><span class=\"is--medium\">Elimine les impuret\u00e9s et les cellules mortes :<\/span> Oui\t\t\t\t\t<\/li>\n<li class=\"product-features__item-list__item\" role=\"listitem\"><span class=\"is--medium\">Resserre les pores et att\u00e9nue les points noirs :<\/span> Oui\t\t\t\t\t<\/li>\n<li class=\"product-features__item-list__item\" role=\"listitem\"><span class=\"is--medium\">Favorise l&rsquo;absorption des cr\u00e8mes :<\/span> Oui\t\t\t\t\t<\/li>\n<li class=\"product-features__item-list__item\" role=\"listitem\"><span class=\"is--medium\">Anti-\u00e2ge :<\/span> Oui\t\t\t\t\t<\/li>\n<\/ul>\n<\/li>\n<li class=\"product-features__item\" role=\"listitem\">\n<h3 class=\"product-features__label\">T\u00e9moin<\/h3>\n<ul role=\"list\">\n<li class=\"product-features__item-list__item\" role=\"listitem\"><span class=\"is--medium\">T\u00e9moins :<\/span> R\u00e9glage d&rsquo;intensit\u00e9\t\t\t\t\t<\/li>\n<li class=\"product-features__item-list__item\" role=\"listitem\"><span class=\"is--medium\">R\u00e9glage d&rsquo;intensit\u00e9 :<\/span> Oui\t\t\t\t\t<\/li>\n<\/ul>\n<\/li>\n<li class=\"product-features__item\" role=\"listitem\">\n<h3 class=\"product-features__label\">Informations compl\u00e9mentaires<\/h3>\n<ul role=\"list\">\n<li class=\"product-features__item-list__item\" role=\"listitem\"><span class=\"is--medium\">Garantie :<\/span> 2 ans\t\t\t\t\t<\/li>\n<li class=\"product-features__item-list__item\" role=\"listitem\"><span class=\"is--medium\">Disponibilit\u00e9 des pi\u00e8ces d\u00e9tach\u00e9es (donn\u00e9es fournisseur) :<\/span> Pas de pi\u00e8ce disponible\t\t\t\t\t<\/li>\n<li class=\"product-features__item-list__item\" role=\"listitem\"><span class=\"is--medium\">R\u00e9f\u00e9rence constructeur :<\/span> LUNA 3 pour peau mixte\t\t\t\t\t<\/li>\n<li class=\"product-features__item-list__item\" role=\"listitem\"><span class=\"is--medium\">Marque :<\/span> FOREO\t\t\t\t\t<\/li>\n<\/ul>\n<\/li>\n<\/ul>\n<\/div>\n<div class=\"product__disclosure-content\">\n<div class=\"js-read-more product-description__content read-more read-more--truncated\" data-read-more-name=\"description\" style=\"max-height: 500px; overflow: hidden;\">\n<p><strong>LE NETTOYAGE VISAGE LE PLUS DOUX POUR UNE PEAU RADIEUSE<\/strong><\/p>\n<p>LUNA 3 est la version am\u00e9lior\u00e9e par excellence de la tr\u00e8s pl\u00e9biscit\u00e9e gamme LUNA de la marque de beaut\u00e9 su\u00e9doise FOREO. Cet appareil de nettoyage visage \u00e9lectrique \u00e9limine les impuret\u00e9s, l&rsquo;exc\u00e8s de sebum et les cellules mortes en seulement une minute, et maintient ainsi votre peau au top de sa forme. Une t\u00eate de brosse plus grande, des picots plus longs et plus souples par rapport \u00e0 la LUNA 2 de FOREO garantissent un nettoyage plus profond et plus minutieux. Int\u00e9grez-la \u00e0 votre routine du matin et du soir pour profiter de tous les bienfaits d&rsquo;un nettoyage ultra-doux et hygi\u00e9nique avec un choix de 16 niveaux d&rsquo;intensit\u00e9 de pulsations.<\/p>\n<\/p>\n<p><strong>UN NETTOYAGE INCOMPARABLE ET UN MASSAGE CIBL\u00c9<\/strong><\/p>\n<p>En plus du nettoyage, LUNA 3 propose diverses routines de massage qui ciblent des zones sp\u00e9cifiques de votre visage. Disponible exclusivement via l&rsquo;appli FOREO, chaque massage raffermit la peau, lui donnant ainsi une apparence affin\u00e9e et plus jeune. La conception am\u00e9lior\u00e9e de LUNA 3 comprend des picots en silicone dont la forme permet un passage facile sur votre visage, votre cou et votre d\u00e9collet\u00e9, tandis que les pulsations basse-fr\u00e9quence drainent la peau afin de r\u00e9duire le gonflement et diminuer les signes de vieillissement.<\/p>\n<\/p>\n<p>AVANTAGES ET CARACTERISTIQUES<\/p>\n<ul>\n<li>Pour des r\u00e9sultats raffermissement optimaux, utilisez FOREO Serum Serum Serum pendant le mode massage anti-\u00e2ge.<\/li>\n<li>Stimule l&rsquo;absorption de vos produits de soins de la peau pr\u00e9f\u00e9r\u00e9s<\/li>\n<li>R\u00e9duit la visibilit\u00e9 des rides et le rel\u00e2chement cutan\u00e9<\/li>\n<li>Nettoie profond\u00e9ment mais d\u00e9licatement tout en pr\u00e9servant l&rsquo;\u00e9lasticit\u00e9 de la peau<\/li>\n<li>Design am\u00e9lior\u00e9 gr\u00e2ce \u00e0 une t\u00eate de brosse 30% plus grande pour un nettoyage plus efficace<\/li>\n<li>Des picots 30% plus longs pour atteindre les zones difficiles d&rsquo;acc\u00e8s<\/li>\n<li>Des picots 25% plus souples qui glissent sur la peau sans effort<\/li>\n<li>8 000 pulsations T-Sonic par minute avec 16 niveaux d&rsquo;intensit\u00e9<\/li>\n<li>Appareil nettoyant visage et de massage anti-\u00e2ge<\/li>\n<li>Se synchronise \u00e0 l&rsquo;appli FOREO pour s\u00e9lectionner l&rsquo;intensit\u00e9 des pulsations et la routine de massage<\/li>\n<li>Dur\u00e9e de charge de batterie am\u00e9lior\u00e9e pour jusqu&rsquo;\u00e0 650 soins beaut\u00e9 par charge<\/li>\n<li>Fabriqu\u00e9 \u00e0 partir de silicone sans danger pour le corps, sans phtalates ni BPA<\/li>\n<li>100% \u00e9tanche<\/li>\n<li>Garantie Limit\u00e9e de 2 ans<\/li>\n<\/ul>\n<\/div>\n<p><bl-button a11yexpanded=\"false\" arialabel=\"Afficher toute la description\" class=\"read-more__btn\" full=\"false\" link=\"true\">Voir plus<\/bl-button><\/div>","protected":false},"excerpt":{"rendered":"<div class=\"keypoints\">\n<h3 class=\"keypoints__title\">Les points cl\u00e9s<\/h3>\n<ul role=\"list\">\n<li class=\"keypoints__item\" role=\"listitem\">                          Brossette peau normale &#8211;                                                      Brossette exfoliante                      <\/li>\n<li class=\"keypoints__item\" role=\"listitem\">                                        T\u00eate massage                      <\/li>\n<li class=\"keypoints__item\" role=\"listitem\">                          16 vitesses &#8211;                                                      Minuteur                      <\/li>\n<li class=\"keypoints__item\" role=\"listitem\">                          Utilisable sous l&rsquo;eau &#8211;                                                      Fonctionne sans fil                      <\/li>\n<li class=\"keypoints__item keypoints__item--advantage\" role=\"listitem\"><strong>Le + :<\/strong> L&rsquo;alliance de l&rsquo;action nettoyante et du massage pour une peau nette et raffermie      <\/li>\n<\/ul>","protected":false},"featured_media":93200,"template":"","meta":{"_glsr_average":0,"_glsr_ranking":0,"_glsr_reviews":0},"product_cat":[542],"product_tag":[187,543,496],"class_list":{"0":"post-93201","1":"product","2":"type-product","3":"status-publish","4":"has-post-thumbnail","6":"product_cat-brosse-nettoyante-visage","7":"product_tag-beaute-sante","8":"product_tag-brosse-nettoyante-visage","9":"product_tag-soin-visage-corps","11":"first","12":"instock","13":"sale","14":"shipping-taxable","15":"purchasable","16":"product-type-simple"},"_links":{"self":[{"href":"https:\/\/electromenagerexpress.com\/en\/wp-json\/wp\/v2\/product\/93201","targetHints":{"allow":["GET"]}}],"collection":[{"href":"https:\/\/electromenagerexpress.com\/en\/wp-json\/wp\/v2\/product"}],"about":[{"href":"https:\/\/electromenagerexpress.com\/en\/wp-json\/wp\/v2\/types\/product"}],"wp:featuredmedia":[{"embeddable":true,"href":"https:\/\/electromenagerexpress.com\/en\/wp-json\/wp\/v2\/media\/93200"}],"wp:attachment":[{"href":"https:\/\/electromenagerexpress.com\/en\/wp-json\/wp\/v2\/media?parent=93201"}],"wp:term":[{"taxonomy":"product_cat","embeddable":true,"href":"https:\/\/electromenagerexpress.com\/en\/wp-json\/wp\/v2\/product_cat?post=93201"},{"taxonomy":"product_tag","embeddable":true,"href":"https:\/\/electromenagerexpress.com\/en\/wp-json\/wp\/v2\/product_tag?post=93201"}],"curies":[{"name":"wp","href":"https:\/\/api.w.org\/{rel}","templated":true}]}}