{"id":93157,"date":"2024-11-24T18:33:22","date_gmt":"2024-11-24T18:33:22","guid":{"rendered":"https:\/\/electromenagerexpress.com\/product\/appareil-anti-ridesforeobear-2-eyes-lips-artic-blue\/"},"modified":"2024-11-24T18:33:28","modified_gmt":"2024-11-24T18:33:28","slug":"appareil-anti-ridesforeobear-2-eyes-lips-artic-blue","status":"publish","type":"product","link":"https:\/\/electromenagerexpress.com\/en\/product\/appareil-anti-ridesforeobear-2-eyes-lips-artic-blue\/","title":{"rendered":"Appareil anti rides\t\t\t\t\t\t\tFOREO\t\t\t\tBEAR 2 eyes &#038; Lips Artic Blue"},"content":{"rendered":"<div class=\"product-features__content\">\n<ul role=\"list\">\n<li class=\"product-features__item\" role=\"listitem\">\n<h3 class=\"product-features__label\">Caract\u00e9ristique g\u00e9n\u00e9rale<\/h3>\n<ul role=\"list\">\n<li class=\"product-features__item-list__item\" role=\"listitem\"><span class=\"is--medium\">Produit :<\/span> Appareil anti-\u00e2ge\t\t\t\t\t<\/li>\n<li class=\"product-features__item-list__item\" role=\"listitem\"><span class=\"is--medium\">Action :<\/span> Traitement des rides et ridules\t\t\t\t\t<\/li>\n<li class=\"product-features__item-list__item\" role=\"listitem\"><span class=\"is--medium\">Technologie :<\/span> Hyper-infusion qui utilise les r\u00e9actions naturelles de la peau et les pulsations \u00ab\u00a0T-Sonic\u00a0\u00bb pour optimiser au maximum le soin.\t\t\t\t\t<\/li>\n<li class=\"product-features__item-list__item\" role=\"listitem\"><span class=\"is--medium\">Zone de traitement :<\/span> Visage, cou et contour des yeux\t\t\t\t\t<\/li>\n<\/ul>\n<\/li>\n<li class=\"product-features__item\" role=\"listitem\">\n<h3 class=\"product-features__label\">Informations compl\u00e9mentaires<\/h3>\n<ul role=\"list\">\n<li class=\"product-features__item-list__item\" role=\"listitem\"><span class=\"is--medium\">Fabriqu\u00e9 en :<\/span> Chine\t\t\t\t\t<\/li>\n<\/ul>\n<\/li>\n<\/ul>\n<\/div>\n<div class=\"product__disclosure-content\">\n<div class=\"js-read-more product-description__content read-more read-more--truncated\" data-read-more-name=\"description\" style=\"max-height: 500px; overflow: hidden;\">\n<p>BEAR 2 eyes &amp; lips est le h\u00e9ros des appareils de tonification pour le visage \u00e0 micro-courant pour traiter les l\u00e8vres et les poches. \u00c9liminez les cernes persistants et le rel\u00e2chement des l\u00e8vres pour un visage frais et repos\u00e9.<\/p>\n<p>EFFACEZ LES RIDES, GARDEZ LES SOUVENIRS<br \/>Vivez, riez, aimez, pleurez&#8230; vivez pleinement votre vie, mais n&rsquo;en montrez pas la moindre trace. Con\u00e7u pour tenir les rides et ridules \u00e0 distance gr\u00e2ce \u00e0 un appareil de massage \u00e0 micro-courant, BEAR 2 eyes &amp; lips utilise jusqu&rsquo;\u00e0 270 uA de micro-courant pour estomper les premiers signes de vieillissement sur le contour des yeux et de la bouche. Le traitement anti poche sous les yeux parfait tonifie les yeux affaiss\u00e9s, lifte les sourcils et volumise les l\u00e8vres &#8211; pour un rafra\u00eechissement instantan\u00e9. Il estompe naturellement et sans douleur les poches, les pattes d&rsquo;oie et les rides du sourire, stimule la circulation, \u00e9claircit le contour des yeux et repulpe les l\u00e8vres. Bien que l\u00e9ger, l&rsquo;appareil massage visage \u00e9lectrique non invasif est dot\u00e9 de deux sph\u00e8res pour cibler les rides individuellement, de 10 intensit\u00e9s de micro-courant r\u00e9glables et d&rsquo;un traitement intense par micro-courant de 2 minutes pour raffermir, lifter, modeler et am\u00e9liorer visiblement les ridules, la fermet\u00e9 et l&rsquo;\u00e9lasticit\u00e9 en une semaine. L&rsquo;appareil anti poche pour les yeux et repulpant pour les l\u00e8vres met en valeur les l\u00e8vres et r\u00e9duit l&rsquo;affaissement et le creux sous les yeux tout en estompant la pigmentation et en donnant un effet bonne mine.<\/p>\n<p>Le syst\u00e8me brevet\u00e9 Anti-Shock System 2.0 garantit un confort d&rsquo;utilisation optimal et l&rsquo;absence de chocs ! Pour une s\u00e9curit\u00e9 maximale et de meilleurs r\u00e9sultats, les appareils \u00e0 micro-courant doivent \u00eatre utilis\u00e9s avec un support conducteur, que vous pouvez facilement ranger dans une capsule amovible. Parmi les produits de traitement des l\u00e8vres et des yeux, nous recommandons le conducteur SUPERCHARGED Eye &amp; Lip Contour Booster, mis au point pour \u00eatre utilis\u00e9 avec la technologie \u00e0 micro-courant de FOREO et con\u00e7u pour repulper, lisser et illuminer instantan\u00e9ment le contour des yeux et mettre en valeur les l\u00e8vres.<\/p>\n<\/div>\n<p><bl-button a11yexpanded=\"false\" arialabel=\"Afficher toute la description\" class=\"read-more__btn\" full=\"false\" link=\"true\"><\/bl-button><\/div>","protected":false},"excerpt":{"rendered":"<div class=\"keypoints\">\n<h3 class=\"keypoints__title\">Les points cl\u00e9s<\/h3>\n<ul role=\"list\">\n<li class=\"keypoints__item\" role=\"listitem\">                                        Luttez contre le vieillissement                      <\/li>\n<li class=\"keypoints__item\" role=\"listitem\">                                        Diminue les rides                      <\/li>\n<\/ul>","protected":false},"featured_media":93156,"template":"","meta":{"_glsr_average":0,"_glsr_ranking":0,"_glsr_reviews":0},"product_cat":[512],"product_tag":[513,187,496],"class_list":{"0":"post-93157","1":"product","2":"type-product","3":"status-publish","4":"has-post-thumbnail","6":"product_cat-appareil-soin-visage","7":"product_tag-appareil-soin-visage","8":"product_tag-beaute-sante","9":"product_tag-soin-visage-corps","11":"first","12":"instock","13":"sale","14":"shipping-taxable","15":"purchasable","16":"product-type-simple"},"_links":{"self":[{"href":"https:\/\/electromenagerexpress.com\/en\/wp-json\/wp\/v2\/product\/93157","targetHints":{"allow":["GET"]}}],"collection":[{"href":"https:\/\/electromenagerexpress.com\/en\/wp-json\/wp\/v2\/product"}],"about":[{"href":"https:\/\/electromenagerexpress.com\/en\/wp-json\/wp\/v2\/types\/product"}],"wp:featuredmedia":[{"embeddable":true,"href":"https:\/\/electromenagerexpress.com\/en\/wp-json\/wp\/v2\/media\/93156"}],"wp:attachment":[{"href":"https:\/\/electromenagerexpress.com\/en\/wp-json\/wp\/v2\/media?parent=93157"}],"wp:term":[{"taxonomy":"product_cat","embeddable":true,"href":"https:\/\/electromenagerexpress.com\/en\/wp-json\/wp\/v2\/product_cat?post=93157"},{"taxonomy":"product_tag","embeddable":true,"href":"https:\/\/electromenagerexpress.com\/en\/wp-json\/wp\/v2\/product_tag?post=93157"}],"curies":[{"name":"wp","href":"https:\/\/api.w.org\/{rel}","templated":true}]}}