{"id":93144,"date":"2024-11-24T18:33:08","date_gmt":"2024-11-24T18:33:08","guid":{"rendered":"https:\/\/electromenagerexpress.com\/product\/masque-led-intelligentaduromasque-visage-mk-03ae\/"},"modified":"2024-11-24T18:33:13","modified_gmt":"2024-11-24T18:33:13","slug":"masque-led-intelligentaduromasque-visage-mk-03ae","status":"publish","type":"product","link":"https:\/\/electromenagerexpress.com\/en\/product\/masque-led-intelligentaduromasque-visage-mk-03ae\/","title":{"rendered":"Masque LED intelligent\t\t\t\t\t\t\tADURO\t\t\t\tMasque visage MK-03AE"},"content":{"rendered":"<div class=\"product-features__content\">\n<ul role=\"list\">\n<li class=\"product-features__item\" role=\"listitem\">\n<h3 class=\"product-features__label\">Caract\u00e9ristique g\u00e9n\u00e9rale<\/h3>\n<ul role=\"list\">\n<li class=\"product-features__item-list__item\" role=\"listitem\"><span class=\"is--medium\">Produit :<\/span> Masque LED anti-\u00e2ge et anti imperfections\t\t\t\t\t<\/li>\n<li class=\"product-features__item-list__item\" role=\"listitem\"><span class=\"is--medium\">Action :<\/span> Les spectres LED p\u00e9n\u00e8trent selon leur couleur dans des couches pr\u00e9cises de la peau afin d&rsquo;agir sur la probl\u00e9matique cibl\u00e9e.\t\t\t\t\t<\/li>\n<li class=\"product-features__item-list__item\" role=\"listitem\"><span class=\"is--medium\">Technologie :<\/span> Rouge et Infrarouge\t\t\t\t\t<\/li>\n<li class=\"product-features__item-list__item\" role=\"listitem\"><span class=\"is--medium\">Zone de traitement :<\/span> Visage\t\t\t\t\t<\/li>\n<li class=\"product-features__item-list__item\" role=\"listitem\"><span class=\"is--medium\">Spectre lumineux :<\/span> LED rouges : 640 nm, LED bleues : 470 nm, LED jaunes : 590 nm, LED violettes : 400 nm\t\t\t\t\t<\/li>\n<li class=\"product-features__item-list__item\" role=\"listitem\"><span class=\"is--medium\">Affichage :<\/span> LED\t\t\t\t\t<\/li>\n<li class=\"product-features__item-list__item\" role=\"listitem\"><span class=\"is--medium\">Alimentation :<\/span> Rechargeable\t\t\t\t\t<\/li>\n<li class=\"product-features__item-list__item\" role=\"listitem\"><span class=\"is--medium\">Autonomie :<\/span> 2 h\t\t\t\t\t<\/li>\n<\/ul>\n<\/li>\n<li class=\"product-features__item\" role=\"listitem\">\n<h3 class=\"product-features__label\">Utilisation<\/h3>\n<ul role=\"list\">\n<li class=\"product-features__item-list__item\" role=\"listitem\"><span class=\"is--medium\">Dur\u00e9e d&rsquo;utilisation :<\/span> 10 \u00e0 15min par s\u00e9ance\t\t\t\t\t<\/li>\n<li class=\"product-features__item-list__item\" role=\"listitem\"><span class=\"is--medium\">R\u00e9sultat :<\/span> votre peau est revitalis\u00e9e et votre teint est \u00e9clatant de sant\u00e9\t\t\t\t\t<\/li>\n<\/ul>\n<\/li>\n<li class=\"product-features__item\" role=\"listitem\">\n<h3 class=\"product-features__label\">Accessoire<\/h3>\n<ul role=\"list\">\n<li class=\"product-features__item-list__item\" role=\"listitem\"><span class=\"is--medium\">Autre accessoire :<\/span> Bande de maintient pour le haut du masque\t\t\t\t\t<\/li>\n<\/ul>\n<\/li>\n<li class=\"product-features__item\" role=\"listitem\">\n<h3 class=\"product-features__label\">Informations compl\u00e9mentaires<\/h3>\n<ul role=\"list\">\n<li class=\"product-features__item-list__item\" role=\"listitem\"><span class=\"is--medium\">Fabriqu\u00e9 en :<\/span> Chine\t\t\t\t\t<\/li>\n<li class=\"product-features__item-list__item\" role=\"listitem\"><span class=\"is--medium\">Garantie :<\/span> 2 ans\t\t\t\t\t<\/li>\n<\/ul>\n<\/li>\n<li class=\"product-features__item\" role=\"listitem\">\n<h3 class=\"product-features__label\">Dimensions<\/h3>\n<ul role=\"list\">\n<li class=\"product-features__item-list__item\" role=\"listitem\"><span class=\"is--medium\">Poids net :<\/span> 0,2 kg\t\t\t\t\t<\/li>\n<\/ul>\n<\/li>\n<\/ul>\n<\/div>\n<div class=\"product__disclosure-content\">\n<div class=\"js-read-more product-description__content read-more read-more--truncated\" data-read-more-name=\"description\" style=\"max-height: 500px; overflow: hidden;\">\n<div class=\"product__description-content read-more\" style=\"\">\n<p>Luminoth\u00e9rapie de pointe avec le Masque visage ADURO MK-03AE<\/p>\n<h3> <img fetchpriority=\"high\" decoding=\"async\" ,=\"\" alt=\"Luminoth\u00e9rapie ADURO Masque visage MK-03AE\" class=\"wy_tableau_gauche\" height=\"270\" src=\"https:\/\/boulanger.scene7.com\/is\/image\/Boulanger\/6970006971137_h_f_l_0?wid=400&amp;hei=270\" width=\"400\"\/>Innovation et soins personnalis\u00e9s                    <\/h3>\n<p>                        Plongez dans l&rsquo;\u00e8re de l&rsquo;innovation en mati\u00e8re de soins de la peau avec le Masque visage ADURO MK-03AE. Con\u00e7u pour offrir des soins du visage dignes d&rsquo;un spa \u00e0 domicile, ce masque avanc\u00e9 utilise la technologie de 7 + 1 Light waves pour des traitements cibl\u00e9s adapt\u00e9s \u00e0 chaque besoin sp\u00e9cifique de la peau. Les diff\u00e9rentes longueurs d&rsquo;onde LED, allant du proche-infrarouge au pourpre, permettent de r\u00e9pondre \u00e0 une large gamme de pr\u00e9occupations cutan\u00e9es, telles que l&rsquo;att\u00e9nuation des signes de l&rsquo;\u00e2ge, l&rsquo;am\u00e9lioration de la clart\u00e9 de la peau ou encore la r\u00e9duction des inflammations cutan\u00e9es.                    <\/p>\n<\/p>\n<h3> <img decoding=\"async\" ,=\"\" alt=\"Luminoth\u00e9rapie ADURO Masque visage MK-03AE\" class=\"wy_tableau_right\" height=\"270\" src=\"https:\/\/boulanger.scene7.com\/is\/image\/Boulanger\/6970006971137_h_f_l_1?wid=400&amp;hei=270\" width=\"400\"\/>Confort et facilit\u00e9 d&rsquo;utilisation                    <\/h3>\n<p>                        Le Masque visage ADURO MK-03AE allie performance et confort. Avec un poids plume de 152 grammes et des dimensions de 310&#215;223.3&#215;8.4mm, il est con\u00e7u pour une utilisation quotidienne sans contrainte. Son autonomie est assur\u00e9e par une batterie Lithium-ion de 2600mAh, n\u00e9cessitant seulement 4 heures de charge pour une utilisation compl\u00e8te. Chaque s\u00e9ance de traitement dure 20 minutes, int\u00e9grant 66 LEDs Triple et 20 LEDs Simple Infrarouge, avec une densit\u00e9 de puissance optique de 30 mw\/cm\u00b2, pour une efficacit\u00e9 maximale. Profitez d&rsquo;une exp\u00e9rience de soin du visage \u00e0 la fois pratique et avanc\u00e9e, directement chez vous.                    <\/p>\n<\/p><\/div>\n<\/p>\n<\/div>\n<p><bl-button a11yexpanded=\"false\" arialabel=\"Afficher toute la description\" class=\"read-more__btn\" full=\"false\" link=\"true\"><\/bl-button><\/div>","protected":false},"excerpt":{"rendered":"<div class=\"keypoints\">\n<h3 class=\"keypoints__title\">Les points cl\u00e9s<\/h3>\n<ul role=\"list\">\n<li class=\"keypoints__item\" role=\"listitem\">                                        Masque LED                      <\/li>\n<li class=\"keypoints__item\" role=\"listitem\">                                        Agit sur des probl\u00e8mes de peaux sp\u00e9cifiques                      <\/li>\n<li class=\"keypoints__item\" role=\"listitem\">                                        Fonctionne sans fil                      <\/li>\n<\/ul>","protected":false},"featured_media":93143,"template":"","meta":{"_glsr_average":0,"_glsr_ranking":0,"_glsr_reviews":0},"product_cat":[512],"product_tag":[513,187,496],"class_list":{"0":"post-93144","1":"product","2":"type-product","3":"status-publish","4":"has-post-thumbnail","6":"product_cat-appareil-soin-visage","7":"product_tag-appareil-soin-visage","8":"product_tag-beaute-sante","9":"product_tag-soin-visage-corps","11":"first","12":"instock","13":"sale","14":"shipping-taxable","15":"purchasable","16":"product-type-simple"},"_links":{"self":[{"href":"https:\/\/electromenagerexpress.com\/en\/wp-json\/wp\/v2\/product\/93144","targetHints":{"allow":["GET"]}}],"collection":[{"href":"https:\/\/electromenagerexpress.com\/en\/wp-json\/wp\/v2\/product"}],"about":[{"href":"https:\/\/electromenagerexpress.com\/en\/wp-json\/wp\/v2\/types\/product"}],"wp:featuredmedia":[{"embeddable":true,"href":"https:\/\/electromenagerexpress.com\/en\/wp-json\/wp\/v2\/media\/93143"}],"wp:attachment":[{"href":"https:\/\/electromenagerexpress.com\/en\/wp-json\/wp\/v2\/media?parent=93144"}],"wp:term":[{"taxonomy":"product_cat","embeddable":true,"href":"https:\/\/electromenagerexpress.com\/en\/wp-json\/wp\/v2\/product_cat?post=93144"},{"taxonomy":"product_tag","embeddable":true,"href":"https:\/\/electromenagerexpress.com\/en\/wp-json\/wp\/v2\/product_tag?post=93144"}],"curies":[{"name":"wp","href":"https:\/\/api.w.org\/{rel}","templated":true}]}}