{"id":93026,"date":"2024-11-24T18:30:54","date_gmt":"2024-11-24T18:30:54","guid":{"rendered":"https:\/\/electromenagerexpress.com\/product\/casque-gamerrazerblackshark-v2-pro-white-edition\/"},"modified":"2024-11-24T18:30:56","modified_gmt":"2024-11-24T18:30:56","slug":"casque-gamerrazerblackshark-v2-pro-white-edition","status":"publish","type":"product","link":"https:\/\/electromenagerexpress.com\/en\/product\/casque-gamerrazerblackshark-v2-pro-white-edition\/","title":{"rendered":"Casque gamer\t\t\t\t\t\t\tRAZER\t\t\t\tBlackshark V2 Pro &#8211; White Edition"},"content":{"rendered":"<div class=\"product-features__content\">\n<ul role=\"list\">\n<li class=\"product-features__item\" role=\"listitem\">\n<h3 class=\"product-features__label\">Construction<\/h3>\n<ul role=\"list\">\n<li class=\"product-features__item-list__item\" role=\"listitem\"><span class=\"is--medium\">Produit :<\/span> casque sans fil\t\t\t\t\t<\/li>\n<li class=\"product-features__item-list__item\" role=\"listitem\"><span class=\"is--medium\">Connexion :<\/span> sans fil\t\t\t\t\t<\/li>\n<li class=\"product-features__item-list__item\" role=\"listitem\"><span class=\"is--medium\">Utilisation :<\/span> Gamer\t\t\t\t\t<\/li>\n<li class=\"product-features__item-list__item\" role=\"listitem\"><span class=\"is--medium\">Autonomie :<\/span> jusqu&rsquo;\u00e0 20 heures\t\t\t\t\t<\/li>\n<li class=\"product-features__item-list__item\" role=\"listitem\"><span class=\"is--medium\">R\u00e9tro\u00e9clairage :<\/span> non concern\u00e9\t\t\t\t\t<\/li>\n<\/ul>\n<\/li>\n<li class=\"product-features__item\" role=\"listitem\">\n<h3 class=\"product-features__label\">Caract\u00e9ristiques sonores<\/h3>\n<ul role=\"list\">\n<li class=\"product-features__item-list__item\" role=\"listitem\"><span class=\"is--medium\">R\u00e9ponse en fr\u00e9quence :<\/span> 12 Hz &#8211; 28 KHz\t\t\t\t\t<\/li>\n<li class=\"product-features__item-list__item\" role=\"listitem\"><span class=\"is--medium\">Le saviez-vous ? :<\/span> repr\u00e9sente la plage de fr\u00e9quence couverte par le casque, du grave \u00e0 l&rsquo;aigu. La plage de fr\u00e9quence de fonctionnement de l&rsquo;oreille humaine est de 20 Hz (son le plus grave) \u00e0 20 kHz (son le plus aigu)\t\t\t\t\t<\/li>\n<li class=\"product-features__item-list__item\" role=\"listitem\"><span class=\"is--medium\">Imp\u00e9dance :<\/span> 32 Ohms\t\t\t\t\t<\/li>\n<li class=\"product-features__item-list__item\" role=\"listitem\"><span class=\"is--medium\">Sensibilit\u00e9 :<\/span> 100\t\t\t\t\t<\/li>\n<li class=\"product-features__item-list__item\" role=\"listitem\"><span class=\"is--medium\">Plus d&rsquo;information sur la sensibilit\u00e9 :<\/span> d\u00e9termine la capacit\u00e9 d&rsquo;un casque \u00e0 fournir une puissance donn\u00e9e. Plus elle est grande, plus la qualit\u00e9 audio est grande\t\t\t\t\t<\/li>\n<li class=\"product-features__item-list__item\" role=\"listitem\"><span class=\"is--medium\">Type de son :<\/span> surround\t\t\t\t\t<\/li>\n<li class=\"product-features__item-list__item\" role=\"listitem\"><span class=\"is--medium\">Volume r\u00e9glable :<\/span> oui\t\t\t\t\t<\/li>\n<li class=\"product-features__item-list__item\" role=\"listitem\"><span class=\"is--medium\">Bouton coupure du son :<\/span> oui\t\t\t\t\t<\/li>\n<\/ul>\n<\/li>\n<li class=\"product-features__item\" role=\"listitem\">\n<h3 class=\"product-features__label\">Micro<\/h3>\n<ul role=\"list\">\n<li class=\"product-features__item-list__item\" role=\"listitem\"><span class=\"is--medium\">Type de micro :<\/span> orientable\t\t\t\t\t<\/li>\n<li class=\"product-features__item-list__item\" role=\"listitem\"><span class=\"is--medium\">Technologie :<\/span> cardio\u00efde : enregistre les sons \u00e0 l&rsquo;avant et l\u00e9g\u00e8rement sur les c\u00f4t\u00e9s du micro. Il rejette les sons qui proviennent de l&rsquo;arri\u00e8re du micro. Il est id\u00e9al pour capturer des bruitages, des voix ou des instruments de musique\t\t\t\t\t<\/li>\n<li class=\"product-features__item-list__item\" role=\"listitem\"><span class=\"is--medium\">Micro avec r\u00e9ducteur de bruit :<\/span> Oui\t\t\t\t\t<\/li>\n<\/ul>\n<\/li>\n<li class=\"product-features__item\" role=\"listitem\">\n<h3 class=\"product-features__label\">Connectivit\u00e9<\/h3>\n<ul role=\"list\">\n<li class=\"product-features__item-list__item\" role=\"listitem\"><span class=\"is--medium\">D\u00e9tails :<\/span> USB, Bluetooth\t\t\t\t\t<\/li>\n<\/ul>\n<\/li>\n<li class=\"product-features__item\" role=\"listitem\">\n<h3 class=\"product-features__label\">Compatibilit\u00e9<\/h3>\n<ul role=\"list\">\n<li class=\"product-features__item-list__item\" role=\"listitem\"><span class=\"is--medium\">D\u00e9tails :<\/span> PC\t\t\t\t\t<\/li>\n<\/ul>\n<\/li>\n<li class=\"product-features__item\" role=\"listitem\">\n<h3 class=\"product-features__label\">Contenu de la bo\u00eete<\/h3>\n<ul role=\"list\">\n<li class=\"product-features__item-list__item\" role=\"listitem\"><span class=\"is--medium\">Livr\u00e9 avec :<\/span> Notice\t\t\t\t\t<\/li>\n<\/ul>\n<\/li>\n<li class=\"product-features__item\" role=\"listitem\">\n<h3 class=\"product-features__label\">Dimensions<\/h3>\n<ul role=\"list\">\n<li class=\"product-features__item-list__item\" role=\"listitem\"><span class=\"is--medium\">Dimensions l x h x p :<\/span> 21.8 x 11.6 x 24.6 cm\t\t\t\t\t<\/li>\n<li class=\"product-features__item-list__item\" role=\"listitem\"><span class=\"is--medium\">Poids Net (kg) :<\/span> 710 g\t\t\t\t\t<\/li>\n<\/ul>\n<\/li>\n<li class=\"product-features__item\" role=\"listitem\">\n<h3 class=\"product-features__label\">Collection<\/h3>\n<ul role=\"list\">\n<li class=\"product-features__item-list__item\" role=\"listitem\"><span class=\"is--medium\">Connexion :<\/span> sans fil\t\t\t\t\t<\/li>\n<li class=\"product-features__item-list__item\" role=\"listitem\"><span class=\"is--medium\">Mod\u00e8le collection :<\/span> sans fil\t\t\t\t\t<\/li>\n<\/ul>\n<\/li>\n<li class=\"product-features__item\" role=\"listitem\">\n<h3 class=\"product-features__label\">Informations compl\u00e9mentaires<\/h3>\n<ul role=\"list\">\n<li class=\"product-features__item-list__item\" role=\"listitem\"><span class=\"is--medium\">Fabriqu\u00e9 en :<\/span> Chine\t\t\t\t\t<\/li>\n<li class=\"product-features__item-list__item\" role=\"listitem\"><span class=\"is--medium\">Disponibilit\u00e9 des pi\u00e8ces d\u00e9tach\u00e9es (donn\u00e9es fournisseur) :<\/span> Pas de pi\u00e8ce disponible\t\t\t\t\t<\/li>\n<\/ul>\n<\/li>\n<\/ul>\n<\/div>\n<div class=\"product__disclosure-content\">\n<div class=\"js-read-more product-description__content read-more read-more--truncated\" data-read-more-name=\"description\" style=\"max-height: 500px; overflow: hidden;\">\n<p>Pour profiter d&rsquo;un audio sans perte avec une latence r\u00e9duite au minimum, Razer a con\u00e7u son casque gaming Blackshark V2 Pro. Les haut-parleurs en titane de 50 mm offriront un son puissant, d\u00e9taill\u00e9 et \u00e9quilibr\u00e9 tout en donnant plus de clart\u00e9 \u00e0 toutes les voix. Vos communications avec vos co\u00e9quipiers seront des plus claires gr\u00e2ce au microphone Razer EverClear amovible.<\/p>\n<h3><img fetchpriority=\"high\" decoding=\"async\" ,=\"\" alt=\"Casque RAZER Blackshark V2 Pro\" class=\"wy_tableau_gauche\" height=\"270\" src=\"https:\/\/boulanger.scene7.com\/is\/image\/Boulanger\/8886419379447_h_f_l_0?wid=400&amp;hei=270\" width=\"400\"\/>Un son sans perte<\/h3>\n<p>Gr\u00e2ce \u00e0 la <b>technologie Hyperspeed Wireless<\/b>, Razer permet \u00e0 son casque gaming Blackshark V2 Pro de proposer une <b>transmission haute vitesse avec une latence extr\u00eamement faible<\/b> pour une exp\u00e9rience sonore sans perte toujours synchronis\u00e9 avec votre jeu.<\/p>\n<p>Dot\u00e9 de <b>haut-parleurs 50 mm Razer TriForce Titanium<\/b>, le casque Blackshark V2 Pro offre un son haut de gamme. Ces haut-parleurs peuvent ainsi livrer des basses profondes et puissantes et un son clair et plus d\u00e9taill\u00e9. Ceux-ci sont \u00e9galement con\u00e7us pour reproduire avec clart\u00e9 les voix pour que vous puissiez parfaitement entendre vos co\u00e9quipiers. <\/p>\n<h3><img decoding=\"async\" ,=\"\" alt=\"Casque RAZER Blackshark V2 Pro\" class=\"wy_tableau_right\" height=\"270\" src=\"https:\/\/boulanger.scene7.com\/is\/image\/Boulanger\/8886419379447_h_f_l_1?wid=400&amp;hei=270\" width=\"400\"\/>Communiquez avec clart\u00e9<\/h3>\n<p>Pour une bonne communication avec vos co\u00e9quipiers, le Razer Blackshark V2 Pro dispose d&rsquo;un <b>microphone supercardio\u00efde Razer EverClear<\/b> pour capturer avec clart\u00e9 votre voix et couper le bruit ambiant sur les c\u00f4t\u00e9s et \u00e0 l&rsquo;arri\u00e8re du micro. Le <b>logiciel Razer Synapse 3<\/b> donnera acc\u00e8s \u00e0 divers param\u00e8tres avanc\u00e9s du micro.<\/p>\n<p>Les <b>coussinets d&rsquo;oreille en mousse \u00e0 m\u00e9moire de forme Flowknit<\/b> minimisent la transpiration et la chaleur pour un port confortable pendant les longues sessions de jeu. De type ferm\u00e9, le Blackshark V2 Pro vous isolera du bruit ambiant de mani\u00e8re passive pour mieux appr\u00e9cier le son et b\u00e9n\u00e9ficier du <b>THX Spatial Audio<\/b> dans les jeux compatibles.<\/p>\n<\/p>\n<\/div>\n<p><bl-button a11yexpanded=\"false\" arialabel=\"Afficher toute la description\" class=\"read-more__btn\" full=\"false\" link=\"true\"><\/bl-button><\/div>","protected":false},"excerpt":{"rendered":"<div class=\"keypoints\">\n<h3 class=\"keypoints__title\">Les points cl\u00e9s<\/h3>\n<ul role=\"list\">\n<li class=\"keypoints__item\" role=\"listitem\">                                        Connectivit\u00e9 : Bluetooth                      <\/li>\n<li class=\"keypoints__item\" role=\"listitem\">                                        Autonomie : jusqu&rsquo;\u00e0 20 heures                      <\/li>\n<li class=\"keypoints__item\" role=\"listitem\">                          Poids : 710 grammes &#8211;                                                      R\u00e9ducteur de bruit                      <\/li>\n<li class=\"keypoints__item\" role=\"listitem\">                                        Compatible : PC                      <\/li>\n<\/ul>","protected":false},"featured_media":93025,"template":"","meta":{"_glsr_average":0,"_glsr_ranking":0,"_glsr_reviews":0},"product_cat":[520],"product_tag":[523,521,522],"class_list":{"0":"post-93026","1":"product","2":"type-product","3":"status-publish","4":"has-post-thumbnail","6":"product_cat-casque-gamer","7":"product_tag-casque-gamer","8":"product_tag-informatique-tablette","9":"product_tag-peripherique-gamer","11":"first","12":"instock","13":"shipping-taxable","14":"purchasable","15":"product-type-simple"},"_links":{"self":[{"href":"https:\/\/electromenagerexpress.com\/en\/wp-json\/wp\/v2\/product\/93026","targetHints":{"allow":["GET"]}}],"collection":[{"href":"https:\/\/electromenagerexpress.com\/en\/wp-json\/wp\/v2\/product"}],"about":[{"href":"https:\/\/electromenagerexpress.com\/en\/wp-json\/wp\/v2\/types\/product"}],"wp:featuredmedia":[{"embeddable":true,"href":"https:\/\/electromenagerexpress.com\/en\/wp-json\/wp\/v2\/media\/93025"}],"wp:attachment":[{"href":"https:\/\/electromenagerexpress.com\/en\/wp-json\/wp\/v2\/media?parent=93026"}],"wp:term":[{"taxonomy":"product_cat","embeddable":true,"href":"https:\/\/electromenagerexpress.com\/en\/wp-json\/wp\/v2\/product_cat?post=93026"},{"taxonomy":"product_tag","embeddable":true,"href":"https:\/\/electromenagerexpress.com\/en\/wp-json\/wp\/v2\/product_tag?post=93026"}],"curies":[{"name":"wp","href":"https:\/\/api.w.org\/{rel}","templated":true}]}}