{"id":92998,"date":"2024-11-24T18:30:22","date_gmt":"2024-11-24T18:30:22","guid":{"rendered":"https:\/\/electromenagerexpress.com\/product\/casque-gamerastroa50-sans-fil-xbox-one-station-daccueil\/"},"modified":"2024-11-24T18:30:36","modified_gmt":"2024-11-24T18:30:36","slug":"casque-gamerastroa50-sans-fil-xbox-one-station-daccueil","status":"publish","type":"product","link":"https:\/\/electromenagerexpress.com\/en\/product\/casque-gamerastroa50-sans-fil-xbox-one-station-daccueil\/","title":{"rendered":"Casque gamer\t\t\t\t\t\t\tASTRO\t\t\t\tA50 sans fil Xbox One +Station d&rsquo;accueil"},"content":{"rendered":"<div class=\"product-features__content\">\n<ul role=\"list\">\n<li class=\"product-features__item\" role=\"listitem\">\n<h3 class=\"product-features__label\">Construction<\/h3>\n<ul role=\"list\">\n<li class=\"product-features__item-list__item\" role=\"listitem\"><span class=\"is--medium\">Produit :<\/span> casque sans fil\t\t\t\t\t<\/li>\n<li class=\"product-features__item-list__item\" role=\"listitem\"><span class=\"is--medium\">Forme du casque :<\/span> circum-aural : le casque enveloppe compl\u00e8tement les oreilles. Ce type de casque offre un bon confort sur la dur\u00e9e\t\t\t\t\t<\/li>\n<li class=\"product-features__item-list__item\" role=\"listitem\"><span class=\"is--medium\">Connexion :<\/span> sans fil\t\t\t\t\t<\/li>\n<li class=\"product-features__item-list__item\" role=\"listitem\"><span class=\"is--medium\">Utilisation :<\/span> Gamer\t\t\t\t\t<\/li>\n<li class=\"product-features__item-list__item\" role=\"listitem\"><span class=\"is--medium\">Autonomie :<\/span> non communiqu\u00e9\t\t\t\t\t<\/li>\n<li class=\"product-features__item-list__item\" role=\"listitem\"><span class=\"is--medium\">R\u00e9tro\u00e9clairage :<\/span> non concern\u00e9\t\t\t\t\t<\/li>\n<\/ul>\n<\/li>\n<li class=\"product-features__item\" role=\"listitem\">\n<h3 class=\"product-features__label\">Caract\u00e9ristiques sonores<\/h3>\n<ul role=\"list\">\n<li class=\"product-features__item-list__item\" role=\"listitem\"><span class=\"is--medium\">Type de son :<\/span> dolby surround 7.1\t\t\t\t\t<\/li>\n<\/ul>\n<\/li>\n<li class=\"product-features__item\" role=\"listitem\">\n<h3 class=\"product-features__label\">Micro<\/h3>\n<ul role=\"list\">\n<li class=\"product-features__item-list__item\" role=\"listitem\"><span class=\"is--medium\">Type de micro :<\/span> int\u00e9gr\u00e9\t\t\t\t\t<\/li>\n<li class=\"product-features__item-list__item\" role=\"listitem\"><span class=\"is--medium\">Micro avec r\u00e9ducteur de bruit :<\/span> Oui\t\t\t\t\t<\/li>\n<\/ul>\n<\/li>\n<li class=\"product-features__item\" role=\"listitem\">\n<h3 class=\"product-features__label\">Connectivit\u00e9<\/h3>\n<ul role=\"list\">\n<li class=\"product-features__item-list__item\" role=\"listitem\"><span class=\"is--medium\">D\u00e9tails :<\/span> Jack 3,5 mm, Bluetooth\t\t\t\t\t<\/li>\n<\/ul>\n<\/li>\n<li class=\"product-features__item\" role=\"listitem\">\n<h3 class=\"product-features__label\">Compatibilit\u00e9<\/h3>\n<ul role=\"list\">\n<li class=\"product-features__item-list__item\" role=\"listitem\"><span class=\"is--medium\">D\u00e9tails :<\/span> PC\t\t\t\t\t<\/li>\n<\/ul>\n<\/li>\n<li class=\"product-features__item\" role=\"listitem\">\n<h3 class=\"product-features__label\">Contenu de la bo\u00eete<\/h3>\n<ul role=\"list\">\n<li class=\"product-features__item-list__item\" role=\"listitem\"><span class=\"is--medium\">Livr\u00e9 avec :<\/span> Notice\t\t\t\t\t<\/li>\n<\/ul>\n<\/li>\n<li class=\"product-features__item\" role=\"listitem\">\n<h3 class=\"product-features__label\">Dimensions<\/h3>\n<ul role=\"list\">\n<li class=\"product-features__item-list__item\" role=\"listitem\"><span class=\"is--medium\">Poids Net (kg) :<\/span> 2 kg\t\t\t\t\t<\/li>\n<\/ul>\n<\/li>\n<li class=\"product-features__item\" role=\"listitem\">\n<h3 class=\"product-features__label\">Collection<\/h3>\n<ul role=\"list\">\n<li class=\"product-features__item-list__item\" role=\"listitem\"><span class=\"is--medium\">Connexion :<\/span> sans fil\t\t\t\t\t<\/li>\n<li class=\"product-features__item-list__item\" role=\"listitem\"><span class=\"is--medium\">Mod\u00e8le collection :<\/span> sans fil\t\t\t\t\t<\/li>\n<\/ul>\n<\/li>\n<li class=\"product-features__item\" role=\"listitem\">\n<h3 class=\"product-features__label\">Informations compl\u00e9mentaires<\/h3>\n<ul role=\"list\">\n<li class=\"product-features__item-list__item\" role=\"listitem\"><span class=\"is--medium\">Fabriqu\u00e9 en :<\/span> Chine\t\t\t\t\t<\/li>\n<li class=\"product-features__item-list__item\" role=\"listitem\"><span class=\"is--medium\">Disponibilit\u00e9 des pi\u00e8ces d\u00e9tach\u00e9es (donn\u00e9es fournisseur) :<\/span> Pas de pi\u00e8ce disponible\t\t\t\t\t<\/li>\n<\/ul>\n<\/li>\n<\/ul>\n<\/div>\n<div class=\"product__disclosure-content\">\n<div class=\"js-read-more product-description__content\" data-read-more-name=\"description\" style=\"max-height: 500px; overflow: hidden;\">\n<p>\u2022 Syst\u00e8me audio ASTRO V2 &#8211; En offrant un spectre de fr\u00e9quences fluide et pr\u00e9cis, le syst\u00e8me audio ASTRO V2 fournit des aigus nets, des m\u00e9diums contr\u00f4l\u00e9s et des basses sans aucune distorsion pour des conversations, de la musique et des sons de jeu clairs.\u2022 Dolby Audio\u2122 &#8211; Plongez-vous dans le jeu gr\u00e2ce \u00e0 une directivit\u00e9 sonore et un audio cin\u00e9matique haute r\u00e9solution qui vous donnent un avantage comp\u00e9titif.\u2022 Dolby\u00ae Atmos (disponible uniquement pour la version Xbox) &#8211; L&rsquo;audio spatial lib\u00e8re le son du jeu des restrictions li\u00e9es aux canaux, et lui permet d&rsquo;\u00e9voluer dans un espace tridimensionnel incluant notamment les positions situ\u00e9es au-dessus et en-dessous de l&rsquo;auditeur.\u2022 \u00c9quilibre entre le son des jeux et la communication vocale &#8211; vous avez le contr\u00f4le total de votre jeu et de la conversation audio \u00e0 l&rsquo;aide des commandes int\u00e9gr\u00e9es \u00e0 votre casque.\u2022 Logiciel Centre de commande ASTRO: ajustez vos pr\u00e9f\u00e9rences audio et de communication vocale \u00e0 vos besoins. Vous pouvez cr\u00e9er et partager des profils d&rsquo;\u00e9galiseur personnalis\u00e9s ainsi qu&rsquo;ajuster les param\u00e8tres de filtre antiparasites et de tonalit\u00e9 et le niveau du micro.\u2022 Syst\u00e8me audio ASTRO V2 &#8211; En offrant un spectre de fr\u00e9quences fluide et pr\u00e9cis, le syst\u00e8me audio ASTRO V2 fournit des aigus nets, des m\u00e9diums contr\u00f4l\u00e9s et des basses sans aucune distorsion pour des conversations, de la musique et des sons de jeu clairs.\u2022 Fonctionnalit\u00e9 de la carte son USB: sur un PC, elle offre un \u00e9quilibre entre le son des jeux et la communication vocale, ainsi que la diffusion du jeu et de la voix, sans avoir recours \u00e0 des c\u00e2bles optiques.\u2022 Compatible avec les Mod Kits &#8211; Pour encore plus de personnalisation, le Mod Kit A50 en option vous permet d&rsquo;ajouter un bandeau en similicuir et des coussinets pour am\u00e9liorer l&rsquo;isolation sonore.<\/p>\n<\/div>\n<\/div>","protected":false},"excerpt":{"rendered":"<div class=\"keypoints\">\n<h3 class=\"keypoints__title\">Les points cl\u00e9s<\/h3>\n<ul role=\"list\">\n<li class=\"keypoints__item\" role=\"listitem\">                                        Connectivit\u00e9 : Bluetooth                      <\/li>\n<li class=\"keypoints__item\" role=\"listitem\">                                        Poids : 1,9 kilo                      <\/li>\n<li class=\"keypoints__item\" role=\"listitem\">                                        Compatible : PC                      <\/li>\n<\/ul>","protected":false},"featured_media":92997,"template":"","meta":{"_glsr_average":0,"_glsr_ranking":0,"_glsr_reviews":0},"product_cat":[539],"product_tag":[541,527,540],"class_list":{"0":"post-92998","1":"product","2":"type-product","3":"status-publish","4":"has-post-thumbnail","6":"product_cat-accessoire-xbox","7":"product_tag-accessoire-xbox","8":"product_tag-console-gaming","9":"product_tag-xbox","11":"first","12":"instock","13":"sale","14":"shipping-taxable","15":"purchasable","16":"product-type-simple"},"_links":{"self":[{"href":"https:\/\/electromenagerexpress.com\/en\/wp-json\/wp\/v2\/product\/92998","targetHints":{"allow":["GET"]}}],"collection":[{"href":"https:\/\/electromenagerexpress.com\/en\/wp-json\/wp\/v2\/product"}],"about":[{"href":"https:\/\/electromenagerexpress.com\/en\/wp-json\/wp\/v2\/types\/product"}],"wp:featuredmedia":[{"embeddable":true,"href":"https:\/\/electromenagerexpress.com\/en\/wp-json\/wp\/v2\/media\/92997"}],"wp:attachment":[{"href":"https:\/\/electromenagerexpress.com\/en\/wp-json\/wp\/v2\/media?parent=92998"}],"wp:term":[{"taxonomy":"product_cat","embeddable":true,"href":"https:\/\/electromenagerexpress.com\/en\/wp-json\/wp\/v2\/product_cat?post=92998"},{"taxonomy":"product_tag","embeddable":true,"href":"https:\/\/electromenagerexpress.com\/en\/wp-json\/wp\/v2\/product_tag?post=92998"}],"curies":[{"name":"wp","href":"https:\/\/api.w.org\/{rel}","templated":true}]}}