{"id":92987,"date":"2024-11-24T18:30:10","date_gmt":"2024-11-24T18:30:10","guid":{"rendered":"https:\/\/electromenagerexpress.com\/product\/casque-gamerlogitechg735-lightspeed-rvb\/"},"modified":"2024-11-24T18:30:20","modified_gmt":"2024-11-24T18:30:20","slug":"casque-gamerlogitechg735-lightspeed-rvb","status":"publish","type":"product","link":"https:\/\/electromenagerexpress.com\/en\/product\/casque-gamerlogitechg735-lightspeed-rvb\/","title":{"rendered":"Casque gamer\t\t\t\t\t\t\tLOGITECH\t\t\t\tG735 Lightspeed RVB"},"content":{"rendered":"<div class=\"product-features__content\">\n<ul role=\"list\">\n<li class=\"product-features__item\" role=\"listitem\">\n<h3 class=\"product-features__label\">Les + de ce mod\u00e8le<\/h3>\n<ul role=\"list\">\n<li class=\"product-features__item-list__item\" role=\"listitem\"><span class=\"is--medium\">Avantages :<\/span> Finition blanche White Mist, \u00e9clairage LIGHTSYNC RVB doux, Technologies sans fil LIGHTSPEED et Bluetooth\u00ae,Commandes de mixage audio et de volume int\u00e9gr\u00e9es \u00e0 l&rsquo;oreillette, Micro d\u00e9tachable avec filtres Blue VO!CE de qualit\u00e9 de diffusion,\t\t\t\t\t<\/li>\n<\/ul>\n<\/li>\n<li class=\"product-features__item\" role=\"listitem\">\n<h3 class=\"product-features__label\">Construction<\/h3>\n<ul role=\"list\">\n<li class=\"product-features__item-list__item\" role=\"listitem\"><span class=\"is--medium\">Produit :<\/span> casque sans fil\t\t\t\t\t<\/li>\n<li class=\"product-features__item-list__item\" role=\"listitem\"><span class=\"is--medium\">Forme du casque :<\/span> supra-auriculaire : le casque se place sur les oreilles sans les recouvrir totalement. Ce type de casque offre un bon compromis entre confort et mobilit\u00e9\t\t\t\t\t<\/li>\n<li class=\"product-features__item-list__item\" role=\"listitem\"><span class=\"is--medium\">Connexion :<\/span> sans fil\t\t\t\t\t<\/li>\n<li class=\"product-features__item-list__item\" role=\"listitem\"><span class=\"is--medium\">Utilisation :<\/span> Gamer\t\t\t\t\t<\/li>\n<li class=\"product-features__item-list__item\" role=\"listitem\"><span class=\"is--medium\">Autonomie :<\/span> jusqu&rsquo;\u00e0 16 heures\t\t\t\t\t<\/li>\n<li class=\"product-features__item-list__item\" role=\"listitem\"><span class=\"is--medium\">R\u00e9tro\u00e9clairage :<\/span> personnalisable\t\t\t\t\t<\/li>\n<\/ul>\n<\/li>\n<li class=\"product-features__item\" role=\"listitem\">\n<h3 class=\"product-features__label\">Caract\u00e9ristiques sonores<\/h3>\n<ul role=\"list\">\n<li class=\"product-features__item-list__item\" role=\"listitem\"><span class=\"is--medium\">R\u00e9ponse en fr\u00e9quence :<\/span> 20 Hz &#8211; 20 KHz\t\t\t\t\t<\/li>\n<li class=\"product-features__item-list__item\" role=\"listitem\"><span class=\"is--medium\">Le saviez-vous ? :<\/span> repr\u00e9sente la plage de fr\u00e9quence couverte par le casque, du grave \u00e0 l&rsquo;aigu. La plage de fr\u00e9quence de fonctionnement de l&rsquo;oreille humaine est de 20 Hz (son le plus grave) \u00e0 20 kHz (son le plus aigu)\t\t\t\t\t<\/li>\n<li class=\"product-features__item-list__item\" role=\"listitem\"><span class=\"is--medium\">Imp\u00e9dance :<\/span> 38 Ohms\t\t\t\t\t<\/li>\n<li class=\"product-features__item-list__item\" role=\"listitem\"><span class=\"is--medium\">Sensibilit\u00e9 :<\/span> 120\t\t\t\t\t<\/li>\n<li class=\"product-features__item-list__item\" role=\"listitem\"><span class=\"is--medium\">Plus d&rsquo;information sur la sensibilit\u00e9 :<\/span> d\u00e9termine la capacit\u00e9 d&rsquo;un casque \u00e0 fournir une puissance donn\u00e9e. Plus elle est grande, plus la qualit\u00e9 audio est grande\t\t\t\t\t<\/li>\n<li class=\"product-features__item-list__item\" role=\"listitem\"><span class=\"is--medium\">Type de son :<\/span> dolby surround 7.1\t\t\t\t\t<\/li>\n<li class=\"product-features__item-list__item\" role=\"listitem\"><span class=\"is--medium\">Volume r\u00e9glable :<\/span> oui\t\t\t\t\t<\/li>\n<li class=\"product-features__item-list__item\" role=\"listitem\"><span class=\"is--medium\">Bouton coupure du son :<\/span> oui\t\t\t\t\t<\/li>\n<\/ul>\n<\/li>\n<li class=\"product-features__item\" role=\"listitem\">\n<h3 class=\"product-features__label\">Micro<\/h3>\n<ul role=\"list\">\n<li class=\"product-features__item-list__item\" role=\"listitem\"><span class=\"is--medium\">Type de micro :<\/span> d\u00e9tachable\t\t\t\t\t<\/li>\n<li class=\"product-features__item-list__item\" role=\"listitem\"><span class=\"is--medium\">Technologie :<\/span> cardio\u00efde : enregistre les sons \u00e0 l&rsquo;avant et l\u00e9g\u00e8rement sur les c\u00f4t\u00e9s du micro. Il rejette les sons qui proviennent de l&rsquo;arri\u00e8re du micro. Il est id\u00e9al pour capturer des bruitages, des voix ou des instruments de musique\t\t\t\t\t<\/li>\n<li class=\"product-features__item-list__item\" role=\"listitem\"><span class=\"is--medium\">Sensibilit\u00e9 :<\/span> 43 dB\t\t\t\t\t<\/li>\n<li class=\"product-features__item-list__item\" role=\"listitem\"><span class=\"is--medium\">Information sur la sensibilit\u00e9 du micro :<\/span> une sensibilit\u00e9 \u00e9lev\u00e9e (\u00e9loign\u00e9e de z\u00e9ro) permet d&rsquo;att\u00e9nuer les bruits de fonds et autres sons parasites. Inversement, un micro avec une sensibilit\u00e9 basse (proche de z\u00e9ro) enregistrera plus facilement les sons faibles\t\t\t\t\t<\/li>\n<li class=\"product-features__item-list__item\" role=\"listitem\"><span class=\"is--medium\">Fr\u00e9quence d&rsquo;\u00e9chantillonnage :<\/span> 100 Hz &#8211; 10 KHz\t\t\t\t\t<\/li>\n<li class=\"product-features__item-list__item\" role=\"listitem\"><span class=\"is--medium\">Le saviez-vous ? :<\/span> la fr\u00e9quence correspond \u00e0 la mani\u00e8re dont le micro r\u00e9agit aux graves et aux aigus. Plus la fr\u00e9quence est basse (en Hz), plus le micro sera capable de restituer les sons graves. Plus la fr\u00e9quence est haute (en KHz), plus le micro sera capable de restituer les sons aigus\t\t\t\t\t<\/li>\n<li class=\"product-features__item-list__item\" role=\"listitem\"><span class=\"is--medium\">Bouton muet :<\/span> Oui\t\t\t\t\t<\/li>\n<li class=\"product-features__item-list__item\" role=\"listitem\"><span class=\"is--medium\">Sp\u00e9cificit\u00e9s du micro :<\/span> Micro d\u00e9tachable Blue VO!CE\t\t\t\t\t<\/li>\n<\/ul>\n<\/li>\n<li class=\"product-features__item\" role=\"listitem\">\n<h3 class=\"product-features__label\">Confort d&rsquo;utilisation<\/h3>\n<ul role=\"list\">\n<li class=\"product-features__item-list__item\" role=\"listitem\"><span class=\"is--medium\">\u00c9couteurs pivotants :<\/span> Oui\t\t\t\t\t<\/li>\n<li class=\"product-features__item-list__item\" role=\"listitem\"><span class=\"is--medium\">Zoom sur le confort :<\/span> Con\u00e7u pour s&rsquo;adapter \u00e0 tous les gamers, y compris les petites t\u00eates et les personnes portant des lunettes ou de petites boucles d&rsquo;oreilles. Jouez toute la journ\u00e9e avec ce casque gamer l\u00e9ger aux oreillettes respirantes, moelleuses et rotatives ; pesant seulement 250 g.\t\t\t\t\t<\/li>\n<\/ul>\n<\/li>\n<li class=\"product-features__item\" role=\"listitem\">\n<h3 class=\"product-features__label\">Connectivit\u00e9<\/h3>\n<ul role=\"list\">\n<li class=\"product-features__item-list__item\" role=\"listitem\"><span class=\"is--medium\">D\u00e9tails :<\/span> USB, Jack 3,5 mm, Bluetooth\t\t\t\t\t<\/li>\n<\/ul>\n<\/li>\n<li class=\"product-features__item\" role=\"listitem\">\n<h3 class=\"product-features__label\">Compatibilit\u00e9<\/h3>\n<ul role=\"list\">\n<li class=\"product-features__item-list__item\" role=\"listitem\"><span class=\"is--medium\">D\u00e9tails :<\/span> Mac, Windows 10, Windows 11, iOS, PC, Console, Tablette, Smartphone\t\t\t\t\t<\/li>\n<li class=\"product-features__item-list__item\" role=\"listitem\"><span class=\"is--medium\">Xbox :<\/span> Non\t\t\t\t\t<\/li>\n<\/ul>\n<\/li>\n<li class=\"product-features__item\" role=\"listitem\">\n<h3 class=\"product-features__label\">Contenu de la bo\u00eete<\/h3>\n<ul role=\"list\">\n<li class=\"product-features__item-list__item\" role=\"listitem\"><span class=\"is--medium\">Livr\u00e9 avec :<\/span> Notice, Rallonge de c\u00e2ble, C\u00e2ble USB, R\u00e9cepteur USB\t\t\t\t\t<\/li>\n<\/ul>\n<\/li>\n<li class=\"product-features__item\" role=\"listitem\">\n<h3 class=\"product-features__label\">Dimensions<\/h3>\n<ul role=\"list\">\n<li class=\"product-features__item-list__item\" role=\"listitem\"><span class=\"is--medium\">Dimensions l x h x p :<\/span> 8.6 x 19.2 x 16.7 cm\t\t\t\t\t<\/li>\n<li class=\"product-features__item-list__item\" role=\"listitem\"><span class=\"is--medium\">Poids Net (kg) :<\/span> 260 g\t\t\t\t\t<\/li>\n<\/ul>\n<\/li>\n<li class=\"product-features__item\" role=\"listitem\">\n<h3 class=\"product-features__label\">Collection<\/h3>\n<ul role=\"list\">\n<li class=\"product-features__item-list__item\" role=\"listitem\"><span class=\"is--medium\">Connexion :<\/span> sans fil\t\t\t\t\t<\/li>\n<li class=\"product-features__item-list__item\" role=\"listitem\"><span class=\"is--medium\">Mod\u00e8le collection :<\/span> sans fil\t\t\t\t\t<\/li>\n<\/ul>\n<\/li>\n<li class=\"product-features__item\" role=\"listitem\">\n<h3 class=\"product-features__label\">Informations compl\u00e9mentaires<\/h3>\n<ul role=\"list\">\n<li class=\"product-features__item-list__item\" role=\"listitem\"><span class=\"is--medium\">Fabriqu\u00e9 en :<\/span> Chine\t\t\t\t\t<\/li>\n<li class=\"product-features__item-list__item\" role=\"listitem\"><span class=\"is--medium\">Disponibilit\u00e9 des pi\u00e8ces d\u00e9tach\u00e9es (donn\u00e9es fournisseur) :<\/span> Pas de pi\u00e8ce disponible\t\t\t\t\t<\/li>\n<\/ul>\n<\/li>\n<\/ul>\n<\/div>\n<div class=\"product__disclosure-content\">\n<div class=\"js-read-more product-description__content read-more read-more--truncated\" data-read-more-name=\"description\" style=\"max-height: 500px; overflow: hidden;\">\n<p>\u00b7 Coupe asym\u00e9trique : casque gamer sans fil con\u00e7u pour s&rsquo;adapter \u00e0 tous les gamers, y compris les petites t\u00eates et les personnes portant des lunettes ou de petites boucles d&rsquo;oreilles<\/p>\n<p>\u00b7 Cool et confortable : jouez toute la journ\u00e9e avec ce casque gamer l\u00e9ger aux oreillettes respirantes, moelleuses et rotatives ; pesant seulement 250 g<\/p>\n<p>\u00b7 Jeu multi-\u00e9crans : casque gamer multi-appareils con\u00e7u pour jouer ; connexion PC, mobile, entr\u00e9e AUX avec flexibilit\u00e9 de jeu de qualit\u00e9 pro Logitech LIGHTSPEED sans fil, Bluetooth ou 3,5 mm filaire<\/p>\n<p>\u00b7 Double mixage audio : \u00e9coutez deux appareils avec un casque gamer sans fil Logitech, avec Bluetooth et avec LIGHTSPEED ou 3,5 mm ; mixez-les pour augmenter\/diminuer l&rsquo;audio ou le chat vocal du jeu et plus<\/p>\n<p>\u00b7 Son en couleur : \u00e9clairage RVB LIGHTSYNC doux \u00e0 double zone avec animations Play Mood pr\u00e9charg\u00e9es ; cr\u00e9ez un look unique sur le Logitech G HUB pour votre casque gamer RVB<\/p>\n<p>\u00b7 Entendez et faites-vous entendre : amusez-vous bien avec ce casque gamer \u00e0 microphone avec commandes multim\u00e9dia \u00e0 l&rsquo;oreille et micro d\u00e9tachable avec les filtres Blue VO!CE, des filtres qui vous permettent de donner le meilleur de vous-m\u00eame<\/p>\n<p>\u00b7 Personnalisez-le : ajoutez des coussinets d&rsquo;oreille et des bras de micro de divers coloris, dont Pink Dawn et Green Flash, \u00e0 votre configuration de jeu ; accessoires gamer vendus s\u00e9par\u00e9ment<\/p>\n<p>\u00b7 De la collection Aurora : l&rsquo;\u00e9quipement gamer joue mieux ensemble ; le casque Logitech G735, la souris G705 et le clavier Logitech G715 ont tous ce design inclusif et cette esth\u00e9tique de r\u00eave ; vendus s\u00e9par\u00e9ment<\/p>\n<p>Jouez \u00e0 votre guise avec le casque gamer sans fil G735 de la collection Aurora de Logitech G.<\/p>\n<p>Casque gamer sans fil Logitech con\u00e7u pour maximiser le confort de tous les joueurs, y compris les petites t\u00eates. Jouez, diffusez ou \u00e9coutez confortablement toute la journ\u00e9e avec ce casque d&rsquo;ordinateur : bandeau r\u00e9glable, mat\u00e9riaux respirants et moelleuses et rotatives. Ce casque se porte m\u00eame avec des lunettes et de petites boucles d&rsquo;oreilles : finies les oreilles pinc\u00e9es.<br \/>Ce casque sans fil de jeu durable vous permet d&#8217;emporter votre jeu (et le plaisir) avec vous : plus de 16 h de temps de jeu sans fil (\u00e0 50 % de volume avec \u00e9clairage, 56 h \u00e0 50 % de volume sans \u00e9clairage) et connectivit\u00e9 multiplateforme. Utilisez Logitech LIGHTSPEED sans fil ou Bluetooth pour vous connecter \u00e0 votre PC, Mac ou appareil mobile pour jouer sur PC et sur des plateformes. \u00c9levez votre jeu sur presque toutes les plateformes et tous les SE, y compris Windows, macOS et Chrome OS.<\/p>\n<p>\u00c9coutez le monde avec ce casque de gamer : qualit\u00e9 sonore immersive, annulation de bruit passive et mixage audio inter-appareils. Le casque gamer G735 avec micro est dot\u00e9 d&rsquo;un bras de micro amovible unidirectionnel : on vous entendra haut et fort, m\u00eame si vous n&rsquo;\u00eates pas du genre \u00e0 crier. Passez facilement du sans fil au filaire ou coupez votre micro \u00e0 l&rsquo;aide des commandes \u00e0 l&rsquo;oreille. Les pilotes de 40 mm et la compatibilit\u00e9 Dolby Atmos et Windows Sonic Spatial Sound de ce casque PC vous transporteront directement dans le jeu.<\/p>\n<p>LIGHTSYNC rend le jeu plus color\u00e9 gr\u00e2ce \u00e0 quatre Play Moods r\u00e9actives refl\u00e9tant votre \u00e9tat de jeu. Le casque gamer RVB vous rend cr\u00e9atif, affiche votre style et vous permet de cr\u00e9er des effets d&rsquo;animation dans 16,8 M couleurs d&rsquo;\u00e9clairage RVB programmables \u00e0 l&rsquo;aide du logiciel G HUB gratuit.<\/p>\n<p>Ajoutez des oreillettes et des bras de micro de divers coloris G735 et amusez-vous partout gr\u00e2ce \u00e0 l&rsquo;\u00e9tui de transport assorti en option (vendu s\u00e9par\u00e9ment).<\/p>\n<\/p>\n<p><video class=\"s7Video\" controls=\"\" controlslist=\"nodownload\" poster=\"https:\/\/boulanger.scene7.com\/is\/image\/Boulanger\/5099206097520_v_0?scl=1\" preload=\"metadata\" src=\"https:\/\/boulanger.scene7.com\/is\/content\/Boulanger\/5099206097520_v_0\" width=\"100%\"><\/video><\/p>\n<\/div>\n<p><bl-button a11yexpanded=\"false\" arialabel=\"Afficher toute la description\" class=\"read-more__btn\" full=\"false\" link=\"true\">Voir plus<\/bl-button><\/div>","protected":false},"excerpt":{"rendered":"<div class=\"keypoints\">\n<h3 class=\"keypoints__title\">Les points cl\u00e9s<\/h3>\n<ul role=\"list\">\n<li class=\"keypoints__item\" role=\"listitem\">                                        Connectivit\u00e9 : Bluetooth                      <\/li>\n<li class=\"keypoints__item\" role=\"listitem\">                                        Autonomie : jusqu&rsquo;\u00e0 16 heures                      <\/li>\n<li class=\"keypoints__item\" role=\"listitem\">                          Poids : 260 grammes &#8211;                                                      R\u00e9ducteur de bruit                      <\/li>\n<li class=\"keypoints__item\" role=\"listitem\">                                        Compatible : PC                      <\/li>\n<li class=\"keypoints__item keypoints__item--advantage\" role=\"listitem\"><strong>Le + :<\/strong> Convient \u00e9galement aux petites t\u00eates      <\/li>\n<\/ul>","protected":false},"featured_media":92986,"template":"","meta":{"_glsr_average":0,"_glsr_ranking":0,"_glsr_reviews":0},"product_cat":[520],"product_tag":[523,521,522],"class_list":{"0":"post-92987","1":"product","2":"type-product","3":"status-publish","4":"has-post-thumbnail","6":"product_cat-casque-gamer","7":"product_tag-casque-gamer","8":"product_tag-informatique-tablette","9":"product_tag-peripherique-gamer","11":"first","12":"instock","13":"shipping-taxable","14":"purchasable","15":"product-type-simple"},"_links":{"self":[{"href":"https:\/\/electromenagerexpress.com\/en\/wp-json\/wp\/v2\/product\/92987","targetHints":{"allow":["GET"]}}],"collection":[{"href":"https:\/\/electromenagerexpress.com\/en\/wp-json\/wp\/v2\/product"}],"about":[{"href":"https:\/\/electromenagerexpress.com\/en\/wp-json\/wp\/v2\/types\/product"}],"wp:featuredmedia":[{"embeddable":true,"href":"https:\/\/electromenagerexpress.com\/en\/wp-json\/wp\/v2\/media\/92986"}],"wp:attachment":[{"href":"https:\/\/electromenagerexpress.com\/en\/wp-json\/wp\/v2\/media?parent=92987"}],"wp:term":[{"taxonomy":"product_cat","embeddable":true,"href":"https:\/\/electromenagerexpress.com\/en\/wp-json\/wp\/v2\/product_cat?post=92987"},{"taxonomy":"product_tag","embeddable":true,"href":"https:\/\/electromenagerexpress.com\/en\/wp-json\/wp\/v2\/product_tag?post=92987"}],"curies":[{"name":"wp","href":"https:\/\/api.w.org\/{rel}","templated":true}]}}